{"id":46,"date":"2019-03-11T12:50:24","date_gmt":"2019-03-11T12:50:24","guid":{"rendered":"https:\/\/europavarietas.org\/db\/?page_id=46"},"modified":"2025-08-22T10:02:01","modified_gmt":"2025-08-22T08:02:01","slug":"dermatologie-pediatrique","status":"publish","type":"page","link":"https:\/\/europavarietas.org\/db\/dermatologie-pediatrique\/","title":{"rendered":"Dermatologie p\u00e9diatrique"},"content":{"rendered":"\t\t<div data-elementor-type=\"wp-page\" data-elementor-id=\"46\" class=\"elementor elementor-46\">\n\t\t\t\t\t\t<section class=\"elementor-section elementor-top-section elementor-element elementor-element-22bf70b5 elementor-section-boxed elementor-section-height-default elementor-section-height-default\" data-id=\"22bf70b5\" data-element_type=\"section\" data-e-type=\"section\">\n\t\t\t\t\t\t<div class=\"elementor-container elementor-column-gap-default\">\n\t\t\t\t\t<div class=\"elementor-column elementor-col-100 elementor-top-column elementor-element elementor-element-702e8670\" data-id=\"702e8670\" data-element_type=\"column\" data-e-type=\"column\">\n\t\t\t<div class=\"elementor-widget-wrap elementor-element-populated\">\n\t\t\t\t\t\t<div class=\"elementor-element elementor-element-df60560 elementor-widget elementor-widget-image\" data-id=\"df60560\" data-element_type=\"widget\" data-e-type=\"widget\" data-widget_type=\"image.default\">\n\t\t\t\t<div class=\"elementor-widget-container\">\n\t\t\t\t\t\t\t\t\t\t\t\t\t\t\t\t<a href=\"https:\/\/europavarietas.org\/db\/wp-content\/uploads\/2019\/03\/sld4c.jpg\" data-elementor-open-lightbox=\"yes\" data-elementor-lightbox-title=\"sld4c\" data-e-action-hash=\"#elementor-action%3Aaction%3Dlightbox%26settings%3DeyJpZCI6MzcwLCJ1cmwiOiJodHRwczpcL1wvZXVyb3BhdmFyaWV0YXMub3JnXC9kYlwvd3AtY29udGVudFwvdXBsb2Fkc1wvMjAxOVwvMDNcL3NsZDRjLmpwZyJ9\">\n\t\t\t\t\t\t\t<img fetchpriority=\"high\" decoding=\"async\" width=\"1024\" height=\"320\" src=\"https:\/\/europavarietas.org\/db\/wp-content\/uploads\/2019\/03\/sld4c-1024x320.jpg\" class=\"attachment-large size-large wp-image-370\" alt=\"sld4c 1024x320 - Dermatologie p\u00e9diatrique\" srcset=\"https:\/\/europavarietas.org\/db\/wp-content\/uploads\/2019\/03\/sld4c-1024x320.jpg 1024w, https:\/\/europavarietas.org\/db\/wp-content\/uploads\/2019\/03\/sld4c-300x94.jpg 300w, https:\/\/europavarietas.org\/db\/wp-content\/uploads\/2019\/03\/sld4c-768x240.jpg 768w, https:\/\/europavarietas.org\/db\/wp-content\/uploads\/2019\/03\/sld4c.jpg 1600w\" sizes=\"(max-width: 1024px) 100vw, 1024px\" title=\"Dermatologie p\u00e9diatrique\" \/>\t\t\t\t\t\t\t\t<\/a>\n\t\t\t\t\t\t\t\t\t\t\t\t\t\t\t<\/div>\n\t\t\t\t<\/div>\n\t\t\t\t\t<\/div>\n\t\t<\/div>\n\t\t\t\t\t<\/div>\n\t\t<\/section>\n\t\t\t\t<section class=\"elementor-section elementor-top-section elementor-element elementor-element-52733d6 elementor-section-boxed elementor-section-height-default elementor-section-height-default\" data-id=\"52733d6\" data-element_type=\"section\" data-e-type=\"section\">\n\t\t\t\t\t\t<div class=\"elementor-container elementor-column-gap-default\">\n\t\t\t\t\t<div class=\"elementor-column elementor-col-100 elementor-top-column elementor-element elementor-element-aed8537\" data-id=\"aed8537\" data-element_type=\"column\" data-e-type=\"column\">\n\t\t\t<div class=\"elementor-widget-wrap elementor-element-populated\">\n\t\t\t\t\t\t<div class=\"elementor-element elementor-element-ea872a4 elementor-widget elementor-widget-heading\" data-id=\"ea872a4\" data-element_type=\"widget\" data-e-type=\"widget\" data-widget_type=\"heading.default\">\n\t\t\t\t<div class=\"elementor-widget-container\">\n\t\t\t\t\t<h2 class=\"elementor-heading-title elementor-size-default\">Enfants de tous \u00e2ges<\/h2>\t\t\t\t<\/div>\n\t\t\t\t<\/div>\n\t\t\t\t\t<\/div>\n\t\t<\/div>\n\t\t\t\t\t<\/div>\n\t\t<\/section>\n\t\t\t\t<section class=\"elementor-section elementor-top-section elementor-element elementor-element-b97caa8 elementor-section-boxed elementor-section-height-default elementor-section-height-default\" data-id=\"b97caa8\" data-element_type=\"section\" data-e-type=\"section\">\n\t\t\t\t\t\t<div class=\"elementor-container elementor-column-gap-default\">\n\t\t\t\t\t<div class=\"elementor-column elementor-col-50 elementor-top-column elementor-element elementor-element-af472e8\" data-id=\"af472e8\" data-element_type=\"column\" data-e-type=\"column\">\n\t\t\t<div class=\"elementor-widget-wrap elementor-element-populated\">\n\t\t\t\t\t\t<div class=\"elementor-element elementor-element-ca2551b elementor-align-center elementor-widget elementor-widget-button\" data-id=\"ca2551b\" data-element_type=\"widget\" data-e-type=\"widget\" data-widget_type=\"button.default\">\n\t\t\t\t<div class=\"elementor-widget-container\">\n\t\t\t\t\t\t\t\t\t<div class=\"elementor-button-wrapper\">\n\t\t\t\t\t<a class=\"elementor-button elementor-button-link elementor-size-sm\" href=\"https:\/\/europavarietas.org\/db\/contact\/\">\n\t\t\t\t\t\t<span class=\"elementor-button-content-wrapper\">\n\t\t\t\t\t\t\t\t\t<span class=\"elementor-button-text\">Consultation sur rendez-vous<\/span>\n\t\t\t\t\t<\/span>\n\t\t\t\t\t<\/a>\n\t\t\t\t<\/div>\n\t\t\t\t\t\t\t\t<\/div>\n\t\t\t\t<\/div>\n\t\t\t\t\t<\/div>\n\t\t<\/div>\n\t\t\t\t<div class=\"elementor-column elementor-col-50 elementor-top-column elementor-element elementor-element-e034d90\" data-id=\"e034d90\" data-element_type=\"column\" data-e-type=\"column\">\n\t\t\t<div class=\"elementor-widget-wrap elementor-element-populated\">\n\t\t\t\t\t\t<div class=\"elementor-element elementor-element-2ba36c0 elementor-align-center elementor-widget elementor-widget-button\" data-id=\"2ba36c0\" data-element_type=\"widget\" data-e-type=\"widget\" data-widget_type=\"button.default\">\n\t\t\t\t<div class=\"elementor-widget-container\">\n\t\t\t\t\t\t\t\t\t<div class=\"elementor-button-wrapper\">\n\t\t\t\t\t<a class=\"elementor-button elementor-button-link elementor-size-sm\" href=\"https:\/\/europavarietas.org\/db\/nous_ecrire\">\n\t\t\t\t\t\t<span class=\"elementor-button-content-wrapper\">\n\t\t\t\t\t\t\t\t\t<span class=\"elementor-button-text\">Nous \u00e9crire<\/span>\n\t\t\t\t\t<\/span>\n\t\t\t\t\t<\/a>\n\t\t\t\t<\/div>\n\t\t\t\t\t\t\t\t<\/div>\n\t\t\t\t<\/div>\n\t\t\t\t\t<\/div>\n\t\t<\/div>\n\t\t\t\t\t<\/div>\n\t\t<\/section>\n\t\t\t\t<section class=\"elementor-section elementor-top-section elementor-element elementor-element-9ccf930 elementor-section-boxed elementor-section-height-default elementor-section-height-default\" data-id=\"9ccf930\" data-element_type=\"section\" data-e-type=\"section\">\n\t\t\t\t\t\t<div class=\"elementor-container elementor-column-gap-default\">\n\t\t\t\t\t<div class=\"elementor-column elementor-col-100 elementor-top-column elementor-element elementor-element-6915a18\" data-id=\"6915a18\" data-element_type=\"column\" data-e-type=\"column\">\n\t\t\t<div class=\"elementor-widget-wrap elementor-element-populated\">\n\t\t\t\t\t\t<div class=\"elementor-element elementor-element-ee1c1e3 elementor-widget elementor-widget-text-editor\" data-id=\"ee1c1e3\" data-element_type=\"widget\" data-e-type=\"widget\" data-widget_type=\"text-editor.default\">\n\t\t\t\t<div class=\"elementor-widget-container\">\n\t\t\t\t\t\t\t\t\t<p>La dermatologie p\u00e9diatrique s&rsquo;occupe des maladies et des probl\u00e8mes de peau chez l&rsquo;enfant. Les affections les plus couramment prises en charge sont l&rsquo;ecz\u00e9ma de l&rsquo;enfant, les angiomes, l&rsquo;acn\u00e9 et les signes cutan\u00e9s des maladies g\u00e9n\u00e9tiques ou d&rsquo;autres affections p\u00e9diatriques.<\/p><p>La dermatologie repr\u00e9sente environ 20% d\u2019une consultation p\u00e9diatrique habituelle. Le dermatop\u00e9diatre assure les consultations, le suivi en cas d&rsquo;hospitalisation et r\u00e9alise si n\u00e9cessaire des actes techniques.<\/p><p>La prise en charge comprend les dermatoses classiques de l\u2019enfant comme la dermatite atopique (ecz\u00e9ma), les infections virales (\u00e9ruption, molluscum contagiosum, verrue) le contr\u00f4le des n\u00e6vi (grains de beaut\u00e9) les infections bact\u00e9riennes (abc\u00e8s) et mycosiques (teignes). Ainsi que les pathologies inflammatoires (psoriasis, lichen plan et lichen scl\u00e9ro-atrophique), les pathologies des phan\u00e8res (cheveux, poils, ongles) la prise en charge des pathologies g\u00e9n\u00e9tiques (g\u00e9nodermatoses) et des pathologies vasculaires (h\u00e9mangiomes, angiomes, malformations vasculaires).<\/p>\t\t\t\t\t\t\t\t<\/div>\n\t\t\t\t<\/div>\n\t\t\t\t\t<\/div>\n\t\t<\/div>\n\t\t\t\t\t<\/div>\n\t\t<\/section>\n\t\t\t\t<section class=\"elementor-section elementor-top-section elementor-element elementor-element-759cf47 elementor-section-boxed elementor-section-height-default elementor-section-height-default\" data-id=\"759cf47\" data-element_type=\"section\" data-e-type=\"section\">\n\t\t\t\t\t\t<div class=\"elementor-container elementor-column-gap-default\">\n\t\t\t\t\t<div class=\"elementor-column elementor-col-100 elementor-top-column elementor-element elementor-element-9a76141\" data-id=\"9a76141\" data-element_type=\"column\" data-e-type=\"column\">\n\t\t\t<div class=\"elementor-widget-wrap\">\n\t\t\t\t\t\t\t<\/div>\n\t\t<\/div>\n\t\t\t\t\t<\/div>\n\t\t<\/section>\n\t\t\t\t<section class=\"elementor-section elementor-top-section elementor-element elementor-element-1dbf81a elementor-section-boxed elementor-section-height-default elementor-section-height-default\" data-id=\"1dbf81a\" data-element_type=\"section\" data-e-type=\"section\">\n\t\t\t\t\t\t<div class=\"elementor-container elementor-column-gap-default\">\n\t\t\t\t\t<div class=\"elementor-column elementor-col-100 elementor-top-column elementor-element elementor-element-154fbd4\" data-id=\"154fbd4\" data-element_type=\"column\" data-e-type=\"column\">\n\t\t\t<div class=\"elementor-widget-wrap elementor-element-populated\">\n\t\t\t\t\t\t<div class=\"elementor-element elementor-element-ebd101c elementor-widget elementor-widget-video\" data-id=\"ebd101c\" data-element_type=\"widget\" data-e-type=\"widget\" data-settings=\"{&quot;youtube_url&quot;:&quot;https:\\\/\\\/www.youtube.com\\\/watch?v=18V_yC8FJao&quot;,&quot;video_type&quot;:&quot;youtube&quot;,&quot;controls&quot;:&quot;yes&quot;}\" data-widget_type=\"video.default\">\n\t\t\t\t<div class=\"elementor-widget-container\">\n\t\t\t\t\t\t\t<div class=\"elementor-wrapper elementor-open-inline\">\n\t\t\t<div class=\"elementor-video\"><\/div>\t\t<\/div>\n\t\t\t\t\t\t<\/div>\n\t\t\t\t<\/div>\n\t\t\t\t\t<\/div>\n\t\t<\/div>\n\t\t\t\t\t<\/div>\n\t\t<\/section>\n\t\t\t\t<section class=\"elementor-section elementor-top-section elementor-element elementor-element-49648de elementor-section-boxed elementor-section-height-default elementor-section-height-default\" data-id=\"49648de\" data-element_type=\"section\" data-e-type=\"section\">\n\t\t\t\t\t\t<div class=\"elementor-container elementor-column-gap-default\">\n\t\t\t\t\t<div class=\"elementor-column elementor-col-100 elementor-top-column elementor-element elementor-element-c4ec0c1\" data-id=\"c4ec0c1\" data-element_type=\"column\" data-e-type=\"column\">\n\t\t\t<div class=\"elementor-widget-wrap elementor-element-populated\">\n\t\t\t\t\t\t<div class=\"elementor-element elementor-element-db5552a elementor-widget elementor-widget-video\" data-id=\"db5552a\" data-element_type=\"widget\" data-e-type=\"widget\" data-settings=\"{&quot;youtube_url&quot;:&quot;https:\\\/\\\/www.youtube.com\\\/watch?v=ITHYpmLRXA0&quot;,&quot;video_type&quot;:&quot;youtube&quot;,&quot;controls&quot;:&quot;yes&quot;}\" data-widget_type=\"video.default\">\n\t\t\t\t<div class=\"elementor-widget-container\">\n\t\t\t\t\t\t\t<div class=\"elementor-wrapper elementor-open-inline\">\n\t\t\t<div class=\"elementor-video\"><\/div>\t\t<\/div>\n\t\t\t\t\t\t<\/div>\n\t\t\t\t<\/div>\n\t\t\t\t\t<\/div>\n\t\t<\/div>\n\t\t\t\t\t<\/div>\n\t\t<\/section>\n\t\t\t\t<\/div>\n\t\t","protected":false},"excerpt":{"rendered":"<div class=\"slide-text-bg2\"><span>Enfants de tous \u00e2ges Consultation sur rendez-vous Nous \u00e9crire La dermatologie p\u00e9diatrique s&rsquo;occupe des maladies et des probl\u00e8mes de peau chez l&#038;r<\/span><\/div>\n<div class=\"slide-btn-area-sm\"><a href=\"https:\/\/europavarietas.org\/db\/dermatologie-pediatrique\/\" class=\"slide-btn-sm\">Lire la suite<\/a><\/div>\n","protected":false},"author":1,"featured_media":0,"parent":0,"menu_order":0,"comment_status":"closed","ping_status":"closed","template":"","meta":{"footnotes":""},"categories":[],"tags":[12,7,20,14,13,9],"class_list":["post-46","page","type-page","status-publish","hentry","tag-boglarka-turke","tag-bulle","tag-dermabulle","tag-dermatologie","tag-dermatologie-pediatrique","tag-dermatologue"],"yoast_head":"<!-- This site is optimized with the Yoast SEO plugin v27.4 - https:\/\/yoast.com\/product\/yoast-seo-wordpress\/ -->\n<title>Dermatologie p\u00e9diatrique - Dermabulle<\/title>\n<meta name=\"robots\" content=\"index, follow, max-snippet:-1, max-image-preview:large, max-video-preview:-1\" \/>\n<link rel=\"canonical\" href=\"https:\/\/europavarietas.org\/db\/dermatologie-pediatrique\/\" \/>\n<meta property=\"og:locale\" content=\"fr_FR\" \/>\n<meta property=\"og:type\" content=\"article\" \/>\n<meta property=\"og:title\" content=\"Dermatologie p\u00e9diatrique - Dermabulle\" \/>\n<meta property=\"og:description\" content=\"Enfants de tous \u00e2ges Consultation sur rendez-vous Nous \u00e9crire La dermatologie p\u00e9diatrique s&rsquo;occupe des maladies et des probl\u00e8mes de peau chez l&amp;rLire la suite\" \/>\n<meta property=\"og:url\" content=\"https:\/\/europavarietas.org\/db\/dermatologie-pediatrique\/\" \/>\n<meta property=\"og:site_name\" content=\"Dermabulle\" \/>\n<meta property=\"article:publisher\" content=\"https:\/\/www.facebook.com\/Dermabulle-Dermabelle-267125193957410\/?modal=admin_todo_tour\" \/>\n<meta property=\"article:modified_time\" content=\"2025-08-22T08:02:01+00:00\" \/>\n<meta property=\"og:image\" content=\"https:\/\/europavarietas.org\/db\/wp-content\/uploads\/2019\/03\/sld4c.jpg\" \/>\n\t<meta property=\"og:image:width\" content=\"1600\" \/>\n\t<meta property=\"og:image:height\" content=\"500\" \/>\n\t<meta property=\"og:image:type\" content=\"image\/jpeg\" \/>\n<meta name=\"twitter:card\" content=\"summary_large_image\" \/>\n<meta name=\"twitter:label1\" content=\"Dur\u00e9e de lecture estim\u00e9e\" \/>\n\t<meta name=\"twitter:data1\" content=\"1 minute\" \/>\n<script type=\"application\/ld+json\" class=\"yoast-schema-graph\">{\"@context\":\"https:\\\/\\\/schema.org\",\"@graph\":[{\"@type\":\"WebPage\",\"@id\":\"https:\\\/\\\/europavarietas.org\\\/db\\\/dermatologie-pediatrique\\\/\",\"url\":\"https:\\\/\\\/europavarietas.org\\\/db\\\/dermatologie-pediatrique\\\/\",\"name\":\"Dermatologie p\u00e9diatrique - Dermabulle\",\"isPartOf\":{\"@id\":\"https:\\\/\\\/europavarietas.org\\\/db\\\/#website\"},\"primaryImageOfPage\":{\"@id\":\"https:\\\/\\\/europavarietas.org\\\/db\\\/dermatologie-pediatrique\\\/#primaryimage\"},\"image\":{\"@id\":\"https:\\\/\\\/europavarietas.org\\\/db\\\/dermatologie-pediatrique\\\/#primaryimage\"},\"thumbnailUrl\":\"https:\\\/\\\/europavarietas.org\\\/db\\\/wp-content\\\/uploads\\\/2019\\\/03\\\/sld4c-1024x320.jpg\",\"datePublished\":\"2019-03-11T12:50:24+00:00\",\"dateModified\":\"2025-08-22T08:02:01+00:00\",\"breadcrumb\":{\"@id\":\"https:\\\/\\\/europavarietas.org\\\/db\\\/dermatologie-pediatrique\\\/#breadcrumb\"},\"inLanguage\":\"fr-FR\",\"potentialAction\":[{\"@type\":\"ReadAction\",\"target\":[\"https:\\\/\\\/europavarietas.org\\\/db\\\/dermatologie-pediatrique\\\/\"]}]},{\"@type\":\"ImageObject\",\"inLanguage\":\"fr-FR\",\"@id\":\"https:\\\/\\\/europavarietas.org\\\/db\\\/dermatologie-pediatrique\\\/#primaryimage\",\"url\":\"https:\\\/\\\/europavarietas.org\\\/db\\\/wp-content\\\/uploads\\\/2019\\\/03\\\/sld4c.jpg\",\"contentUrl\":\"https:\\\/\\\/europavarietas.org\\\/db\\\/wp-content\\\/uploads\\\/2019\\\/03\\\/sld4c.jpg\",\"width\":1600,\"height\":500},{\"@type\":\"BreadcrumbList\",\"@id\":\"https:\\\/\\\/europavarietas.org\\\/db\\\/dermatologie-pediatrique\\\/#breadcrumb\",\"itemListElement\":[{\"@type\":\"ListItem\",\"position\":1,\"name\":\"Accueil\",\"item\":\"https:\\\/\\\/europavarietas.org\\\/db\\\/\"},{\"@type\":\"ListItem\",\"position\":2,\"name\":\"Dermatologie p\u00e9diatrique\"}]},{\"@type\":\"WebSite\",\"@id\":\"https:\\\/\\\/europavarietas.org\\\/db\\\/#website\",\"url\":\"https:\\\/\\\/europavarietas.org\\\/db\\\/\",\"name\":\"Dermabulle\",\"description\":\"Dermatologie &amp; Epilation laser\",\"publisher\":{\"@id\":\"https:\\\/\\\/europavarietas.org\\\/db\\\/#organization\"},\"potentialAction\":[{\"@type\":\"SearchAction\",\"target\":{\"@type\":\"EntryPoint\",\"urlTemplate\":\"https:\\\/\\\/europavarietas.org\\\/db\\\/?s={search_term_string}\"},\"query-input\":{\"@type\":\"PropertyValueSpecification\",\"valueRequired\":true,\"valueName\":\"search_term_string\"}}],\"inLanguage\":\"fr-FR\"},{\"@type\":\"Organization\",\"@id\":\"https:\\\/\\\/europavarietas.org\\\/db\\\/#organization\",\"name\":\"Dermabulle\",\"url\":\"https:\\\/\\\/europavarietas.org\\\/db\\\/\",\"logo\":{\"@type\":\"ImageObject\",\"inLanguage\":\"fr-FR\",\"@id\":\"https:\\\/\\\/europavarietas.org\\\/db\\\/#\\\/schema\\\/logo\\\/image\\\/\",\"url\":\"https:\\\/\\\/europavarietas.org\\\/db\\\/wp-content\\\/uploads\\\/2019\\\/03\\\/slide1f.jpg\",\"contentUrl\":\"https:\\\/\\\/europavarietas.org\\\/db\\\/wp-content\\\/uploads\\\/2019\\\/03\\\/slide1f.jpg\",\"width\":1600,\"height\":500,\"caption\":\"Dermabulle\"},\"image\":{\"@id\":\"https:\\\/\\\/europavarietas.org\\\/db\\\/#\\\/schema\\\/logo\\\/image\\\/\"},\"sameAs\":[\"https:\\\/\\\/www.facebook.com\\\/Dermabulle-Dermabelle-267125193957410\\\/?modal=admin_todo_tour\"]}]}<\/script>\n<!-- \/ Yoast SEO plugin. -->","yoast_head_json":{"title":"Dermatologie p\u00e9diatrique - Dermabulle","robots":{"index":"index","follow":"follow","max-snippet":"max-snippet:-1","max-image-preview":"max-image-preview:large","max-video-preview":"max-video-preview:-1"},"canonical":"https:\/\/europavarietas.org\/db\/dermatologie-pediatrique\/","og_locale":"fr_FR","og_type":"article","og_title":"Dermatologie p\u00e9diatrique - Dermabulle","og_description":"Enfants de tous \u00e2ges Consultation sur rendez-vous Nous \u00e9crire La dermatologie p\u00e9diatrique s&rsquo;occupe des maladies et des probl\u00e8mes de peau chez l&rLire la suite","og_url":"https:\/\/europavarietas.org\/db\/dermatologie-pediatrique\/","og_site_name":"Dermabulle","article_publisher":"https:\/\/www.facebook.com\/Dermabulle-Dermabelle-267125193957410\/?modal=admin_todo_tour","article_modified_time":"2025-08-22T08:02:01+00:00","og_image":[{"width":1600,"height":500,"url":"https:\/\/europavarietas.org\/db\/wp-content\/uploads\/2019\/03\/sld4c.jpg","type":"image\/jpeg"}],"twitter_card":"summary_large_image","twitter_misc":{"Dur\u00e9e de lecture estim\u00e9e":"1 minute"},"schema":{"@context":"https:\/\/schema.org","@graph":[{"@type":"WebPage","@id":"https:\/\/europavarietas.org\/db\/dermatologie-pediatrique\/","url":"https:\/\/europavarietas.org\/db\/dermatologie-pediatrique\/","name":"Dermatologie p\u00e9diatrique - Dermabulle","isPartOf":{"@id":"https:\/\/europavarietas.org\/db\/#website"},"primaryImageOfPage":{"@id":"https:\/\/europavarietas.org\/db\/dermatologie-pediatrique\/#primaryimage"},"image":{"@id":"https:\/\/europavarietas.org\/db\/dermatologie-pediatrique\/#primaryimage"},"thumbnailUrl":"https:\/\/europavarietas.org\/db\/wp-content\/uploads\/2019\/03\/sld4c-1024x320.jpg","datePublished":"2019-03-11T12:50:24+00:00","dateModified":"2025-08-22T08:02:01+00:00","breadcrumb":{"@id":"https:\/\/europavarietas.org\/db\/dermatologie-pediatrique\/#breadcrumb"},"inLanguage":"fr-FR","potentialAction":[{"@type":"ReadAction","target":["https:\/\/europavarietas.org\/db\/dermatologie-pediatrique\/"]}]},{"@type":"ImageObject","inLanguage":"fr-FR","@id":"https:\/\/europavarietas.org\/db\/dermatologie-pediatrique\/#primaryimage","url":"https:\/\/europavarietas.org\/db\/wp-content\/uploads\/2019\/03\/sld4c.jpg","contentUrl":"https:\/\/europavarietas.org\/db\/wp-content\/uploads\/2019\/03\/sld4c.jpg","width":1600,"height":500},{"@type":"BreadcrumbList","@id":"https:\/\/europavarietas.org\/db\/dermatologie-pediatrique\/#breadcrumb","itemListElement":[{"@type":"ListItem","position":1,"name":"Accueil","item":"https:\/\/europavarietas.org\/db\/"},{"@type":"ListItem","position":2,"name":"Dermatologie p\u00e9diatrique"}]},{"@type":"WebSite","@id":"https:\/\/europavarietas.org\/db\/#website","url":"https:\/\/europavarietas.org\/db\/","name":"Dermabulle","description":"Dermatologie &amp; Epilation laser","publisher":{"@id":"https:\/\/europavarietas.org\/db\/#organization"},"potentialAction":[{"@type":"SearchAction","target":{"@type":"EntryPoint","urlTemplate":"https:\/\/europavarietas.org\/db\/?s={search_term_string}"},"query-input":{"@type":"PropertyValueSpecification","valueRequired":true,"valueName":"search_term_string"}}],"inLanguage":"fr-FR"},{"@type":"Organization","@id":"https:\/\/europavarietas.org\/db\/#organization","name":"Dermabulle","url":"https:\/\/europavarietas.org\/db\/","logo":{"@type":"ImageObject","inLanguage":"fr-FR","@id":"https:\/\/europavarietas.org\/db\/#\/schema\/logo\/image\/","url":"https:\/\/europavarietas.org\/db\/wp-content\/uploads\/2019\/03\/slide1f.jpg","contentUrl":"https:\/\/europavarietas.org\/db\/wp-content\/uploads\/2019\/03\/slide1f.jpg","width":1600,"height":500,"caption":"Dermabulle"},"image":{"@id":"https:\/\/europavarietas.org\/db\/#\/schema\/logo\/image\/"},"sameAs":["https:\/\/www.facebook.com\/Dermabulle-Dermabelle-267125193957410\/?modal=admin_todo_tour"]}]}},"_links":{"self":[{"href":"https:\/\/europavarietas.org\/db\/wp-json\/wp\/v2\/pages\/46","targetHints":{"allow":["GET"]}}],"collection":[{"href":"https:\/\/europavarietas.org\/db\/wp-json\/wp\/v2\/pages"}],"about":[{"href":"https:\/\/europavarietas.org\/db\/wp-json\/wp\/v2\/types\/page"}],"author":[{"embeddable":true,"href":"https:\/\/europavarietas.org\/db\/wp-json\/wp\/v2\/users\/1"}],"replies":[{"embeddable":true,"href":"https:\/\/europavarietas.org\/db\/wp-json\/wp\/v2\/comments?post=46"}],"version-history":[{"count":26,"href":"https:\/\/europavarietas.org\/db\/wp-json\/wp\/v2\/pages\/46\/revisions"}],"predecessor-version":[{"id":1712,"href":"https:\/\/europavarietas.org\/db\/wp-json\/wp\/v2\/pages\/46\/revisions\/1712"}],"wp:attachment":[{"href":"https:\/\/europavarietas.org\/db\/wp-json\/wp\/v2\/media?parent=46"}],"wp:term":[{"taxonomy":"category","embeddable":true,"href":"https:\/\/europavarietas.org\/db\/wp-json\/wp\/v2\/categories?post=46"},{"taxonomy":"post_tag","embeddable":true,"href":"https:\/\/europavarietas.org\/db\/wp-json\/wp\/v2\/tags?post=46"}],"curies":[{"name":"wp","href":"https:\/\/api.w.org\/{rel}","templated":true}]}}