{"id":45,"date":"2019-03-11T12:50:24","date_gmt":"2019-03-11T11:50:24","guid":{"rendered":"https:\/\/europavarietas.org\/db\/?page_id=45"},"modified":"2024-02-08T15:13:57","modified_gmt":"2024-02-08T14:13:57","slug":"laser","status":"publish","type":"page","link":"https:\/\/europavarietas.org\/db\/laser\/","title":{"rendered":"Laser"},"content":{"rendered":"\t\t<div data-elementor-type=\"wp-page\" data-elementor-id=\"45\" class=\"elementor elementor-45\">\n\t\t\t\t\t\t<section class=\"elementor-section elementor-top-section elementor-element elementor-element-2a26450 elementor-section-boxed elementor-section-height-default elementor-section-height-default\" data-id=\"2a26450\" data-element_type=\"section\" data-e-type=\"section\">\n\t\t\t\t\t\t<div class=\"elementor-container elementor-column-gap-default\">\n\t\t\t\t\t<div class=\"elementor-column elementor-col-100 elementor-top-column elementor-element elementor-element-89cadc8\" data-id=\"89cadc8\" data-element_type=\"column\" data-e-type=\"column\">\n\t\t\t<div class=\"elementor-widget-wrap elementor-element-populated\">\n\t\t\t\t\t\t<div class=\"elementor-element elementor-element-cf6706d elementor-widget elementor-widget-image\" data-id=\"cf6706d\" data-element_type=\"widget\" data-e-type=\"widget\" data-widget_type=\"image.default\">\n\t\t\t\t<div class=\"elementor-widget-container\">\n\t\t\t\t\t\t\t\t\t\t\t\t\t\t\t\t<a href=\"https:\/\/europavarietas.org\/db\/wp-content\/uploads\/2019\/03\/sld4b2.jpg\" data-elementor-open-lightbox=\"yes\" data-elementor-lightbox-title=\"sld4b2\" data-e-action-hash=\"#elementor-action%3Aaction%3Dlightbox%26settings%3DeyJpZCI6MTg2LCJ1cmwiOiJodHRwczpcL1wvZXVyb3BhdmFyaWV0YXMub3JnXC9kYlwvd3AtY29udGVudFwvdXBsb2Fkc1wvMjAxOVwvMDNcL3NsZDRiMi5qcGcifQ%3D%3D\">\n\t\t\t\t\t\t\t<img fetchpriority=\"high\" decoding=\"async\" width=\"1024\" height=\"320\" src=\"https:\/\/europavarietas.org\/db\/wp-content\/uploads\/2019\/03\/sld4b2-1024x320.jpg\" class=\"attachment-large size-large wp-image-186\" alt=\"sld4b2 1024x320 - Laser\" srcset=\"https:\/\/europavarietas.org\/db\/wp-content\/uploads\/2019\/03\/sld4b2-1024x320.jpg 1024w, https:\/\/europavarietas.org\/db\/wp-content\/uploads\/2019\/03\/sld4b2-300x94.jpg 300w, https:\/\/europavarietas.org\/db\/wp-content\/uploads\/2019\/03\/sld4b2-768x240.jpg 768w, https:\/\/europavarietas.org\/db\/wp-content\/uploads\/2019\/03\/sld4b2.jpg 1600w\" sizes=\"(max-width: 1024px) 100vw, 1024px\" title=\"Laser\" \/>\t\t\t\t\t\t\t\t<\/a>\n\t\t\t\t\t\t\t\t\t\t\t\t\t\t\t<\/div>\n\t\t\t\t<\/div>\n\t\t\t\t\t<\/div>\n\t\t<\/div>\n\t\t\t\t\t<\/div>\n\t\t<\/section>\n\t\t\t\t<section class=\"elementor-section elementor-top-section elementor-element elementor-element-a3f7a84 elementor-section-boxed elementor-section-height-default elementor-section-height-default\" data-id=\"a3f7a84\" data-element_type=\"section\" data-e-type=\"section\">\n\t\t\t\t\t\t<div class=\"elementor-container elementor-column-gap-default\">\n\t\t\t\t\t<div class=\"elementor-column elementor-col-100 elementor-top-column elementor-element elementor-element-ff29bac\" data-id=\"ff29bac\" data-element_type=\"column\" data-e-type=\"column\">\n\t\t\t<div class=\"elementor-widget-wrap elementor-element-populated\">\n\t\t\t\t\t\t<div class=\"elementor-element elementor-element-6797bc7 elementor-widget elementor-widget-heading\" data-id=\"6797bc7\" data-element_type=\"widget\" data-e-type=\"widget\" data-widget_type=\"heading.default\">\n\t\t\t\t<div class=\"elementor-widget-container\">\n\t\t\t\t\t<h2 class=\"elementor-heading-title elementor-size-default\">Dermabelle : Dermatologie laser<\/h2>\t\t\t\t<\/div>\n\t\t\t\t<\/div>\n\t\t\t\t\t<\/div>\n\t\t<\/div>\n\t\t\t\t\t<\/div>\n\t\t<\/section>\n\t\t\t\t<section class=\"elementor-section elementor-top-section elementor-element elementor-element-bd34bc4 elementor-section-boxed elementor-section-height-default elementor-section-height-default\" data-id=\"bd34bc4\" data-element_type=\"section\" data-e-type=\"section\">\n\t\t\t\t\t\t<div class=\"elementor-container elementor-column-gap-default\">\n\t\t\t\t\t<div class=\"elementor-column elementor-col-100 elementor-top-column elementor-element elementor-element-e88f1ef\" data-id=\"e88f1ef\" data-element_type=\"column\" data-e-type=\"column\">\n\t\t\t<div class=\"elementor-widget-wrap elementor-element-populated\">\n\t\t\t\t\t\t<div class=\"elementor-element elementor-element-6bd2c30 elementor-tabs-view-horizontal elementor-widget elementor-widget-tabs\" data-id=\"6bd2c30\" data-element_type=\"widget\" data-e-type=\"widget\" data-widget_type=\"tabs.default\">\n\t\t\t\t<div class=\"elementor-widget-container\">\n\t\t\t\t\t\t\t<div class=\"elementor-tabs\">\n\t\t\t<div class=\"elementor-tabs-wrapper\" role=\"tablist\" >\n\t\t\t\t\t\t\t\t\t<div id=\"elementor-tab-title-1131\" class=\"elementor-tab-title elementor-tab-desktop-title\" aria-selected=\"true\" data-tab=\"1\" role=\"tab\" tabindex=\"0\" aria-controls=\"elementor-tab-content-1131\" aria-expanded=\"false\">Prestations<\/div>\n\t\t\t\t\t\t\t\t\t<div id=\"elementor-tab-title-1132\" class=\"elementor-tab-title elementor-tab-desktop-title\" aria-selected=\"false\" data-tab=\"2\" role=\"tab\" tabindex=\"-1\" aria-controls=\"elementor-tab-content-1132\" aria-expanded=\"false\">En toute s\u00e9curit\u00e9<\/div>\n\t\t\t\t\t\t\t\t\t<div id=\"elementor-tab-title-1133\" class=\"elementor-tab-title elementor-tab-desktop-title\" aria-selected=\"false\" data-tab=\"3\" role=\"tab\" tabindex=\"-1\" aria-controls=\"elementor-tab-content-1133\" aria-expanded=\"false\">Derni\u00e8re technologie<\/div>\n\t\t\t\t\t\t\t\t\t<div id=\"elementor-tab-title-1134\" class=\"elementor-tab-title elementor-tab-desktop-title\" aria-selected=\"false\" data-tab=\"4\" role=\"tab\" tabindex=\"-1\" aria-controls=\"elementor-tab-content-1134\" aria-expanded=\"false\">Les risques<\/div>\n\t\t\t\t\t\t\t<\/div>\n\t\t\t<div class=\"elementor-tabs-content-wrapper\" role=\"tablist\" aria-orientation=\"vertical\">\n\t\t\t\t\t\t\t\t\t<div class=\"elementor-tab-title elementor-tab-mobile-title\" aria-selected=\"true\" data-tab=\"1\" role=\"tab\" tabindex=\"0\" aria-controls=\"elementor-tab-content-1131\" aria-expanded=\"false\">Prestations<\/div>\n\t\t\t\t\t<div id=\"elementor-tab-content-1131\" class=\"elementor-tab-content elementor-clearfix\" data-tab=\"1\" role=\"tabpanel\" aria-labelledby=\"elementor-tab-title-1131\" tabindex=\"0\" hidden=\"false\"><figure style=\"margin-bottom: 1em;\"><\/figure>\n<div>\n<figure style=\"margin-bottom: 1em;\"><\/figure>\n<p>&#8211; \u00c9pilation d\u00e9finitive (85 \u00e0 95 % des poils ne repoussent plus apr\u00e8s un traitement bien conduit)<\/p>\n<p>&#8211; l\u00e9sions vasculaires,<\/p>\n<p>&#8211; l\u00e9sions pigment\u00e9es&#8230;<\/p>\n<\/div><\/div>\n\t\t\t\t\t\t\t\t\t<div class=\"elementor-tab-title elementor-tab-mobile-title\" aria-selected=\"false\" data-tab=\"2\" role=\"tab\" tabindex=\"-1\" aria-controls=\"elementor-tab-content-1132\" aria-expanded=\"false\">En toute s\u00e9curit\u00e9<\/div>\n\t\t\t\t\t<div id=\"elementor-tab-content-1132\" class=\"elementor-tab-content elementor-clearfix\" data-tab=\"2\" role=\"tabpanel\" aria-labelledby=\"elementor-tab-title-1132\" tabindex=\"0\" hidden=\"hidden\"><p><span style=\"letter-spacing: 0.2px;\">Traitement sous surveillance m\u00e9dicale.\u00a0<\/span><\/p>\n<p><span style=\"letter-spacing: 0.2px;\">Nous mettons \u00e0 votre disposition une \u00e9quipe compl\u00e8te : m\u00e9decin et assistante laser form\u00e9s \u00e0 l&rsquo;\u00e9pilation laser.\u00a0<\/span><\/p>\n<p><span style=\"letter-spacing: 0.2px;\">Nous d\u00e9conseillons\u00a0 de r\u00e9aliser une \u00e9pilation laser dans un salon de coiffure ou un spa sans surveillance m\u00e9dicale.<\/span><\/p><\/div>\n\t\t\t\t\t\t\t\t\t<div class=\"elementor-tab-title elementor-tab-mobile-title\" aria-selected=\"false\" data-tab=\"3\" role=\"tab\" tabindex=\"-1\" aria-controls=\"elementor-tab-content-1133\" aria-expanded=\"false\">Derni\u00e8re technologie<\/div>\n\t\t\t\t\t<div id=\"elementor-tab-content-1133\" class=\"elementor-tab-content elementor-clearfix\" data-tab=\"3\" role=\"tabpanel\" aria-labelledby=\"elementor-tab-title-1133\" tabindex=\"0\" hidden=\"hidden\"><p><span style=\"letter-spacing: 0.2px;\">Laser Alexandrite \/ Nd:Yag de haute gamme Clarity, classe 4, la derni\u00e8re technologie, approuv\u00e9e par les normes les plus rigoureuses (CE et FDA).\u00a0<\/span><\/p><p><span style=\"letter-spacing: 0.2px;\">Les lasers de la classe 4 selon la norme EN 60825-1:2007 ne peuvent \u00eatre utilis\u00e9s que par un m\u00e9decin ou par un professionnel qualifi\u00e9 et op\u00e9rant sous le contr\u00f4le et la responsabilit\u00e9 d\u2019un m\u00e9decin.<\/span><\/p><p><img decoding=\"async\" class=\"alignnone size-full wp-image-389\" src=\"https:\/\/europavarietas.org\/db\/wp-content\/uploads\/2018\/10\/clarity2e.jpg\" alt=\"\" width=\"230\" height=\"156\" \/><\/p><\/div>\n\t\t\t\t\t\t\t\t\t<div class=\"elementor-tab-title elementor-tab-mobile-title\" aria-selected=\"false\" data-tab=\"4\" role=\"tab\" tabindex=\"-1\" aria-controls=\"elementor-tab-content-1134\" aria-expanded=\"false\">Les risques<\/div>\n\t\t\t\t\t<div id=\"elementor-tab-content-1134\" class=\"elementor-tab-content elementor-clearfix\" data-tab=\"4\" role=\"tabpanel\" aria-labelledby=\"elementor-tab-title-1134\" tabindex=\"0\" hidden=\"hidden\"><p><span style=\"letter-spacing: 0.2px;\">Sans surveillance m\u00e9dicale les complications sont parfois graves.\u00a0<\/span><\/p>\n<p><span style=\"letter-spacing: 0.2px;\">On peut avoir des br\u00fblures qui apparaissent sous forme de cloques et de cro\u00fbtes, ou des d\u00e9pigmentations sur certaines zones \u00e9pil\u00e9es cons\u00e9quence d\u2019un mauvais choix de laser ou, le plus souvent, d\u2019une mauvaise indication en fonction du type de peau.<\/span><\/p><\/div>\n\t\t\t\t\t\t\t<\/div>\n\t\t<\/div>\n\t\t\t\t\t\t<\/div>\n\t\t\t\t<\/div>\n\t\t\t\t<div class=\"elementor-element elementor-element-008d2d0 elementor-align-center elementor-widget elementor-widget-button\" data-id=\"008d2d0\" data-element_type=\"widget\" data-e-type=\"widget\" data-widget_type=\"button.default\">\n\t\t\t\t<div class=\"elementor-widget-container\">\n\t\t\t\t\t\t\t\t\t<div class=\"elementor-button-wrapper\">\n\t\t\t\t\t<a class=\"elementor-button elementor-button-link elementor-size-sm\" href=\"https:\/\/europavarietas.org\/db\/files\/dermabulle_tarifs_laser_2024.pdf\">\n\t\t\t\t\t\t<span class=\"elementor-button-content-wrapper\">\n\t\t\t\t\t\t\t\t\t<span class=\"elementor-button-text\">T\u00e9l\u00e9chargez nos nouveaux tarifs laser (2024)<\/span>\n\t\t\t\t\t<\/span>\n\t\t\t\t\t<\/a>\n\t\t\t\t<\/div>\n\t\t\t\t\t\t\t\t<\/div>\n\t\t\t\t<\/div>\n\t\t\t\t\t<\/div>\n\t\t<\/div>\n\t\t\t\t\t<\/div>\n\t\t<\/section>\n\t\t\t\t<section class=\"elementor-section elementor-top-section elementor-element elementor-element-603b58e elementor-section-boxed elementor-section-height-default elementor-section-height-default\" data-id=\"603b58e\" data-element_type=\"section\" data-e-type=\"section\">\n\t\t\t\t\t\t<div class=\"elementor-container elementor-column-gap-default\">\n\t\t\t\t\t<div class=\"elementor-column elementor-col-50 elementor-top-column elementor-element elementor-element-4730c30\" data-id=\"4730c30\" data-element_type=\"column\" data-e-type=\"column\">\n\t\t\t<div class=\"elementor-widget-wrap elementor-element-populated\">\n\t\t\t\t\t\t<div class=\"elementor-element elementor-element-6ff302b elementor-widget elementor-widget-video\" data-id=\"6ff302b\" data-element_type=\"widget\" data-e-type=\"widget\" data-settings=\"{&quot;youtube_url&quot;:&quot;https:\\\/\\\/youtu.be\\\/M4LFqogH5ww&quot;,&quot;video_type&quot;:&quot;youtube&quot;,&quot;controls&quot;:&quot;yes&quot;}\" data-widget_type=\"video.default\">\n\t\t\t\t<div class=\"elementor-widget-container\">\n\t\t\t\t\t\t\t<div class=\"elementor-wrapper elementor-open-inline\">\n\t\t\t<div class=\"elementor-video\"><\/div>\t\t<\/div>\n\t\t\t\t\t\t<\/div>\n\t\t\t\t<\/div>\n\t\t\t\t\t<\/div>\n\t\t<\/div>\n\t\t\t\t<div class=\"elementor-column elementor-col-50 elementor-top-column elementor-element elementor-element-5487b5e\" data-id=\"5487b5e\" data-element_type=\"column\" data-e-type=\"column\">\n\t\t\t<div class=\"elementor-widget-wrap elementor-element-populated\">\n\t\t\t\t\t\t<div class=\"elementor-element elementor-element-274f045 elementor-widget elementor-widget-video\" data-id=\"274f045\" data-element_type=\"widget\" data-e-type=\"widget\" data-settings=\"{&quot;youtube_url&quot;:&quot;https:\\\/\\\/youtu.be\\\/fi3OvljIKYY&quot;,&quot;video_type&quot;:&quot;youtube&quot;,&quot;controls&quot;:&quot;yes&quot;}\" data-widget_type=\"video.default\">\n\t\t\t\t<div class=\"elementor-widget-container\">\n\t\t\t\t\t\t\t<div class=\"elementor-wrapper elementor-open-inline\">\n\t\t\t<div class=\"elementor-video\"><\/div>\t\t<\/div>\n\t\t\t\t\t\t<\/div>\n\t\t\t\t<\/div>\n\t\t\t\t\t<\/div>\n\t\t<\/div>\n\t\t\t\t\t<\/div>\n\t\t<\/section>\n\t\t\t\t<section class=\"elementor-section elementor-top-section elementor-element elementor-element-4863c19 elementor-section-boxed elementor-section-height-default elementor-section-height-default\" data-id=\"4863c19\" data-element_type=\"section\" data-e-type=\"section\">\n\t\t\t\t\t\t<div class=\"elementor-container elementor-column-gap-default\">\n\t\t\t\t\t<div class=\"elementor-column elementor-col-50 elementor-top-column elementor-element elementor-element-59ee022\" data-id=\"59ee022\" data-element_type=\"column\" data-e-type=\"column\">\n\t\t\t<div class=\"elementor-widget-wrap elementor-element-populated\">\n\t\t\t\t\t\t<div class=\"elementor-element elementor-element-090c113 elementor-widget elementor-widget-video\" data-id=\"090c113\" data-element_type=\"widget\" data-e-type=\"widget\" data-settings=\"{&quot;youtube_url&quot;:&quot;https:\\\/\\\/youtu.be\\\/PikVgRpJ2Sg&quot;,&quot;video_type&quot;:&quot;youtube&quot;,&quot;controls&quot;:&quot;yes&quot;}\" data-widget_type=\"video.default\">\n\t\t\t\t<div class=\"elementor-widget-container\">\n\t\t\t\t\t\t\t<div class=\"elementor-wrapper elementor-open-inline\">\n\t\t\t<div class=\"elementor-video\"><\/div>\t\t<\/div>\n\t\t\t\t\t\t<\/div>\n\t\t\t\t<\/div>\n\t\t\t\t\t<\/div>\n\t\t<\/div>\n\t\t\t\t<div class=\"elementor-column elementor-col-50 elementor-top-column elementor-element elementor-element-d946cd4\" data-id=\"d946cd4\" data-element_type=\"column\" data-e-type=\"column\">\n\t\t\t<div class=\"elementor-widget-wrap elementor-element-populated\">\n\t\t\t\t\t\t<div class=\"elementor-element elementor-element-2f9f6cd elementor-widget elementor-widget-video\" data-id=\"2f9f6cd\" data-element_type=\"widget\" data-e-type=\"widget\" data-settings=\"{&quot;youtube_url&quot;:&quot;https:\\\/\\\/youtu.be\\\/dChT0LdA-JA&quot;,&quot;video_type&quot;:&quot;youtube&quot;,&quot;controls&quot;:&quot;yes&quot;}\" data-widget_type=\"video.default\">\n\t\t\t\t<div class=\"elementor-widget-container\">\n\t\t\t\t\t\t\t<div class=\"elementor-wrapper elementor-open-inline\">\n\t\t\t<div class=\"elementor-video\"><\/div>\t\t<\/div>\n\t\t\t\t\t\t<\/div>\n\t\t\t\t<\/div>\n\t\t\t\t\t<\/div>\n\t\t<\/div>\n\t\t\t\t\t<\/div>\n\t\t<\/section>\n\t\t\t\t<section class=\"elementor-section elementor-top-section elementor-element elementor-element-0aba4b5 elementor-section-boxed elementor-section-height-default elementor-section-height-default\" data-id=\"0aba4b5\" data-element_type=\"section\" data-e-type=\"section\">\n\t\t\t\t\t\t<div class=\"elementor-container elementor-column-gap-default\">\n\t\t\t\t\t<div class=\"elementor-column elementor-col-100 elementor-top-column elementor-element elementor-element-320ddb6\" data-id=\"320ddb6\" data-element_type=\"column\" data-e-type=\"column\">\n\t\t\t<div class=\"elementor-widget-wrap elementor-element-populated\">\n\t\t\t\t\t\t<div class=\"elementor-element elementor-element-2c76d62 elementor-widget elementor-widget-text-editor\" data-id=\"2c76d62\" data-element_type=\"widget\" data-e-type=\"widget\" data-widget_type=\"text-editor.default\">\n\t\t\t\t<div class=\"elementor-widget-container\">\n\t\t\t\t\t\t\t\t\t<center><em>(Safari: Double click sur les vid\u00e9os pour voir en plein \u00e9cran )<\/em><\/center>\t\t\t\t\t\t\t\t<\/div>\n\t\t\t\t<\/div>\n\t\t\t\t\t<\/div>\n\t\t<\/div>\n\t\t\t\t\t<\/div>\n\t\t<\/section>\n\t\t\t\t<\/div>\n\t\t","protected":false},"excerpt":{"rendered":"<div class=\"slide-text-bg2\"><span>Dermabelle : Dermatologie laser Prestations En toute s\u00e9curit\u00e9 Derni\u00e8re technologie Les risques Prestations &#8211; \u00c9pilation d\u00e9finitive (85 \u00e0 95 % de<\/span><\/div>\n<div class=\"slide-btn-area-sm\"><a href=\"https:\/\/europavarietas.org\/db\/laser\/\" class=\"slide-btn-sm\">Lire la suite<\/a><\/div>\n","protected":false},"author":1,"featured_media":0,"parent":0,"menu_order":0,"comment_status":"closed","ping_status":"closed","template":"","meta":{"footnotes":""},"categories":[],"tags":[12,7,21,20,16,10,8],"class_list":["post-45","page","type-page","status-publish","hentry","tag-boglarka-turke","tag-bulle","tag-dermabelle","tag-dermabulle","tag-epilation","tag-epilation-definitive","tag-laser"],"yoast_head":"<!-- This site is optimized with the Yoast SEO plugin v27.5 - https:\/\/yoast.com\/product\/yoast-seo-wordpress\/ -->\n<title>Laser - Dermabulle<\/title>\n<meta name=\"robots\" content=\"index, follow, max-snippet:-1, max-image-preview:large, max-video-preview:-1\" \/>\n<link rel=\"canonical\" href=\"https:\/\/europavarietas.org\/db\/laser\/\" \/>\n<meta property=\"og:locale\" content=\"fr_FR\" \/>\n<meta property=\"og:type\" content=\"article\" \/>\n<meta property=\"og:title\" content=\"Laser - Dermabulle\" \/>\n<meta property=\"og:description\" content=\"Dermabelle : Dermatologie laser Prestations En toute s\u00e9curit\u00e9 Derni\u00e8re technologie Les risques Prestations &#8211; \u00c9pilation d\u00e9finitive (85 \u00e0 95 % deLire la suite\" \/>\n<meta property=\"og:url\" content=\"https:\/\/europavarietas.org\/db\/laser\/\" \/>\n<meta property=\"og:site_name\" content=\"Dermabulle\" \/>\n<meta property=\"article:publisher\" content=\"https:\/\/www.facebook.com\/Dermabulle-Dermabelle-267125193957410\/?modal=admin_todo_tour\" \/>\n<meta property=\"article:modified_time\" content=\"2024-02-08T14:13:57+00:00\" \/>\n<meta property=\"og:image\" content=\"https:\/\/europavarietas.org\/db\/wp-content\/uploads\/2019\/03\/sld4b2-1024x320.jpg\" \/>\n<meta name=\"twitter:card\" content=\"summary_large_image\" \/>\n<meta name=\"twitter:label1\" content=\"Dur\u00e9e de lecture estim\u00e9e\" \/>\n\t<meta name=\"twitter:data1\" content=\"2 minutes\" \/>\n<script type=\"application\/ld+json\" class=\"yoast-schema-graph\">{\"@context\":\"https:\\\/\\\/schema.org\",\"@graph\":[{\"@type\":\"WebPage\",\"@id\":\"https:\\\/\\\/europavarietas.org\\\/db\\\/laser\\\/\",\"url\":\"https:\\\/\\\/europavarietas.org\\\/db\\\/laser\\\/\",\"name\":\"Laser - Dermabulle\",\"isPartOf\":{\"@id\":\"https:\\\/\\\/europavarietas.org\\\/db\\\/#website\"},\"primaryImageOfPage\":{\"@id\":\"https:\\\/\\\/europavarietas.org\\\/db\\\/laser\\\/#primaryimage\"},\"image\":{\"@id\":\"https:\\\/\\\/europavarietas.org\\\/db\\\/laser\\\/#primaryimage\"},\"thumbnailUrl\":\"https:\\\/\\\/europavarietas.org\\\/db\\\/wp-content\\\/uploads\\\/2019\\\/03\\\/sld4b2-1024x320.jpg\",\"datePublished\":\"2019-03-11T11:50:24+00:00\",\"dateModified\":\"2024-02-08T14:13:57+00:00\",\"breadcrumb\":{\"@id\":\"https:\\\/\\\/europavarietas.org\\\/db\\\/laser\\\/#breadcrumb\"},\"inLanguage\":\"fr-FR\",\"potentialAction\":[{\"@type\":\"ReadAction\",\"target\":[\"https:\\\/\\\/europavarietas.org\\\/db\\\/laser\\\/\"]}]},{\"@type\":\"ImageObject\",\"inLanguage\":\"fr-FR\",\"@id\":\"https:\\\/\\\/europavarietas.org\\\/db\\\/laser\\\/#primaryimage\",\"url\":\"https:\\\/\\\/europavarietas.org\\\/db\\\/wp-content\\\/uploads\\\/2019\\\/03\\\/sld4b2.jpg\",\"contentUrl\":\"https:\\\/\\\/europavarietas.org\\\/db\\\/wp-content\\\/uploads\\\/2019\\\/03\\\/sld4b2.jpg\",\"width\":1600,\"height\":500},{\"@type\":\"BreadcrumbList\",\"@id\":\"https:\\\/\\\/europavarietas.org\\\/db\\\/laser\\\/#breadcrumb\",\"itemListElement\":[{\"@type\":\"ListItem\",\"position\":1,\"name\":\"Accueil\",\"item\":\"https:\\\/\\\/europavarietas.org\\\/db\\\/\"},{\"@type\":\"ListItem\",\"position\":2,\"name\":\"Laser\"}]},{\"@type\":\"WebSite\",\"@id\":\"https:\\\/\\\/europavarietas.org\\\/db\\\/#website\",\"url\":\"https:\\\/\\\/europavarietas.org\\\/db\\\/\",\"name\":\"Dermabulle\",\"description\":\"Dermatologie &amp; Epilation laser\",\"publisher\":{\"@id\":\"https:\\\/\\\/europavarietas.org\\\/db\\\/#organization\"},\"potentialAction\":[{\"@type\":\"SearchAction\",\"target\":{\"@type\":\"EntryPoint\",\"urlTemplate\":\"https:\\\/\\\/europavarietas.org\\\/db\\\/?s={search_term_string}\"},\"query-input\":{\"@type\":\"PropertyValueSpecification\",\"valueRequired\":true,\"valueName\":\"search_term_string\"}}],\"inLanguage\":\"fr-FR\"},{\"@type\":\"Organization\",\"@id\":\"https:\\\/\\\/europavarietas.org\\\/db\\\/#organization\",\"name\":\"Dermabulle\",\"url\":\"https:\\\/\\\/europavarietas.org\\\/db\\\/\",\"logo\":{\"@type\":\"ImageObject\",\"inLanguage\":\"fr-FR\",\"@id\":\"https:\\\/\\\/europavarietas.org\\\/db\\\/#\\\/schema\\\/logo\\\/image\\\/\",\"url\":\"https:\\\/\\\/europavarietas.org\\\/db\\\/wp-content\\\/uploads\\\/2019\\\/03\\\/slide1f.jpg\",\"contentUrl\":\"https:\\\/\\\/europavarietas.org\\\/db\\\/wp-content\\\/uploads\\\/2019\\\/03\\\/slide1f.jpg\",\"width\":1600,\"height\":500,\"caption\":\"Dermabulle\"},\"image\":{\"@id\":\"https:\\\/\\\/europavarietas.org\\\/db\\\/#\\\/schema\\\/logo\\\/image\\\/\"},\"sameAs\":[\"https:\\\/\\\/www.facebook.com\\\/Dermabulle-Dermabelle-267125193957410\\\/?modal=admin_todo_tour\"]}]}<\/script>\n<!-- \/ Yoast SEO plugin. -->","yoast_head_json":{"title":"Laser - Dermabulle","robots":{"index":"index","follow":"follow","max-snippet":"max-snippet:-1","max-image-preview":"max-image-preview:large","max-video-preview":"max-video-preview:-1"},"canonical":"https:\/\/europavarietas.org\/db\/laser\/","og_locale":"fr_FR","og_type":"article","og_title":"Laser - Dermabulle","og_description":"Dermabelle : Dermatologie laser Prestations En toute s\u00e9curit\u00e9 Derni\u00e8re technologie Les risques Prestations &#8211; \u00c9pilation d\u00e9finitive (85 \u00e0 95 % deLire la suite","og_url":"https:\/\/europavarietas.org\/db\/laser\/","og_site_name":"Dermabulle","article_publisher":"https:\/\/www.facebook.com\/Dermabulle-Dermabelle-267125193957410\/?modal=admin_todo_tour","article_modified_time":"2024-02-08T14:13:57+00:00","og_image":[{"url":"https:\/\/europavarietas.org\/db\/wp-content\/uploads\/2019\/03\/sld4b2-1024x320.jpg","type":"","width":"","height":""}],"twitter_card":"summary_large_image","twitter_misc":{"Dur\u00e9e de lecture estim\u00e9e":"2 minutes"},"schema":{"@context":"https:\/\/schema.org","@graph":[{"@type":"WebPage","@id":"https:\/\/europavarietas.org\/db\/laser\/","url":"https:\/\/europavarietas.org\/db\/laser\/","name":"Laser - Dermabulle","isPartOf":{"@id":"https:\/\/europavarietas.org\/db\/#website"},"primaryImageOfPage":{"@id":"https:\/\/europavarietas.org\/db\/laser\/#primaryimage"},"image":{"@id":"https:\/\/europavarietas.org\/db\/laser\/#primaryimage"},"thumbnailUrl":"https:\/\/europavarietas.org\/db\/wp-content\/uploads\/2019\/03\/sld4b2-1024x320.jpg","datePublished":"2019-03-11T11:50:24+00:00","dateModified":"2024-02-08T14:13:57+00:00","breadcrumb":{"@id":"https:\/\/europavarietas.org\/db\/laser\/#breadcrumb"},"inLanguage":"fr-FR","potentialAction":[{"@type":"ReadAction","target":["https:\/\/europavarietas.org\/db\/laser\/"]}]},{"@type":"ImageObject","inLanguage":"fr-FR","@id":"https:\/\/europavarietas.org\/db\/laser\/#primaryimage","url":"https:\/\/europavarietas.org\/db\/wp-content\/uploads\/2019\/03\/sld4b2.jpg","contentUrl":"https:\/\/europavarietas.org\/db\/wp-content\/uploads\/2019\/03\/sld4b2.jpg","width":1600,"height":500},{"@type":"BreadcrumbList","@id":"https:\/\/europavarietas.org\/db\/laser\/#breadcrumb","itemListElement":[{"@type":"ListItem","position":1,"name":"Accueil","item":"https:\/\/europavarietas.org\/db\/"},{"@type":"ListItem","position":2,"name":"Laser"}]},{"@type":"WebSite","@id":"https:\/\/europavarietas.org\/db\/#website","url":"https:\/\/europavarietas.org\/db\/","name":"Dermabulle","description":"Dermatologie &amp; Epilation laser","publisher":{"@id":"https:\/\/europavarietas.org\/db\/#organization"},"potentialAction":[{"@type":"SearchAction","target":{"@type":"EntryPoint","urlTemplate":"https:\/\/europavarietas.org\/db\/?s={search_term_string}"},"query-input":{"@type":"PropertyValueSpecification","valueRequired":true,"valueName":"search_term_string"}}],"inLanguage":"fr-FR"},{"@type":"Organization","@id":"https:\/\/europavarietas.org\/db\/#organization","name":"Dermabulle","url":"https:\/\/europavarietas.org\/db\/","logo":{"@type":"ImageObject","inLanguage":"fr-FR","@id":"https:\/\/europavarietas.org\/db\/#\/schema\/logo\/image\/","url":"https:\/\/europavarietas.org\/db\/wp-content\/uploads\/2019\/03\/slide1f.jpg","contentUrl":"https:\/\/europavarietas.org\/db\/wp-content\/uploads\/2019\/03\/slide1f.jpg","width":1600,"height":500,"caption":"Dermabulle"},"image":{"@id":"https:\/\/europavarietas.org\/db\/#\/schema\/logo\/image\/"},"sameAs":["https:\/\/www.facebook.com\/Dermabulle-Dermabelle-267125193957410\/?modal=admin_todo_tour"]}]}},"_links":{"self":[{"href":"https:\/\/europavarietas.org\/db\/wp-json\/wp\/v2\/pages\/45","targetHints":{"allow":["GET"]}}],"collection":[{"href":"https:\/\/europavarietas.org\/db\/wp-json\/wp\/v2\/pages"}],"about":[{"href":"https:\/\/europavarietas.org\/db\/wp-json\/wp\/v2\/types\/page"}],"author":[{"embeddable":true,"href":"https:\/\/europavarietas.org\/db\/wp-json\/wp\/v2\/users\/1"}],"replies":[{"embeddable":true,"href":"https:\/\/europavarietas.org\/db\/wp-json\/wp\/v2\/comments?post=45"}],"version-history":[{"count":66,"href":"https:\/\/europavarietas.org\/db\/wp-json\/wp\/v2\/pages\/45\/revisions"}],"predecessor-version":[{"id":1641,"href":"https:\/\/europavarietas.org\/db\/wp-json\/wp\/v2\/pages\/45\/revisions\/1641"}],"wp:attachment":[{"href":"https:\/\/europavarietas.org\/db\/wp-json\/wp\/v2\/media?parent=45"}],"wp:term":[{"taxonomy":"category","embeddable":true,"href":"https:\/\/europavarietas.org\/db\/wp-json\/wp\/v2\/categories?post=45"},{"taxonomy":"post_tag","embeddable":true,"href":"https:\/\/europavarietas.org\/db\/wp-json\/wp\/v2\/tags?post=45"}],"curies":[{"name":"wp","href":"https:\/\/api.w.org\/{rel}","templated":true}]}}