{"id":41,"date":"2019-03-11T12:49:22","date_gmt":"2019-03-11T12:49:22","guid":{"rendered":"https:\/\/europavarietas.org\/db\/?page_id=41"},"modified":"2026-02-12T19:25:03","modified_gmt":"2026-02-12T18:25:03","slug":"dermatologie","status":"publish","type":"page","link":"https:\/\/europavarietas.org\/db\/dermatologie\/","title":{"rendered":"Dermatologie"},"content":{"rendered":"\t\t<div data-elementor-type=\"wp-page\" data-elementor-id=\"41\" class=\"elementor elementor-41\">\n\t\t\t\t\t\t<section class=\"elementor-section elementor-top-section elementor-element elementor-element-efe1dfe elementor-section-boxed elementor-section-height-default elementor-section-height-default\" data-id=\"efe1dfe\" data-element_type=\"section\" data-e-type=\"section\">\n\t\t\t\t\t\t<div class=\"elementor-container elementor-column-gap-default\">\n\t\t\t\t\t<div class=\"elementor-column elementor-col-100 elementor-top-column elementor-element elementor-element-18e1e44\" data-id=\"18e1e44\" data-element_type=\"column\" data-e-type=\"column\">\n\t\t\t<div class=\"elementor-widget-wrap elementor-element-populated\">\n\t\t\t\t\t\t<div class=\"elementor-element elementor-element-5c0cbcd elementor-widget elementor-widget-image\" data-id=\"5c0cbcd\" data-element_type=\"widget\" data-e-type=\"widget\" data-widget_type=\"image.default\">\n\t\t\t\t<div class=\"elementor-widget-container\">\n\t\t\t\t\t\t\t\t\t\t\t\t\t\t\t\t<a href=\"https:\/\/europavarietas.org\/db\/wp-content\/uploads\/2019\/03\/slide1f-1.jpg\" data-elementor-open-lightbox=\"yes\" data-elementor-lightbox-title=\"slide1f\" data-e-action-hash=\"#elementor-action%3Aaction%3Dlightbox%26settings%3DeyJpZCI6MjAzLCJ1cmwiOiJodHRwczpcL1wvZXVyb3BhdmFyaWV0YXMub3JnXC9kYlwvd3AtY29udGVudFwvdXBsb2Fkc1wvMjAxOVwvMDNcL3NsaWRlMWYtMS5qcGcifQ%3D%3D\">\n\t\t\t\t\t\t\t<img fetchpriority=\"high\" decoding=\"async\" width=\"1024\" height=\"320\" src=\"https:\/\/europavarietas.org\/db\/wp-content\/uploads\/2019\/03\/slide1f-1-1024x320.jpg\" class=\"attachment-large size-large wp-image-203\" alt=\"slide1f 1 1024x320 - Dermatologie\" srcset=\"https:\/\/europavarietas.org\/db\/wp-content\/uploads\/2019\/03\/slide1f-1-1024x320.jpg 1024w, https:\/\/europavarietas.org\/db\/wp-content\/uploads\/2019\/03\/slide1f-1-300x94.jpg 300w, https:\/\/europavarietas.org\/db\/wp-content\/uploads\/2019\/03\/slide1f-1-768x240.jpg 768w, https:\/\/europavarietas.org\/db\/wp-content\/uploads\/2019\/03\/slide1f-1.jpg 1600w\" sizes=\"(max-width: 1024px) 100vw, 1024px\" title=\"Dermatologie\" \/>\t\t\t\t\t\t\t\t<\/a>\n\t\t\t\t\t\t\t\t\t\t\t\t\t\t\t<\/div>\n\t\t\t\t<\/div>\n\t\t\t\t\t<\/div>\n\t\t<\/div>\n\t\t\t\t\t<\/div>\n\t\t<\/section>\n\t\t\t\t<section class=\"elementor-section elementor-top-section elementor-element elementor-element-2870fd2 elementor-section-boxed elementor-section-height-default elementor-section-height-default\" data-id=\"2870fd2\" data-element_type=\"section\" data-e-type=\"section\">\n\t\t\t\t\t\t<div class=\"elementor-container elementor-column-gap-default\">\n\t\t\t\t\t<div class=\"elementor-column elementor-col-100 elementor-top-column elementor-element elementor-element-d6f54ac\" data-id=\"d6f54ac\" data-element_type=\"column\" data-e-type=\"column\">\n\t\t\t<div class=\"elementor-widget-wrap elementor-element-populated\">\n\t\t\t\t\t\t<div class=\"elementor-element elementor-element-138727d elementor-widget elementor-widget-heading\" data-id=\"138727d\" data-element_type=\"widget\" data-e-type=\"widget\" data-widget_type=\"heading.default\">\n\t\t\t\t<div class=\"elementor-widget-container\">\n\t\t\t\t\t<h2 class=\"elementor-heading-title elementor-size-default\">Dermatologie et v\u00e9n\u00e9r\u00e9ologie<\/h2>\t\t\t\t<\/div>\n\t\t\t\t<\/div>\n\t\t\t\t\t<\/div>\n\t\t<\/div>\n\t\t\t\t\t<\/div>\n\t\t<\/section>\n\t\t\t\t<section class=\"elementor-section elementor-top-section elementor-element elementor-element-790285a elementor-section-boxed elementor-section-height-default elementor-section-height-default\" data-id=\"790285a\" data-element_type=\"section\" data-e-type=\"section\">\n\t\t\t\t\t\t<div class=\"elementor-container elementor-column-gap-default\">\n\t\t\t\t\t<div class=\"elementor-column elementor-col-100 elementor-top-column elementor-element elementor-element-ccdfdf8\" data-id=\"ccdfdf8\" data-element_type=\"column\" data-e-type=\"column\">\n\t\t\t<div class=\"elementor-widget-wrap elementor-element-populated\">\n\t\t\t\t\t\t<div class=\"elementor-element elementor-element-3935711 elementor-align-center elementor-widget elementor-widget-button\" data-id=\"3935711\" data-element_type=\"widget\" data-e-type=\"widget\" data-widget_type=\"button.default\">\n\t\t\t\t<div class=\"elementor-widget-container\">\n\t\t\t\t\t\t\t\t\t<div class=\"elementor-button-wrapper\">\n\t\t\t\t\t<a class=\"elementor-button elementor-button-link elementor-size-sm\" href=\"https:\/\/europavarietas.org\/db\/contact\/\">\n\t\t\t\t\t\t<span class=\"elementor-button-content-wrapper\">\n\t\t\t\t\t\t\t\t\t<span class=\"elementor-button-text\">Consultation sur rendez-vous<\/span>\n\t\t\t\t\t<\/span>\n\t\t\t\t\t<\/a>\n\t\t\t\t<\/div>\n\t\t\t\t\t\t\t\t<\/div>\n\t\t\t\t<\/div>\n\t\t\t\t\t<\/div>\n\t\t<\/div>\n\t\t\t\t\t<\/div>\n\t\t<\/section>\n\t\t\t\t<section class=\"elementor-section elementor-top-section elementor-element elementor-element-c3ccfa2 elementor-section-boxed elementor-section-height-default elementor-section-height-default\" data-id=\"c3ccfa2\" data-element_type=\"section\" data-e-type=\"section\">\n\t\t\t\t\t\t<div class=\"elementor-container elementor-column-gap-default\">\n\t\t\t\t\t<div class=\"elementor-column elementor-col-100 elementor-top-column elementor-element elementor-element-c632d00\" data-id=\"c632d00\" data-element_type=\"column\" data-e-type=\"column\">\n\t\t\t<div class=\"elementor-widget-wrap elementor-element-populated\">\n\t\t\t\t\t\t<div class=\"elementor-element elementor-element-3f1df67 elementor-tabs-view-horizontal elementor-widget elementor-widget-tabs\" data-id=\"3f1df67\" data-element_type=\"widget\" data-e-type=\"widget\" data-widget_type=\"tabs.default\">\n\t\t\t\t<div class=\"elementor-widget-container\">\n\t\t\t\t\t\t\t<div class=\"elementor-tabs\">\n\t\t\t<div class=\"elementor-tabs-wrapper\" role=\"tablist\" >\n\t\t\t\t\t\t\t\t\t<div id=\"elementor-tab-title-6611\" class=\"elementor-tab-title elementor-tab-desktop-title\" aria-selected=\"true\" data-tab=\"1\" role=\"tab\" tabindex=\"0\" aria-controls=\"elementor-tab-content-6611\" aria-expanded=\"false\">Vid\u00e9o-dermoscopie<\/div>\n\t\t\t\t\t\t\t\t\t<div id=\"elementor-tab-title-6612\" class=\"elementor-tab-title elementor-tab-desktop-title\" aria-selected=\"false\" data-tab=\"2\" role=\"tab\" tabindex=\"-1\" aria-controls=\"elementor-tab-content-6612\" aria-expanded=\"false\">Phototh\u00e9rapie<\/div>\n\t\t\t\t\t\t\t\t\t<div id=\"elementor-tab-title-6613\" class=\"elementor-tab-title elementor-tab-desktop-title\" aria-selected=\"false\" data-tab=\"3\" role=\"tab\" tabindex=\"-1\" aria-controls=\"elementor-tab-content-6613\" aria-expanded=\"false\">Hyperhidrose iontophor\u00e8se<\/div>\n\t\t\t\t\t\t\t\t\t<div id=\"elementor-tab-title-6614\" class=\"elementor-tab-title elementor-tab-desktop-title\" aria-selected=\"false\" data-tab=\"4\" role=\"tab\" tabindex=\"-1\" aria-controls=\"elementor-tab-content-6614\" aria-expanded=\"false\">V\u00e9n\u00e9r\u00e9ologie<\/div>\n\t\t\t\t\t\t\t<\/div>\n\t\t\t<div class=\"elementor-tabs-content-wrapper\" role=\"tablist\" aria-orientation=\"vertical\">\n\t\t\t\t\t\t\t\t\t<div class=\"elementor-tab-title elementor-tab-mobile-title\" aria-selected=\"true\" data-tab=\"1\" role=\"tab\" tabindex=\"0\" aria-controls=\"elementor-tab-content-6611\" aria-expanded=\"false\">Vid\u00e9o-dermoscopie<\/div>\n\t\t\t\t\t<div id=\"elementor-tab-content-6611\" class=\"elementor-tab-content elementor-clearfix\" data-tab=\"1\" role=\"tabpanel\" aria-labelledby=\"elementor-tab-title-6611\" tabindex=\"0\" hidden=\"false\"><p><span style=\"letter-spacing: 0.05em; text-align: center;\">La dermoscopie et la vid\u00e9odermoscopie sont des techniques d\u2019imagerie cutan\u00e9e couramment utilis\u00e9es par le dermatologue au cours de la consultation. La dermoscopie est un examen simple et indolore, qui permet de visualiser la peau en profondeur, au moyen d\u2019un appareil constitu\u00e9 d\u2019une loupe illumin\u00e9e. Son int\u00e9r\u00eat r\u00e9side surtout dans la d\u00e9tection des tumeurs cutan\u00e9es, notamment du m\u00e9lanome et dans le suivi de nombreuses l\u00e9sions cutan\u00e9es.<\/span><\/p><p>La vid\u00e9odermoscopie est une technique qui num\u00e9rise et enregistre sur un ordinateur, les images d\u2019une l\u00e9sion cutan\u00e9e prises par une cam\u00e9ra constitu\u00e9e d\u2019un puissant dermoscope. En effet, celui-ci permet un grossissement optique plus important de 15 \u00e0 120X, en fonction des appareils. Elle permet \u00e9galement de constituer une cartographie de l\u2019ensemble des grains de beaut\u00e9 \u00e0 suivre sur la totalit\u00e9 du corps des patients \u00e0 haut risque de m\u00e9lanome.\u00a0 Elle permet de suivre dans le temps des l\u00e9sions non suspectes mais dont on veut conna\u00eetre l\u2019\u00e9volution.<\/p><\/div>\n\t\t\t\t\t\t\t\t\t<div class=\"elementor-tab-title elementor-tab-mobile-title\" aria-selected=\"false\" data-tab=\"2\" role=\"tab\" tabindex=\"-1\" aria-controls=\"elementor-tab-content-6612\" aria-expanded=\"false\">Phototh\u00e9rapie<\/div>\n\t\t\t\t\t<div id=\"elementor-tab-content-6612\" class=\"elementor-tab-content elementor-clearfix\" data-tab=\"2\" role=\"tabpanel\" aria-labelledby=\"elementor-tab-title-6612\" tabindex=\"0\" hidden=\"hidden\">La phototh\u00e9rapie est un traitement qui utilise la lumi\u00e8re ou des rayonnements du spectre solaire. L\u2019ecz\u00e9ma, le psoriasis et d\u2019autres maladies de peau comme le lichen plan ou le prurigo r\u00e9pondent bien \u00e0 un traitement par radiations \u00e9lectromagn\u00e9tiques.\n\nLe spectre utilis\u00e9 \u00e0 cet effet va de 280 \u00e0 400 nanom\u00e8tres. Ce sont les rayons ultraviolets parfaitement maitris\u00e9s et utilis\u00e9s sous surveillance m\u00e9dicale pendant une tr\u00e8s courte dur\u00e9e. La cabine emp\u00eache automatiquement un surdosage \u00e9ventuel. Les UVB ont une longueur d\u2019onde entre 280\/290 et 320 nm. Ils sont utilis\u00e9s principalement \u00e0 une longueur d\u2019onde de 311nm pour le psoriasis. Pour l\u2019ecz\u00e9ma ou les dermatoses prurigineuses comme le prurigo, nous y ajoutons les UVA2 (320-340 nm).\n\n<iframe width=\"560\" height=\"315\" src=\"https:\/\/www.youtube.com\/embed\/k8_l3vLhYd4?si=9-a-SnYsN8jj9N-5\" title=\"YouTube video player\" frameborder=\"0\" allow=\"accelerometer; autoplay; clipboard-write; encrypted-media; gyroscope; picture-in-picture; web-share\" referrerpolicy=\"strict-origin-when-cross-origin\" allowfullscreen><\/iframe><\/div>\n\t\t\t\t\t\t\t\t\t<div class=\"elementor-tab-title elementor-tab-mobile-title\" aria-selected=\"false\" data-tab=\"3\" role=\"tab\" tabindex=\"-1\" aria-controls=\"elementor-tab-content-6613\" aria-expanded=\"false\">Hyperhidrose iontophor\u00e8se<\/div>\n\t\t\t\t\t<div id=\"elementor-tab-content-6613\" class=\"elementor-tab-content elementor-clearfix\" data-tab=\"3\" role=\"tabpanel\" aria-labelledby=\"elementor-tab-title-6613\" tabindex=\"0\" hidden=\"hidden\"><div title=\"Page 1\"><p>L&rsquo;hyperhidrose est le terme m\u00e9dical d\u00e9signant une transpiration excessive. Touchant 1 \u00e0 3 % de la population, il en existe deux types : l&rsquo;hyperhidrose primaire d&rsquo;origine g\u00e9n\u00e9tique et localis\u00e9e \u00e0 seulement certaines parties du corps, et l&rsquo;hyperhidrose secondaire due \u00e0 d&rsquo;autres pathologies ou addictions et qui peut \u00eatre localis\u00e9e ou g\u00e9n\u00e9ralis\u00e9e \u00e0 l&rsquo;ensemble du corps.<\/p><p><iframe src=\"https:\/\/www.youtube.com\/embed\/cTzgHwpMxzA\" width=\"560\" height=\"315\" frameborder=\"0\" allowfullscreen=\"allowfullscreen\"><\/iframe><\/p><p>Notre appareil d&rsquo;iontophore\u0300se MEDISUN PS20 a\u0300 courant pulse\u0301 sert au traitement des hyperhidroses cutan\u00e9es des mains ou des pieds.<\/p><\/div><\/div>\n\t\t\t\t\t\t\t\t\t<div class=\"elementor-tab-title elementor-tab-mobile-title\" aria-selected=\"false\" data-tab=\"4\" role=\"tab\" tabindex=\"-1\" aria-controls=\"elementor-tab-content-6614\" aria-expanded=\"false\">V\u00e9n\u00e9r\u00e9ologie<\/div>\n\t\t\t\t\t<div id=\"elementor-tab-content-6614\" class=\"elementor-tab-content elementor-clearfix\" data-tab=\"4\" role=\"tabpanel\" aria-labelledby=\"elementor-tab-title-6614\" tabindex=\"0\" hidden=\"hidden\"><p>La v\u00e9n\u00e9rologie (ou v\u00e9n\u00e9r\u00e9ologie) est la branche de la pathologie m\u00e9dicale qui \u00e9tudie les maladies v\u00e9n\u00e9riennes c&rsquo;est-\u00e0-dire transmises par l&rsquo;acte sexuel, aujourd&rsquo;hui appel\u00e9es infections sexuellement transmissibles (IST). Elle est, dans un contexte traditionnel, associ\u00e9e \u00e0 la dermatologie.<\/p><p>\u00c0 partir des ann\u00e9es 1990, les appellations MTS (pour \u00ab maladies transmissibles sexuellement \u00bb) ou MST (pour \u00ab maladies sexuellement transmissibles \u00bb) sont d&rsquo;usage courant. Depuis 1999, le terme MST est peu \u00e0 peu remplac\u00e9 par celui d&rsquo;ITS et IST (\u00ab infections transmissibles sexuellement \u00bb et \u00ab infections sexuellement transmissibles \u00bb).<\/p><\/div>\n\t\t\t\t\t\t\t<\/div>\n\t\t<\/div>\n\t\t\t\t\t\t<\/div>\n\t\t\t\t<\/div>\n\t\t\t\t<div class=\"elementor-element elementor-element-60d6fe5 elementor-widget elementor-widget-image\" data-id=\"60d6fe5\" data-element_type=\"widget\" data-e-type=\"widget\" data-widget_type=\"image.default\">\n\t\t\t\t<div class=\"elementor-widget-container\">\n\t\t\t\t\t\t\t\t\t\t\t\t\t\t\t<img decoding=\"async\" width=\"1024\" height=\"523\" src=\"https:\/\/europavarietas.org\/db\/wp-content\/uploads\/2019\/03\/visiomed-1024x523.jpg\" class=\"attachment-large size-large wp-image-348\" alt=\"visiomed 1024x523 - Dermatologie\" srcset=\"https:\/\/europavarietas.org\/db\/wp-content\/uploads\/2019\/03\/visiomed-1024x523.jpg 1024w, https:\/\/europavarietas.org\/db\/wp-content\/uploads\/2019\/03\/visiomed-300x153.jpg 300w, https:\/\/europavarietas.org\/db\/wp-content\/uploads\/2019\/03\/visiomed-768x392.jpg 768w, https:\/\/europavarietas.org\/db\/wp-content\/uploads\/2019\/03\/visiomed.jpg 1667w\" sizes=\"(max-width: 1024px) 100vw, 1024px\" title=\"Dermatologie\" \/>\t\t\t\t\t\t\t\t\t\t\t\t\t\t\t<\/div>\n\t\t\t\t<\/div>\n\t\t\t\t\t<\/div>\n\t\t<\/div>\n\t\t\t\t\t<\/div>\n\t\t<\/section>\n\t\t\t\t<\/div>\n\t\t","protected":false},"excerpt":{"rendered":"<div class=\"slide-text-bg2\"><span>Dermatologie et v\u00e9n\u00e9r\u00e9ologie Consultation sur rendez-vous Vid\u00e9o-dermoscopie Phototh\u00e9rapie Hyperhidrose iontophor\u00e8se V\u00e9n\u00e9r\u00e9ologie Vid\u00e9o-dermoscopi<\/span><\/div>\n<div class=\"slide-btn-area-sm\"><a href=\"https:\/\/europavarietas.org\/db\/dermatologie\/\" class=\"slide-btn-sm\">Lire la suite<\/a><\/div>\n","protected":false},"author":1,"featured_media":0,"parent":0,"menu_order":0,"comment_status":"closed","ping_status":"closed","template":"","meta":{"footnotes":""},"categories":[],"tags":[20,14,13,9,15],"class_list":["post-41","page","type-page","status-publish","hentry","tag-dermabulle","tag-dermatologie","tag-dermatologie-pediatrique","tag-dermatologue","tag-mst"],"yoast_head":"<!-- This site is optimized with the Yoast SEO plugin v27.4 - https:\/\/yoast.com\/product\/yoast-seo-wordpress\/ -->\n<title>Dermatologie - Dermabulle<\/title>\n<meta name=\"robots\" content=\"index, follow, max-snippet:-1, max-image-preview:large, max-video-preview:-1\" \/>\n<link rel=\"canonical\" href=\"https:\/\/europavarietas.org\/db\/dermatologie\/\" \/>\n<meta property=\"og:locale\" content=\"fr_FR\" \/>\n<meta property=\"og:type\" content=\"article\" \/>\n<meta property=\"og:title\" content=\"Dermatologie - Dermabulle\" \/>\n<meta property=\"og:description\" content=\"Dermatologie et v\u00e9n\u00e9r\u00e9ologie Consultation sur rendez-vous Vid\u00e9o-dermoscopie Phototh\u00e9rapie Hyperhidrose iontophor\u00e8se V\u00e9n\u00e9r\u00e9ologie Vid\u00e9o-dermoscopiLire la suite\" \/>\n<meta property=\"og:url\" content=\"https:\/\/europavarietas.org\/db\/dermatologie\/\" \/>\n<meta property=\"og:site_name\" content=\"Dermabulle\" \/>\n<meta property=\"article:publisher\" content=\"https:\/\/www.facebook.com\/Dermabulle-Dermabelle-267125193957410\/?modal=admin_todo_tour\" \/>\n<meta property=\"article:modified_time\" content=\"2026-02-12T18:25:03+00:00\" \/>\n<meta property=\"og:image\" content=\"https:\/\/europavarietas.org\/db\/wp-content\/uploads\/2019\/03\/slide1f-1.jpg\" \/>\n\t<meta property=\"og:image:width\" content=\"1600\" \/>\n\t<meta property=\"og:image:height\" content=\"500\" \/>\n\t<meta property=\"og:image:type\" content=\"image\/jpeg\" \/>\n<meta name=\"twitter:card\" content=\"summary_large_image\" \/>\n<meta name=\"twitter:label1\" content=\"Dur\u00e9e de lecture estim\u00e9e\" \/>\n\t<meta name=\"twitter:data1\" content=\"3 minutes\" \/>\n<script type=\"application\/ld+json\" class=\"yoast-schema-graph\">{\"@context\":\"https:\\\/\\\/schema.org\",\"@graph\":[{\"@type\":\"WebPage\",\"@id\":\"https:\\\/\\\/europavarietas.org\\\/db\\\/dermatologie\\\/\",\"url\":\"https:\\\/\\\/europavarietas.org\\\/db\\\/dermatologie\\\/\",\"name\":\"Dermatologie - Dermabulle\",\"isPartOf\":{\"@id\":\"https:\\\/\\\/europavarietas.org\\\/db\\\/#website\"},\"primaryImageOfPage\":{\"@id\":\"https:\\\/\\\/europavarietas.org\\\/db\\\/dermatologie\\\/#primaryimage\"},\"image\":{\"@id\":\"https:\\\/\\\/europavarietas.org\\\/db\\\/dermatologie\\\/#primaryimage\"},\"thumbnailUrl\":\"https:\\\/\\\/europavarietas.org\\\/db\\\/wp-content\\\/uploads\\\/2019\\\/03\\\/slide1f-1-1024x320.jpg\",\"datePublished\":\"2019-03-11T12:49:22+00:00\",\"dateModified\":\"2026-02-12T18:25:03+00:00\",\"breadcrumb\":{\"@id\":\"https:\\\/\\\/europavarietas.org\\\/db\\\/dermatologie\\\/#breadcrumb\"},\"inLanguage\":\"fr-FR\",\"potentialAction\":[{\"@type\":\"ReadAction\",\"target\":[\"https:\\\/\\\/europavarietas.org\\\/db\\\/dermatologie\\\/\"]}]},{\"@type\":\"ImageObject\",\"inLanguage\":\"fr-FR\",\"@id\":\"https:\\\/\\\/europavarietas.org\\\/db\\\/dermatologie\\\/#primaryimage\",\"url\":\"https:\\\/\\\/europavarietas.org\\\/db\\\/wp-content\\\/uploads\\\/2019\\\/03\\\/slide1f-1.jpg\",\"contentUrl\":\"https:\\\/\\\/europavarietas.org\\\/db\\\/wp-content\\\/uploads\\\/2019\\\/03\\\/slide1f-1.jpg\",\"width\":1600,\"height\":500},{\"@type\":\"BreadcrumbList\",\"@id\":\"https:\\\/\\\/europavarietas.org\\\/db\\\/dermatologie\\\/#breadcrumb\",\"itemListElement\":[{\"@type\":\"ListItem\",\"position\":1,\"name\":\"Accueil\",\"item\":\"https:\\\/\\\/europavarietas.org\\\/db\\\/\"},{\"@type\":\"ListItem\",\"position\":2,\"name\":\"Dermatologie\"}]},{\"@type\":\"WebSite\",\"@id\":\"https:\\\/\\\/europavarietas.org\\\/db\\\/#website\",\"url\":\"https:\\\/\\\/europavarietas.org\\\/db\\\/\",\"name\":\"Dermabulle\",\"description\":\"Dermatologie &amp; Epilation laser\",\"publisher\":{\"@id\":\"https:\\\/\\\/europavarietas.org\\\/db\\\/#organization\"},\"potentialAction\":[{\"@type\":\"SearchAction\",\"target\":{\"@type\":\"EntryPoint\",\"urlTemplate\":\"https:\\\/\\\/europavarietas.org\\\/db\\\/?s={search_term_string}\"},\"query-input\":{\"@type\":\"PropertyValueSpecification\",\"valueRequired\":true,\"valueName\":\"search_term_string\"}}],\"inLanguage\":\"fr-FR\"},{\"@type\":\"Organization\",\"@id\":\"https:\\\/\\\/europavarietas.org\\\/db\\\/#organization\",\"name\":\"Dermabulle\",\"url\":\"https:\\\/\\\/europavarietas.org\\\/db\\\/\",\"logo\":{\"@type\":\"ImageObject\",\"inLanguage\":\"fr-FR\",\"@id\":\"https:\\\/\\\/europavarietas.org\\\/db\\\/#\\\/schema\\\/logo\\\/image\\\/\",\"url\":\"https:\\\/\\\/europavarietas.org\\\/db\\\/wp-content\\\/uploads\\\/2019\\\/03\\\/slide1f.jpg\",\"contentUrl\":\"https:\\\/\\\/europavarietas.org\\\/db\\\/wp-content\\\/uploads\\\/2019\\\/03\\\/slide1f.jpg\",\"width\":1600,\"height\":500,\"caption\":\"Dermabulle\"},\"image\":{\"@id\":\"https:\\\/\\\/europavarietas.org\\\/db\\\/#\\\/schema\\\/logo\\\/image\\\/\"},\"sameAs\":[\"https:\\\/\\\/www.facebook.com\\\/Dermabulle-Dermabelle-267125193957410\\\/?modal=admin_todo_tour\"]}]}<\/script>\n<!-- \/ Yoast SEO plugin. -->","yoast_head_json":{"title":"Dermatologie - Dermabulle","robots":{"index":"index","follow":"follow","max-snippet":"max-snippet:-1","max-image-preview":"max-image-preview:large","max-video-preview":"max-video-preview:-1"},"canonical":"https:\/\/europavarietas.org\/db\/dermatologie\/","og_locale":"fr_FR","og_type":"article","og_title":"Dermatologie - Dermabulle","og_description":"Dermatologie et v\u00e9n\u00e9r\u00e9ologie Consultation sur rendez-vous Vid\u00e9o-dermoscopie Phototh\u00e9rapie Hyperhidrose iontophor\u00e8se V\u00e9n\u00e9r\u00e9ologie Vid\u00e9o-dermoscopiLire la suite","og_url":"https:\/\/europavarietas.org\/db\/dermatologie\/","og_site_name":"Dermabulle","article_publisher":"https:\/\/www.facebook.com\/Dermabulle-Dermabelle-267125193957410\/?modal=admin_todo_tour","article_modified_time":"2026-02-12T18:25:03+00:00","og_image":[{"width":1600,"height":500,"url":"https:\/\/europavarietas.org\/db\/wp-content\/uploads\/2019\/03\/slide1f-1.jpg","type":"image\/jpeg"}],"twitter_card":"summary_large_image","twitter_misc":{"Dur\u00e9e de lecture estim\u00e9e":"3 minutes"},"schema":{"@context":"https:\/\/schema.org","@graph":[{"@type":"WebPage","@id":"https:\/\/europavarietas.org\/db\/dermatologie\/","url":"https:\/\/europavarietas.org\/db\/dermatologie\/","name":"Dermatologie - Dermabulle","isPartOf":{"@id":"https:\/\/europavarietas.org\/db\/#website"},"primaryImageOfPage":{"@id":"https:\/\/europavarietas.org\/db\/dermatologie\/#primaryimage"},"image":{"@id":"https:\/\/europavarietas.org\/db\/dermatologie\/#primaryimage"},"thumbnailUrl":"https:\/\/europavarietas.org\/db\/wp-content\/uploads\/2019\/03\/slide1f-1-1024x320.jpg","datePublished":"2019-03-11T12:49:22+00:00","dateModified":"2026-02-12T18:25:03+00:00","breadcrumb":{"@id":"https:\/\/europavarietas.org\/db\/dermatologie\/#breadcrumb"},"inLanguage":"fr-FR","potentialAction":[{"@type":"ReadAction","target":["https:\/\/europavarietas.org\/db\/dermatologie\/"]}]},{"@type":"ImageObject","inLanguage":"fr-FR","@id":"https:\/\/europavarietas.org\/db\/dermatologie\/#primaryimage","url":"https:\/\/europavarietas.org\/db\/wp-content\/uploads\/2019\/03\/slide1f-1.jpg","contentUrl":"https:\/\/europavarietas.org\/db\/wp-content\/uploads\/2019\/03\/slide1f-1.jpg","width":1600,"height":500},{"@type":"BreadcrumbList","@id":"https:\/\/europavarietas.org\/db\/dermatologie\/#breadcrumb","itemListElement":[{"@type":"ListItem","position":1,"name":"Accueil","item":"https:\/\/europavarietas.org\/db\/"},{"@type":"ListItem","position":2,"name":"Dermatologie"}]},{"@type":"WebSite","@id":"https:\/\/europavarietas.org\/db\/#website","url":"https:\/\/europavarietas.org\/db\/","name":"Dermabulle","description":"Dermatologie &amp; Epilation laser","publisher":{"@id":"https:\/\/europavarietas.org\/db\/#organization"},"potentialAction":[{"@type":"SearchAction","target":{"@type":"EntryPoint","urlTemplate":"https:\/\/europavarietas.org\/db\/?s={search_term_string}"},"query-input":{"@type":"PropertyValueSpecification","valueRequired":true,"valueName":"search_term_string"}}],"inLanguage":"fr-FR"},{"@type":"Organization","@id":"https:\/\/europavarietas.org\/db\/#organization","name":"Dermabulle","url":"https:\/\/europavarietas.org\/db\/","logo":{"@type":"ImageObject","inLanguage":"fr-FR","@id":"https:\/\/europavarietas.org\/db\/#\/schema\/logo\/image\/","url":"https:\/\/europavarietas.org\/db\/wp-content\/uploads\/2019\/03\/slide1f.jpg","contentUrl":"https:\/\/europavarietas.org\/db\/wp-content\/uploads\/2019\/03\/slide1f.jpg","width":1600,"height":500,"caption":"Dermabulle"},"image":{"@id":"https:\/\/europavarietas.org\/db\/#\/schema\/logo\/image\/"},"sameAs":["https:\/\/www.facebook.com\/Dermabulle-Dermabelle-267125193957410\/?modal=admin_todo_tour"]}]}},"_links":{"self":[{"href":"https:\/\/europavarietas.org\/db\/wp-json\/wp\/v2\/pages\/41","targetHints":{"allow":["GET"]}}],"collection":[{"href":"https:\/\/europavarietas.org\/db\/wp-json\/wp\/v2\/pages"}],"about":[{"href":"https:\/\/europavarietas.org\/db\/wp-json\/wp\/v2\/types\/page"}],"author":[{"embeddable":true,"href":"https:\/\/europavarietas.org\/db\/wp-json\/wp\/v2\/users\/1"}],"replies":[{"embeddable":true,"href":"https:\/\/europavarietas.org\/db\/wp-json\/wp\/v2\/comments?post=41"}],"version-history":[{"count":52,"href":"https:\/\/europavarietas.org\/db\/wp-json\/wp\/v2\/pages\/41\/revisions"}],"predecessor-version":[{"id":1722,"href":"https:\/\/europavarietas.org\/db\/wp-json\/wp\/v2\/pages\/41\/revisions\/1722"}],"wp:attachment":[{"href":"https:\/\/europavarietas.org\/db\/wp-json\/wp\/v2\/media?parent=41"}],"wp:term":[{"taxonomy":"category","embeddable":true,"href":"https:\/\/europavarietas.org\/db\/wp-json\/wp\/v2\/categories?post=41"},{"taxonomy":"post_tag","embeddable":true,"href":"https:\/\/europavarietas.org\/db\/wp-json\/wp\/v2\/tags?post=41"}],"curies":[{"name":"wp","href":"https:\/\/api.w.org\/{rel}","templated":true}]}}