{"id":32,"date":"2019-03-11T12:43:30","date_gmt":"2019-03-11T12:43:30","guid":{"rendered":"https:\/\/europavarietas.org\/db\/?page_id=32"},"modified":"2025-07-01T09:13:31","modified_gmt":"2025-07-01T07:13:31","slug":"contact","status":"publish","type":"page","link":"https:\/\/europavarietas.org\/db\/contact\/","title":{"rendered":"Contact"},"content":{"rendered":"\t\t<div data-elementor-type=\"wp-page\" data-elementor-id=\"32\" class=\"elementor elementor-32\">\n\t\t\t\t\t\t<section class=\"elementor-section elementor-top-section elementor-element elementor-element-3e3e33c8 elementor-section-boxed elementor-section-height-default elementor-section-height-default\" data-id=\"3e3e33c8\" data-element_type=\"section\" data-e-type=\"section\">\n\t\t\t\t\t\t<div class=\"elementor-container elementor-column-gap-default\">\n\t\t\t\t\t<div class=\"elementor-column elementor-col-100 elementor-top-column elementor-element elementor-element-1906db26\" data-id=\"1906db26\" data-element_type=\"column\" data-e-type=\"column\">\n\t\t\t<div class=\"elementor-widget-wrap elementor-element-populated\">\n\t\t\t\t\t\t<div class=\"elementor-element elementor-element-bc1b80d elementor-widget elementor-widget-image\" data-id=\"bc1b80d\" data-element_type=\"widget\" data-e-type=\"widget\" data-widget_type=\"image.default\">\n\t\t\t\t<div class=\"elementor-widget-container\">\n\t\t\t\t\t\t\t\t\t\t\t\t\t\t\t\t<a href=\"https:\/\/europavarietas.org\/db\/wp-content\/uploads\/2019\/12\/dermabulle_cabinet_exte\u0301rieur.jpg\" data-elementor-open-lightbox=\"yes\" data-elementor-lightbox-title=\"dermabulle_cabinet_exte\u0301rieur\" data-e-action-hash=\"#elementor-action%3Aaction%3Dlightbox%26settings%3DeyJpZCI6NzE4LCJ1cmwiOiJodHRwczpcL1wvZXVyb3BhdmFyaWV0YXMub3JnXC9kYlwvd3AtY29udGVudFwvdXBsb2Fkc1wvMjAxOVwvMTJcL2Rlcm1hYnVsbGVfY2FiaW5ldF9leHRlXHUwMzAxcmlldXIuanBnIn0%3D\">\n\t\t\t\t\t\t\t<img fetchpriority=\"high\" decoding=\"async\" width=\"1024\" height=\"335\" src=\"https:\/\/europavarietas.org\/db\/wp-content\/uploads\/2019\/12\/dermabulle_cabinet_exte\u0301rieur-1024x335.jpg\" class=\"attachment-large size-large wp-image-718\" alt=\"dermabulle cabinet exte\u0301rieur 1024x335 - Contact\" srcset=\"https:\/\/europavarietas.org\/db\/wp-content\/uploads\/2019\/12\/dermabulle_cabinet_exte\u0301rieur-1024x335.jpg 1024w, https:\/\/europavarietas.org\/db\/wp-content\/uploads\/2019\/12\/dermabulle_cabinet_exte\u0301rieur-300x98.jpg 300w, https:\/\/europavarietas.org\/db\/wp-content\/uploads\/2019\/12\/dermabulle_cabinet_exte\u0301rieur-768x251.jpg 768w, https:\/\/europavarietas.org\/db\/wp-content\/uploads\/2019\/12\/dermabulle_cabinet_exte\u0301rieur-1536x502.jpg 1536w, https:\/\/europavarietas.org\/db\/wp-content\/uploads\/2019\/12\/dermabulle_cabinet_exte\u0301rieur.jpg 1600w\" sizes=\"(max-width: 1024px) 100vw, 1024px\" title=\"Contact\" \/>\t\t\t\t\t\t\t\t<\/a>\n\t\t\t\t\t\t\t\t\t\t\t\t\t\t\t<\/div>\n\t\t\t\t<\/div>\n\t\t\t\t\t<\/div>\n\t\t<\/div>\n\t\t\t\t\t<\/div>\n\t\t<\/section>\n\t\t\t\t<section class=\"elementor-section elementor-top-section elementor-element elementor-element-8d21720 elementor-section-boxed elementor-section-height-default elementor-section-height-default\" data-id=\"8d21720\" data-element_type=\"section\" data-e-type=\"section\">\n\t\t\t\t\t\t<div class=\"elementor-container elementor-column-gap-default\">\n\t\t\t\t\t<div class=\"elementor-column elementor-col-100 elementor-top-column elementor-element elementor-element-c08f469\" data-id=\"c08f469\" data-element_type=\"column\" data-e-type=\"column\">\n\t\t\t<div class=\"elementor-widget-wrap elementor-element-populated\">\n\t\t\t\t\t\t<div class=\"elementor-element elementor-element-881d338 elementor-widget elementor-widget-text-editor\" data-id=\"881d338\" data-element_type=\"widget\" data-e-type=\"widget\" data-widget_type=\"text-editor.default\">\n\t\t\t\t<div class=\"elementor-widget-container\">\n\t\t\t\t\t\t\t\t\t<center><span style=\"letter-spacing: 0.2px; text-align: center;\">Rue de la Sionge 9, 1630 Bulle (3\u00e8me \u00e9tage)<\/span><br style=\"letter-spacing: 0.2px; text-align: center;\" \/><span style=\"letter-spacing: 0.2px; text-align: center;\">\u00e0 2 minutes de la gare \u00e0 pied, derri\u00e8re l`H\u00f4tel de Ville<\/span><\/center>\t\t\t\t\t\t\t\t<\/div>\n\t\t\t\t<\/div>\n\t\t\t\t\t<\/div>\n\t\t<\/div>\n\t\t\t\t\t<\/div>\n\t\t<\/section>\n\t\t\t\t<section class=\"elementor-section elementor-top-section elementor-element elementor-element-d85bc20 elementor-section-boxed elementor-section-height-default elementor-section-height-default\" data-id=\"d85bc20\" data-element_type=\"section\" data-e-type=\"section\">\n\t\t\t\t\t\t<div class=\"elementor-container elementor-column-gap-default\">\n\t\t\t\t\t<div class=\"elementor-column elementor-col-50 elementor-top-column elementor-element elementor-element-7a969db\" data-id=\"7a969db\" data-element_type=\"column\" data-e-type=\"column\">\n\t\t\t<div class=\"elementor-widget-wrap elementor-element-populated\">\n\t\t\t\t\t\t<div class=\"elementor-element elementor-element-e5b4472 elementor-widget elementor-widget-text-editor\" data-id=\"e5b4472\" data-element_type=\"widget\" data-e-type=\"widget\" data-widget_type=\"text-editor.default\">\n\t\t\t\t<div class=\"elementor-widget-container\">\n\t\t\t\t\t\t\t\t\t<p><span style=\"letter-spacing: 0.2px;\">T\u00e9l\u00e9phone<\/span><span style=\"letter-spacing: 0.2px;\">&nbsp;: 026 913 91 44<\/span><\/p>\n<p><span style=\"letter-spacing: 0.2px;\"> Fax :&nbsp;<\/span><span style=\"letter-spacing: 0.2px; font-weight: var( --e-global-typography-text-font-weight );\">026 913 91 44<\/span><\/p>\n<p><span style=\"letter-spacing: 0.2px;\">E-mail : dermabulle(@)hin(.)ch&nbsp;<\/span><\/p>\n<p><br style=\"letter-spacing: 0.2px;\"><em style=\"letter-spacing: 0.2px;\"><a href=\"https:\/\/europavarietas.org\/db\/files\/parkings_bulle.jpg\" target=\"_blank\" rel=\"noreferrer noopener\">Parkings autour du cabinet<\/a><\/em><\/p>\t\t\t\t\t\t\t\t<\/div>\n\t\t\t\t<\/div>\n\t\t\t\t\t<\/div>\n\t\t<\/div>\n\t\t\t\t<div class=\"elementor-column elementor-col-50 elementor-top-column elementor-element elementor-element-0d832f5\" data-id=\"0d832f5\" data-element_type=\"column\" data-e-type=\"column\">\n\t\t\t<div class=\"elementor-widget-wrap elementor-element-populated\">\n\t\t\t\t\t\t<div class=\"elementor-element elementor-element-a72bd87 elementor-widget elementor-widget-text-editor\" data-id=\"a72bd87\" data-element_type=\"widget\" data-e-type=\"widget\" data-widget_type=\"text-editor.default\">\n\t\t\t\t<div class=\"elementor-widget-container\">\n\t\t\t\t\t\t\t\t\t<p><strong>Horaires d`ouverture<\/strong><\/p>\n<p style=\"margin-bottom: 20px;\"><strong>Mardi &#8211; Mercredi &#8211; Vendredi:<\/strong>&nbsp;8:00-12:30 ; 13:30-17:00&nbsp;<br><strong>Jeudi :<\/strong>&nbsp;8:00-12:30 (priorit\u00e9 pour le laser) ; 13:30-17:00&nbsp;<br><strong>Lundi :<\/strong>&nbsp;ferm\u00e9<\/p>\t\t\t\t\t\t\t\t<\/div>\n\t\t\t\t<\/div>\n\t\t\t\t\t<\/div>\n\t\t<\/div>\n\t\t\t\t\t<\/div>\n\t\t<\/section>\n\t\t\t\t<section class=\"elementor-section elementor-top-section elementor-element elementor-element-c21a5f2 elementor-section-boxed elementor-section-height-default elementor-section-height-default\" data-id=\"c21a5f2\" data-element_type=\"section\" data-e-type=\"section\">\n\t\t\t\t\t\t<div class=\"elementor-container elementor-column-gap-default\">\n\t\t\t\t\t<div class=\"elementor-column elementor-col-100 elementor-top-column elementor-element elementor-element-3207b6a\" data-id=\"3207b6a\" data-element_type=\"column\" data-e-type=\"column\">\n\t\t\t<div class=\"elementor-widget-wrap elementor-element-populated\">\n\t\t\t\t\t\t<div class=\"elementor-element elementor-element-53274ba elementor-widget elementor-widget-text-editor\" data-id=\"53274ba\" data-element_type=\"widget\" data-e-type=\"widget\" data-widget_type=\"text-editor.default\">\n\t\t\t\t<div class=\"elementor-widget-container\">\n\t\t\t\t\t\t\t\t\t<p class=\"has-text-align-center\"><strong>Consultation sur rendez-vous<\/strong><\/p>\t\t\t\t\t\t\t\t<\/div>\n\t\t\t\t<\/div>\n\t\t\t\t\t<\/div>\n\t\t<\/div>\n\t\t\t\t\t<\/div>\n\t\t<\/section>\n\t\t\t\t<section class=\"elementor-section elementor-top-section elementor-element elementor-element-ace0f1a elementor-section-boxed elementor-section-height-default elementor-section-height-default\" data-id=\"ace0f1a\" data-element_type=\"section\" data-e-type=\"section\">\n\t\t\t\t\t\t<div class=\"elementor-container elementor-column-gap-default\">\n\t\t\t\t\t<div class=\"elementor-column elementor-col-50 elementor-top-column elementor-element elementor-element-87898ce\" data-id=\"87898ce\" data-element_type=\"column\" data-e-type=\"column\">\n\t\t\t<div class=\"elementor-widget-wrap elementor-element-populated\">\n\t\t\t\t\t\t<div class=\"elementor-element elementor-element-4da3a9d elementor-align-center elementor-widget elementor-widget-button\" data-id=\"4da3a9d\" data-element_type=\"widget\" data-e-type=\"widget\" data-widget_type=\"button.default\">\n\t\t\t\t<div class=\"elementor-widget-container\">\n\t\t\t\t\t\t\t\t\t<div class=\"elementor-button-wrapper\">\n\t\t\t\t\t<a class=\"elementor-button elementor-button-link elementor-size-sm\" href=\"https:\/\/europavarietas.org\/db\/rv-online\/\">\n\t\t\t\t\t\t<span class=\"elementor-button-content-wrapper\">\n\t\t\t\t\t\t\t\t\t<span class=\"elementor-button-text\">R\u00e9sO : r\u00e9server ou annuler un rendez-vous en ligne<\/span>\n\t\t\t\t\t<\/span>\n\t\t\t\t\t<\/a>\n\t\t\t\t<\/div>\n\t\t\t\t\t\t\t\t<\/div>\n\t\t\t\t<\/div>\n\t\t\t\t\t<\/div>\n\t\t<\/div>\n\t\t\t\t<div class=\"elementor-column elementor-col-50 elementor-top-column elementor-element elementor-element-fa59f37\" data-id=\"fa59f37\" data-element_type=\"column\" data-e-type=\"column\">\n\t\t\t<div class=\"elementor-widget-wrap elementor-element-populated\">\n\t\t\t\t\t\t<div class=\"elementor-element elementor-element-e2132ab elementor-align-center elementor-widget elementor-widget-button\" data-id=\"e2132ab\" data-element_type=\"widget\" data-e-type=\"widget\" data-widget_type=\"button.default\">\n\t\t\t\t<div class=\"elementor-widget-container\">\n\t\t\t\t\t\t\t\t\t<div class=\"elementor-button-wrapper\">\n\t\t\t\t\t<a class=\"elementor-button elementor-button-link elementor-size-sm\" href=\"https:\/\/europavarietas.org\/db\/nous_ecrire\">\n\t\t\t\t\t\t<span class=\"elementor-button-content-wrapper\">\n\t\t\t\t\t\t\t\t\t<span class=\"elementor-button-text\">Nous \u00e9crire<\/span>\n\t\t\t\t\t<\/span>\n\t\t\t\t\t<\/a>\n\t\t\t\t<\/div>\n\t\t\t\t\t\t\t\t<\/div>\n\t\t\t\t<\/div>\n\t\t\t\t\t<\/div>\n\t\t<\/div>\n\t\t\t\t\t<\/div>\n\t\t<\/section>\n\t\t\t\t<section class=\"elementor-section elementor-top-section elementor-element elementor-element-2aa4c44 elementor-section-boxed elementor-section-height-default elementor-section-height-default\" data-id=\"2aa4c44\" data-element_type=\"section\" data-e-type=\"section\">\n\t\t\t\t\t\t<div class=\"elementor-container elementor-column-gap-default\">\n\t\t\t\t\t<div class=\"elementor-column elementor-col-100 elementor-top-column elementor-element elementor-element-886fc89\" data-id=\"886fc89\" data-element_type=\"column\" data-e-type=\"column\">\n\t\t\t<div class=\"elementor-widget-wrap elementor-element-populated\">\n\t\t\t\t\t\t<div class=\"elementor-element elementor-element-1fb1317 elementor-alert-info elementor-widget elementor-widget-alert\" data-id=\"1fb1317\" data-element_type=\"widget\" data-e-type=\"widget\" data-widget_type=\"alert.default\">\n\t\t\t\t<div class=\"elementor-widget-container\">\n\t\t\t\t\t\t\t<div class=\"elementor-alert\" role=\"alert\">\n\n\t\t\t\t\t\t<span class=\"elementor-alert-title\">Attention<\/span>\n\t\t\t\n\t\t\t\t\t\t<span class=\"elementor-alert-description\">Tout rendez-vous qui n\u2019est pas annul\u00e9 24 heures \u00e0 l\u2019avance sera factur\u00e9<\/span>\n\t\t\t\n\t\t\t\t\t\t<button type=\"button\" class=\"elementor-alert-dismiss\" aria-label=\"Ignorer cette alerte.\">\n\t\t\t\t\t\t\t\t\t<span aria-hidden=\"true\">&times;<\/span>\n\t\t\t\t\t\t\t<\/button>\n\t\t\t\n\t\t<\/div>\n\t\t\t\t\t\t<\/div>\n\t\t\t\t<\/div>\n\t\t\t\t\t<\/div>\n\t\t<\/div>\n\t\t\t\t\t<\/div>\n\t\t<\/section>\n\t\t\t\t<section class=\"elementor-section elementor-top-section elementor-element elementor-element-70aa48a elementor-section-boxed elementor-section-height-default elementor-section-height-default\" data-id=\"70aa48a\" data-element_type=\"section\" data-e-type=\"section\">\n\t\t\t\t\t\t<div class=\"elementor-container elementor-column-gap-default\">\n\t\t\t\t\t<div class=\"elementor-column elementor-col-100 elementor-top-column elementor-element elementor-element-8f262fb\" data-id=\"8f262fb\" data-element_type=\"column\" data-e-type=\"column\">\n\t\t\t<div class=\"elementor-widget-wrap elementor-element-populated\">\n\t\t\t\t\t\t<div class=\"elementor-element elementor-element-a56e200 elementor-widget elementor-widget-text-editor\" data-id=\"a56e200\" data-element_type=\"widget\" data-e-type=\"widget\" data-widget_type=\"text-editor.default\">\n\t\t\t\t<div class=\"elementor-widget-container\">\n\t\t\t\t\t\t\t\t\t<figure><iframe style=\"width: 719.98px; border-width: 0px; border-style: initial;\" src=\"https:\/\/www.google.com\/maps\/embed?pb=!1m18!1m12!1m3!1d2740.4309259639635!2d7.054286615596497!3d46.61824817913155!2m3!1f0!2f0!3f0!3m2!1i1024!2i768!4f13.1!3m3!1m2!1s0x478e6262b9b4ac43%3A0xdb8d1f77cfa56aab!2sDermatologie+%2B+Epilation+Laser+%2F+Dresse+Boglarka+T%C3%BCrke!5e0!3m2!1sfr!2sch!4v1552472771860\" width=\"500\" height=\"315\" frameborder=\"0\" allowfullscreen=\"allowfullscreen\"><\/iframe><\/figure>\t\t\t\t\t\t\t\t<\/div>\n\t\t\t\t<\/div>\n\t\t\t\t\t<\/div>\n\t\t<\/div>\n\t\t\t\t\t<\/div>\n\t\t<\/section>\n\t\t\t\t<\/div>\n\t\t","protected":false},"excerpt":{"rendered":"<div class=\"slide-text-bg2\"><span>Rue de la Sionge 9, 1630 Bulle (3\u00e8me \u00e9tage)\u00e0 2 minutes de la gare \u00e0 pied, derri\u00e8re l`H\u00f4tel de Ville T\u00e9l\u00e9phone&nbsp;: 026 913 91 44 Fax :&nbsp;026 9<\/span><\/div>\n<div class=\"slide-btn-area-sm\"><a href=\"https:\/\/europavarietas.org\/db\/contact\/\" class=\"slide-btn-sm\">Lire la suite<\/a><\/div>\n","protected":false},"author":1,"featured_media":0,"parent":0,"menu_order":0,"comment_status":"closed","ping_status":"closed","template":"","meta":{"footnotes":""},"categories":[],"tags":[7,21,20,14,13,9,16,10,8,15],"class_list":["post-32","page","type-page","status-publish","hentry","tag-bulle","tag-dermabelle","tag-dermabulle","tag-dermatologie","tag-dermatologie-pediatrique","tag-dermatologue","tag-epilation","tag-epilation-definitive","tag-laser","tag-mst"],"yoast_head":"<!-- This site is optimized with the Yoast SEO plugin v27.4 - https:\/\/yoast.com\/product\/yoast-seo-wordpress\/ -->\n<title>Contact - Dermabulle<\/title>\n<meta name=\"robots\" content=\"index, follow, max-snippet:-1, max-image-preview:large, max-video-preview:-1\" \/>\n<link rel=\"canonical\" href=\"https:\/\/europavarietas.org\/db\/contact\/\" \/>\n<meta property=\"og:locale\" content=\"fr_FR\" \/>\n<meta property=\"og:type\" content=\"article\" \/>\n<meta property=\"og:title\" content=\"Contact - Dermabulle\" \/>\n<meta property=\"og:description\" content=\"Rue de la Sionge 9, 1630 Bulle (3\u00e8me \u00e9tage)\u00e0 2 minutes de la gare \u00e0 pied, derri\u00e8re l`H\u00f4tel de Ville T\u00e9l\u00e9phone&nbsp;: 026 913 91 44 Fax :&nbsp;026 9Lire la suite\" \/>\n<meta property=\"og:url\" content=\"https:\/\/europavarietas.org\/db\/contact\/\" \/>\n<meta property=\"og:site_name\" content=\"Dermabulle\" \/>\n<meta property=\"article:publisher\" content=\"https:\/\/www.facebook.com\/Dermabulle-Dermabelle-267125193957410\/?modal=admin_todo_tour\" \/>\n<meta property=\"article:modified_time\" content=\"2025-07-01T07:13:31+00:00\" \/>\n<meta name=\"twitter:card\" content=\"summary_large_image\" \/>\n<meta name=\"twitter:label1\" content=\"Dur\u00e9e de lecture estim\u00e9e\" \/>\n\t<meta name=\"twitter:data1\" content=\"1 minute\" \/>\n<script type=\"application\/ld+json\" class=\"yoast-schema-graph\">{\"@context\":\"https:\\\/\\\/schema.org\",\"@graph\":[{\"@type\":\"WebPage\",\"@id\":\"https:\\\/\\\/europavarietas.org\\\/db\\\/contact\\\/\",\"url\":\"https:\\\/\\\/europavarietas.org\\\/db\\\/contact\\\/\",\"name\":\"Contact - Dermabulle\",\"isPartOf\":{\"@id\":\"https:\\\/\\\/europavarietas.org\\\/db\\\/#website\"},\"datePublished\":\"2019-03-11T12:43:30+00:00\",\"dateModified\":\"2025-07-01T07:13:31+00:00\",\"breadcrumb\":{\"@id\":\"https:\\\/\\\/europavarietas.org\\\/db\\\/contact\\\/#breadcrumb\"},\"inLanguage\":\"fr-FR\",\"potentialAction\":[{\"@type\":\"ReadAction\",\"target\":[\"https:\\\/\\\/europavarietas.org\\\/db\\\/contact\\\/\"]}]},{\"@type\":\"BreadcrumbList\",\"@id\":\"https:\\\/\\\/europavarietas.org\\\/db\\\/contact\\\/#breadcrumb\",\"itemListElement\":[{\"@type\":\"ListItem\",\"position\":1,\"name\":\"Accueil\",\"item\":\"https:\\\/\\\/europavarietas.org\\\/db\\\/\"},{\"@type\":\"ListItem\",\"position\":2,\"name\":\"Contact\"}]},{\"@type\":\"WebSite\",\"@id\":\"https:\\\/\\\/europavarietas.org\\\/db\\\/#website\",\"url\":\"https:\\\/\\\/europavarietas.org\\\/db\\\/\",\"name\":\"Dermabulle\",\"description\":\"Dermatologie &amp; Epilation laser\",\"publisher\":{\"@id\":\"https:\\\/\\\/europavarietas.org\\\/db\\\/#organization\"},\"potentialAction\":[{\"@type\":\"SearchAction\",\"target\":{\"@type\":\"EntryPoint\",\"urlTemplate\":\"https:\\\/\\\/europavarietas.org\\\/db\\\/?s={search_term_string}\"},\"query-input\":{\"@type\":\"PropertyValueSpecification\",\"valueRequired\":true,\"valueName\":\"search_term_string\"}}],\"inLanguage\":\"fr-FR\"},{\"@type\":\"Organization\",\"@id\":\"https:\\\/\\\/europavarietas.org\\\/db\\\/#organization\",\"name\":\"Dermabulle\",\"url\":\"https:\\\/\\\/europavarietas.org\\\/db\\\/\",\"logo\":{\"@type\":\"ImageObject\",\"inLanguage\":\"fr-FR\",\"@id\":\"https:\\\/\\\/europavarietas.org\\\/db\\\/#\\\/schema\\\/logo\\\/image\\\/\",\"url\":\"https:\\\/\\\/europavarietas.org\\\/db\\\/wp-content\\\/uploads\\\/2019\\\/03\\\/slide1f.jpg\",\"contentUrl\":\"https:\\\/\\\/europavarietas.org\\\/db\\\/wp-content\\\/uploads\\\/2019\\\/03\\\/slide1f.jpg\",\"width\":1600,\"height\":500,\"caption\":\"Dermabulle\"},\"image\":{\"@id\":\"https:\\\/\\\/europavarietas.org\\\/db\\\/#\\\/schema\\\/logo\\\/image\\\/\"},\"sameAs\":[\"https:\\\/\\\/www.facebook.com\\\/Dermabulle-Dermabelle-267125193957410\\\/?modal=admin_todo_tour\"]}]}<\/script>\n<!-- \/ Yoast SEO plugin. -->","yoast_head_json":{"title":"Contact - Dermabulle","robots":{"index":"index","follow":"follow","max-snippet":"max-snippet:-1","max-image-preview":"max-image-preview:large","max-video-preview":"max-video-preview:-1"},"canonical":"https:\/\/europavarietas.org\/db\/contact\/","og_locale":"fr_FR","og_type":"article","og_title":"Contact - Dermabulle","og_description":"Rue de la Sionge 9, 1630 Bulle (3\u00e8me \u00e9tage)\u00e0 2 minutes de la gare \u00e0 pied, derri\u00e8re l`H\u00f4tel de Ville T\u00e9l\u00e9phone&nbsp;: 026 913 91 44 Fax :&nbsp;026 9Lire la suite","og_url":"https:\/\/europavarietas.org\/db\/contact\/","og_site_name":"Dermabulle","article_publisher":"https:\/\/www.facebook.com\/Dermabulle-Dermabelle-267125193957410\/?modal=admin_todo_tour","article_modified_time":"2025-07-01T07:13:31+00:00","twitter_card":"summary_large_image","twitter_misc":{"Dur\u00e9e de lecture estim\u00e9e":"1 minute"},"schema":{"@context":"https:\/\/schema.org","@graph":[{"@type":"WebPage","@id":"https:\/\/europavarietas.org\/db\/contact\/","url":"https:\/\/europavarietas.org\/db\/contact\/","name":"Contact - Dermabulle","isPartOf":{"@id":"https:\/\/europavarietas.org\/db\/#website"},"datePublished":"2019-03-11T12:43:30+00:00","dateModified":"2025-07-01T07:13:31+00:00","breadcrumb":{"@id":"https:\/\/europavarietas.org\/db\/contact\/#breadcrumb"},"inLanguage":"fr-FR","potentialAction":[{"@type":"ReadAction","target":["https:\/\/europavarietas.org\/db\/contact\/"]}]},{"@type":"BreadcrumbList","@id":"https:\/\/europavarietas.org\/db\/contact\/#breadcrumb","itemListElement":[{"@type":"ListItem","position":1,"name":"Accueil","item":"https:\/\/europavarietas.org\/db\/"},{"@type":"ListItem","position":2,"name":"Contact"}]},{"@type":"WebSite","@id":"https:\/\/europavarietas.org\/db\/#website","url":"https:\/\/europavarietas.org\/db\/","name":"Dermabulle","description":"Dermatologie &amp; Epilation laser","publisher":{"@id":"https:\/\/europavarietas.org\/db\/#organization"},"potentialAction":[{"@type":"SearchAction","target":{"@type":"EntryPoint","urlTemplate":"https:\/\/europavarietas.org\/db\/?s={search_term_string}"},"query-input":{"@type":"PropertyValueSpecification","valueRequired":true,"valueName":"search_term_string"}}],"inLanguage":"fr-FR"},{"@type":"Organization","@id":"https:\/\/europavarietas.org\/db\/#organization","name":"Dermabulle","url":"https:\/\/europavarietas.org\/db\/","logo":{"@type":"ImageObject","inLanguage":"fr-FR","@id":"https:\/\/europavarietas.org\/db\/#\/schema\/logo\/image\/","url":"https:\/\/europavarietas.org\/db\/wp-content\/uploads\/2019\/03\/slide1f.jpg","contentUrl":"https:\/\/europavarietas.org\/db\/wp-content\/uploads\/2019\/03\/slide1f.jpg","width":1600,"height":500,"caption":"Dermabulle"},"image":{"@id":"https:\/\/europavarietas.org\/db\/#\/schema\/logo\/image\/"},"sameAs":["https:\/\/www.facebook.com\/Dermabulle-Dermabelle-267125193957410\/?modal=admin_todo_tour"]}]}},"_links":{"self":[{"href":"https:\/\/europavarietas.org\/db\/wp-json\/wp\/v2\/pages\/32","targetHints":{"allow":["GET"]}}],"collection":[{"href":"https:\/\/europavarietas.org\/db\/wp-json\/wp\/v2\/pages"}],"about":[{"href":"https:\/\/europavarietas.org\/db\/wp-json\/wp\/v2\/types\/page"}],"author":[{"embeddable":true,"href":"https:\/\/europavarietas.org\/db\/wp-json\/wp\/v2\/users\/1"}],"replies":[{"embeddable":true,"href":"https:\/\/europavarietas.org\/db\/wp-json\/wp\/v2\/comments?post=32"}],"version-history":[{"count":99,"href":"https:\/\/europavarietas.org\/db\/wp-json\/wp\/v2\/pages\/32\/revisions"}],"predecessor-version":[{"id":1699,"href":"https:\/\/europavarietas.org\/db\/wp-json\/wp\/v2\/pages\/32\/revisions\/1699"}],"wp:attachment":[{"href":"https:\/\/europavarietas.org\/db\/wp-json\/wp\/v2\/media?parent=32"}],"wp:term":[{"taxonomy":"category","embeddable":true,"href":"https:\/\/europavarietas.org\/db\/wp-json\/wp\/v2\/categories?post=32"},{"taxonomy":"post_tag","embeddable":true,"href":"https:\/\/europavarietas.org\/db\/wp-json\/wp\/v2\/tags?post=32"}],"curies":[{"name":"wp","href":"https:\/\/api.w.org\/{rel}","templated":true}]}}