{"id":26,"date":"2019-03-11T12:41:30","date_gmt":"2019-03-11T12:41:30","guid":{"rendered":"https:\/\/europavarietas.org\/db\/?page_id=26"},"modified":"2022-10-10T12:42:53","modified_gmt":"2022-10-10T10:42:53","slug":"dre-boglarka-turke","status":"publish","type":"page","link":"https:\/\/europavarietas.org\/db\/dre-boglarka-turke\/","title":{"rendered":"Dre Bogl\u00e1rka T\u00dcRKE"},"content":{"rendered":"\t\t<div data-elementor-type=\"wp-page\" data-elementor-id=\"26\" class=\"elementor elementor-26\">\n\t\t\t\t\t\t<section class=\"elementor-section elementor-top-section elementor-element elementor-element-69522210 elementor-section-boxed elementor-section-height-default elementor-section-height-default\" data-id=\"69522210\" data-element_type=\"section\" data-e-type=\"section\">\n\t\t\t\t\t\t<div class=\"elementor-container elementor-column-gap-default\">\n\t\t\t\t\t<div class=\"elementor-column elementor-col-100 elementor-top-column elementor-element elementor-element-4df880b\" data-id=\"4df880b\" data-element_type=\"column\" data-e-type=\"column\">\n\t\t\t<div class=\"elementor-widget-wrap elementor-element-populated\">\n\t\t\t\t\t\t<div class=\"elementor-element elementor-element-61a6a98 elementor-widget elementor-widget-image\" data-id=\"61a6a98\" data-element_type=\"widget\" data-e-type=\"widget\" data-widget_type=\"image.default\">\n\t\t\t\t<div class=\"elementor-widget-container\">\n\t\t\t\t\t\t\t\t\t\t\t\t\t\t\t\t<a href=\"https:\/\/europavarietas.org\/db\/wp-content\/uploads\/2019\/03\/slide2b.jpg\" data-elementor-open-lightbox=\"yes\" data-elementor-lightbox-title=\"slide2b\" data-e-action-hash=\"#elementor-action%3Aaction%3Dlightbox%26settings%3DeyJpZCI6MzA4LCJ1cmwiOiJodHRwczpcL1wvZXVyb3BhdmFyaWV0YXMub3JnXC9kYlwvd3AtY29udGVudFwvdXBsb2Fkc1wvMjAxOVwvMDNcL3NsaWRlMmIuanBnIn0%3D\">\n\t\t\t\t\t\t\t<img fetchpriority=\"high\" decoding=\"async\" width=\"1024\" height=\"320\" src=\"https:\/\/europavarietas.org\/db\/wp-content\/uploads\/2019\/03\/slide2b-1024x320.jpg\" class=\"attachment-large size-large wp-image-308\" alt=\"slide2b 1024x320 - Dre Bogl\u00e1rka T\u00dcRKE\" srcset=\"https:\/\/europavarietas.org\/db\/wp-content\/uploads\/2019\/03\/slide2b-1024x320.jpg 1024w, https:\/\/europavarietas.org\/db\/wp-content\/uploads\/2019\/03\/slide2b-300x94.jpg 300w, https:\/\/europavarietas.org\/db\/wp-content\/uploads\/2019\/03\/slide2b-768x240.jpg 768w, https:\/\/europavarietas.org\/db\/wp-content\/uploads\/2019\/03\/slide2b.jpg 1600w\" sizes=\"(max-width: 1024px) 100vw, 1024px\" title=\"Dre Bogl\u00e1rka T\u00dcRKE\" \/>\t\t\t\t\t\t\t\t<\/a>\n\t\t\t\t\t\t\t\t\t\t\t\t\t\t\t<\/div>\n\t\t\t\t<\/div>\n\t\t\t\t\t<\/div>\n\t\t<\/div>\n\t\t\t\t\t<\/div>\n\t\t<\/section>\n\t\t\t\t<section class=\"elementor-section elementor-top-section elementor-element elementor-element-85c85f6 elementor-section-boxed elementor-section-height-default elementor-section-height-default\" data-id=\"85c85f6\" data-element_type=\"section\" data-e-type=\"section\">\n\t\t\t\t\t\t<div class=\"elementor-container elementor-column-gap-default\">\n\t\t\t\t\t<div class=\"elementor-column elementor-col-100 elementor-top-column elementor-element elementor-element-5a5f659\" data-id=\"5a5f659\" data-element_type=\"column\" data-e-type=\"column\">\n\t\t\t<div class=\"elementor-widget-wrap elementor-element-populated\">\n\t\t\t\t\t\t<div class=\"elementor-element elementor-element-ffa7963 elementor-widget elementor-widget-heading\" data-id=\"ffa7963\" data-element_type=\"widget\" data-e-type=\"widget\" data-widget_type=\"heading.default\">\n\t\t\t\t<div class=\"elementor-widget-container\">\n\t\t\t\t\t<h2 class=\"elementor-heading-title elementor-size-default\">Dermatologue FMH<\/h2>\t\t\t\t<\/div>\n\t\t\t\t<\/div>\n\t\t\t\t\t<\/div>\n\t\t<\/div>\n\t\t\t\t\t<\/div>\n\t\t<\/section>\n\t\t\t\t<section class=\"elementor-section elementor-top-section elementor-element elementor-element-4a067ee elementor-section-boxed elementor-section-height-default elementor-section-height-default\" data-id=\"4a067ee\" data-element_type=\"section\" data-e-type=\"section\">\n\t\t\t\t\t\t<div class=\"elementor-container elementor-column-gap-default\">\n\t\t\t\t\t<div class=\"elementor-column elementor-col-50 elementor-top-column elementor-element elementor-element-7549fec9\" data-id=\"7549fec9\" data-element_type=\"column\" data-e-type=\"column\">\n\t\t\t<div class=\"elementor-widget-wrap elementor-element-populated\">\n\t\t\t\t\t\t<div class=\"elementor-element elementor-element-68c25422 elementor-widget elementor-widget-text-editor\" data-id=\"68c25422\" data-element_type=\"widget\" data-e-type=\"widget\" data-widget_type=\"text-editor.default\">\n\t\t\t\t<div class=\"elementor-widget-container\">\n\t\t\t\t\t\t\t\t\t<p><\/p>\n<p>juin 2021 : Cinqui\u00e8me anniversaire de l`ouverture du cabinet de dermatologie \u00e0 Bulle<\/p>\n<p>juin 2017 : <a href=\"https:\/\/univ-cotedazur.fr\/offre-de-formation\/diu-dermatologie-pediatrique\">DIU de Dermatologie p\u00e9diatrique<\/a> de l`Universit\u00e9 Nice Sophia Antipolis (actuellement: Universit\u00e9 C\u00f4te d`Azur)<\/p>\n<p><\/p>\n<p>depuis 2017 : Membre de la Foederatio Medicorum Helviticorum (FMH)<\/p>\n<p><\/p>\n<p><strong>juin 2016 : Ouverture du cabinet de dermatologie \u00e0 Bulle<\/strong><\/p>\n<p><\/p>\n<p>septembre 2015 &#8211; mai 2016 : Cabinet m\u00e9dical de groupe \u00e0 Bulle<\/p>\n<p><\/p>\n<p>2014-2015 : Policlinique de dermatologie, 11\u00e8me arr. \u00e0 Budapest<\/p>\n<p><\/p>\n<p>2014-2015 : Service de Dermato-v\u00e9n\u00e9rologie \u00e0 l`H\u00f4pital Universitaire\u00a0<a href=\"https:\/\/fr.wikipedia.org\/wiki\/Ignace_Philippe_Semmelweis\" target=\"_blank\" rel=\"noopener\">Semmelweis<\/a>\u00a0\u00e0 Budapest (SOTE)<\/p>\n<p><\/p>\n<p>2013 : Examen de sp\u00e9cialit\u00e9 en dermato-v\u00e9n\u00e9rologie \u00e0 l`Universit\u00e9 de M\u00e9decine et de Pharmacie \u00e0 Targu Mures (UMF)<\/p>\n<p><\/p>\n<p>2012-2013 : Service de Dermato-v\u00e9n\u00e9rologie aux H\u00f4pitaux Universitaires de Gen\u00e8ve (HUG)<\/p>\n<p><\/p>\n<p>2009-2012 : Service de Dermato-v\u00e9n\u00e9rologie aux H\u00f4pitaux Universitaires de Targu Mures<\/p>\n<p><\/p>\n<p>2008 : Dipl\u00f4me de m\u00e9decin \u00e0 l`Universit\u00e9 de M\u00e9decine et de Pharmacie \u00e0 Targu Mures (UMF)<\/p>\n<p><\/p>\t\t\t\t\t\t\t\t<\/div>\n\t\t\t\t<\/div>\n\t\t\t\t\t<\/div>\n\t\t<\/div>\n\t\t\t\t<div class=\"elementor-column elementor-col-50 elementor-top-column elementor-element elementor-element-5ab9101\" data-id=\"5ab9101\" data-element_type=\"column\" data-e-type=\"column\">\n\t\t\t<div class=\"elementor-widget-wrap elementor-element-populated\">\n\t\t\t\t\t\t<div class=\"elementor-element elementor-element-29c54c1 elementor--star-style-star_fontawesome elementor-widget elementor-widget-star-rating\" data-id=\"29c54c1\" data-element_type=\"widget\" data-e-type=\"widget\" data-widget_type=\"star-rating.default\">\n\t\t\t\t<div class=\"elementor-widget-container\">\n\t\t\t\t\t\t\t<div class=\"elementor-star-rating__wrapper\">\n\t\t\t\t\t\t<div class=\"elementor-star-rating\" itemtype=\"http:\/\/schema.org\/Rating\" itemscope=\"\" itemprop=\"reviewRating\">\n\t\t\t\t<i class=\"elementor-star-full\" aria-hidden=\"true\">&#xE934;<\/i><i class=\"elementor-star-full\" aria-hidden=\"true\">&#xE934;<\/i><i class=\"elementor-star-full\" aria-hidden=\"true\">&#xE934;<\/i><i class=\"elementor-star-full\" aria-hidden=\"true\">&#xE934;<\/i><i class=\"elementor-star-full\" aria-hidden=\"true\">&#xE934;<\/i>\t\t\t\t<span itemprop=\"ratingValue\" class=\"elementor-screen-only\">Not\u00e9 5 sur 5<\/span>\n\t\t\t<\/div>\n\t\t<\/div>\n\t\t\t\t\t\t<\/div>\n\t\t\t\t<\/div>\n\t\t\t\t<div class=\"elementor-element elementor-element-b5f16cb elementor-widget elementor-widget-testimonial\" data-id=\"b5f16cb\" data-element_type=\"widget\" data-e-type=\"widget\" data-widget_type=\"testimonial.default\">\n\t\t\t\t<div class=\"elementor-widget-container\">\n\t\t\t\t\t\t\t<div class=\"elementor-testimonial-wrapper\">\n\t\t\t\t\t\t\t<div class=\"elementor-testimonial-content\">Tr\u00e8s professionnelle<\/div>\n\t\t\t\n\t\t\t\t\t\t<div class=\"elementor-testimonial-meta elementor-has-image elementor-testimonial-image-position-aside\">\n\t\t\t\t<div class=\"elementor-testimonial-meta-inner\">\n\t\t\t\t\t\t\t\t\t\t\t<div class=\"elementor-testimonial-image\">\n\t\t\t\t\t\t\t<a href=\"https:\/\/goo.gl\/maps\/wAn1JozdBCoE8vLM7\" target=\"_blank\"><img decoding=\"async\" src=\"https:\/\/europavarietas.org\/db\/wp-content\/plugins\/elementor\/assets\/images\/placeholder.png\" title=\"\" alt=\"\" loading=\"lazy\" \/><\/a>\t\t\t\t\t\t<\/div>\n\t\t\t\t\t\n\t\t\t\t\t\t\t\t\t\t<div class=\"elementor-testimonial-details\">\n\t\t\t\t\t\t\t\t\t\t\t\t\t\t<a class=\"elementor-testimonial-name\" href=\"https:\/\/goo.gl\/maps\/wAn1JozdBCoE8vLM7\" target=\"_blank\">Val\u00e9rie ROMANENS<\/a>\n\t\t\t\t\t\t\t\t\t\t\t\t\t\t\t\t\t\t\t<\/div>\n\t\t\t\t\t\t\t\t\t<\/div>\n\t\t\t<\/div>\n\t\t\t\t\t<\/div>\n\t\t\t\t\t\t<\/div>\n\t\t\t\t<\/div>\n\t\t\t\t<div class=\"elementor-element elementor-element-b66c627 elementor-widget-divider--view-line elementor-widget elementor-widget-divider\" data-id=\"b66c627\" data-element_type=\"widget\" data-e-type=\"widget\" data-widget_type=\"divider.default\">\n\t\t\t\t<div class=\"elementor-widget-container\">\n\t\t\t\t\t\t\t<div class=\"elementor-divider\">\n\t\t\t<span class=\"elementor-divider-separator\">\n\t\t\t\t\t\t<\/span>\n\t\t<\/div>\n\t\t\t\t\t\t<\/div>\n\t\t\t\t<\/div>\n\t\t\t\t<div class=\"elementor-element elementor-element-18bf7f1 elementor--star-style-star_fontawesome elementor-widget elementor-widget-star-rating\" data-id=\"18bf7f1\" data-element_type=\"widget\" data-e-type=\"widget\" data-widget_type=\"star-rating.default\">\n\t\t\t\t<div class=\"elementor-widget-container\">\n\t\t\t\t\t\t\t<div class=\"elementor-star-rating__wrapper\">\n\t\t\t\t\t\t<div class=\"elementor-star-rating\" itemtype=\"http:\/\/schema.org\/Rating\" itemscope=\"\" itemprop=\"reviewRating\">\n\t\t\t\t<i class=\"elementor-star-full\" aria-hidden=\"true\">&#xE934;<\/i><i class=\"elementor-star-full\" aria-hidden=\"true\">&#xE934;<\/i><i class=\"elementor-star-full\" aria-hidden=\"true\">&#xE934;<\/i><i class=\"elementor-star-full\" aria-hidden=\"true\">&#xE934;<\/i><i class=\"elementor-star-full\" aria-hidden=\"true\">&#xE934;<\/i>\t\t\t\t<span itemprop=\"ratingValue\" class=\"elementor-screen-only\">Not\u00e9 5 sur 5<\/span>\n\t\t\t<\/div>\n\t\t<\/div>\n\t\t\t\t\t\t<\/div>\n\t\t\t\t<\/div>\n\t\t\t\t<div class=\"elementor-element elementor-element-3d5f04a elementor-widget elementor-widget-testimonial\" data-id=\"3d5f04a\" data-element_type=\"widget\" data-e-type=\"widget\" data-widget_type=\"testimonial.default\">\n\t\t\t\t<div class=\"elementor-widget-container\">\n\t\t\t\t\t\t\t<div class=\"elementor-testimonial-wrapper\">\n\t\t\t\t\t\t\t<div class=\"elementor-testimonial-content\">Bienveillante, douce et efficace. Elle parle parfaitement le fran\u00e7ais et vous donne r\u00e9ponse \u00e0 toutes vos interrogations li\u00e9es \u00e0 votre peau.<\/div>\n\t\t\t\n\t\t\t\t\t\t<div class=\"elementor-testimonial-meta elementor-has-image elementor-testimonial-image-position-aside\">\n\t\t\t\t<div class=\"elementor-testimonial-meta-inner\">\n\t\t\t\t\t\t\t\t\t\t\t<div class=\"elementor-testimonial-image\">\n\t\t\t\t\t\t\t<a href=\"https:\/\/goo.gl\/maps\/ZcE7wRnikdecUqvi8\" target=\"_blank\"><img decoding=\"async\" src=\"https:\/\/europavarietas.org\/db\/wp-content\/plugins\/elementor\/assets\/images\/placeholder.png\" title=\"\" alt=\"\" loading=\"lazy\" \/><\/a>\t\t\t\t\t\t<\/div>\n\t\t\t\t\t\n\t\t\t\t\t\t\t\t\t\t<div class=\"elementor-testimonial-details\">\n\t\t\t\t\t\t\t\t\t\t\t\t\t\t<a class=\"elementor-testimonial-name\" href=\"https:\/\/goo.gl\/maps\/ZcE7wRnikdecUqvi8\" target=\"_blank\">Cristina HARTASANCHEZ<\/a>\n\t\t\t\t\t\t\t\t\t\t\t\t\t\t\t\t\t\t\t\t\t\t<a class=\"elementor-testimonial-job\" href=\"https:\/\/goo.gl\/maps\/ZcE7wRnikdecUqvi8\" target=\"_blank\">Local Guide (Google)<\/a>\n\t\t\t\t\t\t\t\t\t\t\t\t\t<\/div>\n\t\t\t\t\t\t\t\t\t<\/div>\n\t\t\t<\/div>\n\t\t\t\t\t<\/div>\n\t\t\t\t\t\t<\/div>\n\t\t\t\t<\/div>\n\t\t\t\t<div class=\"elementor-element elementor-element-13293f2 elementor-widget-divider--view-line elementor-widget elementor-widget-divider\" data-id=\"13293f2\" data-element_type=\"widget\" data-e-type=\"widget\" data-widget_type=\"divider.default\">\n\t\t\t\t<div class=\"elementor-widget-container\">\n\t\t\t\t\t\t\t<div class=\"elementor-divider\">\n\t\t\t<span class=\"elementor-divider-separator\">\n\t\t\t\t\t\t<\/span>\n\t\t<\/div>\n\t\t\t\t\t\t<\/div>\n\t\t\t\t<\/div>\n\t\t\t\t<div class=\"elementor-element elementor-element-a2321d2 elementor--star-style-star_fontawesome elementor-widget elementor-widget-star-rating\" data-id=\"a2321d2\" data-element_type=\"widget\" data-e-type=\"widget\" data-widget_type=\"star-rating.default\">\n\t\t\t\t<div class=\"elementor-widget-container\">\n\t\t\t\t\t\t\t<div class=\"elementor-star-rating__wrapper\">\n\t\t\t\t\t\t<div class=\"elementor-star-rating\" itemtype=\"http:\/\/schema.org\/Rating\" itemscope=\"\" itemprop=\"reviewRating\">\n\t\t\t\t<i class=\"elementor-star-full\" aria-hidden=\"true\">&#xE934;<\/i><i class=\"elementor-star-full\" aria-hidden=\"true\">&#xE934;<\/i><i class=\"elementor-star-full\" aria-hidden=\"true\">&#xE934;<\/i><i class=\"elementor-star-full\" aria-hidden=\"true\">&#xE934;<\/i><i class=\"elementor-star-full\" aria-hidden=\"true\">&#xE934;<\/i>\t\t\t\t<span itemprop=\"ratingValue\" class=\"elementor-screen-only\">Not\u00e9 5 sur 5<\/span>\n\t\t\t<\/div>\n\t\t<\/div>\n\t\t\t\t\t\t<\/div>\n\t\t\t\t<\/div>\n\t\t\t\t<div class=\"elementor-element elementor-element-ce3bb64 elementor-widget elementor-widget-testimonial\" data-id=\"ce3bb64\" data-element_type=\"widget\" data-e-type=\"widget\" data-widget_type=\"testimonial.default\">\n\t\t\t\t<div class=\"elementor-widget-container\">\n\t\t\t\t\t\t\t<div class=\"elementor-testimonial-wrapper\">\n\t\t\t\t\t\t\t<div class=\"elementor-testimonial-content\">Tr\u00e8s bien !! A recommander. Tr\u00e8s \u00e0 l'\u00e9coute et tr\u00e8s douce.<\/div>\n\t\t\t\n\t\t\t\t\t\t<div class=\"elementor-testimonial-meta elementor-has-image elementor-testimonial-image-position-aside\">\n\t\t\t\t<div class=\"elementor-testimonial-meta-inner\">\n\t\t\t\t\t\t\t\t\t\t\t<div class=\"elementor-testimonial-image\">\n\t\t\t\t\t\t\t<a href=\"https:\/\/goo.gl\/maps\/n7Cus249nXWREpd6A\" target=\"_blank\"><img decoding=\"async\" src=\"https:\/\/europavarietas.org\/db\/wp-content\/plugins\/elementor\/assets\/images\/placeholder.png\" title=\"\" alt=\"\" loading=\"lazy\" \/><\/a>\t\t\t\t\t\t<\/div>\n\t\t\t\t\t\n\t\t\t\t\t\t\t\t\t\t<div class=\"elementor-testimonial-details\">\n\t\t\t\t\t\t\t\t\t\t\t\t\t\t<a class=\"elementor-testimonial-name\" href=\"https:\/\/goo.gl\/maps\/n7Cus249nXWREpd6A\" target=\"_blank\">Val\u00e9rie COUCHEMAN<\/a>\n\t\t\t\t\t\t\t\t\t\t\t\t\t\t\t\t\t\t\t<\/div>\n\t\t\t\t\t\t\t\t\t<\/div>\n\t\t\t<\/div>\n\t\t\t\t\t<\/div>\n\t\t\t\t\t\t<\/div>\n\t\t\t\t<\/div>\n\t\t\t\t\t<\/div>\n\t\t<\/div>\n\t\t\t\t\t<\/div>\n\t\t<\/section>\n\t\t\t\t<\/div>\n\t\t","protected":false},"excerpt":{"rendered":"<div class=\"slide-text-bg2\"><span>Dermatologue FMH juin 2021 : Cinqui\u00e8me anniversaire de l`ouverture du cabinet de dermatologie \u00e0 Bulle juin 2017 : DIU de Dermatologie p\u00e9diatrique de l`U<\/span><\/div>\n<div class=\"slide-btn-area-sm\"><a href=\"https:\/\/europavarietas.org\/db\/dre-boglarka-turke\/\" class=\"slide-btn-sm\">Lire la suite<\/a><\/div>\n","protected":false},"author":1,"featured_media":0,"parent":0,"menu_order":0,"comment_status":"closed","ping_status":"closed","template":"","meta":{"footnotes":""},"categories":[],"tags":[12,7,21,20,14,13,9,10,8,15],"class_list":["post-26","page","type-page","status-publish","hentry","tag-boglarka-turke","tag-bulle","tag-dermabelle","tag-dermabulle","tag-dermatologie","tag-dermatologie-pediatrique","tag-dermatologue","tag-epilation-definitive","tag-laser","tag-mst"],"yoast_head":"<!-- This site is optimized with the Yoast SEO plugin v27.4 - https:\/\/yoast.com\/product\/yoast-seo-wordpress\/ -->\n<title>Dre Bogl\u00e1rka T\u00dcRKE - Dermabulle<\/title>\n<meta name=\"robots\" content=\"index, follow, max-snippet:-1, max-image-preview:large, max-video-preview:-1\" \/>\n<link rel=\"canonical\" href=\"https:\/\/europavarietas.org\/db\/dre-boglarka-turke\/\" \/>\n<meta property=\"og:locale\" content=\"fr_FR\" \/>\n<meta property=\"og:type\" content=\"article\" \/>\n<meta property=\"og:title\" content=\"Dre Bogl\u00e1rka T\u00dcRKE - Dermabulle\" \/>\n<meta property=\"og:description\" content=\"Dermatologue FMH juin 2021 : Cinqui\u00e8me anniversaire de l`ouverture du cabinet de dermatologie \u00e0 Bulle juin 2017 : DIU de Dermatologie p\u00e9diatrique de l`ULire la suite\" \/>\n<meta property=\"og:url\" content=\"https:\/\/europavarietas.org\/db\/dre-boglarka-turke\/\" \/>\n<meta property=\"og:site_name\" content=\"Dermabulle\" \/>\n<meta property=\"article:publisher\" content=\"https:\/\/www.facebook.com\/Dermabulle-Dermabelle-267125193957410\/?modal=admin_todo_tour\" \/>\n<meta property=\"article:modified_time\" content=\"2022-10-10T10:42:53+00:00\" \/>\n<meta property=\"og:image\" content=\"https:\/\/europavarietas.org\/db\/wp-content\/uploads\/2019\/03\/slide2b-1024x320.jpg\" \/>\n<meta name=\"twitter:card\" content=\"summary_large_image\" \/>\n<meta name=\"twitter:label1\" content=\"Dur\u00e9e de lecture estim\u00e9e\" \/>\n\t<meta name=\"twitter:data1\" content=\"2 minutes\" \/>\n<script type=\"application\/ld+json\" class=\"yoast-schema-graph\">{\"@context\":\"https:\\\/\\\/schema.org\",\"@graph\":[{\"@type\":\"WebPage\",\"@id\":\"https:\\\/\\\/europavarietas.org\\\/db\\\/dre-boglarka-turke\\\/\",\"url\":\"https:\\\/\\\/europavarietas.org\\\/db\\\/dre-boglarka-turke\\\/\",\"name\":\"Dre Bogl\u00e1rka T\u00dcRKE - Dermabulle\",\"isPartOf\":{\"@id\":\"https:\\\/\\\/europavarietas.org\\\/db\\\/#website\"},\"primaryImageOfPage\":{\"@id\":\"https:\\\/\\\/europavarietas.org\\\/db\\\/dre-boglarka-turke\\\/#primaryimage\"},\"image\":{\"@id\":\"https:\\\/\\\/europavarietas.org\\\/db\\\/dre-boglarka-turke\\\/#primaryimage\"},\"thumbnailUrl\":\"https:\\\/\\\/europavarietas.org\\\/db\\\/wp-content\\\/uploads\\\/2019\\\/03\\\/slide2b-1024x320.jpg\",\"datePublished\":\"2019-03-11T12:41:30+00:00\",\"dateModified\":\"2022-10-10T10:42:53+00:00\",\"breadcrumb\":{\"@id\":\"https:\\\/\\\/europavarietas.org\\\/db\\\/dre-boglarka-turke\\\/#breadcrumb\"},\"inLanguage\":\"fr-FR\",\"potentialAction\":[{\"@type\":\"ReadAction\",\"target\":[\"https:\\\/\\\/europavarietas.org\\\/db\\\/dre-boglarka-turke\\\/\"]}]},{\"@type\":\"ImageObject\",\"inLanguage\":\"fr-FR\",\"@id\":\"https:\\\/\\\/europavarietas.org\\\/db\\\/dre-boglarka-turke\\\/#primaryimage\",\"url\":\"https:\\\/\\\/europavarietas.org\\\/db\\\/wp-content\\\/uploads\\\/2019\\\/03\\\/slide2b.jpg\",\"contentUrl\":\"https:\\\/\\\/europavarietas.org\\\/db\\\/wp-content\\\/uploads\\\/2019\\\/03\\\/slide2b.jpg\",\"width\":1600,\"height\":500},{\"@type\":\"BreadcrumbList\",\"@id\":\"https:\\\/\\\/europavarietas.org\\\/db\\\/dre-boglarka-turke\\\/#breadcrumb\",\"itemListElement\":[{\"@type\":\"ListItem\",\"position\":1,\"name\":\"Accueil\",\"item\":\"https:\\\/\\\/europavarietas.org\\\/db\\\/\"},{\"@type\":\"ListItem\",\"position\":2,\"name\":\"Dre Bogl\u00e1rka T\u00dcRKE\"}]},{\"@type\":\"WebSite\",\"@id\":\"https:\\\/\\\/europavarietas.org\\\/db\\\/#website\",\"url\":\"https:\\\/\\\/europavarietas.org\\\/db\\\/\",\"name\":\"Dermabulle\",\"description\":\"Dermatologie &amp; Epilation laser\",\"publisher\":{\"@id\":\"https:\\\/\\\/europavarietas.org\\\/db\\\/#organization\"},\"potentialAction\":[{\"@type\":\"SearchAction\",\"target\":{\"@type\":\"EntryPoint\",\"urlTemplate\":\"https:\\\/\\\/europavarietas.org\\\/db\\\/?s={search_term_string}\"},\"query-input\":{\"@type\":\"PropertyValueSpecification\",\"valueRequired\":true,\"valueName\":\"search_term_string\"}}],\"inLanguage\":\"fr-FR\"},{\"@type\":\"Organization\",\"@id\":\"https:\\\/\\\/europavarietas.org\\\/db\\\/#organization\",\"name\":\"Dermabulle\",\"url\":\"https:\\\/\\\/europavarietas.org\\\/db\\\/\",\"logo\":{\"@type\":\"ImageObject\",\"inLanguage\":\"fr-FR\",\"@id\":\"https:\\\/\\\/europavarietas.org\\\/db\\\/#\\\/schema\\\/logo\\\/image\\\/\",\"url\":\"https:\\\/\\\/europavarietas.org\\\/db\\\/wp-content\\\/uploads\\\/2019\\\/03\\\/slide1f.jpg\",\"contentUrl\":\"https:\\\/\\\/europavarietas.org\\\/db\\\/wp-content\\\/uploads\\\/2019\\\/03\\\/slide1f.jpg\",\"width\":1600,\"height\":500,\"caption\":\"Dermabulle\"},\"image\":{\"@id\":\"https:\\\/\\\/europavarietas.org\\\/db\\\/#\\\/schema\\\/logo\\\/image\\\/\"},\"sameAs\":[\"https:\\\/\\\/www.facebook.com\\\/Dermabulle-Dermabelle-267125193957410\\\/?modal=admin_todo_tour\"]}]}<\/script>\n<!-- \/ Yoast SEO plugin. -->","yoast_head_json":{"title":"Dre Bogl\u00e1rka T\u00dcRKE - Dermabulle","robots":{"index":"index","follow":"follow","max-snippet":"max-snippet:-1","max-image-preview":"max-image-preview:large","max-video-preview":"max-video-preview:-1"},"canonical":"https:\/\/europavarietas.org\/db\/dre-boglarka-turke\/","og_locale":"fr_FR","og_type":"article","og_title":"Dre Bogl\u00e1rka T\u00dcRKE - Dermabulle","og_description":"Dermatologue FMH juin 2021 : Cinqui\u00e8me anniversaire de l`ouverture du cabinet de dermatologie \u00e0 Bulle juin 2017 : DIU de Dermatologie p\u00e9diatrique de l`ULire la suite","og_url":"https:\/\/europavarietas.org\/db\/dre-boglarka-turke\/","og_site_name":"Dermabulle","article_publisher":"https:\/\/www.facebook.com\/Dermabulle-Dermabelle-267125193957410\/?modal=admin_todo_tour","article_modified_time":"2022-10-10T10:42:53+00:00","og_image":[{"url":"https:\/\/europavarietas.org\/db\/wp-content\/uploads\/2019\/03\/slide2b-1024x320.jpg","type":"","width":"","height":""}],"twitter_card":"summary_large_image","twitter_misc":{"Dur\u00e9e de lecture estim\u00e9e":"2 minutes"},"schema":{"@context":"https:\/\/schema.org","@graph":[{"@type":"WebPage","@id":"https:\/\/europavarietas.org\/db\/dre-boglarka-turke\/","url":"https:\/\/europavarietas.org\/db\/dre-boglarka-turke\/","name":"Dre Bogl\u00e1rka T\u00dcRKE - Dermabulle","isPartOf":{"@id":"https:\/\/europavarietas.org\/db\/#website"},"primaryImageOfPage":{"@id":"https:\/\/europavarietas.org\/db\/dre-boglarka-turke\/#primaryimage"},"image":{"@id":"https:\/\/europavarietas.org\/db\/dre-boglarka-turke\/#primaryimage"},"thumbnailUrl":"https:\/\/europavarietas.org\/db\/wp-content\/uploads\/2019\/03\/slide2b-1024x320.jpg","datePublished":"2019-03-11T12:41:30+00:00","dateModified":"2022-10-10T10:42:53+00:00","breadcrumb":{"@id":"https:\/\/europavarietas.org\/db\/dre-boglarka-turke\/#breadcrumb"},"inLanguage":"fr-FR","potentialAction":[{"@type":"ReadAction","target":["https:\/\/europavarietas.org\/db\/dre-boglarka-turke\/"]}]},{"@type":"ImageObject","inLanguage":"fr-FR","@id":"https:\/\/europavarietas.org\/db\/dre-boglarka-turke\/#primaryimage","url":"https:\/\/europavarietas.org\/db\/wp-content\/uploads\/2019\/03\/slide2b.jpg","contentUrl":"https:\/\/europavarietas.org\/db\/wp-content\/uploads\/2019\/03\/slide2b.jpg","width":1600,"height":500},{"@type":"BreadcrumbList","@id":"https:\/\/europavarietas.org\/db\/dre-boglarka-turke\/#breadcrumb","itemListElement":[{"@type":"ListItem","position":1,"name":"Accueil","item":"https:\/\/europavarietas.org\/db\/"},{"@type":"ListItem","position":2,"name":"Dre Bogl\u00e1rka T\u00dcRKE"}]},{"@type":"WebSite","@id":"https:\/\/europavarietas.org\/db\/#website","url":"https:\/\/europavarietas.org\/db\/","name":"Dermabulle","description":"Dermatologie &amp; Epilation laser","publisher":{"@id":"https:\/\/europavarietas.org\/db\/#organization"},"potentialAction":[{"@type":"SearchAction","target":{"@type":"EntryPoint","urlTemplate":"https:\/\/europavarietas.org\/db\/?s={search_term_string}"},"query-input":{"@type":"PropertyValueSpecification","valueRequired":true,"valueName":"search_term_string"}}],"inLanguage":"fr-FR"},{"@type":"Organization","@id":"https:\/\/europavarietas.org\/db\/#organization","name":"Dermabulle","url":"https:\/\/europavarietas.org\/db\/","logo":{"@type":"ImageObject","inLanguage":"fr-FR","@id":"https:\/\/europavarietas.org\/db\/#\/schema\/logo\/image\/","url":"https:\/\/europavarietas.org\/db\/wp-content\/uploads\/2019\/03\/slide1f.jpg","contentUrl":"https:\/\/europavarietas.org\/db\/wp-content\/uploads\/2019\/03\/slide1f.jpg","width":1600,"height":500,"caption":"Dermabulle"},"image":{"@id":"https:\/\/europavarietas.org\/db\/#\/schema\/logo\/image\/"},"sameAs":["https:\/\/www.facebook.com\/Dermabulle-Dermabelle-267125193957410\/?modal=admin_todo_tour"]}]}},"_links":{"self":[{"href":"https:\/\/europavarietas.org\/db\/wp-json\/wp\/v2\/pages\/26","targetHints":{"allow":["GET"]}}],"collection":[{"href":"https:\/\/europavarietas.org\/db\/wp-json\/wp\/v2\/pages"}],"about":[{"href":"https:\/\/europavarietas.org\/db\/wp-json\/wp\/v2\/types\/page"}],"author":[{"embeddable":true,"href":"https:\/\/europavarietas.org\/db\/wp-json\/wp\/v2\/users\/1"}],"replies":[{"embeddable":true,"href":"https:\/\/europavarietas.org\/db\/wp-json\/wp\/v2\/comments?post=26"}],"version-history":[{"count":40,"href":"https:\/\/europavarietas.org\/db\/wp-json\/wp\/v2\/pages\/26\/revisions"}],"predecessor-version":[{"id":1477,"href":"https:\/\/europavarietas.org\/db\/wp-json\/wp\/v2\/pages\/26\/revisions\/1477"}],"wp:attachment":[{"href":"https:\/\/europavarietas.org\/db\/wp-json\/wp\/v2\/media?parent=26"}],"wp:term":[{"taxonomy":"category","embeddable":true,"href":"https:\/\/europavarietas.org\/db\/wp-json\/wp\/v2\/categories?post=26"},{"taxonomy":"post_tag","embeddable":true,"href":"https:\/\/europavarietas.org\/db\/wp-json\/wp\/v2\/tags?post=26"}],"curies":[{"name":"wp","href":"https:\/\/api.w.org\/{rel}","templated":true}]}}