{"id":990,"date":"2015-01-09T17:14:00","date_gmt":"2015-01-09T17:14:00","guid":{"rendered":"https:\/\/europavarietas.org\/csdp_new\/?page_id=990"},"modified":"2023-08-28T13:49:07","modified_gmt":"2023-08-28T13:49:07","slug":"peacekeeping","status":"publish","type":"page","link":"https:\/\/europavarietas.org\/csdp_new\/index.php\/peacekeeping\/","title":{"rendered":"Crisis Management"},"content":{"rendered":"\t\t<div data-elementor-type=\"wp-page\" data-elementor-id=\"990\" class=\"elementor elementor-990\">\n\t\t\t\t\t\t<section class=\"elementor-section elementor-top-section elementor-element elementor-element-507ecb2 elementor-section-boxed elementor-section-height-default elementor-section-height-default\" data-id=\"507ecb2\" data-element_type=\"section\">\n\t\t\t\t\t\t<div class=\"elementor-container elementor-column-gap-default\">\n\t\t\t\t\t<div class=\"elementor-column elementor-col-100 elementor-top-column elementor-element elementor-element-ec2e38a\" data-id=\"ec2e38a\" data-element_type=\"column\">\n\t\t\t<div class=\"elementor-widget-wrap elementor-element-populated\">\n\t\t\t\t\t\t<div class=\"elementor-element elementor-element-53ad947 elementor-widget elementor-widget-text-editor\" data-id=\"53ad947\" data-element_type=\"widget\" data-widget_type=\"text-editor.default\">\n\t\t\t\t<div class=\"elementor-widget-container\">\n\t\t\t\t\t\t\t\t\t<p><strong>Peacekeeping<\/strong><br \/><em>Maintien de la paix\u00a0<\/em><\/p><p>Les lignes de d\u00e9marcation entre pr\u00e9vention des conflits, r\u00e9tablissement de la paix, maintien de la paix, consolidation de la paix et imposition de la paix s&#8217;estompent de plus en plus, et il est rare que les op\u00e9rations de paix ne fassent intervenir qu&#8217;un seul type d&#8217;activit\u00e9.<\/p><p>I.) Le maintien de la paix est l&#8217;une des nombreuses activit\u00e9s men\u00e9es par l&#8217;ONU pour garantir la paix et la s\u00e9curit\u00e9 internationales partout dans le monde.<\/p><p>II.) Les autres activit\u00e9s sont les suivantes :<\/p><p>a) <strong>Pr\u00e9vention des conflits et m\u00e9diation<\/strong> (en anglais : Conflict prevention)<br \/>(<em>tension entre les parties, &#8220;pr\u00e9crise&#8221;<\/em>)<br \/>Par pr\u00e9vention des conflits, on entend les mesures diplomatiques qui sont adopt\u00e9es pour \u00e9viter que les tensions et les diff\u00e9rends qui surgissent entre \u00c9tats, ou \u00e0 l&#8217;int\u00e9rieur d&#8217;un \u00c9tat, ne se transforment en un conflit violent.<br \/>Il s&#8217;agit en l&#8217;occurrence de mettre en place des m\u00e9canismes d&#8217;alerte rapide, de rassembler des informations et d&#8217;analyser soigneusement les \u00e9l\u00e9ments qui sont \u00e0 l&#8217;origine du conflit.<br \/>On peut \u00e9galement avoir recours aux \u00ab bons offices \u00bb du Secr\u00e9taire g\u00e9n\u00e9ral, au d\u00e9ploiement pr\u00e9ventif de missions de l&#8217;ONU ou \u00e0 des efforts de m\u00e9diation dirig\u00e9es par le D\u00e9partement des affaires politiques.<\/p><p>b) <strong>R\u00e9tablissement de la paix<\/strong> (en anglais : Peacemaking)<br \/>(<em>conflit entre les parties, &#8220;crise en escalade&#8221;<\/em>)<br \/>D&#8217;une mani\u00e8re g\u00e9n\u00e9rale, on entend par r\u00e9tablissement de la paix toutes les mesures visant \u00e0 \u00e9touffer un conflit en cours, ce qui suppose habituellement des efforts diplomatiques visant \u00e0 conduire les parties en pr\u00e9sence \u00e0 un accord n\u00e9goci\u00e9.<br \/>Le Secr\u00e9taire g\u00e9n\u00e9ral de l&#8217;ONU peut exercer ses \u00ab bons offices \u00bb pour faciliter le r\u00e8glement des conflits. Les interm\u00e9diaires intervenant dans le r\u00e9tablissement de la paix peuvent \u00e9galement \u00eatre des envoy\u00e9s sp\u00e9ciaux, des gouvernements, des groupes d&#8217;\u00c9tats, des organisations r\u00e9gionales ou l&#8217;ONU elle-m\u00eame. Des efforts de r\u00e9tablissement de la paix peuvent \u00e9galement \u00eatre entrepris par des groupes officieux et non gouvernementaux ou bien par une \u00e9minente personnalit\u00e9 agissant de fa\u00e7on ind\u00e9pendante.<\/p><p>c) <strong>Imposition de la paix<\/strong> (en anglais : Peace enforcement)<br \/>(<em>conflit arm\u00e9 \u00e9largi entre les parties, condition pr\u00e9alable de l`intervention peut \u00eatre : cessez-le-feu \/ accord de paix <\/em>)<br \/>L&#8217;imposition de la paix suppose l&#8217;application de diff\u00e9rentes mesures coercitives, y compris le <strong>recours \u00e0 la force militaire<\/strong>. Ces mesures doivent \u00eatre express\u00e9ment <strong>autoris\u00e9es par le Conseil de s\u00e9curit\u00e9<\/strong>.<br \/>Ces mesures sont utilis\u00e9es pour r\u00e9tablir la paix et la s\u00e9curit\u00e9 internationales lorsque le Conseil de s\u00e9curit\u00e9 a d\u00e9cid\u00e9 d&#8217;agir face \u00e0 une menace contre la paix, \u00e0 une rupture de la paix ou \u00e0 un acte d&#8217;agression. Le Conseil peut, lorsqu&#8217;il y a lieu, avoir recours \u00e0 des organisations ou institutions r\u00e9gionales pour imposer les mesures convenues, sous son autorit\u00e9 et conform\u00e9ment \u00e0 la Charte des Nations Unies.<\/p><p>d) <strong>Consolidation de la paix<\/strong> (en anglais : Peacebuilding)<br \/>(<em>surveiller les phases DDR, DDRRR, RSS<\/em>)<br \/>La consolidation de la paix vise \u00e0 r\u00e9duire le risque d&#8217;\u00e9clatement ou de reprise d&#8217;un conflit en renfor\u00e7ant les capacit\u00e9s nationales de gestion des conflits \u00e0 tous les niveaux et en posant les bases d&#8217;une paix et d&#8217;un d\u00e9veloppement durables. Il s&#8217;agit d&#8217;un processus complexe de longue haleine qui a pour but de cr\u00e9er les conditions qui doivent \u00eatre r\u00e9unies pour que puisse \u00eatre instaur\u00e9e une paix durable. Les mesures de consolidation de la paix visent \u00e0 s&#8217;attaquer aux probl\u00e8mes fondamentaux qui affectent le fonctionnement de la soci\u00e9t\u00e9 et de l&#8217;\u00c9tat et ont pour but de rendre l&#8217;\u00c9tat mieux \u00e0 m\u00eame de s&#8217;acquitter efficacement et l\u00e9gitimement de ses attributions essentielles.<\/p><p>Il est rare que la pr\u00e9vention des conflits, le r\u00e9tablissement, le maintien et l&#8217;imposition de la paix constituent un processus lin\u00e9aire. L&#8217;exp\u00e9rience a montr\u00e9 qu&#8217;il s&#8217;agit plut\u00f4t d&#8217;activit\u00e9s qui se renforcent mutuellement. Si elles sont men\u00e9es de fa\u00e7on fragmentaire ou isol\u00e9e, elles ne permettront pas d&#8217;appliquer l&#8217;approche globale qui est indispensable pour s&#8217;attaquer aux causes profondes du conflit et par cons\u00e9quent \u00e9viter que le conflit \u00e9clate \u00e0 nouveau.<br \/>Les lignes de d\u00e9marcation entre pr\u00e9vention des conflits, r\u00e9tablissement de la paix, maintien de la paix, consolidation de la paix et imposition de la paix s&#8217;estompent de plus en plus, et il est rare que les op\u00e9rations de paix ne fassent intervenir qu&#8217;un seul type d&#8217;activit\u00e9.<\/p><p>Les op\u00e9rations de maintien de la paix de l&#8217;ONU, bien qu&#8217;elles soient en principe d\u00e9ploy\u00e9es pour appuyer l&#8217;application d&#8217;un cessez-le-feu ou d&#8217;un accord de paix, sont fr\u00e9quemment appel\u00e9es \u00e0 jouer un r\u00f4le actif dans les efforts de r\u00e9tablissement de la paix et \u00e0 participer aux premiers stades des efforts de consolidation de la paix.<\/p><p>Aujourd&#8217;hui, les op\u00e9rations polyvalentes de maintien de la paix de l&#8217;ONU facilitent le processus politique, prot\u00e8gent des civils, aident au d\u00e9sarmement, \u00e0 la d\u00e9mobilisation et \u00e0 la r\u00e9int\u00e9gration des anciens combattants, appuient l&#8217;organisation d&#8217;\u00e9lections, d\u00e9fendent et prot\u00e8gent les droits de l&#8217;homme et aident au r\u00e9tablissement de l&#8217;\u00e9tat de droit.<\/p><p>Elles peuvent recourir \u00e0 la force pour se d\u00e9fendre, lorsque cela est indispensable pour qu&#8217;elles puissent s&#8217;acquitter de leur mandat, ou pour prot\u00e9ger les civils, en particulier dans les cas o\u00f9 l&#8217;\u00c9tat n&#8217;est pas \u00e0 m\u00eame de garantir la s\u00e9curit\u00e9 et de maintenir l&#8217;ordre public.<\/p><p><a href=\"http:\/\/www.un.org\/fr\/peacekeeping\/operations\/peace.shtml\">Source<\/a><\/p><p>DOCUMENTS<br \/><a href=\"http:\/\/www.un.org\/fr\/sections\/un-charter\/chapter-vi\/index.html\">Charte de l&#8217;ONU &#8211; Chapitre VI &#8211; R\u00e9glement pacifique des diff\u00e9rends<\/a> <em>mandat faible<\/em><br \/><a href=\"http:\/\/www.un.org\/fr\/sections\/un-charter\/chapter-vii\/index.html\">Charte de l&#8217;ONU &#8211; Chapitre VII &#8211; Action en cas de menace contre la paix de rupture de la paix et d&#8217;acte d&#8217;agression<\/a> <em>mandat fort<\/em><\/p><p>SSR \/ RSS &#8211; R\u00e9forme du Secteur de s\u00e9curit\u00e9<br \/><a href=\"files\/eussr.pdf\">A Concept for European Community Support for Security Sector Reform SEC(2006) 658<\/a><br \/><a href=\"http:\/\/www.ssrnetwork.net\/publications\/ssr_beginn.php\">A Beginner&#8217;s Guide to Security Sector Reform (SSR) GRN\/SSR<\/a><\/p><p><a href=\"http:\/\/www.un.org\/french\/peace\/peace\/index.asp\">Nation Unies &#8211; maintien de la paix<\/a> (ONU)<br \/><a href=\"http:\/\/www.europe.gouv.fr\/europe_7\/europe_au_quotidien_25\/maintien_paix_170.html\">Les missions de maintien de la paix dans le monde<\/a> (France)<br \/><a href=\"http:\/\/www.ladocumentationfrancaise.fr\/dossiers\/maintien-paix\/index.shtml\">Maintien de la paix dans le monde<\/a> (Documentation francaise)<br \/><a href=\"http:\/\/www.ladocumentationfrancaise.fr\/dossiers\/maintien-paix\/ueacteur.shtml\">Union europ\u00e9enne et le maintien de la paix (Documentation francaise)<\/a><br \/><a href=\"http:\/\/www.operationspaix.net\/\">Op\u00e9ration de paix<\/a> (CERIUM-Universit\u00e9 Montr\u00e9al)<br \/>http:\/\/www.peacenews.info\/<br \/>http:\/\/coe-dmha.org\/peaceops.htm<br \/>http:\/\/www.reliefweb.int\/rw\/dbc.nsf\/doc100?OpenForm<br \/><a href=\"http:\/\/www.diplobel.fgov.be\/languagechoice.asp\">DIPLOBEL<\/a><\/p><p><!--<br \/>\nD\u00c9PLOIEMENT DES FORCES<\/p>\n<p><strong>Plans (\"Tous azimuts\")<\/strong><\/p>\n<p style=\"margin: 0.0px 0.0px 0.0px 0.0px; font: 17.0px Trebuchet MS; color: #2a3b59;\"><span style=\"font: 19.0px Trebuchet MS;\"> <a href=\"http:\/\/www.consilium.europa.eu\/uedocs\/cmsUpload\/ESDPoperations.jpg\"><span style=\"font: 17.0px Trebuchet MS;\">Plan des op\u00e9rations de l'UE (PESD) depuis 2003 )<\/span><\/a><\/span><\/p>\n<p style=\"margin: 0.0px 0.0px 0.0px 0.0px; font: 17.0px Verdana; color: #2a3b59;\"><span style=\"font: 17.0px Trebuchet MS;\"> <a href=\"http:\/\/www.un.org\/french\/peace\/reports\/peace_operations\/docs\/bnotepkf.pdf\"><span style=\"font: 17.0px Verdana;\">Plan des missions de l'ONU (2006)<\/span><\/a><\/span><\/p>\n<p style=\"margin: 0.0px 0.0px 0.0px 0.0px; font: 17.0px Verdana; color: #2a3b59;\"><span style=\"font: 17.0px Trebuchet MS;\"> <a href=\"http:\/\/www.defense.gouv.fr\/sites\/ema\/enjeux_defense\/operations_exterieures\/deploiement\"><span style=\"font: 17.0px Verdana;\">Plan des op\u00e9rations ext\u00e9rieures fran\u00e7aises en cours (ao\u00fbt) 2006<\/span><\/a><\/span><\/p>\n<p style=\"margin: 0.0px 0.0px 0.0px 0.0px; font: 17.0px Verdana; color: #2a3b59;\"><span style=\"font: 17.0px Trebuchet MS;\"> <a href=\"http:\/\/www.diplobel.fgov.be\/languagechoice.asp\"><span style=\"font: 17.0px Verdana;\"> <\/span><\/a><a href=\"http:\/\/oldwww.btk.elte.hu\/eu\/pesc\/documents\/unitesfr.jpg\"><span style=\"font: 17.0px Verdana;\">Plan des Forces terrestres fran\u00e7aises d\u00e9ploy\u00e9es - unit\u00e9s pr\u00e9sentes (2006)<\/span><\/a><\/span><\/p>\n<p style=\"margin: 0.0px 0.0px 0.0px 0.0px; font: 17.0px Trebuchet MS; color: #2a3b59;\"><a href=\"\/files\/missionsenafrique.pdf\" target=\"_blank\">Plan des Missions de la paix de l'Afrique et des Nations Unies (2003)<\/a><\/p>\n<p style=\"margin: 0.0px 0.0px 0.0px 0.0px; font: 19.0px Trebuchet MS; color: #2a3b59;\">\n<p style=\"margin: 0.0px 0.0px 0.0px 0.0px; font: 19.0px Trebuchet MS; color: #2a3b59;\">\n<p style=\"margin: 0.0px 0.0px 0.0px 0.0px; font: 19.0px Trebuchet MS; color: #2a3b59;\">\n<p style=\"margin: 0.0px 0.0px 0.0px 0.0px; font: 19.0px Verdana; color: #2d609f;\"><span style=\"text-decoration: underline;\"><a href=\"http:\/\/www.diplobel.fgov.be\/languagechoice.asp\"><strong>Tableaux \/ Base de donn\u00e9es<\/strong><\/a><\/span><\/p>\n<p style=\"margin: 0.0px 0.0px 0.0px 0.0px; font: 17.0px Verdana; color: #2a3b59;\"><span style=\"font: 19.0px Trebuchet MS;\"> <a href=\"http:\/\/oldwww.btk.elte.hu\/eu\/pesc\/documents\/listonu.pdf\"><span style=\"font: 17.0px Verdana;\">Liste des op\u00e9rations de l'ONU<\/span><\/a><\/span><\/p>\n<p style=\"margin: 0.0px 0.0px 0.0px 0.0px; font: 17.0px Trebuchet MS; color: #2a3b59;\"><span style=\"font: 19.0px Trebuchet MS;\"> <a href=\"http:\/\/oldwww.btk.elte.hu\/eu\/pesc\/documents\/deoutofarea.doc\"><span style=\"font: 17.0px Trebuchet MS;\">Tabelle der Wichtigsten Out-of-area-Eins\u00e4tze der Bundeswehr (1991-2000) - DE<\/span><\/a><\/span><\/p>\n<p style=\"margin: 0.0px 0.0px 0.0px 0.0px; font: 17.0px Trebuchet MS; color: #2a3b59;\"><span style=\"font: 19.0px Trebuchet MS;\"> <a href=\"http:\/\/jgrattepanche.free.fr\/\"><span style=\"font: 17.0px Trebuchet MS;\">Base de donn\u00e9es des OPEX fran\u00e7aises depuis 1945 (Coll\u00e8ge Interarm\u00e9es de D\u00e9fense) - FR<\/span><\/a><\/span><\/p>\n<p style=\"margin: 0.0px 0.0px 0.0px 0.0px; font: 17.0px Verdana; color: #2a3b59;\"><span style=\"font: 19.0px Trebuchet MS;\"> <a href=\"http:\/\/www.diplobel.fgov.be\/languagechoice.asp\"><span style=\"font: 19.0px Verdana;\"> <\/span><\/a><a href=\"http:\/\/oldwww.btk.elte.hu\/eu\/pesc\/documents\/frparticipation.jpg\"><span style=\"font: 17.0px Verdana;\">La France et les op\u00e9rations d\u00e9l\u00e9gu\u00e9es par le conseil de s\u00e9curit\u00e9 (1981-2003) -FR<\/span><\/a><\/span><\/p>\n<p style=\"margin: 0.0px 0.0px 0.0px 0.0px; font: 17.0px Verdana; color: #2a3b59;\"><span style=\"font: 19.0px Trebuchet MS;\"> <a href=\"http:\/\/oldwww.btk.elte.hu\/eu\/pesc\/documents\/frparticipation2.jpg\"><span style=\"font: 17.0px Verdana;\">La France dans les op\u00e9rations conduites par le DOMP (1948-2000) -FR<\/span><\/a><\/span><\/p>\n<p style=\"margin: 0.0px 0.0px 0.0px 0.0px; font: 17.0px Verdana; color: #2a3b59;\"><span style=\"font: 19.0px Trebuchet MS;\"> <a href=\"http:\/\/www.centrostudiprosperini.it\/pubblicazioni\/missioni_pace.pdf\"><span style=\"font: 17.0px Verdana;\">Missioni di Pace ( 1950-2003) -IT<\/span><\/a><\/span><\/p>\n<p style=\"margin: 0.0px 0.0px 0.0px 0.0px; font: 17.0px Verdana; color: #2a3b59;\"><span style=\"font: 19.0px Trebuchet MS;\"> <a href=\"http:\/\/www.cifr.it\/mi-cronologiaCOMPLETA.html\"><span style=\"font: 17.0px Verdana;\">Missioni Militari Italiane di Pace all'estero - IT<\/span><\/a><\/span><\/p>\n<p style=\"margin: 0.0px 0.0px 0.0px 0.0px; font: 17.0px Verdana; color: #2a3b59;\"><span style=\"font: 19.0px Trebuchet MS;\"> <a href=\"http:\/\/www.diplobel.fgov.be\/languagechoice.asp\"><span style=\"font: 19.0px Verdana;\"><strong> <\/strong><\/span><\/a><a href=\"http:\/\/www.cifr.it\/mi-cronologiaBALCANI.html\"><span style=\"font: 17.0px Verdana;\">Missioni Militari Italiane di Pace all'estero - AREA BALCANICA e ALBANIA- IT<\/span><\/a><\/span><\/p>\n<p style=\"margin: 0.0px 0.0px 0.0px 0.0px; font: 15.0px Verdana; color: #2a3b59;\"><span style=\"font: 19.0px Trebuchet MS;\"> <a href=\"http:\/\/oldwww.btk.elte.hu\/eu\/pesc\/documents\/austpres.doc\"><span style=\"font: 15.0px Verdana;\">Eins\u00e4tze im Ausland + The International Missions of the Austrian Amed Forces (1960-2005) -DE\/EN<\/span><\/a><\/span><\/p>\n<p style=\"margin: 0.0px 0.0px 0.0px 0.0px; font: 15.0px Verdana; color: #2a3b59;\">\n<p style=\"margin: 0.0px 0.0px 0.0px 0.0px; font: 15.0px Verdana; color: #2a3b59;\">\n<p style=\"margin: 0.0px 0.0px 0.0px 0.0px; font: 15.0px Verdana; color: #2a3b59;\"><span style=\"font: 19.0px Trebuchet MS;\"><span style=\"font: 15.0px Verdana;\"> <\/span><\/span><\/p>\n<p style=\"margin: 0.0px 0.0px 0.0px 0.0px; font: 19.0px Verdana; color: #2d609f;\">http:\/\/www.operationsdepaix.org\/<\/p>\n<p><\/strong><\/p>\n<p>--><\/p>\t\t\t\t\t\t\t\t<\/div>\n\t\t\t\t<\/div>\n\t\t\t\t\t<\/div>\n\t\t<\/div>\n\t\t\t\t\t<\/div>\n\t\t<\/section>\n\t\t\t\t<\/div>\n\t\t","protected":false},"excerpt":{"rendered":"<p>Peacekeeping Maintien de la paix\u00a0 Les lignes de d\u00e9marcation entre pr\u00e9vention des conflits, r\u00e9tablissement de la paix, maintien de la paix, consolidation de la paix et imposition de la paix s&#8217;estompent de plus en plus, et il est rare que les op\u00e9rations de paix ne fassent intervenir qu&#8217;un seul type d&#8217;activit\u00e9. I.) Le maintien de&#8230;<\/p>\n","protected":false},"author":2,"featured_media":1250,"parent":0,"menu_order":0,"comment_status":"closed","ping_status":"closed","template":"","meta":{"footnotes":""},"categories":[3],"tags":[],"class_list":["post-990","page","type-page","status-publish","has-post-thumbnail","hentry","category-cerpesc"],"yoast_head":"<!-- This site is optimized with the Yoast SEO plugin v26.5 - https:\/\/yoast.com\/wordpress\/plugins\/seo\/ -->\n<title>Crisis Management - CERPESC<\/title>\n<meta name=\"robots\" content=\"index, follow, max-snippet:-1, max-image-preview:large, max-video-preview:-1\" \/>\n<link rel=\"canonical\" href=\"https:\/\/europavarietas.org\/csdp_new\/index.php\/peacekeeping\/\" \/>\n<meta property=\"og:locale\" content=\"en_GB\" \/>\n<meta property=\"og:type\" content=\"article\" \/>\n<meta property=\"og:title\" content=\"Crisis Management - CERPESC\" \/>\n<meta property=\"og:description\" content=\"Peacekeeping Maintien de la paix\u00a0 Les lignes de d\u00e9marcation entre pr\u00e9vention des conflits, r\u00e9tablissement de la paix, maintien de la paix, consolidation de la paix et imposition de la paix s&#8217;estompent de plus en plus, et il est rare que les op\u00e9rations de paix ne fassent intervenir qu&#8217;un seul type d&#8217;activit\u00e9. I.) Le maintien de...\" \/>\n<meta property=\"og:url\" content=\"https:\/\/europavarietas.org\/csdp_new\/index.php\/peacekeeping\/\" \/>\n<meta property=\"og:site_name\" content=\"CERPESC\" \/>\n<meta property=\"article:modified_time\" content=\"2023-08-28T13:49:07+00:00\" \/>\n<meta property=\"og:image\" content=\"https:\/\/europavarietas.org\/csdp_new\/wp-content\/uploads\/2023\/08\/banner3.jpg\" \/>\n\t<meta property=\"og:image:width\" content=\"915\" \/>\n\t<meta property=\"og:image:height\" content=\"176\" \/>\n\t<meta property=\"og:image:type\" content=\"image\/jpeg\" \/>\n<meta name=\"twitter:card\" content=\"summary_large_image\" \/>\n<meta name=\"twitter:label1\" content=\"Estimated reading time\" \/>\n\t<meta name=\"twitter:data1\" content=\"5 minutes\" \/>\n<script type=\"application\/ld+json\" class=\"yoast-schema-graph\">{\"@context\":\"https:\/\/schema.org\",\"@graph\":[{\"@type\":\"WebPage\",\"@id\":\"https:\/\/europavarietas.org\/csdp_new\/index.php\/peacekeeping\/\",\"url\":\"https:\/\/europavarietas.org\/csdp_new\/index.php\/peacekeeping\/\",\"name\":\"Crisis Management - CERPESC\",\"isPartOf\":{\"@id\":\"https:\/\/europavarietas.org\/csdp_new\/#website\"},\"primaryImageOfPage\":{\"@id\":\"https:\/\/europavarietas.org\/csdp_new\/index.php\/peacekeeping\/#primaryimage\"},\"image\":{\"@id\":\"https:\/\/europavarietas.org\/csdp_new\/index.php\/peacekeeping\/#primaryimage\"},\"thumbnailUrl\":\"https:\/\/europavarietas.org\/csdp_new\/wp-content\/uploads\/2023\/08\/banner3.jpg\",\"datePublished\":\"2015-01-09T17:14:00+00:00\",\"dateModified\":\"2023-08-28T13:49:07+00:00\",\"breadcrumb\":{\"@id\":\"https:\/\/europavarietas.org\/csdp_new\/index.php\/peacekeeping\/#breadcrumb\"},\"inLanguage\":\"en-GB\",\"potentialAction\":[{\"@type\":\"ReadAction\",\"target\":[\"https:\/\/europavarietas.org\/csdp_new\/index.php\/peacekeeping\/\"]}]},{\"@type\":\"ImageObject\",\"inLanguage\":\"en-GB\",\"@id\":\"https:\/\/europavarietas.org\/csdp_new\/index.php\/peacekeeping\/#primaryimage\",\"url\":\"https:\/\/europavarietas.org\/csdp_new\/wp-content\/uploads\/2023\/08\/banner3.jpg\",\"contentUrl\":\"https:\/\/europavarietas.org\/csdp_new\/wp-content\/uploads\/2023\/08\/banner3.jpg\",\"width\":915,\"height\":176},{\"@type\":\"BreadcrumbList\",\"@id\":\"https:\/\/europavarietas.org\/csdp_new\/index.php\/peacekeeping\/#breadcrumb\",\"itemListElement\":[{\"@type\":\"ListItem\",\"position\":1,\"name\":\"Home\",\"item\":\"https:\/\/europavarietas.org\/csdp_new\/\"},{\"@type\":\"ListItem\",\"position\":2,\"name\":\"Crisis Management\"}]},{\"@type\":\"WebSite\",\"@id\":\"https:\/\/europavarietas.org\/csdp_new\/#website\",\"url\":\"https:\/\/europavarietas.org\/csdp_new\/\",\"name\":\"CERPESC\",\"description\":\"European Soultion for Defence and Crisis Management\",\"publisher\":{\"@id\":\"https:\/\/europavarietas.org\/csdp_new\/#organization\"},\"potentialAction\":[{\"@type\":\"SearchAction\",\"target\":{\"@type\":\"EntryPoint\",\"urlTemplate\":\"https:\/\/europavarietas.org\/csdp_new\/?s={search_term_string}\"},\"query-input\":{\"@type\":\"PropertyValueSpecification\",\"valueRequired\":true,\"valueName\":\"search_term_string\"}}],\"inLanguage\":\"en-GB\"},{\"@type\":\"Organization\",\"@id\":\"https:\/\/europavarietas.org\/csdp_new\/#organization\",\"name\":\"CERPESC\",\"url\":\"https:\/\/europavarietas.org\/csdp_new\/\",\"logo\":{\"@type\":\"ImageObject\",\"inLanguage\":\"en-GB\",\"@id\":\"https:\/\/europavarietas.org\/csdp_new\/#\/schema\/logo\/image\/\",\"url\":\"https:\/\/europavarietas.org\/csdp_new\/wp-content\/uploads\/2023\/08\/cropped-cropped-cerpesc5_0.png\",\"contentUrl\":\"https:\/\/europavarietas.org\/csdp_new\/wp-content\/uploads\/2023\/08\/cropped-cropped-cerpesc5_0.png\",\"width\":530,\"height\":97,\"caption\":\"CERPESC\"},\"image\":{\"@id\":\"https:\/\/europavarietas.org\/csdp_new\/#\/schema\/logo\/image\/\"}}]}<\/script>\n<!-- \/ Yoast SEO plugin. -->","yoast_head_json":{"title":"Crisis Management - CERPESC","robots":{"index":"index","follow":"follow","max-snippet":"max-snippet:-1","max-image-preview":"max-image-preview:large","max-video-preview":"max-video-preview:-1"},"canonical":"https:\/\/europavarietas.org\/csdp_new\/index.php\/peacekeeping\/","og_locale":"en_GB","og_type":"article","og_title":"Crisis Management - CERPESC","og_description":"Peacekeeping Maintien de la paix\u00a0 Les lignes de d\u00e9marcation entre pr\u00e9vention des conflits, r\u00e9tablissement de la paix, maintien de la paix, consolidation de la paix et imposition de la paix s&#8217;estompent de plus en plus, et il est rare que les op\u00e9rations de paix ne fassent intervenir qu&#8217;un seul type d&#8217;activit\u00e9. I.) Le maintien de...","og_url":"https:\/\/europavarietas.org\/csdp_new\/index.php\/peacekeeping\/","og_site_name":"CERPESC","article_modified_time":"2023-08-28T13:49:07+00:00","og_image":[{"width":915,"height":176,"url":"https:\/\/europavarietas.org\/csdp_new\/wp-content\/uploads\/2023\/08\/banner3.jpg","type":"image\/jpeg"}],"twitter_card":"summary_large_image","twitter_misc":{"Estimated reading time":"5 minutes"},"schema":{"@context":"https:\/\/schema.org","@graph":[{"@type":"WebPage","@id":"https:\/\/europavarietas.org\/csdp_new\/index.php\/peacekeeping\/","url":"https:\/\/europavarietas.org\/csdp_new\/index.php\/peacekeeping\/","name":"Crisis Management - CERPESC","isPartOf":{"@id":"https:\/\/europavarietas.org\/csdp_new\/#website"},"primaryImageOfPage":{"@id":"https:\/\/europavarietas.org\/csdp_new\/index.php\/peacekeeping\/#primaryimage"},"image":{"@id":"https:\/\/europavarietas.org\/csdp_new\/index.php\/peacekeeping\/#primaryimage"},"thumbnailUrl":"https:\/\/europavarietas.org\/csdp_new\/wp-content\/uploads\/2023\/08\/banner3.jpg","datePublished":"2015-01-09T17:14:00+00:00","dateModified":"2023-08-28T13:49:07+00:00","breadcrumb":{"@id":"https:\/\/europavarietas.org\/csdp_new\/index.php\/peacekeeping\/#breadcrumb"},"inLanguage":"en-GB","potentialAction":[{"@type":"ReadAction","target":["https:\/\/europavarietas.org\/csdp_new\/index.php\/peacekeeping\/"]}]},{"@type":"ImageObject","inLanguage":"en-GB","@id":"https:\/\/europavarietas.org\/csdp_new\/index.php\/peacekeeping\/#primaryimage","url":"https:\/\/europavarietas.org\/csdp_new\/wp-content\/uploads\/2023\/08\/banner3.jpg","contentUrl":"https:\/\/europavarietas.org\/csdp_new\/wp-content\/uploads\/2023\/08\/banner3.jpg","width":915,"height":176},{"@type":"BreadcrumbList","@id":"https:\/\/europavarietas.org\/csdp_new\/index.php\/peacekeeping\/#breadcrumb","itemListElement":[{"@type":"ListItem","position":1,"name":"Home","item":"https:\/\/europavarietas.org\/csdp_new\/"},{"@type":"ListItem","position":2,"name":"Crisis Management"}]},{"@type":"WebSite","@id":"https:\/\/europavarietas.org\/csdp_new\/#website","url":"https:\/\/europavarietas.org\/csdp_new\/","name":"CERPESC","description":"European Soultion for Defence and Crisis Management","publisher":{"@id":"https:\/\/europavarietas.org\/csdp_new\/#organization"},"potentialAction":[{"@type":"SearchAction","target":{"@type":"EntryPoint","urlTemplate":"https:\/\/europavarietas.org\/csdp_new\/?s={search_term_string}"},"query-input":{"@type":"PropertyValueSpecification","valueRequired":true,"valueName":"search_term_string"}}],"inLanguage":"en-GB"},{"@type":"Organization","@id":"https:\/\/europavarietas.org\/csdp_new\/#organization","name":"CERPESC","url":"https:\/\/europavarietas.org\/csdp_new\/","logo":{"@type":"ImageObject","inLanguage":"en-GB","@id":"https:\/\/europavarietas.org\/csdp_new\/#\/schema\/logo\/image\/","url":"https:\/\/europavarietas.org\/csdp_new\/wp-content\/uploads\/2023\/08\/cropped-cropped-cerpesc5_0.png","contentUrl":"https:\/\/europavarietas.org\/csdp_new\/wp-content\/uploads\/2023\/08\/cropped-cropped-cerpesc5_0.png","width":530,"height":97,"caption":"CERPESC"},"image":{"@id":"https:\/\/europavarietas.org\/csdp_new\/#\/schema\/logo\/image\/"}}]}},"_links":{"self":[{"href":"https:\/\/europavarietas.org\/csdp_new\/index.php\/wp-json\/wp\/v2\/pages\/990","targetHints":{"allow":["GET"]}}],"collection":[{"href":"https:\/\/europavarietas.org\/csdp_new\/index.php\/wp-json\/wp\/v2\/pages"}],"about":[{"href":"https:\/\/europavarietas.org\/csdp_new\/index.php\/wp-json\/wp\/v2\/types\/page"}],"author":[{"embeddable":true,"href":"https:\/\/europavarietas.org\/csdp_new\/index.php\/wp-json\/wp\/v2\/users\/2"}],"replies":[{"embeddable":true,"href":"https:\/\/europavarietas.org\/csdp_new\/index.php\/wp-json\/wp\/v2\/comments?post=990"}],"version-history":[{"count":11,"href":"https:\/\/europavarietas.org\/csdp_new\/index.php\/wp-json\/wp\/v2\/pages\/990\/revisions"}],"predecessor-version":[{"id":1001,"href":"https:\/\/europavarietas.org\/csdp_new\/index.php\/wp-json\/wp\/v2\/pages\/990\/revisions\/1001"}],"wp:featuredmedia":[{"embeddable":true,"href":"https:\/\/europavarietas.org\/csdp_new\/index.php\/wp-json\/wp\/v2\/media\/1250"}],"wp:attachment":[{"href":"https:\/\/europavarietas.org\/csdp_new\/index.php\/wp-json\/wp\/v2\/media?parent=990"}],"wp:term":[{"taxonomy":"category","embeddable":true,"href":"https:\/\/europavarietas.org\/csdp_new\/index.php\/wp-json\/wp\/v2\/categories?post=990"},{"taxonomy":"post_tag","embeddable":true,"href":"https:\/\/europavarietas.org\/csdp_new\/index.php\/wp-json\/wp\/v2\/tags?post=990"}],"curies":[{"name":"wp","href":"https:\/\/api.w.org\/{rel}","templated":true}]}}