{"id":981,"date":"2015-01-09T17:01:00","date_gmt":"2015-01-09T17:01:00","guid":{"rendered":"https:\/\/europavarietas.org\/csdp_new\/?page_id=981"},"modified":"2023-08-27T17:02:54","modified_gmt":"2023-08-27T17:02:54","slug":"national-defence-strategies","status":"publish","type":"page","link":"https:\/\/europavarietas.org\/csdp_new\/index.php\/national-defence-strategies\/","title":{"rendered":"National Defence Strategies"},"content":{"rendered":"\t\t<div data-elementor-type=\"wp-page\" data-elementor-id=\"981\" class=\"elementor elementor-981\">\n\t\t\t\t\t\t<section class=\"elementor-section elementor-top-section elementor-element elementor-element-ee81659 elementor-section-boxed elementor-section-height-default elementor-section-height-default\" data-id=\"ee81659\" data-element_type=\"section\">\n\t\t\t\t\t\t<div class=\"elementor-container elementor-column-gap-default\">\n\t\t\t\t\t<div class=\"elementor-column elementor-col-100 elementor-top-column elementor-element elementor-element-c08c62a\" data-id=\"c08c62a\" data-element_type=\"column\">\n\t\t\t<div class=\"elementor-widget-wrap elementor-element-populated\">\n\t\t\t\t\t\t<div class=\"elementor-element elementor-element-7392400 elementor-widget elementor-widget-text-editor\" data-id=\"7392400\" data-element_type=\"widget\" data-widget_type=\"text-editor.default\">\n\t\t\t\t<div class=\"elementor-widget-container\">\n\t\t\t\t\t\t\t\t\t<p><em>( La plupart des documents se situent sur le serveur du Military Education Research Library Network &#8211; <a href=\"http:\/\/merln.ndu.edu\/whitepapers.html\">MRLN<\/a>, ainsi que les documents des pays hors d&#8217;Europe)\u00a0<\/em><\/p><p><strong>Autriche<\/strong><br \/><a href=\"http:\/\/merln.ndu.edu\/whitepapers\/Austria-2001.pdf\">Security and Defence Doctrine -2001<\/a><\/p><p><strong>Allemagne<\/strong><br \/><a href=\"http:\/\/merln.ndu.edu\/whitepapers\/Germany_Weissbuch_2006_oB_sig.pdf\">Wei\u00dfbuch 2006 Vollversion<\/a> &#8211; <a href=\"http:\/\/merln.ndu.edu\/whitepapers\/Germany_White_Paper_2006.pdf\">White Paper 2006<\/a><br \/><a href=\"http:\/\/www.uni-kassel.de\/fb5\/frieden\/themen\/Bundeswehr\/vpr2003.html\">Verteidigungspolitische Richtlinien (VPR) (2003)<\/a> &#8211; <a href=\"http:\/\/merln.ndu.edu\/whitepapers\/Germany_English2003.pdf\">Defence Policy Guidelines &#8211; 2003<\/a><br \/><a href=\"http:\/\/www.resdal.org.ar\/Archivo\/d0000066.htm\">White Paper on the Security of the Federal Republic of Germany and the Situation and Future of the Bundeswehr &#8211; 1994<\/a><br \/><a href=\"http:\/\/www.uni-kassel.de\/fb5\/frieden\/themen\/Bundeswehr\/vpr1992.html\">Verteidigungspolitische Richtlinien (VPR) (1992)<\/a><\/p><p><strong>Belgique<\/strong><br \/><a href=\"http:\/\/merln.ndu.edu\/whitepapers\/Belgian_Plan_de_Transition.doc\">Plan directeur de la D\u00e9fense 2003 \u2013 Plan de transition<\/a><br \/><a href=\"http:\/\/merln.ndu.edu\/whitepapers\/Belgian_Vision_future_de_la_Defens.doc\">Vision future de la D\u00e9fense &#8211; 2003<\/a><\/p><p><strong>Bulgarie<\/strong><br \/><a href=\"http:\/\/merln.ndu.edu\/whitepapers\/Bulgaria.pdf&lt;mce:script type=\">White Paper on Defence (Bulgarian)<\/a> <a href=\"http:\/\/merln.ndu.edu\/whitepapers\/BulgariaEnglish.pdf\">White Paper on Defence &#8211; 2002<\/a><\/p><p><strong>R\u00e9publique Tch\u00e8que<\/strong><br \/>&#8230; &#8211; <a href=\"http:\/\/merln.ndu.edu\/whitepapers\/czech.doc\">Military Strategy of the Czech Republic &#8211; 2005<\/a><\/p><p><strong>Danemark<\/strong><br \/><a href=\"http:\/\/merln.ndu.edu\/whitepapers\/Denmark2004.doc\">The Danish Defence Agreement 2005 &#8211; 2009<\/a><\/p><p><strong>Estonie<\/strong><br \/><a href=\"http:\/\/merln.ndu.edu\/whitepapers\/Estonia-2004.pdf\">National Security Concept 2004<\/a><\/p><p><strong>Finland<\/strong><br \/><a href=\"http:\/\/merln.ndu.edu\/whitepapers\/Finland_English-2004.pdf\">Finnish Security and Defence Policy 2004<\/a><\/p><p><strong>France<\/strong><br \/><a href=\"http:\/\/www.legifrance.gouv.fr\/affichTexte.do?cidTexte=JORFTEXT000020915137&amp;dateTexte=\">Programmation militaire pour les ann\u00e9es 2009 \u00e1 2014 (loi 2009\/928)<\/a><br \/><a href=\"http:\/\/www.legifrance.gouv.fr\/WAspad\/UnTexteDeJorf?numjo=DEFX0200133L\">Programmation militaire pour les ann\u00e9es 2003 \u00e1 2008 (loi 2003\/73)<\/a><br \/>Livre Blanc sur la D\u00e9fense (2008) <a href=\"\/files\/lb1t1.pdf\">1<\/a>, <a href=\"\/files\/lb2t1.pdf\">2<\/a>, <a href=\"\/files\/lb2t2.pdf\">3<\/a><br \/>Livre Blanc sur la D\u00e9fense (1994) <a href=\"\/files\/lb941.pdf\">1<\/a>, <a href=\"\/files\/lb942.pdf\">2<\/a>, <a href=\"\/files\/lb943.pdf\">3<\/a>, <a href=\"\/files\/lb944.pdf\">4<\/a>,<br \/>Livre Blanc sur la D\u00e9fense (1972)<br \/><a href=\"http:\/\/www.defense.gouv.fr\/sites\/defense\/enjeux_defense\/politique_de_defense\/\">Politique de D\u00e9fense &#8211; 2004<\/a><br \/>Le concept d&#8217;emploie des forces (1997)<br \/>L&#8217;ordonnance du 7 janvier 1959<br \/>La Constitution fran\u00e7aise (1958) Articles 5, 20<\/p><p><strong>Gr\u00e8ce<\/strong><br \/><a href=\"http:\/\/www.resdal.org.ar\/Archivo\/d000007e.htm\">White Paper for the Armed Forces &#8211; 1997<\/a><\/p><p><strong>Hongrie<\/strong><br \/><a href=\"http:\/\/www.kulugyminiszterium.hu\/archivum\/Kulugyminiszterium\/HU\/Miniszterium\/Szervezeti_egysegek\/NATO\/Nemzeti_biztonsagi_strategia.htm\">A Magyar K\u00f6zt\u00e1rsas\u00e1g Nemzeti Biztons\u00e1gi Strat\u00e9gi\u00e1ja &#8211; 2004<\/a><br \/><a href=\"http:\/\/www.kulugyminiszterium.hu\/archivum\/Kulugyminiszterium\/EN\/Ministry\/Departments\/NATO\/National_Security_Strategy.htm\">The National Security Strategy of the Republic of Hungary &#8211; 2004<\/a><\/p><p><strong>Irlande<\/strong><br \/><a href=\"http:\/\/merln.ndu.edu\/whitepapers\/Ireland-2000.pdf\">White Paper on Defence &#8211; 2000<\/a><\/p><p><strong>Italie<\/strong><br \/><a href=\"http:\/\/merln.ndu.edu\/whitepapers\/Italy_Eng-2004.doc\">Strategic Concept &#8211; 2004<\/a><\/p><p><strong>Lettonie<\/strong><br \/><a href=\"http:\/\/merln.ndu.edu\/whitepapers\/Latvia-2003.pdf\">Report on State Defence Policy and Armed Forces Development &#8211; 2003<\/a><\/p><p><strong>Lituanie<\/strong><br \/><a href=\"http:\/\/merln.ndu.edu\/whitepapers\/Lithuania-2006.pdf\">Defence Policy White Paper &#8211; 2006<\/a><br \/><a href=\"http:\/\/merln.ndu.edu\/whitepapers\/Lithuania-2002.pdf\">Defence Policy White Paper &#8211; 2002<\/a><br \/><a href=\"http:\/\/merln.ndu.edu\/whitepapers\/LithuaniaNationalSecurity-2002.doc\">National Security Strategy &#8211; 2002<\/a><\/p><p><strong>Pologne<\/strong><br \/><a href=\"http:\/\/www.bbn.gov.pl\/dokumenty\/SBN_RP.pdf\">Strategia Bezpiecze\u0144stwa Narodowego Rzeczypospolitej Polskiej &#8211; 2007<\/a><br \/><a href=\"http:\/\/merln.ndu.edu\/whitepapers\/Poland-2007-eng.pdf\">The National Security Strategy of the Republic of Poland &#8211; 2007<\/a><br \/><a href=\"http:\/\/merln.ndu.edu\/whitepapers\/Poland-2003.pdf\">The National Security Strategy of the Republic of Poland &#8211; 2003<\/a><br \/><a href=\"http:\/\/merln.ndu.edu\/whitepapers\/Poland-2001.pdf\">White Paper &#8211; 2001<\/a><\/p><p><strong>Portugal<\/strong><br \/><a href=\"http:\/\/www.mdn.gov.pt\/Publicacoes\/livro_branco\/Livro_branco.pdf\">Livro Branco da Defesa Nacional &#8211; 2001<\/a><\/p><p><strong>Roumanie<\/strong><br \/><a href=\"http:\/\/www.presidency.ro\/static\/ordine\/SSNR\/SSNR.pdf\">Strategia de Securi\u0163ate National\u0103 a Rom\u00e2niei &#8211; 2007<\/a><br \/><a href=\"http:\/\/merln.ndu.edu\/whitepapers\/Romania2007_English.pdf\">The National Security Strategy of Romania &#8211; 2007<\/a><br \/><a href=\"http:\/\/merln.ndu.edu\/whitepapers\/RomaniaNationalSecurity.pdf\">Romania&#8217;s National Security Strategy &#8211; 2004<\/a><br \/><a href=\"http:\/\/merln.ndu.edu\/whitepapers\/RomaniaMilitaryStrategy.pdf\">Military Strategy of Romania &#8211; 2004<\/a><\/p><p><strong>Royaume Uni<\/strong><br \/><a href=\"http:\/\/merln.ndu.edu\/whitepapers\/UnitedKingdom-2005.pdf\">Defence Industrial Strategy &#8211; Defence White Paper &#8211; 2005<\/a><br \/><a href=\"http:\/\/merln.ndu.edu\/whitepapers\/UnitedKingdom-2004.pdf\">Delivering Security in a Changing World: Future Capabilities &#8211; 2004<\/a><br \/><a href=\"http:\/\/merln.ndu.edu\/whitepapers\/UnitedKingdom-2003.pdf\">Delivering Security in a Changing World: Defence White Paper &#8211; 2003<\/a><\/p><p><strong>Slovaquie<\/strong><br \/><a href=\"http:\/\/www.mosr.sk\/dokumenty\/doktrina1.pdf\">Doktr\u00edna Ozbrojen\u00fdch s\u00edl Slovenskej republiky &#8211; 2005<\/a><br \/><a href=\"http:\/\/www.mosr.sk\/dokumenty\/obr_strategsr.pdf\">Obrann\u00e1 strat\u00e9gia Ozbrojen\u00fdch s\u00edl SR &#8211; 2001<\/a> &#8211; <a href=\"http:\/\/www.mosr.sk\/dokumenty\/eng\/defense_strategy.pdf\">Defence Strategy of the Slovak Republic &#8211; 2001<\/a><br \/><a href=\"http:\/\/www.mosr.sk\/dokumenty\/voj_strategsr.pdf\">Vojensk\u00e1 strat\u00e9gia Ozbrojen\u00fdch s\u00edl SR &#8211; 2001<\/a> &#8211; <a href=\"http:\/\/www.mosr.sk\/dokumenty\/eng\/military_strategy.pdf\">Military Strategy of the Slovak Republic &#8211; 2001<\/a><br \/><a href=\"http:\/\/www.mosr.sk\/dokumenty\/bezp_stategia.pdf\">Bezpe\u010dnostn\u00e1 strat\u00e9gia Slovenskej republiky &#8211; 2001<\/a> &#8211; <a href=\"http:\/\/www.mosr.sk\/dokumenty\/eng\/security_strategy.pdf\">Security Strategy of the Slovak Republic &#8211; 2001<\/a><br \/><a href=\"http:\/\/www.mosr.sk\/dokumenty\/eng\/doctrine.pdf\">Doctrine of the Armed Forces &#8211; 2003<\/a><\/p><p><strong>Slov\u00e9nie<\/strong>&lt;\/sp<br \/>Strategic Defence Review Comprehensive Summary &#8211; 2004<\/p><p><strong>Su\u00e8de<\/strong><br \/><a href=\"http:\/\/www.sweden.gov.se\/content\/1\/c6\/03\/21\/19\/224a4b3c.pdf\">Our Future Defence &#8211; the Focus of Swedish Defence Policy 2005-2007<\/a><br \/><a href=\"http:\/\/www.sweden.gov.se\/content\/1\/c6\/02\/56\/68\/8c8a7a02.pdf\">Summary of Our Military Defence &#8211; Commitment and Choices &#8211; 2003<\/a><br \/><a href=\"http:\/\/www.sweden.gov.se\/content\/1\/c6\/02\/56\/70\/e756f798.pdf\">Summary of A More Secure Neighbourhood &#8211; Insecure World &#8211; 2003<\/a><\/p><p>&#8212;<br \/><em>Autres pays europ\u00e9ens<\/em><\/p><p><strong>Norv\u00e8ge<\/strong><br \/><a href=\"http:\/\/www.odin.dep.no\/fd\/norsk\/dok\/andre_dok\/veiledninger\/010051-120082\/dok-bn.html\">Styrka og relevans &#8211; 2004<\/a> &#8211; <a href=\"http:\/\/www.odin.dep.no\/fd\/english\/doc\/handbooks\/010051-120204\/dok-bn.html\">Relevant Force: Strategic Concept of the Norwegian Armed Forces &#8211; 2004<\/a><br \/><a href=\"http:\/\/merln.ndu.edu\/whitepapers\/Norway-2004.pdf\">Innstilling fra forsvarskomiteen om den videre moderniseringen av Forsvaret i perioden 2005-2008<\/a> &#8211; <a href=\"http:\/\/merln.ndu.edu\/whitepapers\/Norway_English-2004.pdf\">The Further Modernisation of the Norwegian Armed Forces 2005-2008<\/a><br \/><a href=\"http:\/\/www.mil.no\/multimedia\/archive\/00032\/The_new_defence_pdf_32767a.pdf\">A New Defence for a New Time &#8211; 2003<\/a><\/p><p><strong>Suisse<\/strong><br \/><a href=\"http:\/\/merln.ndu.edu\/whitepapers\/Switzerland-2001.pdf\">Bericht des Bundesrates an die Bundesversammlung \u00fcber die Konzeption der Armee XXI &#8211; 2001<\/a><\/p><p><strong>Turquie<\/strong><br \/><a href=\"http:\/\/www.msb.gov.tr\/Birimler\/GnPPD\/GnPPDBeyazKitap.htm\">Genel Plan Ve Prensipler Dairesi Ba\u015fkanli\u011fi &#8211; 2000<\/a> &#8211; <a href=\"http:\/\/www.msb.gov.tr\/Birimler\/GnPPD\/GnPPDBeyazKitap.htm#WHITE%20PAPER\">Defense White Paper 2000<\/a><\/p><p><strong>Croatie<\/strong><br \/><a href=\"http:\/\/merln.ndu.edu\/whitepapers\/Croatia_Croatian-2005.pdf\">Strateski Pregled Obrane &#8211; 2005<\/a> &#8211; <a href=\"http:\/\/merln.ndu.edu\/whitepapers\/Croatia_English-2005.pdf\">Strategic Defence Review &#8211; 2005<\/a><\/p><p><strong>Mac\u00e9doine<\/strong><br \/><a href=\"http:\/\/merln.ndu.edu\/whitepapers\/Macedonia-2005.pdf\">White Paper on Defence &#8211; 2005<\/a><\/p><p><strong>Montenegro<\/strong><br \/><a href=\"http:\/\/merln.ndu.edu\/whitepapers\/montenegro2006.pdf\">Strategy of National Security of Montenegro 2006<\/a><\/p><p><strong>Serbie<\/strong><br \/><a href=\"http:\/\/merln.ndu.edu\/whitepapers\/Serbia_and_Montenegro_2005.pdf\">Defence Strategy of the State Union of Serbia and Montenegro &#8211; 2005 (Serbo-Croatian)<\/a><br \/><a href=\"http:\/\/merln.ndu.edu\/whitepapers\/Serbia_and_Montenegro_Eng_2005.pdf\">Defence Strategy of the State Union of Serbia and Montenegro &#8211; 2005<\/a><\/p><p><strong>Bosnie-Herz\u00e9govine<\/strong><br \/><a href=\"http:\/\/merln.ndu.edu\/whitepapers\/Bosnia_SC_v1-2005.pdf\">Bijela Knjiga Odbrane Bosne i Hercegovine &#8211; 2005<\/a> &#8211; <a href=\"http:\/\/merln.ndu.edu\/whitepapers\/Bosnia_English-2005.pdf\">Defence White Paper of Bosnia and Herzegovina &#8211; 2005<\/a><br \/><a href=\"http:\/\/merln.ndu.edu\/whitepapers\/Bosnia_SC_v2-2005.pdf\">\u0411\u041e\u0421\u041d\u0415 \u0418 \u0425\u0415\u0420\u0426\u0415\u0413\u041e\u0412\u0418\u041d\u0415 &#8211; 2005<\/a><\/p><p><em>France &#8211; Archives<\/em><br \/><a href=\"http:\/\/www.ladocumentationfrancaise.fr\/index.shtml\">La documentation Fran\u00e7aise<\/a><br \/><a href=\"http:\/\/www.archivesnationales.culture.gouv.fr\/\">Archives Nationales<\/a><br \/><a href=\"http:\/\/www.doc.diplomatie.gouv.fr\/BASIS\/epic\/www\/doc\/SF\">D\u00e9clarations fran\u00e7aises de politique \u00e9trang\u00e8re depuis 1990<\/a><\/p><p><em>\u00c9tats-Unis &#8211; Archives<\/em><br \/><a href=\"http:\/\/dosfan.lib.uic.edu\/ERC\/index.html\">Electronic Research Collections<\/a><br \/><a href=\"http:\/\/listserv.buffalo.edu\/\">University at Buffalo \/ Listerv (voir <em>&#8220;Rechercher&#8221;<\/em><\/a><br \/><a href=\"http:\/\/www.yale.edu\/lawweb\/avalon\/\">Avalon Project \/ Yale Law School<\/a><br \/><a href=\"http:\/\/lists.ambafrance-us.org\/pipermail\/daily-briefing\/\">Daily Briefing Archives 2004- (Ambasse de France aux \u00c9tats-Unis)<\/a><\/p><p><em>Chronologies<\/em><br \/><a href=\"http:\/\/www.e-chronologie.org\/\">E-chronologie<\/a><\/p>\t\t\t\t\t\t\t\t<\/div>\n\t\t\t\t<\/div>\n\t\t\t\t\t<\/div>\n\t\t<\/div>\n\t\t\t\t\t<\/div>\n\t\t<\/section>\n\t\t\t\t<\/div>\n\t\t","protected":false},"excerpt":{"rendered":"<p>( La plupart des documents se situent sur le serveur du Military Education Research Library Network &#8211; MRLN, ainsi que les documents des pays hors d&#8217;Europe)\u00a0 AutricheSecurity and Defence Doctrine -2001 AllemagneWei\u00dfbuch 2006 Vollversion &#8211; White Paper 2006Verteidigungspolitische Richtlinien (VPR) (2003) &#8211; Defence Policy Guidelines &#8211; 2003White Paper on the Security of the Federal Republic&#8230;<\/p>\n","protected":false},"author":2,"featured_media":0,"parent":0,"menu_order":0,"comment_status":"closed","ping_status":"closed","template":"","meta":{"footnotes":""},"categories":[3],"tags":[],"class_list":["post-981","page","type-page","status-publish","hentry","category-cerpesc"],"yoast_head":"<!-- This site is optimized with the Yoast SEO plugin v26.5 - https:\/\/yoast.com\/wordpress\/plugins\/seo\/ -->\n<title>National Defence Strategies - CERPESC<\/title>\n<meta name=\"robots\" content=\"index, follow, max-snippet:-1, max-image-preview:large, max-video-preview:-1\" \/>\n<link rel=\"canonical\" href=\"https:\/\/europavarietas.org\/csdp_new\/index.php\/national-defence-strategies\/\" \/>\n<meta property=\"og:locale\" content=\"en_GB\" \/>\n<meta property=\"og:type\" content=\"article\" \/>\n<meta property=\"og:title\" content=\"National Defence Strategies - CERPESC\" \/>\n<meta property=\"og:description\" content=\"( La plupart des documents se situent sur le serveur du Military Education Research Library Network &#8211; MRLN, ainsi que les documents des pays hors d&#8217;Europe)\u00a0 AutricheSecurity and Defence Doctrine -2001 AllemagneWei\u00dfbuch 2006 Vollversion &#8211; White Paper 2006Verteidigungspolitische Richtlinien (VPR) (2003) &#8211; Defence Policy Guidelines &#8211; 2003White Paper on the Security of the Federal Republic...\" \/>\n<meta property=\"og:url\" content=\"https:\/\/europavarietas.org\/csdp_new\/index.php\/national-defence-strategies\/\" \/>\n<meta property=\"og:site_name\" content=\"CERPESC\" \/>\n<meta property=\"article:modified_time\" content=\"2023-08-27T17:02:54+00:00\" \/>\n<meta name=\"twitter:card\" content=\"summary_large_image\" \/>\n<meta name=\"twitter:label1\" content=\"Estimated reading time\" \/>\n\t<meta name=\"twitter:data1\" content=\"3 minutes\" \/>\n<script type=\"application\/ld+json\" class=\"yoast-schema-graph\">{\"@context\":\"https:\/\/schema.org\",\"@graph\":[{\"@type\":\"WebPage\",\"@id\":\"https:\/\/europavarietas.org\/csdp_new\/index.php\/national-defence-strategies\/\",\"url\":\"https:\/\/europavarietas.org\/csdp_new\/index.php\/national-defence-strategies\/\",\"name\":\"National Defence Strategies - CERPESC\",\"isPartOf\":{\"@id\":\"https:\/\/europavarietas.org\/csdp_new\/#website\"},\"datePublished\":\"2015-01-09T17:01:00+00:00\",\"dateModified\":\"2023-08-27T17:02:54+00:00\",\"breadcrumb\":{\"@id\":\"https:\/\/europavarietas.org\/csdp_new\/index.php\/national-defence-strategies\/#breadcrumb\"},\"inLanguage\":\"en-GB\",\"potentialAction\":[{\"@type\":\"ReadAction\",\"target\":[\"https:\/\/europavarietas.org\/csdp_new\/index.php\/national-defence-strategies\/\"]}]},{\"@type\":\"BreadcrumbList\",\"@id\":\"https:\/\/europavarietas.org\/csdp_new\/index.php\/national-defence-strategies\/#breadcrumb\",\"itemListElement\":[{\"@type\":\"ListItem\",\"position\":1,\"name\":\"Home\",\"item\":\"https:\/\/europavarietas.org\/csdp_new\/\"},{\"@type\":\"ListItem\",\"position\":2,\"name\":\"National Defence Strategies\"}]},{\"@type\":\"WebSite\",\"@id\":\"https:\/\/europavarietas.org\/csdp_new\/#website\",\"url\":\"https:\/\/europavarietas.org\/csdp_new\/\",\"name\":\"CERPESC\",\"description\":\"European Soultion for Defence and Crisis Management\",\"publisher\":{\"@id\":\"https:\/\/europavarietas.org\/csdp_new\/#organization\"},\"potentialAction\":[{\"@type\":\"SearchAction\",\"target\":{\"@type\":\"EntryPoint\",\"urlTemplate\":\"https:\/\/europavarietas.org\/csdp_new\/?s={search_term_string}\"},\"query-input\":{\"@type\":\"PropertyValueSpecification\",\"valueRequired\":true,\"valueName\":\"search_term_string\"}}],\"inLanguage\":\"en-GB\"},{\"@type\":\"Organization\",\"@id\":\"https:\/\/europavarietas.org\/csdp_new\/#organization\",\"name\":\"CERPESC\",\"url\":\"https:\/\/europavarietas.org\/csdp_new\/\",\"logo\":{\"@type\":\"ImageObject\",\"inLanguage\":\"en-GB\",\"@id\":\"https:\/\/europavarietas.org\/csdp_new\/#\/schema\/logo\/image\/\",\"url\":\"https:\/\/europavarietas.org\/csdp_new\/wp-content\/uploads\/2023\/08\/cropped-cropped-cerpesc5_0.png\",\"contentUrl\":\"https:\/\/europavarietas.org\/csdp_new\/wp-content\/uploads\/2023\/08\/cropped-cropped-cerpesc5_0.png\",\"width\":530,\"height\":97,\"caption\":\"CERPESC\"},\"image\":{\"@id\":\"https:\/\/europavarietas.org\/csdp_new\/#\/schema\/logo\/image\/\"}}]}<\/script>\n<!-- \/ Yoast SEO plugin. -->","yoast_head_json":{"title":"National Defence Strategies - CERPESC","robots":{"index":"index","follow":"follow","max-snippet":"max-snippet:-1","max-image-preview":"max-image-preview:large","max-video-preview":"max-video-preview:-1"},"canonical":"https:\/\/europavarietas.org\/csdp_new\/index.php\/national-defence-strategies\/","og_locale":"en_GB","og_type":"article","og_title":"National Defence Strategies - CERPESC","og_description":"( La plupart des documents se situent sur le serveur du Military Education Research Library Network &#8211; MRLN, ainsi que les documents des pays hors d&#8217;Europe)\u00a0 AutricheSecurity and Defence Doctrine -2001 AllemagneWei\u00dfbuch 2006 Vollversion &#8211; White Paper 2006Verteidigungspolitische Richtlinien (VPR) (2003) &#8211; Defence Policy Guidelines &#8211; 2003White Paper on the Security of the Federal Republic...","og_url":"https:\/\/europavarietas.org\/csdp_new\/index.php\/national-defence-strategies\/","og_site_name":"CERPESC","article_modified_time":"2023-08-27T17:02:54+00:00","twitter_card":"summary_large_image","twitter_misc":{"Estimated reading time":"3 minutes"},"schema":{"@context":"https:\/\/schema.org","@graph":[{"@type":"WebPage","@id":"https:\/\/europavarietas.org\/csdp_new\/index.php\/national-defence-strategies\/","url":"https:\/\/europavarietas.org\/csdp_new\/index.php\/national-defence-strategies\/","name":"National Defence Strategies - CERPESC","isPartOf":{"@id":"https:\/\/europavarietas.org\/csdp_new\/#website"},"datePublished":"2015-01-09T17:01:00+00:00","dateModified":"2023-08-27T17:02:54+00:00","breadcrumb":{"@id":"https:\/\/europavarietas.org\/csdp_new\/index.php\/national-defence-strategies\/#breadcrumb"},"inLanguage":"en-GB","potentialAction":[{"@type":"ReadAction","target":["https:\/\/europavarietas.org\/csdp_new\/index.php\/national-defence-strategies\/"]}]},{"@type":"BreadcrumbList","@id":"https:\/\/europavarietas.org\/csdp_new\/index.php\/national-defence-strategies\/#breadcrumb","itemListElement":[{"@type":"ListItem","position":1,"name":"Home","item":"https:\/\/europavarietas.org\/csdp_new\/"},{"@type":"ListItem","position":2,"name":"National Defence Strategies"}]},{"@type":"WebSite","@id":"https:\/\/europavarietas.org\/csdp_new\/#website","url":"https:\/\/europavarietas.org\/csdp_new\/","name":"CERPESC","description":"European Soultion for Defence and Crisis Management","publisher":{"@id":"https:\/\/europavarietas.org\/csdp_new\/#organization"},"potentialAction":[{"@type":"SearchAction","target":{"@type":"EntryPoint","urlTemplate":"https:\/\/europavarietas.org\/csdp_new\/?s={search_term_string}"},"query-input":{"@type":"PropertyValueSpecification","valueRequired":true,"valueName":"search_term_string"}}],"inLanguage":"en-GB"},{"@type":"Organization","@id":"https:\/\/europavarietas.org\/csdp_new\/#organization","name":"CERPESC","url":"https:\/\/europavarietas.org\/csdp_new\/","logo":{"@type":"ImageObject","inLanguage":"en-GB","@id":"https:\/\/europavarietas.org\/csdp_new\/#\/schema\/logo\/image\/","url":"https:\/\/europavarietas.org\/csdp_new\/wp-content\/uploads\/2023\/08\/cropped-cropped-cerpesc5_0.png","contentUrl":"https:\/\/europavarietas.org\/csdp_new\/wp-content\/uploads\/2023\/08\/cropped-cropped-cerpesc5_0.png","width":530,"height":97,"caption":"CERPESC"},"image":{"@id":"https:\/\/europavarietas.org\/csdp_new\/#\/schema\/logo\/image\/"}}]}},"_links":{"self":[{"href":"https:\/\/europavarietas.org\/csdp_new\/index.php\/wp-json\/wp\/v2\/pages\/981","targetHints":{"allow":["GET"]}}],"collection":[{"href":"https:\/\/europavarietas.org\/csdp_new\/index.php\/wp-json\/wp\/v2\/pages"}],"about":[{"href":"https:\/\/europavarietas.org\/csdp_new\/index.php\/wp-json\/wp\/v2\/types\/page"}],"author":[{"embeddable":true,"href":"https:\/\/europavarietas.org\/csdp_new\/index.php\/wp-json\/wp\/v2\/users\/2"}],"replies":[{"embeddable":true,"href":"https:\/\/europavarietas.org\/csdp_new\/index.php\/wp-json\/wp\/v2\/comments?post=981"}],"version-history":[{"count":4,"href":"https:\/\/europavarietas.org\/csdp_new\/index.php\/wp-json\/wp\/v2\/pages\/981\/revisions"}],"predecessor-version":[{"id":985,"href":"https:\/\/europavarietas.org\/csdp_new\/index.php\/wp-json\/wp\/v2\/pages\/981\/revisions\/985"}],"wp:attachment":[{"href":"https:\/\/europavarietas.org\/csdp_new\/index.php\/wp-json\/wp\/v2\/media?parent=981"}],"wp:term":[{"taxonomy":"category","embeddable":true,"href":"https:\/\/europavarietas.org\/csdp_new\/index.php\/wp-json\/wp\/v2\/categories?post=981"},{"taxonomy":"post_tag","embeddable":true,"href":"https:\/\/europavarietas.org\/csdp_new\/index.php\/wp-json\/wp\/v2\/tags?post=981"}],"curies":[{"name":"wp","href":"https:\/\/api.w.org\/{rel}","templated":true}]}}