{"id":936,"date":"2015-01-09T16:00:00","date_gmt":"2015-01-09T16:00:00","guid":{"rendered":"https:\/\/europavarietas.org\/csdp_new\/?page_id=936"},"modified":"2023-08-27T16:04:34","modified_gmt":"2023-08-27T16:04:34","slug":"european-institutions-and-organizations","status":"publish","type":"page","link":"https:\/\/europavarietas.org\/csdp_new\/index.php\/european-institutions-and-organizations\/","title":{"rendered":"European Institutions &#038; Organizations"},"content":{"rendered":"\t\t<div data-elementor-type=\"wp-page\" data-elementor-id=\"936\" class=\"elementor elementor-936\">\n\t\t\t\t\t\t<section class=\"elementor-section elementor-top-section elementor-element elementor-element-7acd06e elementor-section-boxed elementor-section-height-default elementor-section-height-default\" data-id=\"7acd06e\" data-element_type=\"section\">\n\t\t\t\t\t\t<div class=\"elementor-container elementor-column-gap-default\">\n\t\t\t\t\t<div class=\"elementor-column elementor-col-100 elementor-top-column elementor-element elementor-element-277bc46\" data-id=\"277bc46\" data-element_type=\"column\">\n\t\t\t<div class=\"elementor-widget-wrap elementor-element-populated\">\n\t\t\t\t\t\t<div class=\"elementor-element elementor-element-75c0189 elementor-widget elementor-widget-text-editor\" data-id=\"75c0189\" data-element_type=\"widget\" data-widget_type=\"text-editor.default\">\n\t\t\t\t<div class=\"elementor-widget-container\">\n\t\t\t\t\t\t\t\t\t<p><em>site under construction<\/em><\/p><p><a href=\"http:\/\/europa.eu\/\" target=\"_blank\" rel=\"noopener\"><strong>Europa.eu <\/strong><\/a><br \/><a href=\"http:\/\/europa.eu\/pol\/cfsp\/index_fr.htm\" target=\"_blank\" rel=\"noopener\">Activit\u00e9s de l&#8217;UE &#8211; Politique \u00e9trang\u00e8re et s\u00e9curit\u00e9 (Europa.eu) <\/a><br \/>Histoire de la PESC (Europa.eu)<br \/><a href=\"http:\/\/europa.eu\/legislation_summaries\/foreign_and_security_policy\/cfsp_and_esdp_implementation\/index_fr.htm\" target=\"_blank\" rel=\"noopener\">La mise en oeuvre de la PESC\/PESD (Europa.eu) <\/a><br \/><a href=\"http:\/\/europa.eu\/legislation_summaries\/foreign_and_security_policy\/conflict_prevention\/index_fr.htm\" target=\"_blank\" rel=\"noopener\">La pr\u00e9vention des conflits (Europa.eu) <\/a><br \/><a href=\"http:\/\/europa.eu\/legislation_summaries\/justice_freedom_security\/fight_against_organised_crime\/index_fr.htm\" target=\"_blank\" rel=\"noopener\">Lutte contre la criminalit\u00e9 organis\u00e9e (Europa.eu)<\/a><br \/><a href=\"http:\/\/europa.eu\/legislation_summaries\/justice_freedom_security\/fight_against_terrorism\/index_fr.htm\" target=\"_blank\" rel=\"noopener\">Lutte contre le terrorisme (Europa.eu)<\/a><\/p><p><strong><a href=\"http:\/\/ec.europa.eu\/\" target=\"_blank\" rel=\"noopener\">Commission europ\u00e9enne <\/a><\/strong><br \/><a href=\"http:\/\/ec.europa.eu\/world\/index_fr.htm\" target=\"_blank\" rel=\"noopener\">UE dans le Monde (Commission europ\u00e9enne) <\/a><br \/><a href=\"http:\/\/ec.europa.eu\/external_relations\/index_fr.htm\" target=\"_blank\" rel=\"noopener\">External Relations (Commission europ\u00e9enne) <\/a><br \/><a href=\"http:\/\/ec.europa.eu\/external_relations\/gac\/index.htm\" target=\"_blank\" rel=\"noopener\">General Affairs &amp; External Relations Council (GAERC) <\/a><\/p><p><a href=\"http:\/\/ec.europa.eu\/enlargement\/index_fr.htm\" target=\"_blank\" rel=\"noopener\">Elargissement (Commission europ\u00e9enne) <\/a><br \/><a href=\"http:\/\/ec.europa.eu\/world\/enp\/index_fr.htm\" target=\"_blank\" rel=\"noopener\">Politique europ\u00e9enne de voisinage &#8211; PEV (Commission europ\u00e9enne)<\/a><\/p><p><strong><a href=\"http:\/\/ue.eu.int\/showPage.aspx?id=1&amp;lang=FR\" target=\"_blank\" rel=\"noopener\"> Conseil de l&#8217;Union europ\u00e9enne<\/a><\/strong><br \/><a href=\"http:\/\/www.consilium.europa.eu\/showPage.aspx?id=248&amp;lang=FR\" target=\"_blank\" rel=\"noopener\">Politique \u00e9trang\u00e8re (Conseil de l&#8217;Union europ\u00e9enne)<\/a><br \/><a href=\"http:\/\/www.consilium.europa.eu\/showPage.aspx?id=261&amp;lang=fr\" target=\"_blank\" rel=\"noopener\">S\u00e9curit\u00e9 et d\u00e9fense (Conseil de l&#8217;Union europ\u00e9enne)<\/a><br \/><a href=\"http:\/\/www.consilium.europa.eu\/showPage.aspx?id=268&amp;lang=fr\" target=\"_blank\" rel=\"noopener\">Op\u00e9rations de l&#8217;UE &#8211; PSDC (Conseil de l&#8217;Union europ\u00e9enne) <\/a><br \/><a href=\"http:\/\/www.consilium.europa.eu\/App\/newsroom\/loadbook.aspx?BID=80&amp;LANG=2&amp;cmsid=978\" target=\"_blank\" rel=\"noopener\">PSDC\/CSDP News (Conseil de l&#8217;Union europ\u00e9enne)<\/a><br \/><a href=\"http:\/\/www.consilium.europa.eu\/showPage.aspx?id=1847&amp;lang=fr\">HRUE : Catherine Ashton (Conseil de l&#8217;Union europ\u00e9enne) <\/a><br \/><a href=\"http:\/\/www.consilium.europa.eu\/App\/Solana\/default.aspx?id=246&amp;amp;lang=FR\" target=\"_blank\" rel=\"noopener\">ex-HRUE : Javier Solana (Conseil de l&#8217;Union europ\u00e9enne) <\/a><br \/><a href=\"http:\/\/www.consilium.europa.eu\/showPage.aspx?id=406&amp;lang=fr\" target=\"_blank\" rel=\"noopener\"> Lutte contre le terrorisme (Conseil de l&#8217;Union europ\u00e9enne) <\/a><\/p><p><strong><a href=\"http:\/\/www.european-council.europa.eu\/home-page.aspx?lang=fr\" target=\"_blank\" rel=\"noopener\"> Conseil europ\u00e9en<\/a><\/strong><br \/><a href=\"http:\/\/www.european-council.europa.eu\/the-president.aspx?lang=fr\" target=\"_blank\" rel=\"noopener\"> Pr\u00e9sident du Conseil : Herman Van Rompuy<\/a><\/p><p><strong><a href=\"http:\/\/www.eeas.europa.eu\/index_fr.htm\" target=\"_blank\" rel=\"noopener\">Service europ\u00e9en de l&#8217;Action ext\u00e9rieure (SEAE)<\/a><\/strong><br \/><strong><a href=\"http:\/\/www.frontex.europa.eu\/\" target=\"_blank\" rel=\"noopener\">Agence europ\u00e9enne pour la gestion de la coop\u00e9ration op\u00e9rationnelle aux fronti\u00e8res ext\u00e9rieures des \u00c9tats membres de l&#8217;Union europ\u00e9enne (FRONTEX)<\/a><\/strong><br \/><a href=\"http:\/\/www.eurunion.org\" target=\"_blank\" rel=\"noopener\">EU Delegation to the USA<\/a><\/p><p><a href=\"http:\/\/www.europarl.europa.eu\/news\/public\/default_fr.htm\" target=\"_blank\" rel=\"noopener\"><strong>Parlement europ\u00e9en <\/strong><\/a><br \/><a href=\"http:\/\/www.europarl.europa.eu\/committees\/afet_home_fr.htm\" target=\"_blank\" rel=\"noopener\"> Commission des affaires \u00e9trang\u00e8res <\/a><br \/><a href=\"http:\/\/www.europarl.europa.eu\/committees\/droi_home_fr.htm\" target=\"_blank\" rel=\"noopener\"> &#8211; Sous-Commission &#8220;Droit de l&#8217;homme&#8221; <\/a><br \/><a href=\"http:\/\/www.europarl.europa.eu\/committees\/sede_home_fr.htm\" target=\"_blank\" rel=\"noopener\"> &#8211; Sous-Commission &#8220;S\u00e9curit\u00e9 et D\u00e9fense&#8221;<\/a><\/p><p><strong><a href=\"http:\/\/www.weu.int\/\" target=\"_blank\" rel=\"noopener\"> Union de l&#8217;Europe Occidentale (UEO) <\/a><\/strong><br \/><a href=\"http:\/\/www.weu.int\/History.htm#1\" target=\"_blank\" rel=\"noopener\"> Histoire + Missions (UEO)<\/a><br \/><a href=\"http:\/\/www.assembly-weu.org\/fr\/index.php\" target=\"_blank\" rel=\"noopener\">Assembl\u00e9e de l&#8217;UEO<\/a> (n`existe plus)<br \/><a href=\"http:\/\/www.weu.int\/weag\/index.html\" target=\"_blank\" rel=\"noopener\">Western European Armaments Group (WEAG)<\/a><br \/><a href=\"http:\/\/www.weao.weu.int\/site\/frameset.htm\" target=\"_blank\" rel=\"noopener\">Western European Armaments Organisation (WEAO)<\/a> (n`existe plus)<br \/><a href=\"http:\/\/www.occar-ea.org\/\" target=\"_blank\" rel=\"noopener\">Organisation Conjointe de Coop\u00e9ration en mati\u00e8re d&#8217;ARmement (OCCAR)<\/a><\/p><p><strong><a href=\"http:\/\/www.eda.europa.eu\/\" target=\"_blank\" rel=\"noopener\">European Defence Agency (EDA)<\/a><\/strong><\/p><p><strong>Comit\u00e9 Politique et de S\u00e9curit\u00e9 (COPS) <\/strong><br \/><a href=\"http:\/\/www.rpfrance.eu\/spip.php?rubrique178\" target=\"_blank\" rel=\"noopener\">Repr\u00e9sentation fran\u00e7aise <\/a><\/p><p><strong><a href=\"http:\/\/www.consilium.europa.eu\/showPage.aspx?id=1648&amp;lang=fr\" target=\"_blank\" rel=\"noopener\">Comit\u00e9 Militaire de l&#8217;Union europ\u00e9enne (CMUE)<\/a><\/strong><br \/><a href=\"http:\/\/www.consilium.europa.eu\/showPage.aspx?id=1746&amp;lang=fr\" target=\"_blank\" rel=\"noopener\"> &#8211; Pr\u00e9sidents du Comit\u00e9 militaire de l&#8217;Union europ\u00e9enne (CMUE)<\/a><br \/><a href=\"http:\/\/www.consilium.europa.eu\/showPage.aspx?id=1743&amp;lang=EN\" target=\"_blank\" rel=\"noopener\"> &#8211; Chefs de D\u00e9fense (CHoD)<\/a><br \/><a href=\"http:\/\/www.consilium.europa.eu\/showPage.aspx?id=1744&amp;lang=EN\" target=\"_blank\" rel=\"noopener\"> &#8211; Repr\u00e9sentats militaires (MilReps)<\/a><br \/><strong><a href=\"http:\/\/www.consilium.europa.eu\/showPage.aspx?id=1039&amp;lang=fr\" target=\"_blank\" rel=\"noopener\">\u00c9tat Major de l&#8217;Union europ\u00e9enne (EMUE)<\/a><\/strong><br \/><a href=\"http:\/\/www.consilium.europa.eu\/showPage.aspx?id=1487&amp;lang=fr\" target=\"_blank\" rel=\"noopener\"><strong>Capacit\u00e9 civile de planification et de conduite de l&#8217;Union europ\u00e9enne (CPCC)<\/strong><\/a><\/p><p><a href=\"http:\/\/www.eusc.org\/\" target=\"_blank\" rel=\"noopener\">European Union Satellite Centre (EUSC) <\/a><\/p><p><a href=\"http:\/\/www.euroairgroup.org\/\">European Air Group (EAG, 1995)<\/a><br \/>&#8211; European Airlift coordination cell (EACC, 2001)<br \/><a href=\"http:\/\/www.defense.gouv.fr\/defense_uk\/enjeux_defense\/engagements_internationaux\/la_defense_dans_l_europe\/les_euroforces\/cellule_europeenne_de_coordination_aerienne\/cellule_europeenne_de_coordination_aerienne_eacc\" target=\"_blank\" rel=\"noopener\"> &gt; European Airlift Center &#8211; Eindhoven\/Hollande (EAC, 2004)<\/a> : B, D, F, I, NL, GB, + N<br \/>&gt; European Air Transport Command (Commandement du Transport A\u00e9rien Europ\u00e9en, EATC, 2006, 2010) : FR, D, NL, B ; 29 C-130 Hercules; 135 C-160 Transall; 19 CASA CN-235; 10 Airbus A-310; 2 Airbus A340; 2 KDC-10; 20 autres<\/p><p>Strategic Airlift Co-ordination Centre (SACC, 2001)<br \/><a href=\"http:\/\/www.nosu.no\/sealift\/\">Sealift Co-ordination Centre (SCC, 2005)<\/a><\/p><p><a href=\"http:\/\/www.ihedn.fr\/?q=content\/cesd-historique\">Coll\u00e8ge europ\u00e9en de S\u00e9curit\u00e9 et de D\u00e9fense (CESD)<\/a><br \/><a href=\"http:\/\/www.eurogendfor.eu\">Force de Gendarmerie europ\u00e9enne (EuroGendFor ou FGE)<\/a><br \/><a href=\"http:\/\/www.finabel.org\/\">FINABEL (1953-)<\/a><\/p><p><strong>Les 5 QG multinationalisables<\/strong><br \/>&#8211; CPCO (Centre de planification et de conduite des op\u00e9rations : Mont Val\u00e9rien, derri\u00e8re la D\u00e9fense \u00e0 Paris, France)\u00a0<br \/>&#8211; <a href=\"http:\/\/www.mod.uk\/DefenceInternet\/AboutDefence\/WhatWeDo\/DoctrineOperationsandDiplomacy\/PJHQ\/NorthwoodHeadquarters.htm\" target=\"_blank\" rel=\"noopener\">PJHQ (Permanent Joint Headquarters, Northwood, Royaume-Uni)<\/a><br \/>&#8211; <a href=\"http:\/\/www.einsatz.bundeswehr.de\/portal\/a\/einsatzbw\/einsfuekdobw\/info_seite?yw_contentURL=\/C1256F1D0022A5C2\/W265HKYW050INFODE\/content.jsp\" target=\"_blank\" rel=\"noopener\">EinsF\u00fcKdoBW (EinsatzF\u00fchrungsKommando Potsdam\/Geltow, Caserne Henning von Tresckow, Allemagne)<\/a><br \/>&#8211; <a href=\"http:\/\/www.army.gr\/structure\/eseee\/en\/index_en.html\" target=\"_blank\" rel=\"noopener\">Larissa Hellenic EU OHQ (Gr\u00e8ce)<\/a><br \/>&#8211; <a href=\"http:\/\/www.difesa.it\/SMD\/COI\/IT-JFHQ\/\" target=\"_blank\" rel=\"noopener\">ITA JFHQ Centocelle (pr\u00e8s de Rome, en Italie)<\/a><\/p>\t\t\t\t\t\t\t\t<\/div>\n\t\t\t\t<\/div>\n\t\t\t\t\t<\/div>\n\t\t<\/div>\n\t\t\t\t\t<\/div>\n\t\t<\/section>\n\t\t\t\t<\/div>\n\t\t","protected":false},"excerpt":{"rendered":"<p>site under construction Europa.eu Activit\u00e9s de l&#8217;UE &#8211; Politique \u00e9trang\u00e8re et s\u00e9curit\u00e9 (Europa.eu) Histoire de la PESC (Europa.eu) La mise en oeuvre de la PESC\/PESD (Europa.eu) La pr\u00e9vention des conflits (Europa.eu) Lutte contre la criminalit\u00e9 organis\u00e9e (Europa.eu) Lutte contre le terrorisme (Europa.eu) Commission europ\u00e9enne UE dans le Monde (Commission europ\u00e9enne) External Relations (Commission europ\u00e9enne) General&#8230;<\/p>\n","protected":false},"author":2,"featured_media":0,"parent":0,"menu_order":0,"comment_status":"closed","ping_status":"closed","template":"","meta":{"footnotes":""},"categories":[3],"tags":[],"class_list":["post-936","page","type-page","status-publish","hentry","category-cerpesc"],"yoast_head":"<!-- This site is optimized with the Yoast SEO plugin v26.5 - https:\/\/yoast.com\/wordpress\/plugins\/seo\/ -->\n<title>European Institutions &amp; Organizations - CERPESC<\/title>\n<meta name=\"robots\" content=\"index, follow, max-snippet:-1, max-image-preview:large, max-video-preview:-1\" \/>\n<link rel=\"canonical\" href=\"https:\/\/europavarietas.org\/csdp_new\/index.php\/european-institutions-and-organizations\/\" \/>\n<meta property=\"og:locale\" content=\"en_GB\" \/>\n<meta property=\"og:type\" content=\"article\" \/>\n<meta property=\"og:title\" content=\"European Institutions &amp; Organizations - CERPESC\" \/>\n<meta property=\"og:description\" content=\"site under construction Europa.eu Activit\u00e9s de l&#8217;UE &#8211; Politique \u00e9trang\u00e8re et s\u00e9curit\u00e9 (Europa.eu) Histoire de la PESC (Europa.eu) La mise en oeuvre de la PESC\/PESD (Europa.eu) La pr\u00e9vention des conflits (Europa.eu) Lutte contre la criminalit\u00e9 organis\u00e9e (Europa.eu) Lutte contre le terrorisme (Europa.eu) Commission europ\u00e9enne UE dans le Monde (Commission europ\u00e9enne) External Relations (Commission europ\u00e9enne) General...\" \/>\n<meta property=\"og:url\" content=\"https:\/\/europavarietas.org\/csdp_new\/index.php\/european-institutions-and-organizations\/\" \/>\n<meta property=\"og:site_name\" content=\"CERPESC\" \/>\n<meta property=\"article:modified_time\" content=\"2023-08-27T16:04:34+00:00\" \/>\n<meta name=\"twitter:card\" content=\"summary_large_image\" \/>\n<meta name=\"twitter:label1\" content=\"Estimated reading time\" \/>\n\t<meta name=\"twitter:data1\" content=\"2 minutes\" \/>\n<script type=\"application\/ld+json\" class=\"yoast-schema-graph\">{\"@context\":\"https:\/\/schema.org\",\"@graph\":[{\"@type\":\"WebPage\",\"@id\":\"https:\/\/europavarietas.org\/csdp_new\/index.php\/european-institutions-and-organizations\/\",\"url\":\"https:\/\/europavarietas.org\/csdp_new\/index.php\/european-institutions-and-organizations\/\",\"name\":\"European Institutions & Organizations - CERPESC\",\"isPartOf\":{\"@id\":\"https:\/\/europavarietas.org\/csdp_new\/#website\"},\"datePublished\":\"2015-01-09T16:00:00+00:00\",\"dateModified\":\"2023-08-27T16:04:34+00:00\",\"breadcrumb\":{\"@id\":\"https:\/\/europavarietas.org\/csdp_new\/index.php\/european-institutions-and-organizations\/#breadcrumb\"},\"inLanguage\":\"en-GB\",\"potentialAction\":[{\"@type\":\"ReadAction\",\"target\":[\"https:\/\/europavarietas.org\/csdp_new\/index.php\/european-institutions-and-organizations\/\"]}]},{\"@type\":\"BreadcrumbList\",\"@id\":\"https:\/\/europavarietas.org\/csdp_new\/index.php\/european-institutions-and-organizations\/#breadcrumb\",\"itemListElement\":[{\"@type\":\"ListItem\",\"position\":1,\"name\":\"Home\",\"item\":\"https:\/\/europavarietas.org\/csdp_new\/\"},{\"@type\":\"ListItem\",\"position\":2,\"name\":\"European Institutions &#038; Organizations\"}]},{\"@type\":\"WebSite\",\"@id\":\"https:\/\/europavarietas.org\/csdp_new\/#website\",\"url\":\"https:\/\/europavarietas.org\/csdp_new\/\",\"name\":\"CERPESC\",\"description\":\"European Soultion for Defence and Crisis Management\",\"publisher\":{\"@id\":\"https:\/\/europavarietas.org\/csdp_new\/#organization\"},\"potentialAction\":[{\"@type\":\"SearchAction\",\"target\":{\"@type\":\"EntryPoint\",\"urlTemplate\":\"https:\/\/europavarietas.org\/csdp_new\/?s={search_term_string}\"},\"query-input\":{\"@type\":\"PropertyValueSpecification\",\"valueRequired\":true,\"valueName\":\"search_term_string\"}}],\"inLanguage\":\"en-GB\"},{\"@type\":\"Organization\",\"@id\":\"https:\/\/europavarietas.org\/csdp_new\/#organization\",\"name\":\"CERPESC\",\"url\":\"https:\/\/europavarietas.org\/csdp_new\/\",\"logo\":{\"@type\":\"ImageObject\",\"inLanguage\":\"en-GB\",\"@id\":\"https:\/\/europavarietas.org\/csdp_new\/#\/schema\/logo\/image\/\",\"url\":\"https:\/\/europavarietas.org\/csdp_new\/wp-content\/uploads\/2023\/08\/cropped-cropped-cerpesc5_0.png\",\"contentUrl\":\"https:\/\/europavarietas.org\/csdp_new\/wp-content\/uploads\/2023\/08\/cropped-cropped-cerpesc5_0.png\",\"width\":530,\"height\":97,\"caption\":\"CERPESC\"},\"image\":{\"@id\":\"https:\/\/europavarietas.org\/csdp_new\/#\/schema\/logo\/image\/\"}}]}<\/script>\n<!-- \/ Yoast SEO plugin. -->","yoast_head_json":{"title":"European Institutions & Organizations - CERPESC","robots":{"index":"index","follow":"follow","max-snippet":"max-snippet:-1","max-image-preview":"max-image-preview:large","max-video-preview":"max-video-preview:-1"},"canonical":"https:\/\/europavarietas.org\/csdp_new\/index.php\/european-institutions-and-organizations\/","og_locale":"en_GB","og_type":"article","og_title":"European Institutions & Organizations - CERPESC","og_description":"site under construction Europa.eu Activit\u00e9s de l&#8217;UE &#8211; Politique \u00e9trang\u00e8re et s\u00e9curit\u00e9 (Europa.eu) Histoire de la PESC (Europa.eu) La mise en oeuvre de la PESC\/PESD (Europa.eu) La pr\u00e9vention des conflits (Europa.eu) Lutte contre la criminalit\u00e9 organis\u00e9e (Europa.eu) Lutte contre le terrorisme (Europa.eu) Commission europ\u00e9enne UE dans le Monde (Commission europ\u00e9enne) External Relations (Commission europ\u00e9enne) General...","og_url":"https:\/\/europavarietas.org\/csdp_new\/index.php\/european-institutions-and-organizations\/","og_site_name":"CERPESC","article_modified_time":"2023-08-27T16:04:34+00:00","twitter_card":"summary_large_image","twitter_misc":{"Estimated reading time":"2 minutes"},"schema":{"@context":"https:\/\/schema.org","@graph":[{"@type":"WebPage","@id":"https:\/\/europavarietas.org\/csdp_new\/index.php\/european-institutions-and-organizations\/","url":"https:\/\/europavarietas.org\/csdp_new\/index.php\/european-institutions-and-organizations\/","name":"European Institutions & Organizations - CERPESC","isPartOf":{"@id":"https:\/\/europavarietas.org\/csdp_new\/#website"},"datePublished":"2015-01-09T16:00:00+00:00","dateModified":"2023-08-27T16:04:34+00:00","breadcrumb":{"@id":"https:\/\/europavarietas.org\/csdp_new\/index.php\/european-institutions-and-organizations\/#breadcrumb"},"inLanguage":"en-GB","potentialAction":[{"@type":"ReadAction","target":["https:\/\/europavarietas.org\/csdp_new\/index.php\/european-institutions-and-organizations\/"]}]},{"@type":"BreadcrumbList","@id":"https:\/\/europavarietas.org\/csdp_new\/index.php\/european-institutions-and-organizations\/#breadcrumb","itemListElement":[{"@type":"ListItem","position":1,"name":"Home","item":"https:\/\/europavarietas.org\/csdp_new\/"},{"@type":"ListItem","position":2,"name":"European Institutions &#038; Organizations"}]},{"@type":"WebSite","@id":"https:\/\/europavarietas.org\/csdp_new\/#website","url":"https:\/\/europavarietas.org\/csdp_new\/","name":"CERPESC","description":"European Soultion for Defence and Crisis Management","publisher":{"@id":"https:\/\/europavarietas.org\/csdp_new\/#organization"},"potentialAction":[{"@type":"SearchAction","target":{"@type":"EntryPoint","urlTemplate":"https:\/\/europavarietas.org\/csdp_new\/?s={search_term_string}"},"query-input":{"@type":"PropertyValueSpecification","valueRequired":true,"valueName":"search_term_string"}}],"inLanguage":"en-GB"},{"@type":"Organization","@id":"https:\/\/europavarietas.org\/csdp_new\/#organization","name":"CERPESC","url":"https:\/\/europavarietas.org\/csdp_new\/","logo":{"@type":"ImageObject","inLanguage":"en-GB","@id":"https:\/\/europavarietas.org\/csdp_new\/#\/schema\/logo\/image\/","url":"https:\/\/europavarietas.org\/csdp_new\/wp-content\/uploads\/2023\/08\/cropped-cropped-cerpesc5_0.png","contentUrl":"https:\/\/europavarietas.org\/csdp_new\/wp-content\/uploads\/2023\/08\/cropped-cropped-cerpesc5_0.png","width":530,"height":97,"caption":"CERPESC"},"image":{"@id":"https:\/\/europavarietas.org\/csdp_new\/#\/schema\/logo\/image\/"}}]}},"_links":{"self":[{"href":"https:\/\/europavarietas.org\/csdp_new\/index.php\/wp-json\/wp\/v2\/pages\/936","targetHints":{"allow":["GET"]}}],"collection":[{"href":"https:\/\/europavarietas.org\/csdp_new\/index.php\/wp-json\/wp\/v2\/pages"}],"about":[{"href":"https:\/\/europavarietas.org\/csdp_new\/index.php\/wp-json\/wp\/v2\/types\/page"}],"author":[{"embeddable":true,"href":"https:\/\/europavarietas.org\/csdp_new\/index.php\/wp-json\/wp\/v2\/users\/2"}],"replies":[{"embeddable":true,"href":"https:\/\/europavarietas.org\/csdp_new\/index.php\/wp-json\/wp\/v2\/comments?post=936"}],"version-history":[{"count":8,"href":"https:\/\/europavarietas.org\/csdp_new\/index.php\/wp-json\/wp\/v2\/pages\/936\/revisions"}],"predecessor-version":[{"id":945,"href":"https:\/\/europavarietas.org\/csdp_new\/index.php\/wp-json\/wp\/v2\/pages\/936\/revisions\/945"}],"wp:attachment":[{"href":"https:\/\/europavarietas.org\/csdp_new\/index.php\/wp-json\/wp\/v2\/media?parent=936"}],"wp:term":[{"taxonomy":"category","embeddable":true,"href":"https:\/\/europavarietas.org\/csdp_new\/index.php\/wp-json\/wp\/v2\/categories?post=936"},{"taxonomy":"post_tag","embeddable":true,"href":"https:\/\/europavarietas.org\/csdp_new\/index.php\/wp-json\/wp\/v2\/tags?post=936"}],"curies":[{"name":"wp","href":"https:\/\/api.w.org\/{rel}","templated":true}]}}