{"id":873,"date":"2015-01-09T11:19:00","date_gmt":"2015-01-09T11:19:00","guid":{"rendered":"https:\/\/europavarietas.org\/csdp_new\/?page_id=873"},"modified":"2023-08-25T11:21:28","modified_gmt":"2023-08-25T11:21:28","slug":"reviews-papers","status":"publish","type":"page","link":"https:\/\/europavarietas.org\/csdp_new\/index.php\/reviews-papers\/","title":{"rendered":"Reviews &amp; Papers"},"content":{"rendered":"\t\t<div data-elementor-type=\"wp-page\" data-elementor-id=\"873\" class=\"elementor elementor-873\">\n\t\t\t\t\t\t<section class=\"elementor-section elementor-top-section elementor-element elementor-element-db6dc28 elementor-section-boxed elementor-section-height-default elementor-section-height-default\" data-id=\"db6dc28\" data-element_type=\"section\">\n\t\t\t\t\t\t<div class=\"elementor-container elementor-column-gap-default\">\n\t\t\t\t\t<div class=\"elementor-column elementor-col-100 elementor-top-column elementor-element elementor-element-b550f2e\" data-id=\"b550f2e\" data-element_type=\"column\">\n\t\t\t<div class=\"elementor-widget-wrap elementor-element-populated\">\n\t\t\t\t\t\t<div class=\"elementor-element elementor-element-06eb339 elementor-widget elementor-widget-text-editor\" data-id=\"06eb339\" data-element_type=\"widget\" data-widget_type=\"text-editor.default\">\n\t\t\t\t<div class=\"elementor-widget-container\">\n\t\t\t\t\t\t\t\t\t<p><strong>ON-LINE\u00a0<\/strong><\/p><p><a href=\"http:\/\/www.iris-france.org\/analyse\/une.php\" target=\"_blank\" rel=\"noopener\">Analyses du Jour (IRIS-France)<\/a><br \/><a href=\"http:\/\/www.iiss.org\/publications\/adelphi-papers\/\" target=\"_blank\" rel=\"noopener\">Adelphi Papers (IISS)<\/a><br \/><a href=\"http:\/\/www.cerems-biblio.fr\/?rub=documents&amp;page=liste_fichiers_publique&amp;rubrique_id=234\" target=\"_blank\" rel=\"noopener\">Cahiers du CEREM<\/a><\/p><p><a href=\"http:\/\/www.rmes.be\/?page_id=293\" target=\"_blank\" rel=\"noopener\">Cahiers du RMES<\/a><br \/><a href=\"http:\/\/www.iss.europa.eu\/index.php?id=143&amp;L=1\" target=\"_blank\" rel=\"noopener\">Cahiers de Chaillot (EUISS)<\/a><br \/><a href=\"http:\/\/varietas.visuart.eu\/cerpescanalyses\" target=\"_blank\" rel=\"noopener\">CERPESC Analyses (CERPESC)<\/a><br \/><a href=\"http:\/\/mjp.univ-perp.fr\/defense\/ds.htm\" target=\"_blank\" rel=\"noopener\">D\u00e9fense &amp; Strat\u00e9gie (Sorbonne, Paris 1)<\/a><br \/><a href=\"http:\/\/pesd.blogspot.com\/search?q=EDA\" target=\"_blank\" rel=\"noopener\">EDA (European Defense Agency) Bulletin<\/a><br \/><a href=\"http:\/\/www2.lse.ac.uk\/internationalRelations\/centresandunits\/EFPU\/EFPUworkingpaperseries.aspx\" target=\"_blank\" rel=\"noopener\">EFPU Working Paper Series<\/a><br \/><a href=\"http:\/\/www.consilium.europa.eu\/showPage.aspx?id=1922&amp;lang=FR\" target=\"_blank\" rel=\"noopener\">CSDP Weekly e-Newsletter \/2010-\/<\/a><br \/><a href=\"http:\/\/www.consilium.europa.eu\/showPage.aspx?id=1090&amp;lang=fr\" target=\"_blank\" rel=\"noopener\"> &#8211; ESDP Newsletter (Conseil Europ\u00e9en) \/2005-2009\/<\/a><br \/><a href=\"http:\/\/www.hrw.org\/en\/publications\/reports?filter0=**ALL**&amp;filter1=**ALL**\" target=\"_blank\" rel=\"noopener\">HRW Reports (Human Right Watch)<\/a><br \/><a href=\"http:\/\/www.crisisgroup.org\/home\/index.cfm?id=1144&amp;l=1\" target=\"_blank\" rel=\"noopener\">ICG Reports (International Crisis Group)<\/a><br \/><br \/><a href=\"http:\/\/pesd.blogspot.com\/2008_05_01_archive.html\" target=\"_blank\" rel=\"noopener\">IMPETUS (Bulletin of EU Military Staff)<\/a><br \/><a href=\"http:\/\/pesd.blogspot.com\/search?q=EDA\" target=\"_blank\" rel=\"noopener\">EDA (European Defense Agency) Bulletin<\/a><br \/><a href=\"http:\/\/www.esisc.org\/publications\/analyses#Esisc-Content\" target=\"_blank\" rel=\"noopener\">ESISC Note d&#8217;Analyse<\/a><br \/><a href=\"http:\/\/www.isis-europe.eu\/publications\/european-security-review\" target=\"_blank\" rel=\"noopener\">European Security Review (ISIS)<\/a><br \/><a href=\"http:\/\/www.ifri.org\/?page=nos-e-notes\" target=\"_blank\" rel=\"noopener\">Notes d&#8217;Ifri<\/a><br \/><a href=\"http:\/\/www.rpfrance.eu\/spip.php?rubrique208\" target=\"_blank\" rel=\"noopener\">Lettres de la Repr\u00e9sentation militaire fran\u00e7aise aupr\u00e8s de l&#8217;UE<\/a><br \/><a href=\"http:\/\/www.chathamhouse.org.uk\/publications\/twt\/\" target=\"_blank\" rel=\"noopener\">The World Today (TWT &#8211; Chatham House)<\/a><br \/><a href=\"http:\/\/www.zmne.hu\/kulso\/mhtt\/hadtudomany\/\" target=\"_blank\" rel=\"noopener\">Hadtudom\u00e1ny (ZMNE)<\/a><\/p><p><a href=\"http:\/\/www.euobserver.com\/?sid=15\" target=\"_blank\" rel=\"noopener\">Euobserver<\/a><br \/><a href=\"http:\/\/www.euractiv.fr\/\" target=\"_blank\" rel=\"noopener\">Euractiv<\/a><br \/><a href=\"http:\/\/www.eurunion.org\/eu\/index.php?option=com_content&amp;task=view&amp;id=55&amp;Itemid=43\" target=\"_blank\" rel=\"noopener\">EUFOCUS &amp; EUINSIDE<\/a><br \/><a href=\"http:\/\/www.worldpress.org\/\" target=\"_blank\" rel=\"noopener\">Worldpress.org<\/a><\/p><p><strong>ON-LINE \/ &#8220;OFF-LINE&#8221; (Payant)<\/strong><\/p><p><a href=\"http:\/\/www.diplomatie.gouv.fr\/fr\/actions-france_830\/etudes-recherches_3119\/annuaire-francais-relations-internationales_3123\/index.html\" target=\"_blank\" rel=\"noopener\">Annuaire fran\u00e7ais des relations internationales (AFRI) (gratuit)<\/a><br \/><a href=\"http:\/\/www.aafjournal.co.za\/\" target=\"_blank\" rel=\"noopener\">African Armed Forces Journal<\/a><br \/><a href=\"http:\/\/www.cairn.info\/revue-afrique-contemporaine-2008-4.htm\" target=\"_blank\" rel=\"noopener\">Afrique contemporaine<\/a><br \/><a href=\"http:\/\/www.the-african.org\/\" target=\"_blank\" rel=\"noopener\">theAfrican.org (ISS-Africa)<\/a><br \/><a href=\"http:\/\/www.aeropresse.com\/presse_magazine\/magazine-air-et-cosmos.php\" target=\"_blank\" rel=\"noopener\">Air &amp; Cosmos<\/a><br \/><a href=\"http:\/\/www.armscontrol.org\/act\/\" target=\"_blank\" rel=\"noopener\"> Arms Control Today<\/a><br \/><a href=\"http:\/\/www.thebulletin.org\/\" target=\"_blank\" rel=\"noopener\">Bulletin of the Atomic Scientist<\/a><br \/><a href=\"http:\/\/www.cairn.info\/revue-cahiers-d-etudes-africaines.htm\" target=\"_blank\" rel=\"noopener\">Cahiers d&#8217;\u00e9tudes africaines<\/a><br \/><a href=\"http:\/\/www.cairn.info\/revue-cahiers-du-monde-russe.htm\" target=\"_blank\" rel=\"noopener\">Cahiers du monde russe<\/a><br \/><a href=\"http:\/\/www.nipp.org\/comparativestrategy.php\" target=\"_blank\" rel=\"noopener\">Comparative Strategy<\/a><br \/><a href=\"http:\/\/www.contemporarysecuritypolicy.org\/\" target=\"_blank\" rel=\"noopener\">Contemporary Security Policy<\/a><br \/>Cooperations and conflicts<br \/><a href=\"http:\/\/www.ladocumentationfrancaise.fr\/revues-collections\/courrier-pays-est\/index.shtml\" target=\"_blank\" rel=\"noopener\">Le courrier des pays de l&#8217;Est<\/a><br \/><a href=\"http:\/\/www.ceri-sciencespo.com\/cerifr\/publica\/critique\/critique.php\" target=\"_blank\" rel=\"noopener\">Critique internationale<\/a><br \/><a style=\"color: #027ac6; text-decoration: none;\" href=\"http:\/\/www.currenthistory.com\/\" target=\"_blank\" rel=\"noopener\">Current History<\/a><br \/><a href=\"http:\/\/www.defnat.com\/\" target=\"_blank\" rel=\"noopener\">D\u00e9fense nationale et s\u00e9curit\u00e9 collective<\/a><br \/><a style=\"color: #027ac6; text-decoration: none;\" href=\"http:\/\/www.deutsche-aussenpolitik.de\/index.php\" target=\"_blank\" rel=\"noopener\">Deutsche Aussenpolitik<\/a><br \/><a href=\"http:\/\/ed385.univ-paris3.fr\/pages\/dialogues.htm\" target=\"_blank\" rel=\"noopener\">Dialogues Europ\u00e9ens (Paris III. Sorbonne, ED-385)<\/a><br \/><a href=\"http:\/\/www.ejercito.mde.es\/publicaciones\/ejercito\/index_revisejercito.html\" target=\"_blank\" rel=\"noopener\">Ej\u00e9rcito <\/a><br \/><a href=\"http:\/\/www.esprit.presse.fr\" target=\"_blank\" rel=\"noopener\">Esprit<\/a><br \/><a href=\"http:\/\/www.europaeische-sicherheit.de\/Ausgaben\/es_abo.html\" target=\"_blank\" rel=\"noopener\">Europ\u00e4ische Sicherheit<\/a><br \/><a href=\"http:\/\/www.kluwerlawonline.com\/toc.php?area=Journals&amp;mode=bypub&amp;level=4&amp;values=Journals~~European+Foreign+Affairs+Review\" target=\"_blank\" rel=\"noopener\">European Foreign Affairs Review<\/a><br \/><a href=\"http:\/\/www.sgir.eu\/european-journal\/\" target=\"_blank\" rel=\"noopener\">European Journal of International Relations (EJIR)<\/a><br \/><a href=\"http:\/\/www.informaworld.com\/smpp\/title~content=t713635117~db=all\" target=\"_blank\" rel=\"noopener\">European Security<\/a><br \/><a href=\"http:\/\/www.foreignaffairs.com\/\" target=\"_blank\" rel=\"noopener\">Foreign Affairs<\/a><br \/><a href=\"http:\/\/www.foreignpolicy.com\/\" target=\"_blank\" rel=\"noopener\">Foreing Policy (FP)<\/a><br \/><a href=\"http:\/\/www.kulugyiintezet.hu\/en\/index.php?oldal=6&amp;kep=2\" target=\"_blank\" rel=\"noopener\">Foreign Policy Review (HIIA)<\/a><br \/>Future (THALES)<br \/><a href=\"http:\/\/brill.publisher.ingentaconnect.com\/content\/mnp\/hels\" target=\"_blank\" rel=\"noopener\">Helsinki Monitor<\/a><br \/><a href=\"http:\/\/www.greekhelsinki.gr\/bhr\/english\/organizations\/ghm\/index.html\" target=\"_blank\" rel=\"noopener\">Greek Helsinki Monitor (gratuit)<\/a><br \/><a href=\"http:\/\/www.cairn.info\/revue-herodote.htm\" target=\"_blank\" rel=\"noopener\">H\u00e9rodote (revue de g\u00e9ographie et de g\u00e9opolitique)<\/a><br \/><a href=\"http:\/\/www.cairn.info\/revue-horizons-strategiques.htm\" target=\"_blank\" rel=\"noopener\">Horizons strat\u00e9giques<\/a><br \/><a href=\"http:\/\/www.insightturkey.com\/\" target=\"_blank\" rel=\"noopener\">Insight Turkey<\/a><br \/><a href=\"http:\/\/idr.janes.com\/public\/idr\/index.shtml\" target=\"_blank\" rel=\"noopener\">Jane&#8217;s &#8211; International Defence Review<\/a><br \/><a href=\"http:\/\/www.informaworld.com\/smpp\/title~content=t713635493\" target=\"_blank\" rel=\"noopener\">International Peacekeeping<\/a><br \/><a href=\"http:\/\/www.internationalpeacekeeping.org\/\" target=\"_blank\" rel=\"noopener\">Journal of International Peacekeeping<\/a><br \/><a href=\"http:\/\/www.nationalinterest.org\/\" target=\"_blank\" rel=\"noopener\">The National Interest<\/a><br \/><a href=\"http:\/\/portal.zmne.hu\/portal\/page?_pageid=34,37869&amp;_dad=portal&amp;_schema=PORTAL\" target=\"_blank\" rel=\"noopener\">Nemzet \u00e9s Biztons\u00e1g (SVKI)<\/a><br \/><a href=\"http:\/\/www.mepc.org\/journal\/journal.asp\" target=\"_blank\" rel=\"noopener\">Middle East Policy<\/a><br \/><a href=\"http:\/\/www.informaworld.com\/smpp\/title~content=t713604487~db=all\" target=\"_blank\" rel=\"noopener\">Mediterranean Politics<\/a><br \/><a href=\"http:\/\/www.africasia.com\/themiddleeast\/\" target=\"_blank\" rel=\"noopener\">The Middle East<\/a><br \/>Maghreb achren<br \/><a href=\"http:\/\/www.informaworld.com\/smpp\/title~db=all~content=t713636064\" target=\"_blank\" rel=\"noopener\">The Journal of Strategic Studies<\/a><br \/><a href=\"http:\/\/www.wiley.com\/bw\/journal.asp?ref=0021-9886\" target=\"_blank\" rel=\"noopener\">Journal of Common Market Studies (JCMS)<\/a><br \/><a href=\"http:\/\/www.janes-defence-weekly.com\" target=\"_blank\" rel=\"noopener\">Jane&#8217;s &#8211; Defense weekly<\/a><br \/><a href=\"http:\/\/www.iai.it\/SECTIONS_EN\/PUBBLICAZIONI\/THEINTERNATIONALSPECTATOR\/TIS_EN.ASP\" target=\"_blank\" rel=\"noopener\">The International Spectator<\/a><br \/><a href=\"http:\/\/belfercenter.ksg.harvard.edu\/project\/58\/quarterly_journal.html?parent_id=46\" target=\"_blank\" rel=\"noopener\">International Security<\/a><br \/><a href=\"http:\/\/www.internationalepolitik.de\/\" target=\"_blank\" rel=\"noopener\">Internationale Politik<\/a><br \/><a href=\"http:\/\/www.monch.com\/natos-nations_mediadata.php\" target=\"_blank\" rel=\"noopener\">NATO&#8217;S Nations<\/a><br \/><a href=\"http:\/\/www.natoschool.nato.int\/internet_multimedia\/multimedia_polaris\/pubs_polaris_body.htm\" target=\"_blank\" rel=\"noopener\">Polaris (NATO School)<\/a><br \/><a href=\"http:\/\/cns.miis.edu\/npr\/\" target=\"_blank\" rel=\"noopener\">The Nonproliferation Review (NPR)<\/a><br \/><a href=\"http:\/\/www.fpri.org\/orbis\/\" target=\"_blank\" rel=\"noopener\">Orbis &#8211; A Journal of World Affairs<\/a><br \/><a href=\"http:\/\/www.osteuropa.dgo-online.org\/\" target=\"_blank\" rel=\"noopener\">Osteuropa<\/a><br \/><a href=\"http:\/\/www.cairn.info\/revue-politique-etrangere.htm\" target=\"_blank\" rel=\"noopener\">Politique \u00e9trang\u00e8re<\/a><br \/><a href=\"http:\/\/www.cairn.info\/revue-politique-europeenne.htm\" target=\"_blank\" rel=\"noopener\">Politique europ\u00e9enne<\/a><br \/>Politique ext\u00e9rieure<br \/><a href=\"http:\/\/www.ladocumentationfrancaise.fr\/revues-collections\/problemes-politiques-sociaux\/index.shtml\" target=\"_blank\" rel=\"noopener\">Probl\u00e8mes politiques et sociaux<\/a><br \/><a href=\"http:\/\/www.prospect-magazine.co.uk\" target=\"_blank\" rel=\"noopener\">Prospect <\/a><br \/><a href=\"http:\/\/www.ladocumentationfrancaise.fr\/revues-collections\/questions-internationales\/index.shtml\" target=\"_blank\" rel=\"noopener\"> Questions internationales<\/a><br \/><a href=\"http:\/\/www.ifri.org\/frontDispatcher\/ifri\/publications\/ramses\" target=\"_blank\" rel=\"noopener\">Ramses (IFRI)<\/a><br \/><a href=\"http:\/\/www.cairn.info\/revue-relations-internationales.htm\" target=\"_blank\" rel=\"noopener\">Relations internationales<\/a><br \/><a href=\"http:\/\/journals.cambridge.org\/action\/displayJournal?jid=ris\" target=\"_blank\" rel=\"noopener\">Review of International Studies (RIS)<\/a><br \/><a href=\"http:\/\/www.mde.es\/contenido.jsp?id_nodo=4335&amp;keyword=&amp;auditoria=F\" target=\"_blank\" rel=\"noopener\">Revista Espagnola de Defensa (RED) (gratuit)<\/a><br \/><a href=\"http:\/\/www.cairn.info\/revue-internationale-et-strategique.htm\" target=\"_blank\" rel=\"noopener\">Revue internationale et strat\u00e9gique<\/a><br \/><a href=\"http:\/\/www.revue-defense-ihedn.fr\" target=\"_blank\" rel=\"noopener\">Revue D\u00e9fense (Union IHEDN)<\/a><br \/><a href=\"http:\/\/sdi.sagepub.com\/\" target=\"_blank\" rel=\"noopener\">Security Dialogue <\/a><br \/><a href=\"http:\/\/www.informaworld.com\/smpp\/title~content=t713636712~db=all\" target=\"_blank\" rel=\"noopener\"> Security Studies<\/a><br \/><a href=\"http:\/\/www.informaworld.com\/smpp\/title~content=t713634533~db=all\" target=\"_blank\" rel=\"noopener\">Southeast European and Black Sea Studies<\/a><br \/><a href=\"http:\/\/www.informaworld.com\/smpp\/title~content=t713636843~db=all\" target=\"_blank\" rel=\"noopener\">Terrorism and Political Violence<\/a><br \/><a href=\"http:\/\/www.twq.com\/\" target=\"_blank\" rel=\"noopener\">The Washington Quarterly (gratuit)<\/a><\/p><p><a href=\"http:\/\/www.monch.com\/\">M\u00f6nch Publishing Group<\/a> : Naval Forces, Al Defaiya, Tecnologia Militar, Wehrtechnik, Savunma Ve Havacilik, Rivista Italiana Difesa<\/p><p><a href=\"http:\/\/www.defensa.com\">Grupo Edefa SA<\/a> : Fuerzas de DEFENSA y Seguridad, The Latin American Defence Yearbook, www.airline92.com<br \/><a href=\"http:\/\/www.warheat.com\">War Heat Internacional<\/a> :<\/p><p>\u00a0<\/p><hr \/><p><em>Site cr\u00e9\u00e9 par Andr\u00e1s Istv\u00e1n T\u00fcrke<\/em><br \/><em>Derni\u00e8re modification : 06\/12\/2011<\/em><br \/>Signaler une erreur : info@europavarietas.org<\/p>\t\t\t\t\t\t\t\t<\/div>\n\t\t\t\t<\/div>\n\t\t\t\t\t<\/div>\n\t\t<\/div>\n\t\t\t\t\t<\/div>\n\t\t<\/section>\n\t\t\t\t<\/div>\n\t\t","protected":false},"excerpt":{"rendered":"<p>ON-LINE\u00a0 Analyses du Jour (IRIS-France) Adelphi Papers (IISS) Cahiers du CEREM Cahiers du RMES Cahiers de Chaillot (EUISS) CERPESC Analyses (CERPESC) D\u00e9fense &amp; Strat\u00e9gie (Sorbonne, Paris 1) EDA (European Defense Agency) Bulletin EFPU Working Paper Series CSDP Weekly e-Newsletter \/2010-\/ &#8211; ESDP Newsletter (Conseil Europ\u00e9en) \/2005-2009\/ HRW Reports (Human Right Watch) ICG Reports (International Crisis&#8230;<\/p>\n","protected":false},"author":2,"featured_media":838,"parent":0,"menu_order":0,"comment_status":"closed","ping_status":"closed","template":"","meta":{"footnotes":""},"categories":[3],"tags":[],"class_list":["post-873","page","type-page","status-publish","has-post-thumbnail","hentry","category-cerpesc"],"yoast_head":"<!-- This site is optimized with the Yoast SEO plugin v26.5 - https:\/\/yoast.com\/wordpress\/plugins\/seo\/ -->\n<title>Reviews &amp; Papers - CERPESC<\/title>\n<meta name=\"robots\" content=\"index, follow, max-snippet:-1, max-image-preview:large, max-video-preview:-1\" \/>\n<link rel=\"canonical\" href=\"https:\/\/europavarietas.org\/csdp_new\/index.php\/reviews-papers\/\" \/>\n<meta property=\"og:locale\" content=\"en_GB\" \/>\n<meta property=\"og:type\" content=\"article\" \/>\n<meta property=\"og:title\" content=\"Reviews &amp; Papers - CERPESC\" \/>\n<meta property=\"og:description\" content=\"ON-LINE\u00a0 Analyses du Jour (IRIS-France) Adelphi Papers (IISS) Cahiers du CEREM Cahiers du RMES Cahiers de Chaillot (EUISS) CERPESC Analyses (CERPESC) D\u00e9fense &amp; Strat\u00e9gie (Sorbonne, Paris 1) EDA (European Defense Agency) Bulletin EFPU Working Paper Series CSDP Weekly e-Newsletter \/2010-\/ &#8211; ESDP Newsletter (Conseil Europ\u00e9en) \/2005-2009\/ HRW Reports (Human Right Watch) ICG Reports (International Crisis...\" \/>\n<meta property=\"og:url\" content=\"https:\/\/europavarietas.org\/csdp_new\/index.php\/reviews-papers\/\" \/>\n<meta property=\"og:site_name\" content=\"CERPESC\" \/>\n<meta property=\"article:modified_time\" content=\"2023-08-25T11:21:28+00:00\" \/>\n<meta property=\"og:image\" content=\"https:\/\/europavarietas.org\/csdp_new\/wp-content\/uploads\/2023\/08\/banner2.jpg\" \/>\n\t<meta property=\"og:image:width\" content=\"915\" \/>\n\t<meta property=\"og:image:height\" content=\"176\" \/>\n\t<meta property=\"og:image:type\" content=\"image\/jpeg\" \/>\n<meta name=\"twitter:card\" content=\"summary_large_image\" \/>\n<meta name=\"twitter:label1\" content=\"Estimated reading time\" \/>\n\t<meta name=\"twitter:data1\" content=\"2 minutes\" \/>\n<script type=\"application\/ld+json\" class=\"yoast-schema-graph\">{\"@context\":\"https:\/\/schema.org\",\"@graph\":[{\"@type\":\"WebPage\",\"@id\":\"https:\/\/europavarietas.org\/csdp_new\/index.php\/reviews-papers\/\",\"url\":\"https:\/\/europavarietas.org\/csdp_new\/index.php\/reviews-papers\/\",\"name\":\"Reviews &amp; Papers - CERPESC\",\"isPartOf\":{\"@id\":\"https:\/\/europavarietas.org\/csdp_new\/#website\"},\"primaryImageOfPage\":{\"@id\":\"https:\/\/europavarietas.org\/csdp_new\/index.php\/reviews-papers\/#primaryimage\"},\"image\":{\"@id\":\"https:\/\/europavarietas.org\/csdp_new\/index.php\/reviews-papers\/#primaryimage\"},\"thumbnailUrl\":\"https:\/\/europavarietas.org\/csdp_new\/wp-content\/uploads\/2023\/08\/banner2.jpg\",\"datePublished\":\"2015-01-09T11:19:00+00:00\",\"dateModified\":\"2023-08-25T11:21:28+00:00\",\"breadcrumb\":{\"@id\":\"https:\/\/europavarietas.org\/csdp_new\/index.php\/reviews-papers\/#breadcrumb\"},\"inLanguage\":\"en-GB\",\"potentialAction\":[{\"@type\":\"ReadAction\",\"target\":[\"https:\/\/europavarietas.org\/csdp_new\/index.php\/reviews-papers\/\"]}]},{\"@type\":\"ImageObject\",\"inLanguage\":\"en-GB\",\"@id\":\"https:\/\/europavarietas.org\/csdp_new\/index.php\/reviews-papers\/#primaryimage\",\"url\":\"https:\/\/europavarietas.org\/csdp_new\/wp-content\/uploads\/2023\/08\/banner2.jpg\",\"contentUrl\":\"https:\/\/europavarietas.org\/csdp_new\/wp-content\/uploads\/2023\/08\/banner2.jpg\",\"width\":915,\"height\":176},{\"@type\":\"BreadcrumbList\",\"@id\":\"https:\/\/europavarietas.org\/csdp_new\/index.php\/reviews-papers\/#breadcrumb\",\"itemListElement\":[{\"@type\":\"ListItem\",\"position\":1,\"name\":\"Home\",\"item\":\"https:\/\/europavarietas.org\/csdp_new\/\"},{\"@type\":\"ListItem\",\"position\":2,\"name\":\"Reviews &amp; Papers\"}]},{\"@type\":\"WebSite\",\"@id\":\"https:\/\/europavarietas.org\/csdp_new\/#website\",\"url\":\"https:\/\/europavarietas.org\/csdp_new\/\",\"name\":\"CERPESC\",\"description\":\"European Soultion for Defence and Crisis Management\",\"publisher\":{\"@id\":\"https:\/\/europavarietas.org\/csdp_new\/#organization\"},\"potentialAction\":[{\"@type\":\"SearchAction\",\"target\":{\"@type\":\"EntryPoint\",\"urlTemplate\":\"https:\/\/europavarietas.org\/csdp_new\/?s={search_term_string}\"},\"query-input\":{\"@type\":\"PropertyValueSpecification\",\"valueRequired\":true,\"valueName\":\"search_term_string\"}}],\"inLanguage\":\"en-GB\"},{\"@type\":\"Organization\",\"@id\":\"https:\/\/europavarietas.org\/csdp_new\/#organization\",\"name\":\"CERPESC\",\"url\":\"https:\/\/europavarietas.org\/csdp_new\/\",\"logo\":{\"@type\":\"ImageObject\",\"inLanguage\":\"en-GB\",\"@id\":\"https:\/\/europavarietas.org\/csdp_new\/#\/schema\/logo\/image\/\",\"url\":\"https:\/\/europavarietas.org\/csdp_new\/wp-content\/uploads\/2023\/08\/cropped-cropped-cerpesc5_0.png\",\"contentUrl\":\"https:\/\/europavarietas.org\/csdp_new\/wp-content\/uploads\/2023\/08\/cropped-cropped-cerpesc5_0.png\",\"width\":530,\"height\":97,\"caption\":\"CERPESC\"},\"image\":{\"@id\":\"https:\/\/europavarietas.org\/csdp_new\/#\/schema\/logo\/image\/\"}}]}<\/script>\n<!-- \/ Yoast SEO plugin. -->","yoast_head_json":{"title":"Reviews &amp; Papers - CERPESC","robots":{"index":"index","follow":"follow","max-snippet":"max-snippet:-1","max-image-preview":"max-image-preview:large","max-video-preview":"max-video-preview:-1"},"canonical":"https:\/\/europavarietas.org\/csdp_new\/index.php\/reviews-papers\/","og_locale":"en_GB","og_type":"article","og_title":"Reviews &amp; Papers - CERPESC","og_description":"ON-LINE\u00a0 Analyses du Jour (IRIS-France) Adelphi Papers (IISS) Cahiers du CEREM Cahiers du RMES Cahiers de Chaillot (EUISS) CERPESC Analyses (CERPESC) D\u00e9fense &amp; Strat\u00e9gie (Sorbonne, Paris 1) EDA (European Defense Agency) Bulletin EFPU Working Paper Series CSDP Weekly e-Newsletter \/2010-\/ &#8211; ESDP Newsletter (Conseil Europ\u00e9en) \/2005-2009\/ HRW Reports (Human Right Watch) ICG Reports (International Crisis...","og_url":"https:\/\/europavarietas.org\/csdp_new\/index.php\/reviews-papers\/","og_site_name":"CERPESC","article_modified_time":"2023-08-25T11:21:28+00:00","og_image":[{"width":915,"height":176,"url":"https:\/\/europavarietas.org\/csdp_new\/wp-content\/uploads\/2023\/08\/banner2.jpg","type":"image\/jpeg"}],"twitter_card":"summary_large_image","twitter_misc":{"Estimated reading time":"2 minutes"},"schema":{"@context":"https:\/\/schema.org","@graph":[{"@type":"WebPage","@id":"https:\/\/europavarietas.org\/csdp_new\/index.php\/reviews-papers\/","url":"https:\/\/europavarietas.org\/csdp_new\/index.php\/reviews-papers\/","name":"Reviews &amp; Papers - CERPESC","isPartOf":{"@id":"https:\/\/europavarietas.org\/csdp_new\/#website"},"primaryImageOfPage":{"@id":"https:\/\/europavarietas.org\/csdp_new\/index.php\/reviews-papers\/#primaryimage"},"image":{"@id":"https:\/\/europavarietas.org\/csdp_new\/index.php\/reviews-papers\/#primaryimage"},"thumbnailUrl":"https:\/\/europavarietas.org\/csdp_new\/wp-content\/uploads\/2023\/08\/banner2.jpg","datePublished":"2015-01-09T11:19:00+00:00","dateModified":"2023-08-25T11:21:28+00:00","breadcrumb":{"@id":"https:\/\/europavarietas.org\/csdp_new\/index.php\/reviews-papers\/#breadcrumb"},"inLanguage":"en-GB","potentialAction":[{"@type":"ReadAction","target":["https:\/\/europavarietas.org\/csdp_new\/index.php\/reviews-papers\/"]}]},{"@type":"ImageObject","inLanguage":"en-GB","@id":"https:\/\/europavarietas.org\/csdp_new\/index.php\/reviews-papers\/#primaryimage","url":"https:\/\/europavarietas.org\/csdp_new\/wp-content\/uploads\/2023\/08\/banner2.jpg","contentUrl":"https:\/\/europavarietas.org\/csdp_new\/wp-content\/uploads\/2023\/08\/banner2.jpg","width":915,"height":176},{"@type":"BreadcrumbList","@id":"https:\/\/europavarietas.org\/csdp_new\/index.php\/reviews-papers\/#breadcrumb","itemListElement":[{"@type":"ListItem","position":1,"name":"Home","item":"https:\/\/europavarietas.org\/csdp_new\/"},{"@type":"ListItem","position":2,"name":"Reviews &amp; Papers"}]},{"@type":"WebSite","@id":"https:\/\/europavarietas.org\/csdp_new\/#website","url":"https:\/\/europavarietas.org\/csdp_new\/","name":"CERPESC","description":"European Soultion for Defence and Crisis Management","publisher":{"@id":"https:\/\/europavarietas.org\/csdp_new\/#organization"},"potentialAction":[{"@type":"SearchAction","target":{"@type":"EntryPoint","urlTemplate":"https:\/\/europavarietas.org\/csdp_new\/?s={search_term_string}"},"query-input":{"@type":"PropertyValueSpecification","valueRequired":true,"valueName":"search_term_string"}}],"inLanguage":"en-GB"},{"@type":"Organization","@id":"https:\/\/europavarietas.org\/csdp_new\/#organization","name":"CERPESC","url":"https:\/\/europavarietas.org\/csdp_new\/","logo":{"@type":"ImageObject","inLanguage":"en-GB","@id":"https:\/\/europavarietas.org\/csdp_new\/#\/schema\/logo\/image\/","url":"https:\/\/europavarietas.org\/csdp_new\/wp-content\/uploads\/2023\/08\/cropped-cropped-cerpesc5_0.png","contentUrl":"https:\/\/europavarietas.org\/csdp_new\/wp-content\/uploads\/2023\/08\/cropped-cropped-cerpesc5_0.png","width":530,"height":97,"caption":"CERPESC"},"image":{"@id":"https:\/\/europavarietas.org\/csdp_new\/#\/schema\/logo\/image\/"}}]}},"_links":{"self":[{"href":"https:\/\/europavarietas.org\/csdp_new\/index.php\/wp-json\/wp\/v2\/pages\/873","targetHints":{"allow":["GET"]}}],"collection":[{"href":"https:\/\/europavarietas.org\/csdp_new\/index.php\/wp-json\/wp\/v2\/pages"}],"about":[{"href":"https:\/\/europavarietas.org\/csdp_new\/index.php\/wp-json\/wp\/v2\/types\/page"}],"author":[{"embeddable":true,"href":"https:\/\/europavarietas.org\/csdp_new\/index.php\/wp-json\/wp\/v2\/users\/2"}],"replies":[{"embeddable":true,"href":"https:\/\/europavarietas.org\/csdp_new\/index.php\/wp-json\/wp\/v2\/comments?post=873"}],"version-history":[{"count":5,"href":"https:\/\/europavarietas.org\/csdp_new\/index.php\/wp-json\/wp\/v2\/pages\/873\/revisions"}],"predecessor-version":[{"id":878,"href":"https:\/\/europavarietas.org\/csdp_new\/index.php\/wp-json\/wp\/v2\/pages\/873\/revisions\/878"}],"wp:featuredmedia":[{"embeddable":true,"href":"https:\/\/europavarietas.org\/csdp_new\/index.php\/wp-json\/wp\/v2\/media\/838"}],"wp:attachment":[{"href":"https:\/\/europavarietas.org\/csdp_new\/index.php\/wp-json\/wp\/v2\/media?parent=873"}],"wp:term":[{"taxonomy":"category","embeddable":true,"href":"https:\/\/europavarietas.org\/csdp_new\/index.php\/wp-json\/wp\/v2\/categories?post=873"},{"taxonomy":"post_tag","embeddable":true,"href":"https:\/\/europavarietas.org\/csdp_new\/index.php\/wp-json\/wp\/v2\/tags?post=873"}],"curies":[{"name":"wp","href":"https:\/\/api.w.org\/{rel}","templated":true}]}}