{"id":866,"date":"2015-01-09T11:11:00","date_gmt":"2015-01-09T11:11:00","guid":{"rendered":"https:\/\/europavarietas.org\/csdp_new\/?page_id=866"},"modified":"2023-08-25T11:21:49","modified_gmt":"2023-08-25T11:21:49","slug":"media","status":"publish","type":"page","link":"https:\/\/europavarietas.org\/csdp_new\/index.php\/media\/","title":{"rendered":"Media"},"content":{"rendered":"\t\t<div data-elementor-type=\"wp-page\" data-elementor-id=\"866\" class=\"elementor elementor-866\">\n\t\t\t\t\t\t<section class=\"elementor-section elementor-top-section elementor-element elementor-element-61520c2 elementor-section-boxed elementor-section-height-default elementor-section-height-default\" data-id=\"61520c2\" data-element_type=\"section\">\n\t\t\t\t\t\t<div class=\"elementor-container elementor-column-gap-default\">\n\t\t\t\t\t<div class=\"elementor-column elementor-col-100 elementor-top-column elementor-element elementor-element-ca12268\" data-id=\"ca12268\" data-element_type=\"column\">\n\t\t\t<div class=\"elementor-widget-wrap elementor-element-populated\">\n\t\t\t\t\t\t<div class=\"elementor-element elementor-element-e68311b elementor-widget elementor-widget-text-editor\" data-id=\"e68311b\" data-element_type=\"widget\" data-widget_type=\"text-editor.default\">\n\t\t\t\t<div class=\"elementor-widget-container\">\n\t\t\t\t\t\t\t\t\t<p>EUROPEAN UNION \/ UNION EUROP\u00c9ENNE\u00a0<\/p><p><a href=\"http:\/\/www.faz.net\/s\/homepage.html\">Frankfurter Allgemeine (DE)<\/a><br \/><a href=\"http:\/\/www.sueddeutsche.de\/politik\/\">S\u00fcddeutsche.de (DE)<\/a><br \/><a href=\"http:\/\/www.berlinonline.de\/berliner-zeitung\/politik\/index.php\">Berliner Zeitung (DE)<\/a><br \/><a href=\"http:\/\/www.wienerzeitung.at\/DesktopDefault.aspx?TabID=3855&amp;Alias=wzo\">Wiener Zeitung (A)<\/a><br \/><a href=\"http:\/\/www.diepresse.at\/\">Die Presse (A)<\/a><br \/><a href=\"http:\/\/www.zeit-fragen.ch\/\">Zeit-Fragen (CH)<\/a><br \/><a href=\"http:\/\/www.vocedimilano.it\">La Voce (IT)<\/a><br \/><a href=\"http:\/\/www.corriere.it\/Primo_Piano\/Politica\/?fr=tcol\">Corriere della Sera (IT)<\/a><br \/><a href=\"http:\/\/www.elpais.es\/internacional.html\">El Pais (ES)<\/a><br \/><a href=\"http:\/\/www.lemonde.fr\/web\/sequence\/0,2-3210,1-0,0.html\">Le Monde (FR)<\/a><br \/><a href=\"http:\/\/www.monde-diplomatique.fr\/\">Le Monde diplomatique (FR)<\/a><br \/><a href=\"http:\/\/www.lefigaro.fr\/international\/\">Le Figaro (FR)<\/a><br \/><a href=\"http:\/\/permanent.nouvelobs.com\/etranger\/\">Le Nouvel Observateur (FR)<\/a><br \/><a href=\"http:\/\/www.lexpress.fr\/info\/monde\/\">L&#8217;Express (FR)<\/a><br \/><a href=\"http:\/\/www.courrierinternational.fr\/gabarits\/html\/default_online.asp\">Courrier International (FR)<\/a><br \/><a href=\"http:\/\/www.liberation.fr\/\">Lib\u00e9ration (FR)<\/a><br \/><a href=\"http:\/\/www.la-croix.com\/Act\/Mon\/index.jsp\">La Croix (FR)<\/a><br \/><a href=\"http:\/\/www.armees.com\/\">Armees.com (FR)<\/a><br \/><a href=\"http:\/\/www.rfi.fr\/\">Radio France Internationale (FR)<\/a><br \/><a href=\"http:\/\/www.magyarhirlap.hu\/Kulfold_index.php\">Magyar H\u00edrlap (HU)<\/a><br \/><a href=\"http:\/\/www.mno.hu\/?pg=20\">Magyar Nemzet (HU)<\/a><br \/><a href=\"http:\/\/www.nol.hu\/kulfold\/\" target=\"_blank\" rel=\"noopener\">N\u00e9pszabads\u00e1g (HU)<\/a><br \/><a href=\"http:\/\/index.hu\/politika\/kulfold\/\">Index (HU)<\/a><br \/><a href=\"http:\/\/inforadio.hu\/hir\/kulfold\/\">Inforadio (HU)<\/a><br \/><a href=\"http:\/\/kitekinto.hu\/europa\/\" target=\"_blank\" rel=\"noopener\">Kitekint\u0151 (HU)<\/a><br \/><a href=\"http:\/\/www.fn.hu\/index.php?id=4\">Figyel\u0151net (HU)<\/a><br \/><a href=\"http:\/\/www.origo.hu\/nagyvilag\/index.html\">Origo (HU)<\/a><\/p><p>+<br \/><a href=\"http:\/\/news.bbc.co.uk\/\">BBC News (UK)<\/a><br \/><a href=\"http:\/\/www.ft.com\/home\/europe\">Financial Times (UK)<\/a><br \/><a href=\"http:\/\/www.economist.com\/index.html\">The Economist (UK)<\/a><br \/><a href=\"http:\/\/www.timesonline.co.uk\/section\/0,,3,00.html\">The Times (UK)<\/a><br \/><a href=\"http:\/\/www.guardian.co.uk\/\">Guardian (UK)<\/a><\/p><p><strong>USA \/ \u00c9tats-Unis<\/strong><br \/><a href=\"http:\/\/www.iht.com\/\">International Herald Tribune<\/a><br \/><a href=\"http:\/\/www.hillnews.com\/\">The Hill<\/a><br \/><a href=\"http:\/\/www.nybooks.com\/\">The New York Review<\/a><br \/><a href=\"http:\/\/www.nytimes.com\/\">The New York Times<\/a><br \/><a href=\"http:\/\/www.washingtonpost.com\/\">The Washington Post<\/a><br \/><a href=\"http:\/\/www.usatoday.com\/\">USA Today<\/a><br \/><a href=\"http:\/\/www.csmonitor.com\/\">The Christian Science Monitor<\/a><br \/><a href=\"http:\/\/www.weeklystandard.com\/\">The Weekly Standard<\/a><br \/><a href=\"http:\/\/www.nationalinterest.org\/ME2\/default.asp\">The National Interest<\/a><br \/><a href=\"http:\/\/www.foreignpolicy.com\/\">Foreign Policy<\/a><br \/><a href=\"http:\/\/www.aldaily.com\/\">Arts &amp; Letters Daily<\/a><br \/><a href=\"http:\/\/www.bigissueground.com\/\">Big Issue Ground<\/a><br \/><a href=\"http:\/\/www.commentarymagazine.com\/\">Commentary<\/a><br \/><a href=\"http:\/\/www.wpherald.com\/\">World Peace Herald<\/a><br \/><a href=\"http:\/\/www.cnn.com\/\">CNN.com<\/a><br \/><a href=\"http:\/\/www.rferl.org\/\">Radio Free Europe<\/a><\/p><p>Blogs<br \/><em><a href=\"http:\/\/whitehouse2008.blogspot.com\/\">Whitehouse2008<\/a><br \/><a href=\"http:\/\/www.ovaloffice2008.com\/\">Oval Office 2008<\/a><br \/><a href=\"http:\/\/www.truthout.org\/\">Truthout<\/a><br \/><a href=\"http:\/\/www.warincontext.org\/\">The War in Context<\/a><br \/><a href=\"http:\/\/warandpiece.com\/\">War and Piece<\/a><br \/><a href=\"http:\/\/blogs.washingtonpost.com\/worldopinionroundup\/\">Washingtonpost \/ World Opinion Roundup<\/a><br \/><a href=\"http:\/\/libe-usa.blogs.com\/\">A l&#8217;heure am\u00e9ricaine<\/a><br \/><a href=\"http:\/\/politique-etrangere-usa.typepad.com\/\">Politique \u00e9trang\u00e8re am\u00e9ricaine<\/a><br \/><a href=\"http:\/\/christophe.cavailles.over-blog.com\/\">Christophe Cavaill\u00e8s<\/a><br \/><a href=\"http:\/\/www.vaisse.net\/\">Justin Va\u00efsse<\/a><\/em><\/p><p><strong>Blogs (Fr)<\/strong><br \/><a href=\"http:\/\/carnetsdenuit.typepad.com\/carnets_de_nuit\/\">Carnets de nuit<\/a><\/p><p><strong>Pays Arabes<\/strong><br \/><a href=\"http:\/\/www.mafhoum.com\/phpmedia\/mediaFrameSet.php?selPrefix=NM_&amp;selLangueT=1&amp;selDbChoose=false\">A-concept &#8211; La base de donn\u00e9es des Informations et Media du Monde Arabe<\/a><\/p><p><strong>Canada<\/strong><br \/><a href=\"http:\/\/www.cyberpresse.ca\/apps\/pbcs.dll\/section?Category=CPMONDE\">Cyberpress<\/a><\/p><p>+<br \/><a href=\"http:\/\/www.jeuneafrique.com\/\">Jeune afrique<\/a><br \/><a href=\"http:\/\/www.digitalcongo.net\/\">Digitalcongo.net<\/a><\/p><p>&#8212;<br \/>Africa Online http:\/\/www.africanaonline.com\/<br \/>Aljazeera http:\/\/english.aljazeera.net\/English<br \/>All Afrika http:\/\/allafrica.com\/<br \/>Amerikai sajt\u00f3 http:\/\/amerikaisajto.lap.hu\/<br \/>Arab News http:\/\/www.arabnews.com\/<br \/>Arabic News http:\/\/www.arabicnews.com\/<br \/>Asia Times http:\/\/www.atimes.com\/<br \/>Baku Today http:\/\/www.bakutoday.net\/<br \/>BBC http:\/\/www.bbc.co.uk\/<br \/>Black Britain http:\/\/www.blackbritain.co.uk\/weekday\/<br \/>Black News http:\/\/www.blacknews.com\/<br \/>Caf\u00e9 Babel http:\/\/www.cafebabel.com\/en\/default.asp<br \/>China Today http:\/\/www.chinatoday.com.cn\/English\/index.htm<br \/>Commentary http:\/\/www.commentarymagazine.com\/<br \/>Consortiumnews http:\/\/www.consortiumnews.com\/<br \/>Counterpunch http:\/\/www.counterpunch.org\/<br \/>D\u00e9l-Kelet \u00c1zsia http:\/\/www.asianews.it\/<br \/>Euobserver http:\/\/euobserver.com\/<br \/>Eurasia Net http:\/\/www.eurasia.net\/<br \/>Expert On Europe http:\/\/www.expertoneurope.com\/Home<br \/>Foresight News http:\/\/www.foresightnews.co.uk\/web\/Login.aspx?ret=\/web\/home.aspx<br \/>Frankfurter Allgemeine Zeitung http:\/\/www.faz.net\/s\/homepage.html<br \/>Guardian http:\/\/www.guardian.co.uk\/<br \/>Haaeretz http:\/\/www.haaretz.com\/<br \/>Havana Journal http:\/\/havanajournal.com\/<br \/>HR-Net http:\/\/www.hri.org\/<br \/>Hungarian Quarterley http:\/\/www.hungarianquarterly.com\/<br \/>Independent http:\/\/www.independent.co.uk\/<br \/>Iran News http:\/\/www.iranian.ws\/<br \/>Islam Online http:\/\/www.islamonline.net\/english\/index.shtml<br \/>Israelinsider http:\/\/web.israelinsider.com\/home.htm<br \/>Israpundit http:\/\/www.israpundit.com\/2007\/<br \/>Jamaica Observer http:\/\/www.jamaicaobserver.com\/<br \/>Jerusalem Post http:\/\/www.jpost.com\/<br \/>Jewish Journal http:\/\/www.jewishjournal.com\/<br \/>Jewish Tribal Review http:\/\/www.jewishtribalreview.org\/<br \/>Jihad Watch http:\/\/www.jihadwatch.org\/<br \/>Kabul Press http:\/\/www.kabulpress.org\/my\/en\/<br \/>Kurd Media http:\/\/www.kurdmedia.com\/<br \/>Kurdistan Observer http:\/\/kurdistanobserver.servehttp.com\/<br \/>Le Monde Diplamatique http:\/\/www.monde-diplomatique.fr\/<br \/>Le Taurillon http:\/\/www.taurillon.org\/spip.php<br \/>Mail &amp; Guardian Online http:\/\/www.mg.co.za\/<br \/>Mevic http:\/\/www.mevic.org\/<br \/>Mideastweb http:\/\/www.mideastweb.org\/<br \/>New Criterion http:\/\/www.newcriterion.com\/<br \/>New York City Future http:\/\/www.nycfuture.org\/content\/home\/index.cfm?CFID=2339243&amp;CFTOKEN=955&#8230;<br \/>News from Russia http:\/\/www.newsfromrussia.com\/<br \/>Newsweek http:\/\/www.newsweek.com\/<br \/>Opinion Journal http:\/\/www.opinionjournal.com\/<br \/>Policy Pointers http:\/\/www.policypointers.org\/<br \/>Political Affairs Magazin http:\/\/www.politicalaffairs.net.\/<br \/>Political Science Quarteley http:\/\/www.psqonline.org\/<br \/>Reuters http:\/\/www.alertnet.org\/<br \/>The Washington Quarterley http:\/\/www.twq.com\/<br \/>The Australian http:\/\/www.theaustralian.com.au\/<br \/>The Baltic Times http:\/\/www.baltictimes.com<br \/>The Centerfor Public Integrity http:\/\/www.publicintegrity.org\/default.aspx<br \/>The Diplomat (DK \u00c1zsia) http:\/\/the-diplomat.com\/<br \/>The Economist http:\/\/www.economist.com\/<br \/>The Euros http:\/\/www.theeuros.eu\/spip.php?lang=en<br \/>The Financial Times http:\/\/www.ft.com\/home\/europe<br \/>The Globe and Mail http:\/\/www.theglobeandmail.com\/<br \/>The Nation http:\/\/www.thenation.com\/<br \/>The National Interest http:\/\/nationalinterest.org\/<br \/>The New Federalist http:\/\/www.thenewfederalist.eu\/<br \/>The New York Sun http:\/\/www.nysun.com\/<br \/>The New Yorker http:\/\/www.newyorker.com\/<br \/>The New YorkTimes http:\/\/www.nytimes.com.\/<br \/>The St Petersburg Times http:\/\/www.sptimesrussia.com\/<br \/>The Telegraph http:\/\/www.telegraph.co.uk\/<br \/>The Times http:\/\/www.timesonline.co.uk\/tol\/global\/<br \/>The Wall Street Journal http:\/\/online.wsj.com\/public\/us<br \/>The Washington Post http:\/\/www.washingtonpost.com\/<br \/>The Weekly Standard http:\/\/www.weeklystandard.com\/<br \/>Turkish Weekly http:\/\/www.turkishweekly.net\/<br \/>USA Today http:\/\/www.usatoday.com\/<br \/>Vil\u00e1gh\u00edrad\u00f3 http:\/\/www.worldpress.org\/<br \/>Washington Monthly http:\/\/www.washingtonmonthly.com\/<br \/>World Politics Review http:\/\/www.worldpoliticsreview.com\/<br \/>Zeek http:\/\/www.zeek.net\/<\/p><p>\u00a0<\/p><hr \/><p><em>Page created by Andr\u00e1s Istv\u00e1n T\u00fcrke, Guillaume De Roug\u00e9 et \u00c1d\u00e1m Schlenker<\/em><br \/><em>Last modification : 14\/07\/2011<\/em><br \/>Report an error : info@europavarietas.org<\/p>\t\t\t\t\t\t\t\t<\/div>\n\t\t\t\t<\/div>\n\t\t\t\t\t<\/div>\n\t\t<\/div>\n\t\t\t\t\t<\/div>\n\t\t<\/section>\n\t\t\t\t<\/div>\n\t\t","protected":false},"excerpt":{"rendered":"<p>EUROPEAN UNION \/ UNION EUROP\u00c9ENNE Frankfurter Allgemeine (DE) S\u00fcddeutsche.de (DE) Berliner Zeitung (DE) Wiener Zeitung (A) Die Presse (A) Zeit-Fragen (CH) La Voce (IT) Corriere della Sera (IT) El Pais (ES) Le Monde (FR) Le Monde diplomatique (FR) Le Figaro (FR) Le Nouvel Observateur (FR) L&#8217;Express (FR) Courrier International (FR) Lib\u00e9ration (FR) La Croix (FR)&#8230;<\/p>\n","protected":false},"author":2,"featured_media":838,"parent":0,"menu_order":0,"comment_status":"closed","ping_status":"closed","template":"","meta":{"footnotes":""},"categories":[3],"tags":[],"class_list":["post-866","page","type-page","status-publish","has-post-thumbnail","hentry","category-cerpesc"],"yoast_head":"<!-- This site is optimized with the Yoast SEO plugin v26.5 - https:\/\/yoast.com\/wordpress\/plugins\/seo\/ -->\n<title>Media - CERPESC<\/title>\n<meta name=\"robots\" content=\"index, follow, max-snippet:-1, max-image-preview:large, max-video-preview:-1\" \/>\n<link rel=\"canonical\" href=\"https:\/\/europavarietas.org\/csdp_new\/index.php\/media\/\" \/>\n<meta property=\"og:locale\" content=\"en_GB\" \/>\n<meta property=\"og:type\" content=\"article\" \/>\n<meta property=\"og:title\" content=\"Media - CERPESC\" \/>\n<meta property=\"og:description\" content=\"EUROPEAN UNION \/ UNION EUROP\u00c9ENNE Frankfurter Allgemeine (DE) S\u00fcddeutsche.de (DE) Berliner Zeitung (DE) Wiener Zeitung (A) Die Presse (A) Zeit-Fragen (CH) La Voce (IT) Corriere della Sera (IT) El Pais (ES) Le Monde (FR) Le Monde diplomatique (FR) Le Figaro (FR) Le Nouvel Observateur (FR) L&#8217;Express (FR) Courrier International (FR) Lib\u00e9ration (FR) La Croix (FR)...\" \/>\n<meta property=\"og:url\" content=\"https:\/\/europavarietas.org\/csdp_new\/index.php\/media\/\" \/>\n<meta property=\"og:site_name\" content=\"CERPESC\" \/>\n<meta property=\"article:modified_time\" content=\"2023-08-25T11:21:49+00:00\" \/>\n<meta property=\"og:image\" content=\"https:\/\/europavarietas.org\/csdp_new\/wp-content\/uploads\/2023\/08\/banner2.jpg\" \/>\n\t<meta property=\"og:image:width\" content=\"915\" \/>\n\t<meta property=\"og:image:height\" content=\"176\" \/>\n\t<meta property=\"og:image:type\" content=\"image\/jpeg\" \/>\n<meta name=\"twitter:card\" content=\"summary_large_image\" \/>\n<meta name=\"twitter:label1\" content=\"Estimated reading time\" \/>\n\t<meta name=\"twitter:data1\" content=\"3 minutes\" \/>\n<script type=\"application\/ld+json\" class=\"yoast-schema-graph\">{\"@context\":\"https:\/\/schema.org\",\"@graph\":[{\"@type\":\"WebPage\",\"@id\":\"https:\/\/europavarietas.org\/csdp_new\/index.php\/media\/\",\"url\":\"https:\/\/europavarietas.org\/csdp_new\/index.php\/media\/\",\"name\":\"Media - CERPESC\",\"isPartOf\":{\"@id\":\"https:\/\/europavarietas.org\/csdp_new\/#website\"},\"primaryImageOfPage\":{\"@id\":\"https:\/\/europavarietas.org\/csdp_new\/index.php\/media\/#primaryimage\"},\"image\":{\"@id\":\"https:\/\/europavarietas.org\/csdp_new\/index.php\/media\/#primaryimage\"},\"thumbnailUrl\":\"https:\/\/europavarietas.org\/csdp_new\/wp-content\/uploads\/2023\/08\/banner2.jpg\",\"datePublished\":\"2015-01-09T11:11:00+00:00\",\"dateModified\":\"2023-08-25T11:21:49+00:00\",\"breadcrumb\":{\"@id\":\"https:\/\/europavarietas.org\/csdp_new\/index.php\/media\/#breadcrumb\"},\"inLanguage\":\"en-GB\",\"potentialAction\":[{\"@type\":\"ReadAction\",\"target\":[\"https:\/\/europavarietas.org\/csdp_new\/index.php\/media\/\"]}]},{\"@type\":\"ImageObject\",\"inLanguage\":\"en-GB\",\"@id\":\"https:\/\/europavarietas.org\/csdp_new\/index.php\/media\/#primaryimage\",\"url\":\"https:\/\/europavarietas.org\/csdp_new\/wp-content\/uploads\/2023\/08\/banner2.jpg\",\"contentUrl\":\"https:\/\/europavarietas.org\/csdp_new\/wp-content\/uploads\/2023\/08\/banner2.jpg\",\"width\":915,\"height\":176},{\"@type\":\"BreadcrumbList\",\"@id\":\"https:\/\/europavarietas.org\/csdp_new\/index.php\/media\/#breadcrumb\",\"itemListElement\":[{\"@type\":\"ListItem\",\"position\":1,\"name\":\"Home\",\"item\":\"https:\/\/europavarietas.org\/csdp_new\/\"},{\"@type\":\"ListItem\",\"position\":2,\"name\":\"Media\"}]},{\"@type\":\"WebSite\",\"@id\":\"https:\/\/europavarietas.org\/csdp_new\/#website\",\"url\":\"https:\/\/europavarietas.org\/csdp_new\/\",\"name\":\"CERPESC\",\"description\":\"European Soultion for Defence and Crisis Management\",\"publisher\":{\"@id\":\"https:\/\/europavarietas.org\/csdp_new\/#organization\"},\"potentialAction\":[{\"@type\":\"SearchAction\",\"target\":{\"@type\":\"EntryPoint\",\"urlTemplate\":\"https:\/\/europavarietas.org\/csdp_new\/?s={search_term_string}\"},\"query-input\":{\"@type\":\"PropertyValueSpecification\",\"valueRequired\":true,\"valueName\":\"search_term_string\"}}],\"inLanguage\":\"en-GB\"},{\"@type\":\"Organization\",\"@id\":\"https:\/\/europavarietas.org\/csdp_new\/#organization\",\"name\":\"CERPESC\",\"url\":\"https:\/\/europavarietas.org\/csdp_new\/\",\"logo\":{\"@type\":\"ImageObject\",\"inLanguage\":\"en-GB\",\"@id\":\"https:\/\/europavarietas.org\/csdp_new\/#\/schema\/logo\/image\/\",\"url\":\"https:\/\/europavarietas.org\/csdp_new\/wp-content\/uploads\/2023\/08\/cropped-cropped-cerpesc5_0.png\",\"contentUrl\":\"https:\/\/europavarietas.org\/csdp_new\/wp-content\/uploads\/2023\/08\/cropped-cropped-cerpesc5_0.png\",\"width\":530,\"height\":97,\"caption\":\"CERPESC\"},\"image\":{\"@id\":\"https:\/\/europavarietas.org\/csdp_new\/#\/schema\/logo\/image\/\"}}]}<\/script>\n<!-- \/ Yoast SEO plugin. -->","yoast_head_json":{"title":"Media - CERPESC","robots":{"index":"index","follow":"follow","max-snippet":"max-snippet:-1","max-image-preview":"max-image-preview:large","max-video-preview":"max-video-preview:-1"},"canonical":"https:\/\/europavarietas.org\/csdp_new\/index.php\/media\/","og_locale":"en_GB","og_type":"article","og_title":"Media - CERPESC","og_description":"EUROPEAN UNION \/ UNION EUROP\u00c9ENNE Frankfurter Allgemeine (DE) S\u00fcddeutsche.de (DE) Berliner Zeitung (DE) Wiener Zeitung (A) Die Presse (A) Zeit-Fragen (CH) La Voce (IT) Corriere della Sera (IT) El Pais (ES) Le Monde (FR) Le Monde diplomatique (FR) Le Figaro (FR) Le Nouvel Observateur (FR) L&#8217;Express (FR) Courrier International (FR) Lib\u00e9ration (FR) La Croix (FR)...","og_url":"https:\/\/europavarietas.org\/csdp_new\/index.php\/media\/","og_site_name":"CERPESC","article_modified_time":"2023-08-25T11:21:49+00:00","og_image":[{"width":915,"height":176,"url":"https:\/\/europavarietas.org\/csdp_new\/wp-content\/uploads\/2023\/08\/banner2.jpg","type":"image\/jpeg"}],"twitter_card":"summary_large_image","twitter_misc":{"Estimated reading time":"3 minutes"},"schema":{"@context":"https:\/\/schema.org","@graph":[{"@type":"WebPage","@id":"https:\/\/europavarietas.org\/csdp_new\/index.php\/media\/","url":"https:\/\/europavarietas.org\/csdp_new\/index.php\/media\/","name":"Media - CERPESC","isPartOf":{"@id":"https:\/\/europavarietas.org\/csdp_new\/#website"},"primaryImageOfPage":{"@id":"https:\/\/europavarietas.org\/csdp_new\/index.php\/media\/#primaryimage"},"image":{"@id":"https:\/\/europavarietas.org\/csdp_new\/index.php\/media\/#primaryimage"},"thumbnailUrl":"https:\/\/europavarietas.org\/csdp_new\/wp-content\/uploads\/2023\/08\/banner2.jpg","datePublished":"2015-01-09T11:11:00+00:00","dateModified":"2023-08-25T11:21:49+00:00","breadcrumb":{"@id":"https:\/\/europavarietas.org\/csdp_new\/index.php\/media\/#breadcrumb"},"inLanguage":"en-GB","potentialAction":[{"@type":"ReadAction","target":["https:\/\/europavarietas.org\/csdp_new\/index.php\/media\/"]}]},{"@type":"ImageObject","inLanguage":"en-GB","@id":"https:\/\/europavarietas.org\/csdp_new\/index.php\/media\/#primaryimage","url":"https:\/\/europavarietas.org\/csdp_new\/wp-content\/uploads\/2023\/08\/banner2.jpg","contentUrl":"https:\/\/europavarietas.org\/csdp_new\/wp-content\/uploads\/2023\/08\/banner2.jpg","width":915,"height":176},{"@type":"BreadcrumbList","@id":"https:\/\/europavarietas.org\/csdp_new\/index.php\/media\/#breadcrumb","itemListElement":[{"@type":"ListItem","position":1,"name":"Home","item":"https:\/\/europavarietas.org\/csdp_new\/"},{"@type":"ListItem","position":2,"name":"Media"}]},{"@type":"WebSite","@id":"https:\/\/europavarietas.org\/csdp_new\/#website","url":"https:\/\/europavarietas.org\/csdp_new\/","name":"CERPESC","description":"European Soultion for Defence and Crisis Management","publisher":{"@id":"https:\/\/europavarietas.org\/csdp_new\/#organization"},"potentialAction":[{"@type":"SearchAction","target":{"@type":"EntryPoint","urlTemplate":"https:\/\/europavarietas.org\/csdp_new\/?s={search_term_string}"},"query-input":{"@type":"PropertyValueSpecification","valueRequired":true,"valueName":"search_term_string"}}],"inLanguage":"en-GB"},{"@type":"Organization","@id":"https:\/\/europavarietas.org\/csdp_new\/#organization","name":"CERPESC","url":"https:\/\/europavarietas.org\/csdp_new\/","logo":{"@type":"ImageObject","inLanguage":"en-GB","@id":"https:\/\/europavarietas.org\/csdp_new\/#\/schema\/logo\/image\/","url":"https:\/\/europavarietas.org\/csdp_new\/wp-content\/uploads\/2023\/08\/cropped-cropped-cerpesc5_0.png","contentUrl":"https:\/\/europavarietas.org\/csdp_new\/wp-content\/uploads\/2023\/08\/cropped-cropped-cerpesc5_0.png","width":530,"height":97,"caption":"CERPESC"},"image":{"@id":"https:\/\/europavarietas.org\/csdp_new\/#\/schema\/logo\/image\/"}}]}},"_links":{"self":[{"href":"https:\/\/europavarietas.org\/csdp_new\/index.php\/wp-json\/wp\/v2\/pages\/866","targetHints":{"allow":["GET"]}}],"collection":[{"href":"https:\/\/europavarietas.org\/csdp_new\/index.php\/wp-json\/wp\/v2\/pages"}],"about":[{"href":"https:\/\/europavarietas.org\/csdp_new\/index.php\/wp-json\/wp\/v2\/types\/page"}],"author":[{"embeddable":true,"href":"https:\/\/europavarietas.org\/csdp_new\/index.php\/wp-json\/wp\/v2\/users\/2"}],"replies":[{"embeddable":true,"href":"https:\/\/europavarietas.org\/csdp_new\/index.php\/wp-json\/wp\/v2\/comments?post=866"}],"version-history":[{"count":5,"href":"https:\/\/europavarietas.org\/csdp_new\/index.php\/wp-json\/wp\/v2\/pages\/866\/revisions"}],"predecessor-version":[{"id":879,"href":"https:\/\/europavarietas.org\/csdp_new\/index.php\/wp-json\/wp\/v2\/pages\/866\/revisions\/879"}],"wp:featuredmedia":[{"embeddable":true,"href":"https:\/\/europavarietas.org\/csdp_new\/index.php\/wp-json\/wp\/v2\/media\/838"}],"wp:attachment":[{"href":"https:\/\/europavarietas.org\/csdp_new\/index.php\/wp-json\/wp\/v2\/media?parent=866"}],"wp:term":[{"taxonomy":"category","embeddable":true,"href":"https:\/\/europavarietas.org\/csdp_new\/index.php\/wp-json\/wp\/v2\/categories?post=866"},{"taxonomy":"post_tag","embeddable":true,"href":"https:\/\/europavarietas.org\/csdp_new\/index.php\/wp-json\/wp\/v2\/tags?post=866"}],"curies":[{"name":"wp","href":"https:\/\/api.w.org\/{rel}","templated":true}]}}