{"id":726,"date":"2023-08-24T21:57:53","date_gmt":"2023-08-24T21:57:53","guid":{"rendered":"https:\/\/europavarietas.org\/csdp_new\/?page_id=726"},"modified":"2025-02-04T21:16:09","modified_gmt":"2025-02-04T21:16:09","slug":"geopolitics","status":"publish","type":"page","link":"https:\/\/europavarietas.org\/csdp_new\/index.php\/geopolitics\/","title":{"rendered":"Geopolitics"},"content":{"rendered":"\t\t<div data-elementor-type=\"wp-page\" data-elementor-id=\"726\" class=\"elementor elementor-726\">\n\t\t\t\t\t\t<section class=\"elementor-section elementor-top-section elementor-element elementor-element-88d10cb elementor-section-boxed elementor-section-height-default elementor-section-height-default\" data-id=\"88d10cb\" data-element_type=\"section\">\n\t\t\t\t\t\t<div class=\"elementor-container elementor-column-gap-default\">\n\t\t\t\t\t<div class=\"elementor-column elementor-col-33 elementor-top-column elementor-element elementor-element-01d9ddf\" data-id=\"01d9ddf\" data-element_type=\"column\">\n\t\t\t<div class=\"elementor-widget-wrap elementor-element-populated\">\n\t\t\t\t\t\t<div class=\"elementor-element elementor-element-b73aadd elementor-widget elementor-widget-text-editor\" data-id=\"b73aadd\" data-element_type=\"widget\" data-widget_type=\"text-editor.default\">\n\t\t\t\t<div class=\"elementor-widget-container\">\n\t\t\t\t\t\t\t\t\t<center><a href=\"http:\/\/europavarietas.org\/csdp\/\/balkans_occidentaux\">LES BALKANS OCCIDENTAUX\u00a0<\/a><\/center><p><br \/>* <a href=\"http:\/\/europavarietas.org\/csdp\/croatie\">CROATIE (membre de l`UE, 01\/07\/ 2013- )<\/a><br \/>* <a href=\"http:\/\/europavarietas.org\/csdp\/serbie_kosovo\">SERBIE<\/a><br \/>* <a href=\"http:\/\/europavarietas.org\/csdp\/montenegro\">MONTENEGRO<\/a><br \/>* <a href=\"http:\/\/europavarietas.org\/csdp\/albanie\">ALBANIE<\/a><br \/>* <a href=\"http:\/\/europavarietas.org\/csdp\/bosnie_herzegovine\">BOSNIE-HERZEGOVINE<\/a><br \/>* <a href=\"http:\/\/europavarietas.org\/csdp\/arym\">MACEDOINE (ARYM)<\/a><\/p><center><a href=\"http:\/\/europavarietas.org\/csdp\/eurasie\">EURASIE<\/a><\/center><p><br \/>* <a href=\"http:\/\/europavarietas.org\/csdp\/ukraine\">UKRAINE<\/a><\/p><center><a href=\"http:\/\/europavarietas.org\/csdp\/proche_orient\">PROCHE-ORIENT<\/a><\/center><p><br \/>* <a href=\"http:\/\/europavarietas.org\/csdp\/syrie\">SYRIE<\/a><\/p><center><a href=\"http:\/\/europavarietas.org\/csdp\/sous_continent_indien\">SOUS-CONTINENT INDIEN<\/a><\/center><p><br \/>* Pakistan<br \/>* <a href=\"http:\/\/europavarietas.org\/csdp\/inde\">INDE<\/a><br \/>* N\u00e9pal<br \/>* Bhoutan<br \/>* Bangladesh,<br \/>* Sri Lanka<br \/>* Maldives<\/p>\t\t\t\t\t\t\t\t<\/div>\n\t\t\t\t<\/div>\n\t\t\t\t\t<\/div>\n\t\t<\/div>\n\t\t\t\t<div class=\"elementor-column elementor-col-33 elementor-top-column elementor-element elementor-element-01eb4ea\" data-id=\"01eb4ea\" data-element_type=\"column\">\n\t\t\t<div class=\"elementor-widget-wrap elementor-element-populated\">\n\t\t\t\t\t\t<div class=\"elementor-element elementor-element-0585ea6 elementor-widget elementor-widget-text-editor\" data-id=\"0585ea6\" data-element_type=\"widget\" data-widget_type=\"text-editor.default\">\n\t\t\t\t<div class=\"elementor-widget-container\">\n\t\t\t\t\t\t\t\t\t<center><a href=\"http:\/\/europavarietas.org\/csdp\/afrique\">L&#8217;AFRIQUE<\/a><\/center><p><strong>I. AFRIQUE DU NORD (AFRIQUE ARABE, MAGHREB)\u00a0<\/strong><br \/>* <a href=\"http:\/\/europavarietas.org\/csdp\/sahara_occidental\">SAHARA OCCIDENTAL<\/a><br \/>* <a href=\"http:\/\/europavarietas.org\/csdp\/maroc\">MAROC<\/a><br \/>* <a href=\"http:\/\/europavarietas.org\/csdp\/algerie\">ALG\u00c9RIE<\/a><br \/>* <a href=\"http:\/\/europavarietas.org\/csdp\/tunisie\">TUNISIE<\/a><br \/>* <a href=\"http:\/\/europavarietas.org\/csdp\/libye\">LIBYE<\/a><br \/>* deux exclaves espagnoles: CEUTA ET MELILLA ;+ La Vall\u00e9e du Nil ( L&#8217;ONU inclut \u00e9galement dans l&#8217;Afrique du Nord) :<br \/>* \u00c9GYPTE<br \/>* <a href=\"http:\/\/europavarietas.org\/csdp\/soudan\">SOUDAN<\/a><br \/>* <a href=\"http:\/\/europavarietas.org\/csdp\/soudan_du_sud\">SOUDAN DU SUD (RSS: R\u00e9publique du Soudan du Sud)<\/a><\/p><p>\u00a0<\/p><p><strong>II. AFRIQUE SUBSAHARIENNE (AFRIQUE NOIRE)<\/strong><\/p><p><em>Afrique de l&#8217;Ouest<\/em><\/p><p>&#8211; Afrique sah\u00e9lienne :<br \/>* <a href=\"http:\/\/europavarietas.org\/csdp\/mauritanie\">MAURITANIE<\/a><br \/>* <a href=\"http:\/\/europavarietas.org\/csdp\/mali\">MALI<\/a><br \/>* <a href=\"http:\/\/europavarietas.org\/csdp\/burkina_faso\">BURKINA FASO<\/a><br \/>* <a href=\"http:\/\/europavarietas.org\/csdp\/niger\">NIGER<\/a><br \/>(Le Tchad est souvent rattach\u00e9s \u00e0 l&#8217;Afrique sah\u00e9lienne.)<\/p><p>&#8211; L&#8217;Afrique extr\u00eame-occidentale :<br \/>* CAP-VERT<br \/>* <a href=\"https:\/\/europavarietas.org\/csdp\/senegal\">S\u00c9N\u00c9GAL<\/a><br \/>* GAMBIE<br \/>* <a href=\"http:\/\/europavarietas.org\/csdp\/guinee_bissau\">GUIN\u00c9E-BISSAU<\/a><br \/>* <a href=\"https:\/\/europavarietas.org\/csdp\/guin%C3%A9e\">GUIN\u00c9E (Guin\u00e9e Conakry)<\/a><br \/>* SIERRA LEONE<br \/>* <a href=\"http:\/\/europavarietas.org\/csdp\/liberia\">LIBERIA<\/a><\/p><p>&#8211; Golfe de Guin\u00e9e :<br \/>* <a href=\"http:\/\/europavarietas.org\/csdp\/cote_d_ivoire\">C\u00d4TE D\u2019IVOIRE<\/a><br \/>* <a href=\"http:\/\/europavarietas.org\/csdp\/ghana\">GHANA<\/a><br \/>* <a href=\"http:\/\/europavarietas.org\/csdp\/togo\">TOGO<\/a><br \/>* <a href=\"http:\/\/europavarietas.org\/csdp\/benin\">B\u00c9NIN<\/a><br \/>* <a href=\"http:\/\/europavarietas.org\/csdp\/nigeria\">NIGERIA\u00a0<\/a><\/p>\t\t\t\t\t\t\t\t<\/div>\n\t\t\t\t<\/div>\n\t\t\t\t<div class=\"elementor-element elementor-element-f79f1ee elementor-widget elementor-widget-text-editor\" data-id=\"f79f1ee\" data-element_type=\"widget\" data-widget_type=\"text-editor.default\">\n\t\t\t\t<div class=\"elementor-widget-container\">\n\t\t\t\t\t\t\t\t\t<p><em>Afrique de l&#8217;Est\u00a0<\/em><\/p><p>&#8211; Corne de l&#8217;Afrique :<br \/>* \u00c9RYTHR\u00c9E<br \/>* \u00c9THIOPIE<br \/>* <a href=\"http:\/\/europavarietas.org\/csdp\/djibouti\">DJIBOUTI<\/a><br \/>* <a href=\"http:\/\/europavarietas.org\/csdp\/somalie\">SOMALIE<\/a><\/p><p>&#8211; Les pays des Grands Lacs africains :<br \/>* KENYA<br \/>* OUGANDA\u00a0<br \/>* TANZANIE<\/p><p>+ (qui sont parfois consid\u00e9r\u00e9s comme faisant partie de l&#8217;oc\u00e9an Indien) :<br \/>* SEYCHELLES<br \/>* MASCAREIGNES<\/p><p><em>Afrique centrale<\/em><br \/>* <a href=\"http:\/\/europavarietas.org\/csdp\/rwanda\">RWANDA<\/a><br \/>* <a href=\"http:\/\/europavarietas.org\/csdp\/burundi\">BURUNDI<\/a><br \/>* <a href=\"http:\/\/europavarietas.org\/csdp\/rca\">REPUBLIQUE CENTRAFRICAINE<\/a><br \/>* <a href=\"http:\/\/europavarietas.org\/csdp\/tchad\">TCHAD<\/a><br \/>* <a href=\"http:\/\/europavarietas.org\/csdp\/rdc\">R\u00c9PUBLIQUE D\u00c9MOCRATIQUE DU CONGO (RDC, Congo-Kinshasa, ex-Zaire)<\/a><br \/>* CAMEROUN<br \/>* GUINEE EQUATORIALE<br \/>* GABON<br \/>* <a href=\"http:\/\/europavarietas.org\/csdp\/congo\">R\u00c9PUBLIQUE DU CONGO (Congo-Brazzaville)<\/a><br \/>(Le Rwanda et le Burundi qui sont \u00e0 la fronti\u00e8re de deux r\u00e9gions, et francophones, sont souvent rattach\u00e9s aux pays des Grands Lacs africains)<\/p><p><em>Afrique sud-tropicale<\/em><br \/>* ANGOLA<br \/>* MALAWI<br \/>* MOZAMBIQUE<br \/>* ZAMBIE<br \/>* ZIMBABWE<\/p><p><em>Oc\u00e9an Indien (\u00eeles)<\/em><br \/>* COMORES<br \/>* MADAGASCAR<br \/>* MAURICE<br \/>* REUNION<br \/>* SEYCHELLES<\/p><p><em>Afrique australe<\/em><br \/>* <a href=\"http:\/\/europavarietas.org\/csdp\/namibie\">NAMIBIE<\/a><br \/>* <a href=\"http:\/\/europavarietas.org\/csdp\/botswana\">BOTSWANA<\/a><br \/>* <a href=\"http:\/\/europavarietas.org\/csdp\/afrique_du_sud\">AFRIQUE DU SUD<\/a><br \/>* <a href=\"http:\/\/europavarietas.org\/csdp\/lesotho\">LESOTHO<\/a><br \/>* <a href=\"http:\/\/europavarietas.org\/csdp\/swaziland\">SWAZILAND<\/a><\/p><p>\u00a0<\/p><center>R\u00e9gions<\/center><p>\u00a0<br \/>Sahel<br \/>Grands Lacs<br \/>Shaba<\/p>\t\t\t\t\t\t\t\t<\/div>\n\t\t\t\t<\/div>\n\t\t\t\t\t<\/div>\n\t\t<\/div>\n\t\t\t\t<div class=\"elementor-column elementor-col-33 elementor-top-column elementor-element elementor-element-885771f\" data-id=\"885771f\" data-element_type=\"column\">\n\t\t\t<div class=\"elementor-widget-wrap\">\n\t\t\t\t\t\t\t<\/div>\n\t\t<\/div>\n\t\t\t\t\t<\/div>\n\t\t<\/section>\n\t\t\t\t<\/div>\n\t\t","protected":false},"excerpt":{"rendered":"<p>LES BALKANS OCCIDENTAUX\u00a0 * CROATIE (membre de l`UE, 01\/07\/ 2013- )* SERBIE* MONTENEGRO* ALBANIE* BOSNIE-HERZEGOVINE* MACEDOINE (ARYM) EURASIE * UKRAINE PROCHE-ORIENT * SYRIE SOUS-CONTINENT INDIEN * Pakistan* INDE* N\u00e9pal* Bhoutan* Bangladesh,* Sri Lanka* Maldives L&#8217;AFRIQUE I. AFRIQUE DU NORD (AFRIQUE ARABE, MAGHREB)\u00a0* SAHARA OCCIDENTAL* MAROC* ALG\u00c9RIE* TUNISIE* LIBYE* deux exclaves espagnoles: CEUTA ET MELILLA ;+&#8230;<\/p>\n","protected":false},"author":2,"featured_media":0,"parent":0,"menu_order":0,"comment_status":"closed","ping_status":"closed","template":"","meta":{"footnotes":""},"categories":[3],"tags":[],"class_list":["post-726","page","type-page","status-publish","hentry","category-cerpesc"],"yoast_head":"<!-- This site is optimized with the Yoast SEO plugin v26.5 - https:\/\/yoast.com\/wordpress\/plugins\/seo\/ -->\n<title>Geopolitics - CERPESC<\/title>\n<meta name=\"robots\" content=\"index, follow, max-snippet:-1, max-image-preview:large, max-video-preview:-1\" \/>\n<link rel=\"canonical\" href=\"https:\/\/europavarietas.org\/csdp_new\/index.php\/geopolitics\/\" \/>\n<meta property=\"og:locale\" content=\"en_GB\" \/>\n<meta property=\"og:type\" content=\"article\" \/>\n<meta property=\"og:title\" content=\"Geopolitics - CERPESC\" \/>\n<meta property=\"og:description\" content=\"LES BALKANS OCCIDENTAUX\u00a0 * CROATIE (membre de l`UE, 01\/07\/ 2013- )* SERBIE* MONTENEGRO* ALBANIE* BOSNIE-HERZEGOVINE* MACEDOINE (ARYM) EURASIE * UKRAINE PROCHE-ORIENT * SYRIE SOUS-CONTINENT INDIEN * Pakistan* INDE* N\u00e9pal* Bhoutan* Bangladesh,* Sri Lanka* Maldives L&#8217;AFRIQUE I. AFRIQUE DU NORD (AFRIQUE ARABE, MAGHREB)\u00a0* SAHARA OCCIDENTAL* MAROC* ALG\u00c9RIE* TUNISIE* LIBYE* deux exclaves espagnoles: CEUTA ET MELILLA ;+...\" \/>\n<meta property=\"og:url\" content=\"https:\/\/europavarietas.org\/csdp_new\/index.php\/geopolitics\/\" \/>\n<meta property=\"og:site_name\" content=\"CERPESC\" \/>\n<meta property=\"article:modified_time\" content=\"2025-02-04T21:16:09+00:00\" \/>\n<meta name=\"twitter:card\" content=\"summary_large_image\" \/>\n<meta name=\"twitter:label1\" content=\"Estimated reading time\" \/>\n\t<meta name=\"twitter:data1\" content=\"2 minutes\" \/>\n<script type=\"application\/ld+json\" class=\"yoast-schema-graph\">{\"@context\":\"https:\/\/schema.org\",\"@graph\":[{\"@type\":\"WebPage\",\"@id\":\"https:\/\/europavarietas.org\/csdp_new\/index.php\/geopolitics\/\",\"url\":\"https:\/\/europavarietas.org\/csdp_new\/index.php\/geopolitics\/\",\"name\":\"Geopolitics - CERPESC\",\"isPartOf\":{\"@id\":\"https:\/\/europavarietas.org\/csdp_new\/#website\"},\"datePublished\":\"2023-08-24T21:57:53+00:00\",\"dateModified\":\"2025-02-04T21:16:09+00:00\",\"breadcrumb\":{\"@id\":\"https:\/\/europavarietas.org\/csdp_new\/index.php\/geopolitics\/#breadcrumb\"},\"inLanguage\":\"en-GB\",\"potentialAction\":[{\"@type\":\"ReadAction\",\"target\":[\"https:\/\/europavarietas.org\/csdp_new\/index.php\/geopolitics\/\"]}]},{\"@type\":\"BreadcrumbList\",\"@id\":\"https:\/\/europavarietas.org\/csdp_new\/index.php\/geopolitics\/#breadcrumb\",\"itemListElement\":[{\"@type\":\"ListItem\",\"position\":1,\"name\":\"Home\",\"item\":\"https:\/\/europavarietas.org\/csdp_new\/\"},{\"@type\":\"ListItem\",\"position\":2,\"name\":\"Geopolitics\"}]},{\"@type\":\"WebSite\",\"@id\":\"https:\/\/europavarietas.org\/csdp_new\/#website\",\"url\":\"https:\/\/europavarietas.org\/csdp_new\/\",\"name\":\"CERPESC\",\"description\":\"European Soultion for Defence and Crisis Management\",\"publisher\":{\"@id\":\"https:\/\/europavarietas.org\/csdp_new\/#organization\"},\"potentialAction\":[{\"@type\":\"SearchAction\",\"target\":{\"@type\":\"EntryPoint\",\"urlTemplate\":\"https:\/\/europavarietas.org\/csdp_new\/?s={search_term_string}\"},\"query-input\":{\"@type\":\"PropertyValueSpecification\",\"valueRequired\":true,\"valueName\":\"search_term_string\"}}],\"inLanguage\":\"en-GB\"},{\"@type\":\"Organization\",\"@id\":\"https:\/\/europavarietas.org\/csdp_new\/#organization\",\"name\":\"CERPESC\",\"url\":\"https:\/\/europavarietas.org\/csdp_new\/\",\"logo\":{\"@type\":\"ImageObject\",\"inLanguage\":\"en-GB\",\"@id\":\"https:\/\/europavarietas.org\/csdp_new\/#\/schema\/logo\/image\/\",\"url\":\"https:\/\/europavarietas.org\/csdp_new\/wp-content\/uploads\/2023\/08\/cropped-cropped-cerpesc5_0.png\",\"contentUrl\":\"https:\/\/europavarietas.org\/csdp_new\/wp-content\/uploads\/2023\/08\/cropped-cropped-cerpesc5_0.png\",\"width\":530,\"height\":97,\"caption\":\"CERPESC\"},\"image\":{\"@id\":\"https:\/\/europavarietas.org\/csdp_new\/#\/schema\/logo\/image\/\"}}]}<\/script>\n<!-- \/ Yoast SEO plugin. -->","yoast_head_json":{"title":"Geopolitics - CERPESC","robots":{"index":"index","follow":"follow","max-snippet":"max-snippet:-1","max-image-preview":"max-image-preview:large","max-video-preview":"max-video-preview:-1"},"canonical":"https:\/\/europavarietas.org\/csdp_new\/index.php\/geopolitics\/","og_locale":"en_GB","og_type":"article","og_title":"Geopolitics - CERPESC","og_description":"LES BALKANS OCCIDENTAUX\u00a0 * CROATIE (membre de l`UE, 01\/07\/ 2013- )* SERBIE* MONTENEGRO* ALBANIE* BOSNIE-HERZEGOVINE* MACEDOINE (ARYM) EURASIE * UKRAINE PROCHE-ORIENT * SYRIE SOUS-CONTINENT INDIEN * Pakistan* INDE* N\u00e9pal* Bhoutan* Bangladesh,* Sri Lanka* Maldives L&#8217;AFRIQUE I. AFRIQUE DU NORD (AFRIQUE ARABE, MAGHREB)\u00a0* SAHARA OCCIDENTAL* MAROC* ALG\u00c9RIE* TUNISIE* LIBYE* deux exclaves espagnoles: CEUTA ET MELILLA ;+...","og_url":"https:\/\/europavarietas.org\/csdp_new\/index.php\/geopolitics\/","og_site_name":"CERPESC","article_modified_time":"2025-02-04T21:16:09+00:00","twitter_card":"summary_large_image","twitter_misc":{"Estimated reading time":"2 minutes"},"schema":{"@context":"https:\/\/schema.org","@graph":[{"@type":"WebPage","@id":"https:\/\/europavarietas.org\/csdp_new\/index.php\/geopolitics\/","url":"https:\/\/europavarietas.org\/csdp_new\/index.php\/geopolitics\/","name":"Geopolitics - CERPESC","isPartOf":{"@id":"https:\/\/europavarietas.org\/csdp_new\/#website"},"datePublished":"2023-08-24T21:57:53+00:00","dateModified":"2025-02-04T21:16:09+00:00","breadcrumb":{"@id":"https:\/\/europavarietas.org\/csdp_new\/index.php\/geopolitics\/#breadcrumb"},"inLanguage":"en-GB","potentialAction":[{"@type":"ReadAction","target":["https:\/\/europavarietas.org\/csdp_new\/index.php\/geopolitics\/"]}]},{"@type":"BreadcrumbList","@id":"https:\/\/europavarietas.org\/csdp_new\/index.php\/geopolitics\/#breadcrumb","itemListElement":[{"@type":"ListItem","position":1,"name":"Home","item":"https:\/\/europavarietas.org\/csdp_new\/"},{"@type":"ListItem","position":2,"name":"Geopolitics"}]},{"@type":"WebSite","@id":"https:\/\/europavarietas.org\/csdp_new\/#website","url":"https:\/\/europavarietas.org\/csdp_new\/","name":"CERPESC","description":"European Soultion for Defence and Crisis Management","publisher":{"@id":"https:\/\/europavarietas.org\/csdp_new\/#organization"},"potentialAction":[{"@type":"SearchAction","target":{"@type":"EntryPoint","urlTemplate":"https:\/\/europavarietas.org\/csdp_new\/?s={search_term_string}"},"query-input":{"@type":"PropertyValueSpecification","valueRequired":true,"valueName":"search_term_string"}}],"inLanguage":"en-GB"},{"@type":"Organization","@id":"https:\/\/europavarietas.org\/csdp_new\/#organization","name":"CERPESC","url":"https:\/\/europavarietas.org\/csdp_new\/","logo":{"@type":"ImageObject","inLanguage":"en-GB","@id":"https:\/\/europavarietas.org\/csdp_new\/#\/schema\/logo\/image\/","url":"https:\/\/europavarietas.org\/csdp_new\/wp-content\/uploads\/2023\/08\/cropped-cropped-cerpesc5_0.png","contentUrl":"https:\/\/europavarietas.org\/csdp_new\/wp-content\/uploads\/2023\/08\/cropped-cropped-cerpesc5_0.png","width":530,"height":97,"caption":"CERPESC"},"image":{"@id":"https:\/\/europavarietas.org\/csdp_new\/#\/schema\/logo\/image\/"}}]}},"_links":{"self":[{"href":"https:\/\/europavarietas.org\/csdp_new\/index.php\/wp-json\/wp\/v2\/pages\/726","targetHints":{"allow":["GET"]}}],"collection":[{"href":"https:\/\/europavarietas.org\/csdp_new\/index.php\/wp-json\/wp\/v2\/pages"}],"about":[{"href":"https:\/\/europavarietas.org\/csdp_new\/index.php\/wp-json\/wp\/v2\/types\/page"}],"author":[{"embeddable":true,"href":"https:\/\/europavarietas.org\/csdp_new\/index.php\/wp-json\/wp\/v2\/users\/2"}],"replies":[{"embeddable":true,"href":"https:\/\/europavarietas.org\/csdp_new\/index.php\/wp-json\/wp\/v2\/comments?post=726"}],"version-history":[{"count":28,"href":"https:\/\/europavarietas.org\/csdp_new\/index.php\/wp-json\/wp\/v2\/pages\/726\/revisions"}],"predecessor-version":[{"id":2182,"href":"https:\/\/europavarietas.org\/csdp_new\/index.php\/wp-json\/wp\/v2\/pages\/726\/revisions\/2182"}],"wp:attachment":[{"href":"https:\/\/europavarietas.org\/csdp_new\/index.php\/wp-json\/wp\/v2\/media?parent=726"}],"wp:term":[{"taxonomy":"category","embeddable":true,"href":"https:\/\/europavarietas.org\/csdp_new\/index.php\/wp-json\/wp\/v2\/categories?post=726"},{"taxonomy":"post_tag","embeddable":true,"href":"https:\/\/europavarietas.org\/csdp_new\/index.php\/wp-json\/wp\/v2\/tags?post=726"}],"curies":[{"name":"wp","href":"https:\/\/api.w.org\/{rel}","templated":true}]}}