{"id":274,"date":"2023-08-22T21:33:36","date_gmt":"2023-08-22T21:33:36","guid":{"rendered":"https:\/\/europavarietas.org\/csdp_new\/?page_id=274"},"modified":"2025-03-14T08:26:00","modified_gmt":"2025-03-14T08:26:00","slug":"reviews","status":"publish","type":"page","link":"https:\/\/europavarietas.org\/csdp_new\/index.php\/reviews\/","title":{"rendered":"Reviews"},"content":{"rendered":"\t\t<div data-elementor-type=\"wp-page\" data-elementor-id=\"274\" class=\"elementor elementor-274\">\n\t\t\t\t\t\t<section class=\"elementor-section elementor-top-section elementor-element elementor-element-ccca67f elementor-section-boxed elementor-section-height-default elementor-section-height-default\" data-id=\"ccca67f\" data-element_type=\"section\">\n\t\t\t\t\t\t<div class=\"elementor-container elementor-column-gap-default\">\n\t\t\t\t\t<div class=\"elementor-column elementor-col-100 elementor-top-column elementor-element elementor-element-363897c\" data-id=\"363897c\" data-element_type=\"column\">\n\t\t\t<div class=\"elementor-widget-wrap elementor-element-populated\">\n\t\t\t\t\t\t<div class=\"elementor-element elementor-element-875f72c elementor-widget elementor-widget-image\" data-id=\"875f72c\" data-element_type=\"widget\" data-widget_type=\"image.default\">\n\t\t\t\t<div class=\"elementor-widget-container\">\n\t\t\t\t\t\t\t\t\t\t\t\t\t\t\t<img fetchpriority=\"high\" decoding=\"async\" width=\"950\" height=\"355\" src=\"https:\/\/europavarietas.org\/csdp_new\/wp-content\/uploads\/2023\/08\/cerpescanalyses-1.jpg\" class=\"attachment-full size-full wp-image-706\" alt=\"\" srcset=\"https:\/\/europavarietas.org\/csdp_new\/wp-content\/uploads\/2023\/08\/cerpescanalyses-1.jpg 950w, https:\/\/europavarietas.org\/csdp_new\/wp-content\/uploads\/2023\/08\/cerpescanalyses-1-300x112.jpg 300w, https:\/\/europavarietas.org\/csdp_new\/wp-content\/uploads\/2023\/08\/cerpescanalyses-1-768x287.jpg 768w\" sizes=\"(max-width: 950px) 100vw, 950px\" \/>\t\t\t\t\t\t\t\t\t\t\t\t\t\t\t<\/div>\n\t\t\t\t<\/div>\n\t\t\t\t\t<\/div>\n\t\t<\/div>\n\t\t\t\t\t<\/div>\n\t\t<\/section>\n\t\t\t\t<section class=\"elementor-section elementor-top-section elementor-element elementor-element-6321ccf elementor-section-boxed elementor-section-height-default elementor-section-height-default\" data-id=\"6321ccf\" data-element_type=\"section\">\n\t\t\t\t\t\t<div class=\"elementor-container elementor-column-gap-default\">\n\t\t\t\t\t<div class=\"elementor-column elementor-col-100 elementor-top-column elementor-element elementor-element-443a8b6\" data-id=\"443a8b6\" data-element_type=\"column\">\n\t\t\t<div class=\"elementor-widget-wrap elementor-element-populated\">\n\t\t\t\t\t\t<div class=\"elementor-element elementor-element-115cec0 elementor-widget elementor-widget-text-editor\" data-id=\"115cec0\" data-element_type=\"widget\" data-widget_type=\"text-editor.default\">\n\t\t\t\t<div class=\"elementor-widget-container\">\n\t\t\t\t\t\t\t\t\t<p><em>Flash analyses focus on current issues. Studies written in cooperation with the EUISS, the Defence Committee of the AUEO, the Hungarian Institute of Foreign Affairs (MKI \/ HIIA), The Hungarian Institute for Strategic Research of Defence (SVKI)\u00a0<\/em><\/p><p><strong>GUERRE EN UKRAINE &#8211; Les objectifs g\u00e9opolitiques russes<\/strong><br \/><em>par Kinga Torbicka<\/em><br \/>Revue du CERPESC, 23\/05\/2017<\/p><p style=\"text-align: justify;\">Le 18 mars 2014 l\u2019accord sur l\u2019accession de la Crim\u00e9e \u00e0 la F\u00e9d\u00e9ration de Russie est sign\u00e9. C\u2019est la cons\u00e9quence de la crise politique qui a eu lieu en Ukraine. L\u2019annexion de la Crim\u00e9e devient un fait, qui en Europe du XXIe si\u00e8cle semble un \u00e9v\u00e9nement inattendu. Ainsi, la Russie multiplie ses aspirations imp\u00e9riales et viole les r\u00e8gles fondamentales du droit international. De surcroit, elle continue les actions militaires sur le territoire d\u2019un autre \u00c9tat. Cet \u00e9v\u00e9nement spectaculaire \u00e9veille des Europ\u00e9ens d\u2019un \u201er\u00eave pacifique\u201d et impose la fin de l\u2019ordre existant. La r\u00e9vision du syst\u00e8me de la s\u00e9curit\u00e9 europ\u00e9enne, son multidimensionalit\u00e9 et complexit\u00e9 nous dirigent vers une r\u00e9flexion sur les objectifs russes dans ce conflit.<\/p><p><a href=\"http:\/\/europavarietas.org\/csdp\/files\/revue23052017.pdf\" target=\"_blank\" rel=\"noopener\"><img decoding=\"async\" src=\"http:\/\/europavarietas.org\/csdp\/sites\/default\/files\/letoltesfr.jpg\" \/><\/a><\/p><p><strong>EASTERN PARTNERSHIP : AZERBAIJAN &#8211; The development of the EU-Azerbaijani relations<\/strong><br \/><em>by Adrienn Herczeg<\/em><br \/>CERPESC Review, 21 December 2013<\/p><p style=\"text-align: justify;\">The aim of the study is to give an overview on the relations between the European Union and the Republic of Azerbaijan. The first part of the study draws up the origin and purpose of the Eastern Partnership program of the EU then the significance of the South-Caucasian country. In the second part the study examines the rapid economic growth of Azerbaijan and its effect to the country\u2019s economic indicators. This research was supported by the European Union and the State of Hungary, co-financed by the European Social Fund in the framework of TA\u0301MOP 4.2.4. A\/2-11-1-2012-0001 \u2018National Excellence Program\u2019.<\/p><p><a href=\"http:\/\/europavarietas.org\/csdp\/files\/revue21122013.pdf\" target=\"_blank\" rel=\"noopener\"><img decoding=\"async\" src=\"http:\/\/europavarietas.org\/csdp\/sites\/default\/files\/letoltesen.jpg\" \/><\/a><\/p><p><strong>Sow the Wind, Reap the Whirlwind &#8211; Geopolitical Consequences of the Libyan War<\/strong><br \/><em>by Andr\u00e1s Istv\u00e1n T\u00fcrke<\/em><br \/>CERPESC Review, 01 November 2012<\/p><p>In Mali, just a few hundred kilometers from AREVA\u2019s Niger interests, a new, unknown state formation was established on April 6, 2012. Its fighting units also pose a threat in Niger due to the serious differences in tribal and state borders. Even if AREVA maintains good relations with the Tuareg in principle. It is therefore understandable that the events in Mali, near the border and the Agadez region in Azawad, are of deep concern to French politicians&#8230;<\/p><p><a href=\"http:\/\/europavarietas.org\/files\/revuecerpesc01112012_Turke_Libya.pdf\" target=\"_blank\" rel=\"noopener\"><img decoding=\"async\" src=\"\/sites\/default\/files\/letoltesen.jpg\" \/><\/a><\/p><p><strong>EUSSR Guinea-Bissau : relative success or preordained failure?<\/strong><br \/><em>by Andr\u00e1s Istv\u00e1n T\u00fcrke<\/em><br \/>CERPESC Review, 10 January 2011\u00a0<\/p><p style=\"text-align: justify;\">The mission &#8220;EU SSR \/ EUSSR Guinea-Bissau&#8221; (16.06.2008 &#8211; 30.09.2010) is a new experience significant because it was the first ESDP mission in an integrated manner covering the entire security sector combining defense, justice and police. It was also the first mission fully planned and controlled as part of the Civilian Planning and Conduct Capability (CPCC, established in August 2007) for civilian operations of crisis management by the EU. In which context this mission has been deployed and what is its value in the SSR process?<\/p><p><a href=\"http:\/\/europavarietas.org\/csdp\/files\/revue10012011.pdf\" target=\"_blank\" rel=\"noopener\"><img decoding=\"async\" src=\"\/sites\/default\/files\/letoltesen.jpg\" \/><\/a> <a href=\"http:\/\/europavarietas.org\/csdp\/files\/revue10012011FR.pdf\" target=\"_blank\" rel=\"noopener\"><img decoding=\"async\" src=\"http:\/\/europavarietas.org\/csdp\/sites\/default\/files\/letoltesfr.jpg\" \/><\/a><\/p><p><strong>La s\u00e9curit\u00e9 collective et la conception &#8220;groupe de combat&#8221; en Afrique<\/strong><br \/><em>par Andr\u00e1s Istv\u00e1n T\u00fcrke<\/em><br \/>Revue du CERPESC, 10\/03\/2009<\/p><p style=\"text-align: justify;\">L\u2019Union africaine a abandonn\u00e9 le principe de non-intervention de l\u2019OUA et a mis en place le Conseil de paix et de s\u00e9curit\u00e9 de l\u2019UA, en vigueur depuis 2004. Elle a d\u00e9cid\u00e9 (avec peu de succ\u00e8s) la mise en place d\u2019une force permanente de 5 brigades r\u00e9gionales pour pouvoir d\u00e9ployer 25.000 (5&#215;5000) hommes (FAA \u2013 Force africaine d\u2019alerte, 75 milles personnes selon les estimations plus optimistes). La premi\u00e8re phase pour la cr\u00e9ation d\u2019une capacit\u00e9 de niveau strat\u00e9gique de gestion pour la gestion des sc\u00e9narios 1-2 missions (voir plus bas) s\u2019est termin\u00e9e le 30 juin 2005. Les brigades seront pleinement interop\u00e9rables dans la deuxi\u00e8me phase (2010) et les membres continuent \u00e0 d\u00e9velopper la capacit\u00e9 de d\u00e9ployer un QG de mission pour le sc\u00e9nario 4, impliquant des forces de maintiens de la paix d&#8217;UA\/Regional.<\/p><p><a href=\"http:\/\/europavarietas.org\/csdp\/files\/revue10032009.pdf\" target=\"_blank\" rel=\"noopener\"><img decoding=\"async\" src=\"http:\/\/europavarietas.org\/csdp\/sites\/default\/files\/letoltesfr.jpg\" \/><\/a><\/p><p><strong>La suspension de la participation russe au trait\u00e9 sur les Forces Conventionnelles en Europe<\/strong><br \/><em>par Andr\u00e1s Istv\u00e1n T\u00fcrke<\/em><br \/>Revue du CERPESC 23\/02\/2008<br \/>Rapport r\u00e9dig\u00e9 au sein de la Commission de D\u00e9fense de l&#8217;AUEO et financ\u00e9 par l&#8217;Assembl\u00e9e.<\/p><p style=\"text-align: justify;\">Le Trait\u00e9 FCE a \u00e9t\u00e9 sign\u00e9 \u00e0 Paris le 19 novembre 1990 entre 22 repr\u00e9sentant de l\u2019OTAN et de la Pacte de Varsovie. Il peut \u00eatre consid\u00e9r\u00e9 comme un \u00e9l\u00e9ment majeur de la politique de d\u00e9sarmement apr\u00e8s la chute du mur de Berlin, en fixant des limites identiques aux deux organisations (20.000 chars, 30.000 v\u00e9hicules blind\u00e9s, 20.000 pi\u00e8ces d\u2019artillerie lourde, 6800 avions de combat et 2000 h\u00e9licopt\u00e8res d\u2019attaque). Le 5 juin 1992, \u00e0 l\u2019occasion de la r\u00e9union extraordinaire d\u2019Oslo les 8 r\u00e9publiques successeurs de l\u2019URSS ayant des territoires dans la zone d\u2019application de l\u2019instrument ont y adh\u00e9r\u00e9 c\u2019est-\u00e0-dire le nombre des signataires a augment\u00e9 \u00e0 30 pays1. Apr\u00e8s 35 mois de n\u00e9gociation (d\u00e9cembre 1996 \u2013 19 novembre 1999) lors du sommet de l&#8217;OSCE \u00e0 Istanbul, en Turquie les Parties ont sign\u00e9e une version adapt\u00e9e du trait\u00e9 qui ne met plus les objectifs par blocs militaires, mais par pays et remplac\u00e9 les limitations par de nouveaux plafonds d\u2019armement \u00e0 la fois territoriaux et nationaux. Il n\u2019est pas entr\u00e9 en vigueur parce que seuls la Russie, l\u2019Ukraine, la Bi\u00e9lorussie et le Kazakhstan l\u2019ont ratifi\u00e9.<\/p><p><a href=\"http:\/\/europavarietas.org\/csdp\/files\/revue23022008.pdf\" target=\"_blank\" rel=\"noopener\"><img decoding=\"async\" src=\"http:\/\/europavarietas.org\/csdp\/sites\/default\/files\/letoltesfr.jpg\" \/><\/a><\/p><p><strong>L&#8217;Op\u00e9ration EUFOR RD Congo\u00a0<\/strong><br \/><em>par Benoit Duffort<\/em><br \/>Revue du CERPESC, 05\/12\/2007<\/p><p style=\"text-align: justify;\">Si l\u2019EUFOR RD CONGO n\u2019est que la deuxi\u00e8me op\u00e9ration men\u00e9e par l\u2019Union europ\u00e9enne sur le continent africain, plus exactement en R\u00e9publique d\u00e9mocratique du Congo, pour autant cet Etat, l\u2019ex Za\u00efre, successeur du Congo Belge, n\u2019est pas un th\u00e9\u00e2tre d\u2019op\u00e9ration inconnu pour les arm\u00e9es occidentales, puisque ce pays, riche en mati\u00e8res premi\u00e8res et d\u2019une superficie quatre fois sup\u00e9rieure \u00e0 celle de la France, fut longtemps pr\u00e9sent\u00e9 comme un rempart face \u00e0 l\u2019expansion du communisme en Afrique au cours de la Guerre froide\u00a0; rempart qui justifia la conduite de plusieurs op\u00e9rations militaires dirig\u00e9es le plus souvent par la France.<\/p><p><a href=\"http:\/\/europavarietas.org\/csdp\/files\/revue05122007.pdf\" target=\"_blank\" rel=\"noopener\"><img decoding=\"async\" src=\"http:\/\/europavarietas.org\/csdp\/sites\/default\/files\/letoltesfr.jpg\" \/><\/a><\/p><p><strong>La Hongrie et la PESC\/PESD (POLITIQUE \u00c9TRANG\u00c8RE ET DE S\u00c9CURIT\u00c9 COMMUNE \/ POLITIQUE EUROP\u00c9ENNE DE S\u00c9CURIT\u00c9 ET DE D\u00c9FENSE) <\/strong><br \/><em>par Andr\u00e1s Istv\u00e1n T\u00fcrke et Andr\u00e1s R\u00e1cz<\/em><br \/>Revue du CERPESC, 30\/03\/2007<br \/><em> Cette analyse a \u00e9t\u00e9 r\u00e9dig\u00e9e pour la revue scientifique de l`\u00c9cole doctorale ED-385, Dialogues Europ\u00e9ens, \u00e0 l`Universit\u00e9 de la Sorbonne Nouvelle Paris 3<\/em><\/p><p style=\"text-align: justify;\">Pour la D\u00e9fense Nationale Hongroise la participation aux contingents SFOR, IFOR et KFOR n\u2019\u00e9tait pas sans difficult\u00e9s mais le pays a parfaitement accompli sa mission qui a m\u00e9rit\u00e9 la reconnaissance. Les forces d\u00e9ploy\u00e9es se montaient \u00e0 la hauteur de leur t\u00e2che, mais de l\u2019autre c\u00f4t\u00e9 c\u2019est une autre question des efforces \u00e9normes a assembler, am\u00e9nager et a garantir la reconstruction et l\u2019assurance technique de ces forces. Le gouvernement hongrois a pris la d\u00e9cision au 23 novembre 2004 que la Hongrie va mettre en place un groupe l\u00e9ger de 250 membres. Donc la contribution hongroise \u00e0 un groupe commune sera 250 personnes au maximum (un escadron d\u2019artillerie l\u00e9ger de 156 personnes, un groupe de soutien de 30 personnes et une section de purification d\u2019eau de 30 personnes) mais des conciliations ne sont pas encore finies. Des groupes de combat ne forment pas une arm\u00e9e permanente, ils ne sont convoqu\u00e9s qu\u2019en cas de besoin. La mobilisation pour un but du maintien ou du r\u00e9tablissement de paix ou d\u2019une intervention humanitaire dans les zones de crise doit \u00eatre obligatoirement la suite d\u2019un mandat de l\u2019ONU&#8230;<\/p><p><a href=\"http:\/\/europavarietas.org\/csdp\/files\/revue30032007.pdf\" target=\"_blank\" rel=\"noopener\"><img decoding=\"async\" src=\"http:\/\/europavarietas.org\/csdp\/sites\/default\/files\/letoltesfr.jpg\" \/><\/a><\/p>\t\t\t\t\t\t\t\t<\/div>\n\t\t\t\t<\/div>\n\t\t\t\t\t<\/div>\n\t\t<\/div>\n\t\t\t\t\t<\/div>\n\t\t<\/section>\n\t\t\t\t<section class=\"elementor-section elementor-top-section elementor-element elementor-element-78afedf elementor-section-boxed elementor-section-height-default elementor-section-height-default\" data-id=\"78afedf\" data-element_type=\"section\">\n\t\t\t\t\t\t<div class=\"elementor-container elementor-column-gap-default\">\n\t\t\t\t\t<div class=\"elementor-column elementor-col-100 elementor-top-column elementor-element elementor-element-d664477\" data-id=\"d664477\" data-element_type=\"column\">\n\t\t\t<div class=\"elementor-widget-wrap elementor-element-populated\">\n\t\t\t\t\t\t<div class=\"elementor-element elementor-element-9e5d76e elementor-widget elementor-widget-text-editor\" data-id=\"9e5d76e\" data-element_type=\"widget\" data-widget_type=\"text-editor.default\">\n\t\t\t\t<div class=\"elementor-widget-container\">\n\t\t\t\t\t\t\t\t\t<center><img decoding=\"async\" src=\"http:\/\/europavarietas.org\/csdp\/sites\/default\/files\/revue10032009.jpg\" width=\"196\" height=\"269\" \/> <img decoding=\"async\" src=\"http:\/\/europavarietas.org\/csdp\/sites\/default\/files\/revuecerpescdec2007.jpg\" width=\"196\" height=\"270\" \/> <img loading=\"lazy\" decoding=\"async\" src=\"http:\/\/europavarietas.org\/csdp\/sites\/default\/files\/revue23022008.jpg\" width=\"196\" height=\"270\" \/> <img loading=\"lazy\" decoding=\"async\" src=\"\/csdp\/sites\/default\/files\/revue10012011.jpg\" width=\"196\" height=\"270\" \/><img loading=\"lazy\" decoding=\"async\" src=\"\/csdp\/sites\/default\/files\/cerpescreview01112012.jpg\" width=\"196\" height=\"270\" \/><img loading=\"lazy\" decoding=\"async\" src=\"\/csdp\/sites\/default\/files\/review21122013.jpg\" width=\"196\" height=\"270\" \/><img loading=\"lazy\" decoding=\"async\" src=\"\/csdp\/sites\/default\/files\/review23052017.jpg\" width=\"196\" height=\"270\" \/><\/center>\t\t\t\t\t\t\t\t<\/div>\n\t\t\t\t<\/div>\n\t\t\t\t\t<\/div>\n\t\t<\/div>\n\t\t\t\t\t<\/div>\n\t\t<\/section>\n\t\t\t\t<\/div>\n\t\t","protected":false},"excerpt":{"rendered":"<p>Flash analyses focus on current issues. Studies written in cooperation with the EUISS, the Defence Committee of the AUEO, the Hungarian Institute of Foreign Affairs (MKI \/ HIIA), The Hungarian Institute for Strategic Research of Defence (SVKI)\u00a0 GUERRE EN UKRAINE &#8211; Les objectifs g\u00e9opolitiques russespar Kinga TorbickaRevue du CERPESC, 23\/05\/2017 Le 18 mars 2014 l\u2019accord&#8230;<\/p>\n","protected":false},"author":1,"featured_media":0,"parent":0,"menu_order":0,"comment_status":"closed","ping_status":"closed","template":"","meta":{"footnotes":""},"categories":[3],"tags":[],"class_list":["post-274","page","type-page","status-publish","hentry","category-cerpesc"],"yoast_head":"<!-- This site is optimized with the Yoast SEO plugin v26.5 - https:\/\/yoast.com\/wordpress\/plugins\/seo\/ -->\n<title>Reviews - CERPESC<\/title>\n<meta name=\"robots\" content=\"index, follow, max-snippet:-1, max-image-preview:large, max-video-preview:-1\" \/>\n<link rel=\"canonical\" href=\"https:\/\/europavarietas.org\/csdp_new\/index.php\/reviews\/\" \/>\n<meta property=\"og:locale\" content=\"en_GB\" \/>\n<meta property=\"og:type\" content=\"article\" \/>\n<meta property=\"og:title\" content=\"Reviews - CERPESC\" \/>\n<meta property=\"og:description\" content=\"Flash analyses focus on current issues. Studies written in cooperation with the EUISS, the Defence Committee of the AUEO, the Hungarian Institute of Foreign Affairs (MKI \/ HIIA), The Hungarian Institute for Strategic Research of Defence (SVKI)\u00a0 GUERRE EN UKRAINE &#8211; Les objectifs g\u00e9opolitiques russespar Kinga TorbickaRevue du CERPESC, 23\/05\/2017 Le 18 mars 2014 l\u2019accord...\" \/>\n<meta property=\"og:url\" content=\"https:\/\/europavarietas.org\/csdp_new\/index.php\/reviews\/\" \/>\n<meta property=\"og:site_name\" content=\"CERPESC\" \/>\n<meta property=\"article:modified_time\" content=\"2025-03-14T08:26:00+00:00\" \/>\n<meta property=\"og:image\" content=\"https:\/\/europavarietas.org\/csdp_new\/wp-content\/uploads\/2023\/08\/cerpescanalyses-1.jpg\" \/>\n<meta name=\"twitter:card\" content=\"summary_large_image\" \/>\n<meta name=\"twitter:label1\" content=\"Estimated reading time\" \/>\n\t<meta name=\"twitter:data1\" content=\"9 minutes\" \/>\n<script type=\"application\/ld+json\" class=\"yoast-schema-graph\">{\"@context\":\"https:\/\/schema.org\",\"@graph\":[{\"@type\":\"WebPage\",\"@id\":\"https:\/\/europavarietas.org\/csdp_new\/index.php\/reviews\/\",\"url\":\"https:\/\/europavarietas.org\/csdp_new\/index.php\/reviews\/\",\"name\":\"Reviews - CERPESC\",\"isPartOf\":{\"@id\":\"https:\/\/europavarietas.org\/csdp_new\/#website\"},\"primaryImageOfPage\":{\"@id\":\"https:\/\/europavarietas.org\/csdp_new\/index.php\/reviews\/#primaryimage\"},\"image\":{\"@id\":\"https:\/\/europavarietas.org\/csdp_new\/index.php\/reviews\/#primaryimage\"},\"thumbnailUrl\":\"https:\/\/europavarietas.org\/csdp_new\/wp-content\/uploads\/2023\/08\/cerpescanalyses-1.jpg\",\"datePublished\":\"2023-08-22T21:33:36+00:00\",\"dateModified\":\"2025-03-14T08:26:00+00:00\",\"breadcrumb\":{\"@id\":\"https:\/\/europavarietas.org\/csdp_new\/index.php\/reviews\/#breadcrumb\"},\"inLanguage\":\"en-GB\",\"potentialAction\":[{\"@type\":\"ReadAction\",\"target\":[\"https:\/\/europavarietas.org\/csdp_new\/index.php\/reviews\/\"]}]},{\"@type\":\"ImageObject\",\"inLanguage\":\"en-GB\",\"@id\":\"https:\/\/europavarietas.org\/csdp_new\/index.php\/reviews\/#primaryimage\",\"url\":\"https:\/\/europavarietas.org\/csdp_new\/wp-content\/uploads\/2023\/08\/cerpescanalyses-1.jpg\",\"contentUrl\":\"https:\/\/europavarietas.org\/csdp_new\/wp-content\/uploads\/2023\/08\/cerpescanalyses-1.jpg\",\"width\":950,\"height\":355},{\"@type\":\"BreadcrumbList\",\"@id\":\"https:\/\/europavarietas.org\/csdp_new\/index.php\/reviews\/#breadcrumb\",\"itemListElement\":[{\"@type\":\"ListItem\",\"position\":1,\"name\":\"Home\",\"item\":\"https:\/\/europavarietas.org\/csdp_new\/\"},{\"@type\":\"ListItem\",\"position\":2,\"name\":\"Reviews\"}]},{\"@type\":\"WebSite\",\"@id\":\"https:\/\/europavarietas.org\/csdp_new\/#website\",\"url\":\"https:\/\/europavarietas.org\/csdp_new\/\",\"name\":\"CERPESC\",\"description\":\"European Soultion for Defence and Crisis Management\",\"publisher\":{\"@id\":\"https:\/\/europavarietas.org\/csdp_new\/#organization\"},\"potentialAction\":[{\"@type\":\"SearchAction\",\"target\":{\"@type\":\"EntryPoint\",\"urlTemplate\":\"https:\/\/europavarietas.org\/csdp_new\/?s={search_term_string}\"},\"query-input\":{\"@type\":\"PropertyValueSpecification\",\"valueRequired\":true,\"valueName\":\"search_term_string\"}}],\"inLanguage\":\"en-GB\"},{\"@type\":\"Organization\",\"@id\":\"https:\/\/europavarietas.org\/csdp_new\/#organization\",\"name\":\"CERPESC\",\"url\":\"https:\/\/europavarietas.org\/csdp_new\/\",\"logo\":{\"@type\":\"ImageObject\",\"inLanguage\":\"en-GB\",\"@id\":\"https:\/\/europavarietas.org\/csdp_new\/#\/schema\/logo\/image\/\",\"url\":\"https:\/\/europavarietas.org\/csdp_new\/wp-content\/uploads\/2023\/08\/cropped-cropped-cerpesc5_0.png\",\"contentUrl\":\"https:\/\/europavarietas.org\/csdp_new\/wp-content\/uploads\/2023\/08\/cropped-cropped-cerpesc5_0.png\",\"width\":530,\"height\":97,\"caption\":\"CERPESC\"},\"image\":{\"@id\":\"https:\/\/europavarietas.org\/csdp_new\/#\/schema\/logo\/image\/\"}}]}<\/script>\n<!-- \/ Yoast SEO plugin. -->","yoast_head_json":{"title":"Reviews - CERPESC","robots":{"index":"index","follow":"follow","max-snippet":"max-snippet:-1","max-image-preview":"max-image-preview:large","max-video-preview":"max-video-preview:-1"},"canonical":"https:\/\/europavarietas.org\/csdp_new\/index.php\/reviews\/","og_locale":"en_GB","og_type":"article","og_title":"Reviews - CERPESC","og_description":"Flash analyses focus on current issues. Studies written in cooperation with the EUISS, the Defence Committee of the AUEO, the Hungarian Institute of Foreign Affairs (MKI \/ HIIA), The Hungarian Institute for Strategic Research of Defence (SVKI)\u00a0 GUERRE EN UKRAINE &#8211; Les objectifs g\u00e9opolitiques russespar Kinga TorbickaRevue du CERPESC, 23\/05\/2017 Le 18 mars 2014 l\u2019accord...","og_url":"https:\/\/europavarietas.org\/csdp_new\/index.php\/reviews\/","og_site_name":"CERPESC","article_modified_time":"2025-03-14T08:26:00+00:00","og_image":[{"url":"https:\/\/europavarietas.org\/csdp_new\/wp-content\/uploads\/2023\/08\/cerpescanalyses-1.jpg","type":"","width":"","height":""}],"twitter_card":"summary_large_image","twitter_misc":{"Estimated reading time":"9 minutes"},"schema":{"@context":"https:\/\/schema.org","@graph":[{"@type":"WebPage","@id":"https:\/\/europavarietas.org\/csdp_new\/index.php\/reviews\/","url":"https:\/\/europavarietas.org\/csdp_new\/index.php\/reviews\/","name":"Reviews - CERPESC","isPartOf":{"@id":"https:\/\/europavarietas.org\/csdp_new\/#website"},"primaryImageOfPage":{"@id":"https:\/\/europavarietas.org\/csdp_new\/index.php\/reviews\/#primaryimage"},"image":{"@id":"https:\/\/europavarietas.org\/csdp_new\/index.php\/reviews\/#primaryimage"},"thumbnailUrl":"https:\/\/europavarietas.org\/csdp_new\/wp-content\/uploads\/2023\/08\/cerpescanalyses-1.jpg","datePublished":"2023-08-22T21:33:36+00:00","dateModified":"2025-03-14T08:26:00+00:00","breadcrumb":{"@id":"https:\/\/europavarietas.org\/csdp_new\/index.php\/reviews\/#breadcrumb"},"inLanguage":"en-GB","potentialAction":[{"@type":"ReadAction","target":["https:\/\/europavarietas.org\/csdp_new\/index.php\/reviews\/"]}]},{"@type":"ImageObject","inLanguage":"en-GB","@id":"https:\/\/europavarietas.org\/csdp_new\/index.php\/reviews\/#primaryimage","url":"https:\/\/europavarietas.org\/csdp_new\/wp-content\/uploads\/2023\/08\/cerpescanalyses-1.jpg","contentUrl":"https:\/\/europavarietas.org\/csdp_new\/wp-content\/uploads\/2023\/08\/cerpescanalyses-1.jpg","width":950,"height":355},{"@type":"BreadcrumbList","@id":"https:\/\/europavarietas.org\/csdp_new\/index.php\/reviews\/#breadcrumb","itemListElement":[{"@type":"ListItem","position":1,"name":"Home","item":"https:\/\/europavarietas.org\/csdp_new\/"},{"@type":"ListItem","position":2,"name":"Reviews"}]},{"@type":"WebSite","@id":"https:\/\/europavarietas.org\/csdp_new\/#website","url":"https:\/\/europavarietas.org\/csdp_new\/","name":"CERPESC","description":"European Soultion for Defence and Crisis Management","publisher":{"@id":"https:\/\/europavarietas.org\/csdp_new\/#organization"},"potentialAction":[{"@type":"SearchAction","target":{"@type":"EntryPoint","urlTemplate":"https:\/\/europavarietas.org\/csdp_new\/?s={search_term_string}"},"query-input":{"@type":"PropertyValueSpecification","valueRequired":true,"valueName":"search_term_string"}}],"inLanguage":"en-GB"},{"@type":"Organization","@id":"https:\/\/europavarietas.org\/csdp_new\/#organization","name":"CERPESC","url":"https:\/\/europavarietas.org\/csdp_new\/","logo":{"@type":"ImageObject","inLanguage":"en-GB","@id":"https:\/\/europavarietas.org\/csdp_new\/#\/schema\/logo\/image\/","url":"https:\/\/europavarietas.org\/csdp_new\/wp-content\/uploads\/2023\/08\/cropped-cropped-cerpesc5_0.png","contentUrl":"https:\/\/europavarietas.org\/csdp_new\/wp-content\/uploads\/2023\/08\/cropped-cropped-cerpesc5_0.png","width":530,"height":97,"caption":"CERPESC"},"image":{"@id":"https:\/\/europavarietas.org\/csdp_new\/#\/schema\/logo\/image\/"}}]}},"_links":{"self":[{"href":"https:\/\/europavarietas.org\/csdp_new\/index.php\/wp-json\/wp\/v2\/pages\/274","targetHints":{"allow":["GET"]}}],"collection":[{"href":"https:\/\/europavarietas.org\/csdp_new\/index.php\/wp-json\/wp\/v2\/pages"}],"about":[{"href":"https:\/\/europavarietas.org\/csdp_new\/index.php\/wp-json\/wp\/v2\/types\/page"}],"author":[{"embeddable":true,"href":"https:\/\/europavarietas.org\/csdp_new\/index.php\/wp-json\/wp\/v2\/users\/1"}],"replies":[{"embeddable":true,"href":"https:\/\/europavarietas.org\/csdp_new\/index.php\/wp-json\/wp\/v2\/comments?post=274"}],"version-history":[{"count":42,"href":"https:\/\/europavarietas.org\/csdp_new\/index.php\/wp-json\/wp\/v2\/pages\/274\/revisions"}],"predecessor-version":[{"id":2308,"href":"https:\/\/europavarietas.org\/csdp_new\/index.php\/wp-json\/wp\/v2\/pages\/274\/revisions\/2308"}],"wp:attachment":[{"href":"https:\/\/europavarietas.org\/csdp_new\/index.php\/wp-json\/wp\/v2\/media?parent=274"}],"wp:term":[{"taxonomy":"category","embeddable":true,"href":"https:\/\/europavarietas.org\/csdp_new\/index.php\/wp-json\/wp\/v2\/categories?post=274"},{"taxonomy":"post_tag","embeddable":true,"href":"https:\/\/europavarietas.org\/csdp_new\/index.php\/wp-json\/wp\/v2\/tags?post=274"}],"curies":[{"name":"wp","href":"https:\/\/api.w.org\/{rel}","templated":true}]}}