{"id":237,"date":"2023-08-22T20:39:31","date_gmt":"2023-08-22T20:39:31","guid":{"rendered":"https:\/\/europavarietas.org\/csdp_new\/?page_id=237"},"modified":"2023-08-24T20:52:10","modified_gmt":"2023-08-24T20:52:10","slug":"books","status":"publish","type":"page","link":"https:\/\/europavarietas.org\/csdp_new\/index.php\/books\/","title":{"rendered":"Books"},"content":{"rendered":"\t\t<div data-elementor-type=\"wp-page\" data-elementor-id=\"237\" class=\"elementor elementor-237\">\n\t\t\t\t\t\t<section class=\"elementor-section elementor-top-section elementor-element elementor-element-24508dc elementor-section-boxed elementor-section-height-default elementor-section-height-default\" data-id=\"24508dc\" data-element_type=\"section\">\n\t\t\t\t\t\t<div class=\"elementor-container elementor-column-gap-default\">\n\t\t\t\t\t<div class=\"elementor-column elementor-col-100 elementor-top-column elementor-element elementor-element-59dc17a\" data-id=\"59dc17a\" data-element_type=\"column\">\n\t\t\t<div class=\"elementor-widget-wrap elementor-element-populated\">\n\t\t\t\t\t\t<div class=\"elementor-element elementor-element-0e296be elementor-widget elementor-widget-text-editor\" data-id=\"0e296be\" data-element_type=\"widget\" data-widget_type=\"text-editor.default\">\n\t\t\t\t<div class=\"elementor-widget-container\">\n\t\t\t\t\t\t\t\t\t<center><img decoding=\"async\" src=\"http:\/\/europavarietas.org\/csdp\/sites\/default\/files\/coredocs4.jpg\" \/><\/center>\u00a0\t\t\t\t\t\t\t\t<\/div>\n\t\t\t\t<\/div>\n\t\t\t\t\t<\/div>\n\t\t<\/div>\n\t\t\t\t\t<\/div>\n\t\t<\/section>\n\t\t\t\t<section class=\"elementor-section elementor-top-section elementor-element elementor-element-94ff8e4 elementor-section-boxed elementor-section-height-default elementor-section-height-default\" data-id=\"94ff8e4\" data-element_type=\"section\">\n\t\t\t\t\t\t<div class=\"elementor-container elementor-column-gap-default\">\n\t\t\t\t\t<div class=\"elementor-column elementor-col-100 elementor-top-column elementor-element elementor-element-03da30f\" data-id=\"03da30f\" data-element_type=\"column\">\n\t\t\t<div class=\"elementor-widget-wrap elementor-element-populated\">\n\t\t\t\t\t\t<div class=\"elementor-element elementor-element-31c14bd elementor-widget elementor-widget-text-editor\" data-id=\"31c14bd\" data-element_type=\"widget\" data-widget_type=\"text-editor.default\">\n\t\t\t\t<div class=\"elementor-widget-container\">\n\t\t\t\t\t\t\t\t\t<p><strong>EUROPEAN SECURITY &amp; DEFENCE : CERPESC BOOKS\u00a0<\/strong><br \/><em>Andr\u00e1s Istv\u00e1n T\u00fcrke\u00a0<\/em><br \/>LA POLITIQUE EUROPEENNE DE SECURITE ET DE DEFENSE &#8211;<br \/>Quel bilan apr\u00e8s dix ans? Quelles nouvelles orientations?<br \/><em>Paris, L&#8217;Harmattan (2012)<\/em><br \/><a href=\"http:\/\/europavarietas.org\/csdp\/turkelivre\">Pr\u00e9sentation du livre<\/a><br \/><a href=\"https:\/\/www.academia.edu\/3349595\/LA_POLITIQUE_EUROP%C3%89ENNE_DE_S%C3%89CURIT%C3%89_ET_DE_D%C3%89FENSE_Quel_bilan_apr%C3%A8s_10_ans_Quelles_nouvelles_orientations_2012_\">Download<\/a><\/p><p><em>Andr\u00e1s Istv\u00e1n T\u00fcrke<\/em><br \/>LA GEOPOLITIQUE DES PREMIERES MISSIONS DE L&#8217;UNION EUROPEENNE &#8211;<br \/>en Afrique<br \/><em>With the English contribution of Andr\u00e1s Hettyey about Somalia<\/em><br \/><em>Paris, L&#8217;Harmattan 2013 (second updated edition : 2016, hungarian edition : 2016)<\/em><br \/><a href=\"http:\/\/europavarietas.org\/csdp\/turkelivre2\">Pr\u00e9sentation du livre<\/a> <a href=\"http:\/\/publikon.hu\/htmls\/konyveink.html?ID=170\">HU<\/a><br \/><a href=\"https:\/\/www.academia.edu\/24990635\/La_g%C3%A9opolitique_des_premi%C3%A8res_missions_de_lUnion_europ%C3%A9enne_en_Afrique_Second_updated_edition_2016_\">Download<\/a><\/p><p><em>Andr\u00e1s Istv\u00e1n T\u00fcrke<\/em><br \/>LA GEOPOLITIQUE DES PREMIERES MISSIONS DE L&#8217;UNION EUROPEENNE &#8211;<br \/>dans les Balkans<br \/><em>Book in preparation<\/em><br \/><a href=\"http:\/\/europavarietas.org\/csdp\/turkelivre3\">FR<\/a><\/p><p><em>Andr\u00e1s Istv\u00e1n T\u00fcrke (ed.)<\/em><br \/>THE GEOPOLITICS OF THE FIRST EU-MISSIONS &#8211;<br \/>in (Eur)asia<br \/><em>Book in preparation<\/em><br \/>EN<\/p><p><em>Andr\u00e1s Istv\u00e1n T\u00fcrke &#8211; J\u00e1nos Beseny\u0151 &#8211; P\u00e9ter Wagner (ed.)<\/em><br \/>Magyarorsz\u00e1g \u00e9s a CSDP &#8211; Magyar r\u00e9szv\u00e9tel az Eur\u00f3pai Uni\u00f3 biztons\u00e1g- \u00e9s v\u00e9delempolitik\u00e1j\u00e1ban<br \/><em>Hungary &amp; CSDP Handbook<\/em><br \/>Budapest, Zr\u00ednyi Kiad\u00f3 (2016)<br \/><a href=\"http:\/\/europavarietas.org\/hungary_csdp_handbook_english_abstracts\">Abstracts (EN)<\/a><br \/><a href=\"https:\/\/www.academia.edu\/22093534\/Magyarorsz%C3%A1g_%C3%A9s_a_CSDP_Magyar_r%C3%A9szv%C3%A9tel_az_Eur%C3%B3pai_Uni%C3%B3_biztons%C3%A1g_%C3%A9s_v%C3%A9delempolitik%C3%A1j%C3%A1ban_May_2016_Hungary_and_CSDP_Handbook\">Download (HU)<\/a><\/p><p>More information : <a href=\"mailto:info@europavarietas.org\">info@europavarietas.org<\/a><br \/>\u00a9 2006- CERPESC<br \/>\u00a9 2008- <a href=\"http:\/\/www.europavarietas.org\">Europa Varietas Institute<\/a><\/p>\t\t\t\t\t\t\t\t<\/div>\n\t\t\t\t<\/div>\n\t\t\t\t\t<\/div>\n\t\t<\/div>\n\t\t\t\t\t<\/div>\n\t\t<\/section>\n\t\t\t\t<section class=\"elementor-section elementor-top-section elementor-element elementor-element-fd452ab elementor-section-boxed elementor-section-height-default elementor-section-height-default\" data-id=\"fd452ab\" data-element_type=\"section\">\n\t\t\t\t\t\t<div class=\"elementor-container elementor-column-gap-default\">\n\t\t\t\t\t<div class=\"elementor-column elementor-col-100 elementor-top-column elementor-element elementor-element-77f10eb\" data-id=\"77f10eb\" data-element_type=\"column\">\n\t\t\t<div class=\"elementor-widget-wrap elementor-element-populated\">\n\t\t\t\t\t\t<div class=\"elementor-element elementor-element-c6e8a76 elementor-widget elementor-widget-text-editor\" data-id=\"c6e8a76\" data-element_type=\"widget\" data-widget_type=\"text-editor.default\">\n\t\t\t\t<div class=\"elementor-widget-container\">\n\t\t\t\t\t\t\t\t\t<center><img decoding=\"async\" src=\"http:\/\/europavarietas.org\/sites\/default\/files\/dunkirk.jpg\" width=\"175\" height=\"242\" \/><img decoding=\"async\" src=\"http:\/\/europavarietas.org\/files\/fromstmalotolisbon.jpg\" width=\"175\" height=\"242\" \/><img decoding=\"async\" src=\"http:\/\/europavarietas.org\/csdp\/sites\/default\/files\/turke_pesd.jpg\" width=\"175\" height=\"242\" \/><img loading=\"lazy\" decoding=\"async\" src=\"http:\/\/europavarietas.org\/csdp\/sites\/default\/files\/turke_csdp_africaN.jpg\" width=\"175\" height=\"242\" \/><img loading=\"lazy\" decoding=\"async\" src=\"\/sites\/default\/files\/turke_afrika_geopolitika_kicsi.jpg\" width=\"175\" height=\"242\" \/><img loading=\"lazy\" decoding=\"async\" src=\"\/sites\/default\/files\/Hungary_CSDP_kicsi.jpg\" width=\"175\" height=\"242\" \/><\/center>\t\t\t\t\t\t\t\t<\/div>\n\t\t\t\t<\/div>\n\t\t\t\t\t<\/div>\n\t\t<\/div>\n\t\t\t\t\t<\/div>\n\t\t<\/section>\n\t\t\t\t<\/div>\n\t\t","protected":false},"excerpt":{"rendered":"<p>\u00a0 EUROPEAN SECURITY &amp; DEFENCE : CERPESC BOOKS\u00a0Andr\u00e1s Istv\u00e1n T\u00fcrke\u00a0LA POLITIQUE EUROPEENNE DE SECURITE ET DE DEFENSE &#8211;Quel bilan apr\u00e8s dix ans? Quelles nouvelles orientations?Paris, L&#8217;Harmattan (2012)Pr\u00e9sentation du livreDownload Andr\u00e1s Istv\u00e1n T\u00fcrkeLA GEOPOLITIQUE DES PREMIERES MISSIONS DE L&#8217;UNION EUROPEENNE &#8211;en AfriqueWith the English contribution of Andr\u00e1s Hettyey about SomaliaParis, L&#8217;Harmattan 2013 (second updated edition :&#8230;<\/p>\n","protected":false},"author":1,"featured_media":0,"parent":0,"menu_order":0,"comment_status":"closed","ping_status":"closed","template":"","meta":{"footnotes":""},"categories":[3],"tags":[],"class_list":["post-237","page","type-page","status-publish","hentry","category-cerpesc"],"yoast_head":"<!-- This site is optimized with the Yoast SEO plugin v26.5 - https:\/\/yoast.com\/wordpress\/plugins\/seo\/ -->\n<title>Books - CERPESC<\/title>\n<meta name=\"robots\" content=\"index, follow, max-snippet:-1, max-image-preview:large, max-video-preview:-1\" \/>\n<link rel=\"canonical\" href=\"https:\/\/europavarietas.org\/csdp_new\/index.php\/books\/\" \/>\n<meta property=\"og:locale\" content=\"en_GB\" \/>\n<meta property=\"og:type\" content=\"article\" \/>\n<meta property=\"og:title\" content=\"Books - CERPESC\" \/>\n<meta property=\"og:description\" content=\"\u00a0 EUROPEAN SECURITY &amp; DEFENCE : CERPESC BOOKS\u00a0Andr\u00e1s Istv\u00e1n T\u00fcrke\u00a0LA POLITIQUE EUROPEENNE DE SECURITE ET DE DEFENSE &#8211;Quel bilan apr\u00e8s dix ans? Quelles nouvelles orientations?Paris, L&#8217;Harmattan (2012)Pr\u00e9sentation du livreDownload Andr\u00e1s Istv\u00e1n T\u00fcrkeLA GEOPOLITIQUE DES PREMIERES MISSIONS DE L&#8217;UNION EUROPEENNE &#8211;en AfriqueWith the English contribution of Andr\u00e1s Hettyey about SomaliaParis, L&#8217;Harmattan 2013 (second updated edition :...\" \/>\n<meta property=\"og:url\" content=\"https:\/\/europavarietas.org\/csdp_new\/index.php\/books\/\" \/>\n<meta property=\"og:site_name\" content=\"CERPESC\" \/>\n<meta property=\"article:modified_time\" content=\"2023-08-24T20:52:10+00:00\" \/>\n<meta property=\"og:image\" content=\"http:\/\/europavarietas.org\/csdp\/sites\/default\/files\/coredocs4.jpg\" \/>\n<meta name=\"twitter:card\" content=\"summary_large_image\" \/>\n<meta name=\"twitter:label1\" content=\"Estimated reading time\" \/>\n\t<meta name=\"twitter:data1\" content=\"3 minutes\" \/>\n<script type=\"application\/ld+json\" class=\"yoast-schema-graph\">{\"@context\":\"https:\/\/schema.org\",\"@graph\":[{\"@type\":\"WebPage\",\"@id\":\"https:\/\/europavarietas.org\/csdp_new\/index.php\/books\/\",\"url\":\"https:\/\/europavarietas.org\/csdp_new\/index.php\/books\/\",\"name\":\"Books - CERPESC\",\"isPartOf\":{\"@id\":\"https:\/\/europavarietas.org\/csdp_new\/#website\"},\"primaryImageOfPage\":{\"@id\":\"https:\/\/europavarietas.org\/csdp_new\/index.php\/books\/#primaryimage\"},\"image\":{\"@id\":\"https:\/\/europavarietas.org\/csdp_new\/index.php\/books\/#primaryimage\"},\"thumbnailUrl\":\"http:\/\/europavarietas.org\/csdp\/sites\/default\/files\/coredocs4.jpg\",\"datePublished\":\"2023-08-22T20:39:31+00:00\",\"dateModified\":\"2023-08-24T20:52:10+00:00\",\"breadcrumb\":{\"@id\":\"https:\/\/europavarietas.org\/csdp_new\/index.php\/books\/#breadcrumb\"},\"inLanguage\":\"en-GB\",\"potentialAction\":[{\"@type\":\"ReadAction\",\"target\":[\"https:\/\/europavarietas.org\/csdp_new\/index.php\/books\/\"]}]},{\"@type\":\"ImageObject\",\"inLanguage\":\"en-GB\",\"@id\":\"https:\/\/europavarietas.org\/csdp_new\/index.php\/books\/#primaryimage\",\"url\":\"http:\/\/europavarietas.org\/csdp\/sites\/default\/files\/coredocs4.jpg\",\"contentUrl\":\"http:\/\/europavarietas.org\/csdp\/sites\/default\/files\/coredocs4.jpg\"},{\"@type\":\"BreadcrumbList\",\"@id\":\"https:\/\/europavarietas.org\/csdp_new\/index.php\/books\/#breadcrumb\",\"itemListElement\":[{\"@type\":\"ListItem\",\"position\":1,\"name\":\"Home\",\"item\":\"https:\/\/europavarietas.org\/csdp_new\/\"},{\"@type\":\"ListItem\",\"position\":2,\"name\":\"Books\"}]},{\"@type\":\"WebSite\",\"@id\":\"https:\/\/europavarietas.org\/csdp_new\/#website\",\"url\":\"https:\/\/europavarietas.org\/csdp_new\/\",\"name\":\"CERPESC\",\"description\":\"European Soultion for Defence and Crisis Management\",\"publisher\":{\"@id\":\"https:\/\/europavarietas.org\/csdp_new\/#organization\"},\"potentialAction\":[{\"@type\":\"SearchAction\",\"target\":{\"@type\":\"EntryPoint\",\"urlTemplate\":\"https:\/\/europavarietas.org\/csdp_new\/?s={search_term_string}\"},\"query-input\":{\"@type\":\"PropertyValueSpecification\",\"valueRequired\":true,\"valueName\":\"search_term_string\"}}],\"inLanguage\":\"en-GB\"},{\"@type\":\"Organization\",\"@id\":\"https:\/\/europavarietas.org\/csdp_new\/#organization\",\"name\":\"CERPESC\",\"url\":\"https:\/\/europavarietas.org\/csdp_new\/\",\"logo\":{\"@type\":\"ImageObject\",\"inLanguage\":\"en-GB\",\"@id\":\"https:\/\/europavarietas.org\/csdp_new\/#\/schema\/logo\/image\/\",\"url\":\"https:\/\/europavarietas.org\/csdp_new\/wp-content\/uploads\/2023\/08\/cropped-cropped-cerpesc5_0.png\",\"contentUrl\":\"https:\/\/europavarietas.org\/csdp_new\/wp-content\/uploads\/2023\/08\/cropped-cropped-cerpesc5_0.png\",\"width\":530,\"height\":97,\"caption\":\"CERPESC\"},\"image\":{\"@id\":\"https:\/\/europavarietas.org\/csdp_new\/#\/schema\/logo\/image\/\"}}]}<\/script>\n<!-- \/ Yoast SEO plugin. -->","yoast_head_json":{"title":"Books - CERPESC","robots":{"index":"index","follow":"follow","max-snippet":"max-snippet:-1","max-image-preview":"max-image-preview:large","max-video-preview":"max-video-preview:-1"},"canonical":"https:\/\/europavarietas.org\/csdp_new\/index.php\/books\/","og_locale":"en_GB","og_type":"article","og_title":"Books - CERPESC","og_description":"\u00a0 EUROPEAN SECURITY &amp; DEFENCE : CERPESC BOOKS\u00a0Andr\u00e1s Istv\u00e1n T\u00fcrke\u00a0LA POLITIQUE EUROPEENNE DE SECURITE ET DE DEFENSE &#8211;Quel bilan apr\u00e8s dix ans? Quelles nouvelles orientations?Paris, L&#8217;Harmattan (2012)Pr\u00e9sentation du livreDownload Andr\u00e1s Istv\u00e1n T\u00fcrkeLA GEOPOLITIQUE DES PREMIERES MISSIONS DE L&#8217;UNION EUROPEENNE &#8211;en AfriqueWith the English contribution of Andr\u00e1s Hettyey about SomaliaParis, L&#8217;Harmattan 2013 (second updated edition :...","og_url":"https:\/\/europavarietas.org\/csdp_new\/index.php\/books\/","og_site_name":"CERPESC","article_modified_time":"2023-08-24T20:52:10+00:00","og_image":[{"url":"http:\/\/europavarietas.org\/csdp\/sites\/default\/files\/coredocs4.jpg","type":"","width":"","height":""}],"twitter_card":"summary_large_image","twitter_misc":{"Estimated reading time":"3 minutes"},"schema":{"@context":"https:\/\/schema.org","@graph":[{"@type":"WebPage","@id":"https:\/\/europavarietas.org\/csdp_new\/index.php\/books\/","url":"https:\/\/europavarietas.org\/csdp_new\/index.php\/books\/","name":"Books - CERPESC","isPartOf":{"@id":"https:\/\/europavarietas.org\/csdp_new\/#website"},"primaryImageOfPage":{"@id":"https:\/\/europavarietas.org\/csdp_new\/index.php\/books\/#primaryimage"},"image":{"@id":"https:\/\/europavarietas.org\/csdp_new\/index.php\/books\/#primaryimage"},"thumbnailUrl":"http:\/\/europavarietas.org\/csdp\/sites\/default\/files\/coredocs4.jpg","datePublished":"2023-08-22T20:39:31+00:00","dateModified":"2023-08-24T20:52:10+00:00","breadcrumb":{"@id":"https:\/\/europavarietas.org\/csdp_new\/index.php\/books\/#breadcrumb"},"inLanguage":"en-GB","potentialAction":[{"@type":"ReadAction","target":["https:\/\/europavarietas.org\/csdp_new\/index.php\/books\/"]}]},{"@type":"ImageObject","inLanguage":"en-GB","@id":"https:\/\/europavarietas.org\/csdp_new\/index.php\/books\/#primaryimage","url":"http:\/\/europavarietas.org\/csdp\/sites\/default\/files\/coredocs4.jpg","contentUrl":"http:\/\/europavarietas.org\/csdp\/sites\/default\/files\/coredocs4.jpg"},{"@type":"BreadcrumbList","@id":"https:\/\/europavarietas.org\/csdp_new\/index.php\/books\/#breadcrumb","itemListElement":[{"@type":"ListItem","position":1,"name":"Home","item":"https:\/\/europavarietas.org\/csdp_new\/"},{"@type":"ListItem","position":2,"name":"Books"}]},{"@type":"WebSite","@id":"https:\/\/europavarietas.org\/csdp_new\/#website","url":"https:\/\/europavarietas.org\/csdp_new\/","name":"CERPESC","description":"European Soultion for Defence and Crisis Management","publisher":{"@id":"https:\/\/europavarietas.org\/csdp_new\/#organization"},"potentialAction":[{"@type":"SearchAction","target":{"@type":"EntryPoint","urlTemplate":"https:\/\/europavarietas.org\/csdp_new\/?s={search_term_string}"},"query-input":{"@type":"PropertyValueSpecification","valueRequired":true,"valueName":"search_term_string"}}],"inLanguage":"en-GB"},{"@type":"Organization","@id":"https:\/\/europavarietas.org\/csdp_new\/#organization","name":"CERPESC","url":"https:\/\/europavarietas.org\/csdp_new\/","logo":{"@type":"ImageObject","inLanguage":"en-GB","@id":"https:\/\/europavarietas.org\/csdp_new\/#\/schema\/logo\/image\/","url":"https:\/\/europavarietas.org\/csdp_new\/wp-content\/uploads\/2023\/08\/cropped-cropped-cerpesc5_0.png","contentUrl":"https:\/\/europavarietas.org\/csdp_new\/wp-content\/uploads\/2023\/08\/cropped-cropped-cerpesc5_0.png","width":530,"height":97,"caption":"CERPESC"},"image":{"@id":"https:\/\/europavarietas.org\/csdp_new\/#\/schema\/logo\/image\/"}}]}},"_links":{"self":[{"href":"https:\/\/europavarietas.org\/csdp_new\/index.php\/wp-json\/wp\/v2\/pages\/237","targetHints":{"allow":["GET"]}}],"collection":[{"href":"https:\/\/europavarietas.org\/csdp_new\/index.php\/wp-json\/wp\/v2\/pages"}],"about":[{"href":"https:\/\/europavarietas.org\/csdp_new\/index.php\/wp-json\/wp\/v2\/types\/page"}],"author":[{"embeddable":true,"href":"https:\/\/europavarietas.org\/csdp_new\/index.php\/wp-json\/wp\/v2\/users\/1"}],"replies":[{"embeddable":true,"href":"https:\/\/europavarietas.org\/csdp_new\/index.php\/wp-json\/wp\/v2\/comments?post=237"}],"version-history":[{"count":38,"href":"https:\/\/europavarietas.org\/csdp_new\/index.php\/wp-json\/wp\/v2\/pages\/237\/revisions"}],"predecessor-version":[{"id":676,"href":"https:\/\/europavarietas.org\/csdp_new\/index.php\/wp-json\/wp\/v2\/pages\/237\/revisions\/676"}],"wp:attachment":[{"href":"https:\/\/europavarietas.org\/csdp_new\/index.php\/wp-json\/wp\/v2\/media?parent=237"}],"wp:term":[{"taxonomy":"category","embeddable":true,"href":"https:\/\/europavarietas.org\/csdp_new\/index.php\/wp-json\/wp\/v2\/categories?post=237"},{"taxonomy":"post_tag","embeddable":true,"href":"https:\/\/europavarietas.org\/csdp_new\/index.php\/wp-json\/wp\/v2\/tags?post=237"}],"curies":[{"name":"wp","href":"https:\/\/api.w.org\/{rel}","templated":true}]}}