{"id":1228,"date":"2015-03-20T12:00:00","date_gmt":"2015-03-20T12:00:00","guid":{"rendered":"https:\/\/europavarietas.org\/csdp_new\/?page_id=1228"},"modified":"2023-08-28T13:44:23","modified_gmt":"2023-08-28T13:44:23","slug":"produits-qui-ont-ete-inclus-dans-le-nouveau-spg-a-compter-du-1er-janvier-2014","status":"publish","type":"page","link":"https:\/\/europavarietas.org\/csdp_new\/index.php\/produits-qui-ont-ete-inclus-dans-le-nouveau-spg-a-compter-du-1er-janvier-2014\/","title":{"rendered":"Produits qui ont \u00e9t\u00e9 inclus dans le nouveau SPG \u00e0 compter du 1er janvier 2014"},"content":{"rendered":"\t\t<div data-elementor-type=\"wp-page\" data-elementor-id=\"1228\" class=\"elementor elementor-1228\">\n\t\t\t\t\t\t<section class=\"elementor-section elementor-top-section elementor-element elementor-element-6139186 elementor-section-boxed elementor-section-height-default elementor-section-height-default\" data-id=\"6139186\" data-element_type=\"section\">\n\t\t\t\t\t\t<div class=\"elementor-container elementor-column-gap-default\">\n\t\t\t\t\t<div class=\"elementor-column elementor-col-100 elementor-top-column elementor-element elementor-element-91f3a29\" data-id=\"91f3a29\" data-element_type=\"column\">\n\t\t\t<div class=\"elementor-widget-wrap elementor-element-populated\">\n\t\t\t\t\t\t<div class=\"elementor-element elementor-element-c8198b6 elementor-widget elementor-widget-text-editor\" data-id=\"c8198b6\" data-element_type=\"widget\" data-widget_type=\"text-editor.default\">\n\t\t\t\t<div class=\"elementor-widget-container\">\n\t\t\t\t\t\t\t\t\t<center><strong>SPG : nouvelles lignes tarifaires b\u00e9n\u00e9ficiant de pr\u00e9f\u00e9rences (franchise de droits)\u00a0<\/strong><\/center><p>Code NC Description<\/p><p>280519 M\u00e9taux alcalins\/alcalino-terreux autres que le sodium et le calcium<\/p><p>280530 M\u00e9taux de terres rares, scandium et yttrium, m\u00eame m\u00e9lang\u00e9s ou alli\u00e9s entre eux<\/p><p>281820 Oxyde d\u2019aluminium (\u00e0 l\u2019excl. du corindon artificiel)<\/p><p>310221 Sulfate d\u2019ammonium<\/p><p>310240 M\u00e9langes de nitrate d\u2019ammonium et de carbonate de calcium ou d\u2019une autre mati\u00e8re inorganique d\u00e9pourvue de pouvoir fertilisant<\/p><p>310250 Nitrate de sodium<\/p><p>310260 Sels doubles et m\u00e9langes de nitrate de calcium et de nitrate d\u2019ammonium<\/p><p>320120 Extrait de mimosa<\/p><p>780199 Plomb sous forme brute autre que raffin\u00e9, non d\u00e9nomm\u00e9 ailleurs que sous 78.01<\/p><p>810194 Tungst\u00e8ne sous forme brute (wolfram), y compris les barres simplement obtenues par frittage<\/p><p>810411 Magn\u00e9sium sous forme brute, contenant au moins 99,8 pourcent en poids de magn\u00e9sium<\/p><p>810419 Magn\u00e9sium sous forme brute (\u00e0 l\u2019excep. du 8104.11)<\/p><p>810720 Cadmium sous forme brute ; poudres<\/p><p>810820 Titane sous forme brute ; poudres<\/p><p>810830 D\u00e9chets et d\u00e9bris de titane<\/p><p>SPG : lignes tarifaires qui faisaient l\u2019objet d\u2019une r\u00e9duction de droits et qui b\u00e9n\u00e9ficieront d\u2019une franchise de droits<\/p><p>Code NC Description<\/p><p>06031200<\/p><p>\u0152illets et leurs boutons, frais, coup\u00e9s, pour bouquets ou pour ornements<\/p><p>24011060 Tabacs sun cured du type oriental, non \u00e9cot\u00e9s<\/p><p>39076020 Poly(\u00e9thyl\u00e8ne t\u00e9r\u00e9phtalate), sous formes primaires, ayant un indice de viscosit\u00e9 de 78 ml\/g ou plus<\/p><p>85219000 Appareil d\u2019enregistrement ou de reproduction vid\u00e9ophoniques (\u00e0 l\u2019excl. des bandes magn\u00e9tiques) ; appareil d\u2019enregistrement ou de reproduction vid\u00e9ophoniques incorporant ou non un r\u00e9cepteur de signaux vid\u00e9ophoniques (\u00e0 l\u2019excl. des bandes magn\u00e9tiques et des cam\u00e9scopes)<\/p><p>SPG + : nouvelles lignes tarifaires b\u00e9n\u00e9ficiant de pr\u00e9f\u00e9rences (franchise de droits)<\/p><p>CN code Description<\/p><p>280519 M\u00e9taux alcalins\/alcalino-terreux autres que le sodium et le calcium<\/p><p>280530 M\u00e9taux de terres rares, scandium et yttrium, m\u00eame m\u00e9lang\u00e9s ou alli\u00e9s entre eux<\/p><p>281820 Oxyde d\u2019aluminium (\u00e0 l\u2019excl. du corindon artificiel)<\/p><p>780199 Plomb sous forme brute autre que raffin\u00e9, non d\u00e9nomm\u00e9 ailleurs que sous 78.01<\/p>\t\t\t\t\t\t\t\t<\/div>\n\t\t\t\t<\/div>\n\t\t\t\t\t<\/div>\n\t\t<\/div>\n\t\t\t\t\t<\/div>\n\t\t<\/section>\n\t\t\t\t<\/div>\n\t\t","protected":false},"excerpt":{"rendered":"<p>SPG : nouvelles lignes tarifaires b\u00e9n\u00e9ficiant de pr\u00e9f\u00e9rences (franchise de droits)\u00a0 Code NC Description 280519 M\u00e9taux alcalins\/alcalino-terreux autres que le sodium et le calcium 280530 M\u00e9taux de terres rares, scandium et yttrium, m\u00eame m\u00e9lang\u00e9s ou alli\u00e9s entre eux 281820 Oxyde d\u2019aluminium (\u00e0 l\u2019excl. du corindon artificiel) 310221 Sulfate d\u2019ammonium 310240 M\u00e9langes de nitrate d\u2019ammonium et&#8230;<\/p>\n","protected":false},"author":2,"featured_media":1039,"parent":0,"menu_order":0,"comment_status":"closed","ping_status":"closed","template":"","meta":{"footnotes":""},"categories":[3],"tags":[],"class_list":["post-1228","page","type-page","status-publish","has-post-thumbnail","hentry","category-cerpesc"],"yoast_head":"<!-- This site is optimized with the Yoast SEO plugin v26.5 - https:\/\/yoast.com\/wordpress\/plugins\/seo\/ -->\n<title>Produits qui ont \u00e9t\u00e9 inclus dans le nouveau SPG \u00e0 compter du 1er janvier 2014 - CERPESC<\/title>\n<meta name=\"robots\" content=\"index, follow, max-snippet:-1, max-image-preview:large, max-video-preview:-1\" \/>\n<link rel=\"canonical\" href=\"https:\/\/europavarietas.org\/csdp_new\/index.php\/produits-qui-ont-ete-inclus-dans-le-nouveau-spg-a-compter-du-1er-janvier-2014\/\" \/>\n<meta property=\"og:locale\" content=\"en_GB\" \/>\n<meta property=\"og:type\" content=\"article\" \/>\n<meta property=\"og:title\" content=\"Produits qui ont \u00e9t\u00e9 inclus dans le nouveau SPG \u00e0 compter du 1er janvier 2014 - CERPESC\" \/>\n<meta property=\"og:description\" content=\"SPG : nouvelles lignes tarifaires b\u00e9n\u00e9ficiant de pr\u00e9f\u00e9rences (franchise de droits)\u00a0 Code NC Description 280519 M\u00e9taux alcalins\/alcalino-terreux autres que le sodium et le calcium 280530 M\u00e9taux de terres rares, scandium et yttrium, m\u00eame m\u00e9lang\u00e9s ou alli\u00e9s entre eux 281820 Oxyde d\u2019aluminium (\u00e0 l\u2019excl. du corindon artificiel) 310221 Sulfate d\u2019ammonium 310240 M\u00e9langes de nitrate d\u2019ammonium et...\" \/>\n<meta property=\"og:url\" content=\"https:\/\/europavarietas.org\/csdp_new\/index.php\/produits-qui-ont-ete-inclus-dans-le-nouveau-spg-a-compter-du-1er-janvier-2014\/\" \/>\n<meta property=\"og:site_name\" content=\"CERPESC\" \/>\n<meta property=\"article:modified_time\" content=\"2023-08-28T13:44:23+00:00\" \/>\n<meta property=\"og:image\" content=\"https:\/\/europavarietas.org\/csdp_new\/wp-content\/uploads\/2023\/08\/banner5.jpg\" \/>\n\t<meta property=\"og:image:width\" content=\"915\" \/>\n\t<meta property=\"og:image:height\" content=\"176\" \/>\n\t<meta property=\"og:image:type\" content=\"image\/jpeg\" \/>\n<meta name=\"twitter:card\" content=\"summary_large_image\" \/>\n<meta name=\"twitter:label1\" content=\"Estimated reading time\" \/>\n\t<meta name=\"twitter:data1\" content=\"2 minutes\" \/>\n<script type=\"application\/ld+json\" class=\"yoast-schema-graph\">{\"@context\":\"https:\/\/schema.org\",\"@graph\":[{\"@type\":\"WebPage\",\"@id\":\"https:\/\/europavarietas.org\/csdp_new\/index.php\/produits-qui-ont-ete-inclus-dans-le-nouveau-spg-a-compter-du-1er-janvier-2014\/\",\"url\":\"https:\/\/europavarietas.org\/csdp_new\/index.php\/produits-qui-ont-ete-inclus-dans-le-nouveau-spg-a-compter-du-1er-janvier-2014\/\",\"name\":\"Produits qui ont \u00e9t\u00e9 inclus dans le nouveau SPG \u00e0 compter du 1er janvier 2014 - CERPESC\",\"isPartOf\":{\"@id\":\"https:\/\/europavarietas.org\/csdp_new\/#website\"},\"primaryImageOfPage\":{\"@id\":\"https:\/\/europavarietas.org\/csdp_new\/index.php\/produits-qui-ont-ete-inclus-dans-le-nouveau-spg-a-compter-du-1er-janvier-2014\/#primaryimage\"},\"image\":{\"@id\":\"https:\/\/europavarietas.org\/csdp_new\/index.php\/produits-qui-ont-ete-inclus-dans-le-nouveau-spg-a-compter-du-1er-janvier-2014\/#primaryimage\"},\"thumbnailUrl\":\"https:\/\/europavarietas.org\/csdp_new\/wp-content\/uploads\/2023\/08\/banner5.jpg\",\"datePublished\":\"2015-03-20T12:00:00+00:00\",\"dateModified\":\"2023-08-28T13:44:23+00:00\",\"breadcrumb\":{\"@id\":\"https:\/\/europavarietas.org\/csdp_new\/index.php\/produits-qui-ont-ete-inclus-dans-le-nouveau-spg-a-compter-du-1er-janvier-2014\/#breadcrumb\"},\"inLanguage\":\"en-GB\",\"potentialAction\":[{\"@type\":\"ReadAction\",\"target\":[\"https:\/\/europavarietas.org\/csdp_new\/index.php\/produits-qui-ont-ete-inclus-dans-le-nouveau-spg-a-compter-du-1er-janvier-2014\/\"]}]},{\"@type\":\"ImageObject\",\"inLanguage\":\"en-GB\",\"@id\":\"https:\/\/europavarietas.org\/csdp_new\/index.php\/produits-qui-ont-ete-inclus-dans-le-nouveau-spg-a-compter-du-1er-janvier-2014\/#primaryimage\",\"url\":\"https:\/\/europavarietas.org\/csdp_new\/wp-content\/uploads\/2023\/08\/banner5.jpg\",\"contentUrl\":\"https:\/\/europavarietas.org\/csdp_new\/wp-content\/uploads\/2023\/08\/banner5.jpg\",\"width\":915,\"height\":176},{\"@type\":\"BreadcrumbList\",\"@id\":\"https:\/\/europavarietas.org\/csdp_new\/index.php\/produits-qui-ont-ete-inclus-dans-le-nouveau-spg-a-compter-du-1er-janvier-2014\/#breadcrumb\",\"itemListElement\":[{\"@type\":\"ListItem\",\"position\":1,\"name\":\"Home\",\"item\":\"https:\/\/europavarietas.org\/csdp_new\/\"},{\"@type\":\"ListItem\",\"position\":2,\"name\":\"Produits qui ont \u00e9t\u00e9 inclus dans le nouveau SPG \u00e0 compter du 1er janvier 2014\"}]},{\"@type\":\"WebSite\",\"@id\":\"https:\/\/europavarietas.org\/csdp_new\/#website\",\"url\":\"https:\/\/europavarietas.org\/csdp_new\/\",\"name\":\"CERPESC\",\"description\":\"European Soultion for Defence and Crisis Management\",\"publisher\":{\"@id\":\"https:\/\/europavarietas.org\/csdp_new\/#organization\"},\"potentialAction\":[{\"@type\":\"SearchAction\",\"target\":{\"@type\":\"EntryPoint\",\"urlTemplate\":\"https:\/\/europavarietas.org\/csdp_new\/?s={search_term_string}\"},\"query-input\":{\"@type\":\"PropertyValueSpecification\",\"valueRequired\":true,\"valueName\":\"search_term_string\"}}],\"inLanguage\":\"en-GB\"},{\"@type\":\"Organization\",\"@id\":\"https:\/\/europavarietas.org\/csdp_new\/#organization\",\"name\":\"CERPESC\",\"url\":\"https:\/\/europavarietas.org\/csdp_new\/\",\"logo\":{\"@type\":\"ImageObject\",\"inLanguage\":\"en-GB\",\"@id\":\"https:\/\/europavarietas.org\/csdp_new\/#\/schema\/logo\/image\/\",\"url\":\"https:\/\/europavarietas.org\/csdp_new\/wp-content\/uploads\/2023\/08\/cropped-cropped-cerpesc5_0.png\",\"contentUrl\":\"https:\/\/europavarietas.org\/csdp_new\/wp-content\/uploads\/2023\/08\/cropped-cropped-cerpesc5_0.png\",\"width\":530,\"height\":97,\"caption\":\"CERPESC\"},\"image\":{\"@id\":\"https:\/\/europavarietas.org\/csdp_new\/#\/schema\/logo\/image\/\"}}]}<\/script>\n<!-- \/ Yoast SEO plugin. -->","yoast_head_json":{"title":"Produits qui ont \u00e9t\u00e9 inclus dans le nouveau SPG \u00e0 compter du 1er janvier 2014 - CERPESC","robots":{"index":"index","follow":"follow","max-snippet":"max-snippet:-1","max-image-preview":"max-image-preview:large","max-video-preview":"max-video-preview:-1"},"canonical":"https:\/\/europavarietas.org\/csdp_new\/index.php\/produits-qui-ont-ete-inclus-dans-le-nouveau-spg-a-compter-du-1er-janvier-2014\/","og_locale":"en_GB","og_type":"article","og_title":"Produits qui ont \u00e9t\u00e9 inclus dans le nouveau SPG \u00e0 compter du 1er janvier 2014 - CERPESC","og_description":"SPG : nouvelles lignes tarifaires b\u00e9n\u00e9ficiant de pr\u00e9f\u00e9rences (franchise de droits)\u00a0 Code NC Description 280519 M\u00e9taux alcalins\/alcalino-terreux autres que le sodium et le calcium 280530 M\u00e9taux de terres rares, scandium et yttrium, m\u00eame m\u00e9lang\u00e9s ou alli\u00e9s entre eux 281820 Oxyde d\u2019aluminium (\u00e0 l\u2019excl. du corindon artificiel) 310221 Sulfate d\u2019ammonium 310240 M\u00e9langes de nitrate d\u2019ammonium et...","og_url":"https:\/\/europavarietas.org\/csdp_new\/index.php\/produits-qui-ont-ete-inclus-dans-le-nouveau-spg-a-compter-du-1er-janvier-2014\/","og_site_name":"CERPESC","article_modified_time":"2023-08-28T13:44:23+00:00","og_image":[{"width":915,"height":176,"url":"https:\/\/europavarietas.org\/csdp_new\/wp-content\/uploads\/2023\/08\/banner5.jpg","type":"image\/jpeg"}],"twitter_card":"summary_large_image","twitter_misc":{"Estimated reading time":"2 minutes"},"schema":{"@context":"https:\/\/schema.org","@graph":[{"@type":"WebPage","@id":"https:\/\/europavarietas.org\/csdp_new\/index.php\/produits-qui-ont-ete-inclus-dans-le-nouveau-spg-a-compter-du-1er-janvier-2014\/","url":"https:\/\/europavarietas.org\/csdp_new\/index.php\/produits-qui-ont-ete-inclus-dans-le-nouveau-spg-a-compter-du-1er-janvier-2014\/","name":"Produits qui ont \u00e9t\u00e9 inclus dans le nouveau SPG \u00e0 compter du 1er janvier 2014 - CERPESC","isPartOf":{"@id":"https:\/\/europavarietas.org\/csdp_new\/#website"},"primaryImageOfPage":{"@id":"https:\/\/europavarietas.org\/csdp_new\/index.php\/produits-qui-ont-ete-inclus-dans-le-nouveau-spg-a-compter-du-1er-janvier-2014\/#primaryimage"},"image":{"@id":"https:\/\/europavarietas.org\/csdp_new\/index.php\/produits-qui-ont-ete-inclus-dans-le-nouveau-spg-a-compter-du-1er-janvier-2014\/#primaryimage"},"thumbnailUrl":"https:\/\/europavarietas.org\/csdp_new\/wp-content\/uploads\/2023\/08\/banner5.jpg","datePublished":"2015-03-20T12:00:00+00:00","dateModified":"2023-08-28T13:44:23+00:00","breadcrumb":{"@id":"https:\/\/europavarietas.org\/csdp_new\/index.php\/produits-qui-ont-ete-inclus-dans-le-nouveau-spg-a-compter-du-1er-janvier-2014\/#breadcrumb"},"inLanguage":"en-GB","potentialAction":[{"@type":"ReadAction","target":["https:\/\/europavarietas.org\/csdp_new\/index.php\/produits-qui-ont-ete-inclus-dans-le-nouveau-spg-a-compter-du-1er-janvier-2014\/"]}]},{"@type":"ImageObject","inLanguage":"en-GB","@id":"https:\/\/europavarietas.org\/csdp_new\/index.php\/produits-qui-ont-ete-inclus-dans-le-nouveau-spg-a-compter-du-1er-janvier-2014\/#primaryimage","url":"https:\/\/europavarietas.org\/csdp_new\/wp-content\/uploads\/2023\/08\/banner5.jpg","contentUrl":"https:\/\/europavarietas.org\/csdp_new\/wp-content\/uploads\/2023\/08\/banner5.jpg","width":915,"height":176},{"@type":"BreadcrumbList","@id":"https:\/\/europavarietas.org\/csdp_new\/index.php\/produits-qui-ont-ete-inclus-dans-le-nouveau-spg-a-compter-du-1er-janvier-2014\/#breadcrumb","itemListElement":[{"@type":"ListItem","position":1,"name":"Home","item":"https:\/\/europavarietas.org\/csdp_new\/"},{"@type":"ListItem","position":2,"name":"Produits qui ont \u00e9t\u00e9 inclus dans le nouveau SPG \u00e0 compter du 1er janvier 2014"}]},{"@type":"WebSite","@id":"https:\/\/europavarietas.org\/csdp_new\/#website","url":"https:\/\/europavarietas.org\/csdp_new\/","name":"CERPESC","description":"European Soultion for Defence and Crisis Management","publisher":{"@id":"https:\/\/europavarietas.org\/csdp_new\/#organization"},"potentialAction":[{"@type":"SearchAction","target":{"@type":"EntryPoint","urlTemplate":"https:\/\/europavarietas.org\/csdp_new\/?s={search_term_string}"},"query-input":{"@type":"PropertyValueSpecification","valueRequired":true,"valueName":"search_term_string"}}],"inLanguage":"en-GB"},{"@type":"Organization","@id":"https:\/\/europavarietas.org\/csdp_new\/#organization","name":"CERPESC","url":"https:\/\/europavarietas.org\/csdp_new\/","logo":{"@type":"ImageObject","inLanguage":"en-GB","@id":"https:\/\/europavarietas.org\/csdp_new\/#\/schema\/logo\/image\/","url":"https:\/\/europavarietas.org\/csdp_new\/wp-content\/uploads\/2023\/08\/cropped-cropped-cerpesc5_0.png","contentUrl":"https:\/\/europavarietas.org\/csdp_new\/wp-content\/uploads\/2023\/08\/cropped-cropped-cerpesc5_0.png","width":530,"height":97,"caption":"CERPESC"},"image":{"@id":"https:\/\/europavarietas.org\/csdp_new\/#\/schema\/logo\/image\/"}}]}},"_links":{"self":[{"href":"https:\/\/europavarietas.org\/csdp_new\/index.php\/wp-json\/wp\/v2\/pages\/1228","targetHints":{"allow":["GET"]}}],"collection":[{"href":"https:\/\/europavarietas.org\/csdp_new\/index.php\/wp-json\/wp\/v2\/pages"}],"about":[{"href":"https:\/\/europavarietas.org\/csdp_new\/index.php\/wp-json\/wp\/v2\/types\/page"}],"author":[{"embeddable":true,"href":"https:\/\/europavarietas.org\/csdp_new\/index.php\/wp-json\/wp\/v2\/users\/2"}],"replies":[{"embeddable":true,"href":"https:\/\/europavarietas.org\/csdp_new\/index.php\/wp-json\/wp\/v2\/comments?post=1228"}],"version-history":[{"count":5,"href":"https:\/\/europavarietas.org\/csdp_new\/index.php\/wp-json\/wp\/v2\/pages\/1228\/revisions"}],"predecessor-version":[{"id":1247,"href":"https:\/\/europavarietas.org\/csdp_new\/index.php\/wp-json\/wp\/v2\/pages\/1228\/revisions\/1247"}],"wp:featuredmedia":[{"embeddable":true,"href":"https:\/\/europavarietas.org\/csdp_new\/index.php\/wp-json\/wp\/v2\/media\/1039"}],"wp:attachment":[{"href":"https:\/\/europavarietas.org\/csdp_new\/index.php\/wp-json\/wp\/v2\/media?parent=1228"}],"wp:term":[{"taxonomy":"category","embeddable":true,"href":"https:\/\/europavarietas.org\/csdp_new\/index.php\/wp-json\/wp\/v2\/categories?post=1228"},{"taxonomy":"post_tag","embeddable":true,"href":"https:\/\/europavarietas.org\/csdp_new\/index.php\/wp-json\/wp\/v2\/tags?post=1228"}],"curies":[{"name":"wp","href":"https:\/\/api.w.org\/{rel}","templated":true}]}}