{"id":1192,"date":"2015-03-20T10:50:00","date_gmt":"2015-03-20T10:50:00","guid":{"rendered":"https:\/\/europavarietas.org\/csdp_new\/?page_id=1192"},"modified":"2023-08-28T13:45:05","modified_gmt":"2023-08-28T13:45:05","slug":"anase-asean","status":"publish","type":"page","link":"https:\/\/europavarietas.org\/csdp_new\/index.php\/anase-asean\/","title":{"rendered":"ANASE \/ ASEAN"},"content":{"rendered":"\t\t<div data-elementor-type=\"wp-page\" data-elementor-id=\"1192\" class=\"elementor elementor-1192\">\n\t\t\t\t\t\t<section class=\"elementor-section elementor-top-section elementor-element elementor-element-56cf53a elementor-section-boxed elementor-section-height-default elementor-section-height-default\" data-id=\"56cf53a\" data-element_type=\"section\">\n\t\t\t\t\t\t<div class=\"elementor-container elementor-column-gap-default\">\n\t\t\t\t\t<div class=\"elementor-column elementor-col-100 elementor-top-column elementor-element elementor-element-9b5952b\" data-id=\"9b5952b\" data-element_type=\"column\">\n\t\t\t<div class=\"elementor-widget-wrap elementor-element-populated\">\n\t\t\t\t\t\t<div class=\"elementor-element elementor-element-0fc8932 elementor-widget elementor-widget-text-editor\" data-id=\"0fc8932\" data-element_type=\"widget\" data-widget_type=\"text-editor.default\">\n\t\t\t\t<div class=\"elementor-widget-container\">\n\t\t\t\t\t\t\t\t\t<table bgcolor=\"#E6E6FA\"><tbody><tr><td><p><strong>L&#8217;ANASE \/ ASEAN &amp; L&#8217;UNION EUROP\u00c9ENNE\u00a0<\/strong><\/p><p><em>L\u2019Union europ\u00e9enne et <a href=\"http:\/\/www.aseansec.org\/\">l\u2019Association des nations de l&#8217;Asie du Sud-Est \/ Association of Southeast Asian Nations<\/a> (ANASE ou ASEAN) forment un march\u00e9 de plus d\u2019un milliard d\u2019habitants et les \u00e9changes entre les deux blocs ont \u00e9t\u00e9 importants en 2011 \u2013 plus de 233 milliards de dollars. L\u2019UE est le second partenaire commercial de l\u2019ASEAN en termes d\u2019exportations, juste apr\u00e8s la Chine (et l&#8217;ASEAN est le cinqui\u00e8me partenaire de l&#8217;UE). En termes d\u2019investissement, les compagnies Europ\u00e9ennes ont d\u00e9pens\u00e9 pr\u00e8s de 12 millions de dollars annuels en moyenne entre 2000 et 2009 et l&#8217;Union europ\u00e9enne est le premier investisseur \u00e9tranger dans la r\u00e9gion (20,6 pourcent).<\/em><\/p><p>Surtout les Pays les Moins Avanc\u00e9s de l&#8217;ASEAN aimeraient voir red\u00e9marrer les n\u00e9gociations entre l\u2019ASEAN et l\u2019UE pour un accord de libre \u00e9change commercial. Les deux blocs ont d\u00e9j\u00e0 fait des tentatives en ce sens, mais les discussions ont \u00e9t\u00e9 suspendues et la strat\u00e9gie actuelle de l\u2019UE est de n\u00e9gocier s\u00e9par\u00e9ment avec chaque pays et les plus pauvres b\u00e9n\u00e9ficent la politique douani\u00e8re privil\u00e9gi\u00e9e de l&#8217;UE. De plus, l\u2019ASEAN a d\u00e9j\u00e0 n\u00e9goci\u00e9 de nombreux contrats de libre-\u00e9change commercial avec d&#8217;autres pays, offrant ainsi un acc\u00e8s privil\u00e9gi\u00e9 aux entreprises originaires d\u2019Australie, de Chine, du Japon, de Cor\u00e9e et de Nouvelle Z\u00e9lande. Et la plupart des membres de l\u2019ASEAN ont n\u00e9goci\u00e9 en parall\u00e8le un nombre important d\u2019accords bilat\u00e9raux avec des pays tiers (hors ASEAN).<\/p><p>L&#8217;ANASE\/ASEAN est une organisation politique, \u00e9conomique et culturelle regroupant dix pays d&#8217;Asie du Sud-Est, pr\u00e9c\u00e9d\u00e9e par l&#8217;organisation appel\u00e9e Association of Southeast Asia (ASA), une alliance entre les Philippines, la Malaisie et la Tha\u00eflande form\u00e9e en 1961. Elle a \u00e9t\u00e9 <strong>fond\u00e9e en 1967 \u00e0 Bangkok<\/strong> (Tha\u00eflande) par cinq pays dans le contexte de la guerre froide pour faire barrage aux mouvements communistes, d\u00e9velopper la croissance et le d\u00e9veloppement et assurer la stabilit\u00e9 dans la r\u00e9gion:<br \/>&#8211; Indon\u00e9sie<br \/>&#8211; Malaisie,<br \/>&#8211; Philippines<br \/>&#8211; Singapour<br \/>&#8211; Tha\u00eflande<\/p><p>Le Brunei les rejoint 6 jours apr\u00e8s son ind\u00e9pendance du Royaume-Uni le 8 janvier 1984. Le Vietnam entre en 1995, suivi du Laos et de la Birmanie le 23 juillet 1997 et du Cambodge le 30 avril 1999. La Papouasie-Nouvelle-Guin\u00e9e a le statut d&#8217;observateur depuis 1976 et r\u00e9fl\u00e9chit \u00e0 une possible candidature. Le 23 juillet 2006, le Timor oriental a pos\u00e9 sa candidature et pourrait devenir membre d&#8217;ici \u00e0 2019 (?).<\/p><p><em>La future adh\u00e9sion du Timor-Oriental<br \/>En 2017, les Philippines, un proche alli\u00e9 du Timor-Leste, sont devenues les h\u00f4tes de l&#8217;ASEAN pour 2017. Une r\u00e9union g\u00e9n\u00e9rale devrait se terminer le 17 novembre, mais des rapports \u00e9trangers du 4 novembre ont indiqu\u00e9 que l&#8217;ASEAN allait contourner l&#8217;adh\u00e9sion du Timor-Leste 2017, principalement en raison de son manque de ressources humaines qui a \u00e9t\u00e9 soulign\u00e9 par Singapour. Malgr\u00e9 cela, il a \u00e9t\u00e9 annonc\u00e9 que le Premier ministre du Timor oriental, Mari Alkatiri, poursuivrait la participation du Timor oriental \u00e0 l&#8217;ANASE en tant qu&#8217;observateur lors du sommet de 2017. Les Philippines, l&#8217;Indon\u00e9sie, la Tha\u00eflande et le Cambodge ont r\u00e9it\u00e9r\u00e9 la demande d&#8217;adh\u00e9sion du Timor-Leste lors des sommets, mais les 6 autres membres de l&#8217;ASEAN dirig\u00e9s par Singapour n&#8217;ont pas soutenu le mouvement. Le dernier jour du sommet, les Philippines ont \u00e9t\u00e9 mandat\u00e9es par tradition de passer la pr\u00e9sidence de l&#8217;ASEAN \u00e0 Singapour, dont la pr\u00e9sidence commence en janvier.<br \/>Un rapport final du sommet de novembre a d\u00e9clar\u00e9 que &#8220;la demande d&#8217;adh\u00e9sion du Timor-Leste \u00e0 l&#8217;ASEAN est en cours et attendait avec impatience les r\u00e9sultats des discussions du groupe de travail du Conseil de coordination de l&#8217;ASEAN qui se tiendra le 5 d\u00e9cembre 2017 \u00e0 Bali, en Indon\u00e9sie, &#8220;la derni\u00e8re chance pour l&#8217;accession du Timor-Leste \u00e0 l&#8217;ASEAN sous la pr\u00e9sidence des Philippines qui se termine techniquement le 31 d\u00e9cembre. Les Philippines ont fait une derni\u00e8re tentative pour d\u00e9clarer le Timor-Leste comme un membre de l&#8217;ASEAN 6 (Singapour, Myanmar, Laos, Malaisie, Brun\u00e9i et Vietnam) ont bloqu\u00e9 la proposition, tandis que seulement 4 (Philippines, Indon\u00e9sie, Tha\u00eflande et Cambodge) l&#8217;ont approuv\u00e9e. La proposition devait \u00eatre vot\u00e9e \u00e0 l&#8217;unanimit\u00e9 (10).<br \/>En 2018, les Philippines \u00e9taient en pourparlers avec le Brun\u00e9i, le Myanmar, le Laos et le Vietnam au sujet de l&#8217;approbation de l&#8217;adh\u00e9sion du Timor-Leste \u00e0 l&#8217;ANASE. Des discussions ont \u00e9galement eu lieu avec la Malaisie et Singapour, mais les deux pays ont de nouveau rejet\u00e9 la proposition. Singapour, en tant que pr\u00e9sident de l&#8217;ASEAN pour 2018, a not\u00e9 que l&#8217;adh\u00e9sion du Timor-Leste sera abord\u00e9e au cours de l&#8217;ann\u00e9e, mais son adh\u00e9sion en tant qu&#8217;\u00c9tat membre ne sera pas approuv\u00e9e, poussant l&#8217;\u00e9ventuelle approbation de l&#8217;offre du Timor-Leste jusqu&#8217;en 2019 sous la pr\u00e9sidence de Tha\u00efland.<\/em><\/p><p>Aujourd&#8217;hui, l&#8217;association a pour but de renforcer la coop\u00e9ration et l&#8217;assistance mutuelle entre ses membres, d&#8217;offrir un espace pour r\u00e9gler les probl\u00e8mes r\u00e9gionaux et peser en commun dans les n\u00e9gociations internationales. Un sommet est organis\u00e9 chaque ann\u00e9e au mois de novembre. Son secr\u00e9tariat g\u00e9n\u00e9ral est install\u00e9 \u00e0 Jakarta (Indon\u00e9sie).<\/p><p>En 2005, les pays de cette organisation repr\u00e9sentaient :<br \/>558 millions d&#8217;habitants (environ 10 pourcent de la population mondiale)<br \/>862 milliards $USD de PIB<br \/>26 milliards $USD d&#8217;investissements \u00e9trangers<\/p><p>De par sa sp\u00e9cificit\u00e9 r\u00e9gionale, l&#8217;ASEAN n&#8217;a aucun int\u00e9r\u00eat \u00e0 accueillir un puissant acteur tel que la Chine. L&#8217;Indon\u00e9sie joue souvent le r\u00f4le d&#8217;une Allemagne asiatique au cours des n\u00e9gociations, mais la volont\u00e9 implicite de l&#8217;ASEAN est de regrouper plusieurs petits pays pour s&#8217;unir contre les mastodontes r\u00e9gionaux (Chine et Japon entre autres). La finalit\u00e9 de l&#8217;ASEAN \u00e0 sa cr\u00e9ation \u00e9tait de ne pas cr\u00e9er d&#8217;organe supranational centralis\u00e9, tout en maintenant un syst\u00e8me \u00e9galitaire d&#8217;\u00e9change \u00e9conomique pour s&#8217;affirmer dans les \u00e9changes commerciaux mondiaux.<\/p><p>Par rapport \u00e0 l&#8217;Union europ\u00e9enne et la crise europ\u00e9enne depuis 2008, pendant la crise asiatique de la fin des ann\u00e9es 1990 les membres de l&#8217;ASEAN, dirig\u00e9s par des concurrences r\u00e9gionales fortes, n&#8217;ont pas mis en place de syst\u00e8me de r\u00e9gulation de crise, ni de solidarit\u00e9. De plus la r\u00e9gion doit \u00e9galement faire face \u00e0 plusieurs questions territoriales. Le conflit le plus m\u00e9diatique est celui opposant le Cambodge et la Tha\u00eflande sur leur fronti\u00e8re commune. Depuis bien plus longtemps, un autre conflit oppose la Chine et plusieurs pays d\u2019Asie du Sud-est entre eux dans la Mer de Chine. Au centre des d\u00e9bats au cours de plusieurs des derniers sommets, Myanmar envisage la pr\u00e9sidence de l\u2019association en 2014. En l\u2019\u00e9tat actuel des choses et si les autres membres se rangent \u00e0 cette id\u00e9e, difficile d\u2019imaginer que les relations avec les Etats-Unis ou l\u2019Europe n\u2019en p\u00e2tissent pas, notamment l\u2019accord de libre \u00e9change entre l\u2019Union europ\u00e9enne et l\u2019ASEAN dont les n\u00e9gociations ont d\u00e9j\u00e0 commenc\u00e9. Enfin, il faudra r\u00e9gler la question de l\u2019int\u00e9gration du Timor Leste \u00e0 l\u2019organisation, comme le souhaite ardemment l\u2019Indon\u00e9sie.<\/p><p>L&#8217;ASEAN repose sur une structure d\u00e9centralis\u00e9e et effectivement, sa lente int\u00e9gration institutionnelle a longtemps ralenti la croissance des \u00e9changes commerciaux au sein de leur zone de libre-\u00e9change. Parfois trop opaque et abscons face \u00e0 ses partenaires mondiaux, l&#8217;ASEAN n&#8217;a pas b\u00e9n\u00e9fici\u00e9 de la mondialisation du commerce dans les meilleures conditions. L&#8217;instabilit\u00e9 politique de pays comme la Birmanie a pu, par exemple, effrayer des investisseurs.<\/p><p>L&#8217;organisation asiatique se rassemble tous les ans sous sa forme <strong>ASEAN+3 (Chine, Cor\u00e9e du sud, Japon)<\/strong> qui pourrait se rapprocher d&#8217;une sorte de politique de (bon) voisinage. La question de l&#8217;\u00e9largissement \u00e0 ces trois pays ne se pose pas, puisque les \u00c9tats membres se verraient \u00e9cras\u00e9s par le poids \u00e9conomique de ces derniers. On voit donc que la logique d&#8217;int\u00e9gration de pays n&#8217;est pas la m\u00eame qu&#8217;au sein de l&#8217;UE, qui elle, n&#8217;a jamais arr\u00eat\u00e9 son processus d&#8217;\u00e9largissement, men\u00e9e par un humanisme europ\u00e9en.<br \/>\u00c0 sa cr\u00e9ation, l&#8217;ASEAN rejetait l&#8217;id\u00e9e d&#8217;une politique de s\u00e9curit\u00e9 commune. Or, depuis quelques ann\u00e9es la question de la navigation en Mer de Chine du sud est sujette \u00e0 d\u00e9bat. La pr\u00e9sidence tr\u00e8s active du Vietnam en 2010 a \u00e9galement vu la premi\u00e8re r\u00e9union des ministres de la D\u00e9fense, signe que les comp\u00e9tences de l&#8217;ASEAN sont en mouvement. La pr\u00e9sidence de l&#8217;ASEAN par le Vietnam en 2010 est l&#8217;exemple parfait de la nouvelle dynamique de l&#8217;organisation. D&#8217;abord, le Vietnam a profit\u00e9 de cette vitrine pour multiplier les n\u00e9gociations de libre-\u00e9change avec plusieurs \u00c9tats ext\u00e9rieurs \u00e0 l&#8217;ASEAN et, sous la pr\u00e9sidence, ont \u00e9t\u00e9 adopt\u00e9es les mesures qui permettront l&#8217;\u00e9laboration d&#8217;une \u00ab Communaut\u00e9 de l&#8217;ASEAN \u00bb.<\/p><p><em>Groupes<\/em><br \/>&#8211; <strong>Pays les Moins Avanc\u00e9s<\/strong> :<br \/>Seuls le Cambodge, le Laos et le Myanmar sont dans cette cat\u00e9gorie. Ils b\u00e9n\u00e9ficient des lois Europ\u00e9ennes qui encouragent les \u00e9changes avec les pays en d\u00e9veloppement en proposant un acc\u00e8s libre, sans contrainte douani\u00e8re ni quota, aux march\u00e9s Europ\u00e9ens \u00e0 travers le programme <em>Everything But Arms<\/em> (Tout Sauf des Armes). Cette politique douani\u00e8re privil\u00e9gi\u00e9e est une aubaine pour l\u2019industrie v\u00eatements et textiles Cambodgienne, qui repr\u00e9sentait pr\u00e8s de 90 pourcent des exportations du pays en direction de l\u2019UE en 2011. Pour prendre un exemple concret, le Cambodge et la Tha\u00eflande exportent tous du riz industriel vers l\u2019UE. Bien que les deux vari\u00e9t\u00e9s export\u00e9es soient quasiment identiques, voire m\u00eame dans certains cas qu\u2019elles viennent des m\u00eames semences et soient plant\u00e9es \u00e0 port\u00e9e de vue l\u2019une de l\u2019autre, la Tha\u00eflande doit s\u2019acquitter de 250 dollars de taxes par tonne export\u00e9e tandis que le Cambodge ne paye rien. Avantage Cambodge, donc. En 2011, le Cambodge a export\u00e9 en tout et pour tout 141,497 tonnes de riz \u00e0 destination des march\u00e9s Europ\u00e9ens. Le Laos n\u2019a pas de riz \u00e0 exporter, le pays produit d\u2019autres denr\u00e9es, telles que de l\u2019or et du cuivre, de l\u2019\u00e9lectricit\u00e9, du bois et des produits en bois, du textile, du caf\u00e9 ainsi que diverses machines et outils. Mais le Laos a un s\u00e9rieux d\u00e9savantage, il n\u2019a pas de fa\u00e7ade maritime et ses produits doivent \u00eatre achemin\u00e9s via les montagnes pour atteindre leur point de transit \u00e0 l\u2019a\u00e9roport ainsi ses produits sont plus co\u00fbteux que ceux du Cambodge. Le Myanmar est en train de faire la transition et sa mue apr\u00e8s des d\u00e9cennies d\u2019isolation politique et \u00e9conomique, de nombreux pays privil\u00e9gient une approche prudente avant de d\u00e9velopper les \u00e9changes avec ce pays.<\/p><p>&#8211; <strong>Pays \u00e0 revenus moyens<\/strong> :<br \/>Ces pays ne peuvent pas pr\u00e9tendre aux r\u00e9ductions de taxe. Depuis 2010 n\u00e9gociations entre l&#8217;UE + la Malaysie, Singapour et le Vietnam. Mais ces accords ne sont pas faciles ni rapides \u00e0 mettre en place, surtout depuis l\u2019extension de l\u2019UE \u00e0 27 pays, qui ont tous leur mot \u00e0 dire dans l\u2019accord final.<\/p><center><img decoding=\"async\" src=\"http:\/\/europavarietas.org\/csdp\/files\/asean.png\" \/><\/center><p>\u00a0<\/p><\/td><\/tr><\/tbody><\/table><p>Sources :<br \/>http:\/\/www.ccfcambodge.org\/single-news\/n\/le-cambodge-profite-des-liens-asean-ue-mais-veut-voir-a-plus-long-terme\/<br \/>http:\/\/www.nouvelle-europe.eu\/ue-et-asean-deux-organisations-internationales-deux-trajectoires<br \/>http:\/\/www.touteleurope.eu\/fr\/actions\/economie\/commerce-exterieur\/presentation.html<br \/>http:\/\/www.cgeci.org\/cgeci\/index.php?option=com_content&amp;view=article&amp;id=543:u-acp-2e-revision-de-laccord-de-cotonou&amp;catid=50<br \/>http:\/\/www.regards-citoyens.com\/article-l-ue-a-publie-aujourd-hui-son-schema-revise-de-preferences-generalisees-spg-qui-prendra-effet-au-112030280.html<\/p>\t\t\t\t\t\t\t\t<\/div>\n\t\t\t\t<\/div>\n\t\t\t\t\t<\/div>\n\t\t<\/div>\n\t\t\t\t\t<\/div>\n\t\t<\/section>\n\t\t\t\t<\/div>\n\t\t","protected":false},"excerpt":{"rendered":"<p>L&#8217;ANASE \/ ASEAN &amp; L&#8217;UNION EUROP\u00c9ENNE\u00a0 L\u2019Union europ\u00e9enne et l\u2019Association des nations de l&#8217;Asie du Sud-Est \/ Association of Southeast Asian Nations (ANASE ou ASEAN) forment un march\u00e9 de plus d\u2019un milliard d\u2019habitants et les \u00e9changes entre les deux blocs ont \u00e9t\u00e9 importants en 2011 \u2013 plus de 233 milliards de dollars. L\u2019UE est le&#8230;<\/p>\n","protected":false},"author":2,"featured_media":1039,"parent":0,"menu_order":0,"comment_status":"closed","ping_status":"closed","template":"","meta":{"footnotes":""},"categories":[3],"tags":[],"class_list":["post-1192","page","type-page","status-publish","has-post-thumbnail","hentry","category-cerpesc"],"yoast_head":"<!-- This site is optimized with the Yoast SEO plugin v26.5 - https:\/\/yoast.com\/wordpress\/plugins\/seo\/ -->\n<title>ANASE \/ ASEAN - CERPESC<\/title>\n<meta name=\"robots\" content=\"index, follow, max-snippet:-1, max-image-preview:large, max-video-preview:-1\" \/>\n<link rel=\"canonical\" href=\"https:\/\/europavarietas.org\/csdp_new\/index.php\/anase-asean\/\" \/>\n<meta property=\"og:locale\" content=\"en_GB\" \/>\n<meta property=\"og:type\" content=\"article\" \/>\n<meta property=\"og:title\" content=\"ANASE \/ ASEAN - CERPESC\" \/>\n<meta property=\"og:description\" content=\"L&#8217;ANASE \/ ASEAN &amp; L&#8217;UNION EUROP\u00c9ENNE\u00a0 L\u2019Union europ\u00e9enne et l\u2019Association des nations de l&#8217;Asie du Sud-Est \/ Association of Southeast Asian Nations (ANASE ou ASEAN) forment un march\u00e9 de plus d\u2019un milliard d\u2019habitants et les \u00e9changes entre les deux blocs ont \u00e9t\u00e9 importants en 2011 \u2013 plus de 233 milliards de dollars. L\u2019UE est le...\" \/>\n<meta property=\"og:url\" content=\"https:\/\/europavarietas.org\/csdp_new\/index.php\/anase-asean\/\" \/>\n<meta property=\"og:site_name\" content=\"CERPESC\" \/>\n<meta property=\"article:modified_time\" content=\"2023-08-28T13:45:05+00:00\" \/>\n<meta property=\"og:image\" content=\"https:\/\/europavarietas.org\/csdp_new\/wp-content\/uploads\/2023\/08\/banner5.jpg\" \/>\n\t<meta property=\"og:image:width\" content=\"915\" \/>\n\t<meta property=\"og:image:height\" content=\"176\" \/>\n\t<meta property=\"og:image:type\" content=\"image\/jpeg\" \/>\n<meta name=\"twitter:card\" content=\"summary_large_image\" \/>\n<meta name=\"twitter:label1\" content=\"Estimated reading time\" \/>\n\t<meta name=\"twitter:data1\" content=\"8 minutes\" \/>\n<script type=\"application\/ld+json\" class=\"yoast-schema-graph\">{\"@context\":\"https:\/\/schema.org\",\"@graph\":[{\"@type\":\"WebPage\",\"@id\":\"https:\/\/europavarietas.org\/csdp_new\/index.php\/anase-asean\/\",\"url\":\"https:\/\/europavarietas.org\/csdp_new\/index.php\/anase-asean\/\",\"name\":\"ANASE \/ ASEAN - CERPESC\",\"isPartOf\":{\"@id\":\"https:\/\/europavarietas.org\/csdp_new\/#website\"},\"primaryImageOfPage\":{\"@id\":\"https:\/\/europavarietas.org\/csdp_new\/index.php\/anase-asean\/#primaryimage\"},\"image\":{\"@id\":\"https:\/\/europavarietas.org\/csdp_new\/index.php\/anase-asean\/#primaryimage\"},\"thumbnailUrl\":\"https:\/\/europavarietas.org\/csdp_new\/wp-content\/uploads\/2023\/08\/banner5.jpg\",\"datePublished\":\"2015-03-20T10:50:00+00:00\",\"dateModified\":\"2023-08-28T13:45:05+00:00\",\"breadcrumb\":{\"@id\":\"https:\/\/europavarietas.org\/csdp_new\/index.php\/anase-asean\/#breadcrumb\"},\"inLanguage\":\"en-GB\",\"potentialAction\":[{\"@type\":\"ReadAction\",\"target\":[\"https:\/\/europavarietas.org\/csdp_new\/index.php\/anase-asean\/\"]}]},{\"@type\":\"ImageObject\",\"inLanguage\":\"en-GB\",\"@id\":\"https:\/\/europavarietas.org\/csdp_new\/index.php\/anase-asean\/#primaryimage\",\"url\":\"https:\/\/europavarietas.org\/csdp_new\/wp-content\/uploads\/2023\/08\/banner5.jpg\",\"contentUrl\":\"https:\/\/europavarietas.org\/csdp_new\/wp-content\/uploads\/2023\/08\/banner5.jpg\",\"width\":915,\"height\":176},{\"@type\":\"BreadcrumbList\",\"@id\":\"https:\/\/europavarietas.org\/csdp_new\/index.php\/anase-asean\/#breadcrumb\",\"itemListElement\":[{\"@type\":\"ListItem\",\"position\":1,\"name\":\"Home\",\"item\":\"https:\/\/europavarietas.org\/csdp_new\/\"},{\"@type\":\"ListItem\",\"position\":2,\"name\":\"ANASE \/ ASEAN\"}]},{\"@type\":\"WebSite\",\"@id\":\"https:\/\/europavarietas.org\/csdp_new\/#website\",\"url\":\"https:\/\/europavarietas.org\/csdp_new\/\",\"name\":\"CERPESC\",\"description\":\"European Soultion for Defence and Crisis Management\",\"publisher\":{\"@id\":\"https:\/\/europavarietas.org\/csdp_new\/#organization\"},\"potentialAction\":[{\"@type\":\"SearchAction\",\"target\":{\"@type\":\"EntryPoint\",\"urlTemplate\":\"https:\/\/europavarietas.org\/csdp_new\/?s={search_term_string}\"},\"query-input\":{\"@type\":\"PropertyValueSpecification\",\"valueRequired\":true,\"valueName\":\"search_term_string\"}}],\"inLanguage\":\"en-GB\"},{\"@type\":\"Organization\",\"@id\":\"https:\/\/europavarietas.org\/csdp_new\/#organization\",\"name\":\"CERPESC\",\"url\":\"https:\/\/europavarietas.org\/csdp_new\/\",\"logo\":{\"@type\":\"ImageObject\",\"inLanguage\":\"en-GB\",\"@id\":\"https:\/\/europavarietas.org\/csdp_new\/#\/schema\/logo\/image\/\",\"url\":\"https:\/\/europavarietas.org\/csdp_new\/wp-content\/uploads\/2023\/08\/cropped-cropped-cerpesc5_0.png\",\"contentUrl\":\"https:\/\/europavarietas.org\/csdp_new\/wp-content\/uploads\/2023\/08\/cropped-cropped-cerpesc5_0.png\",\"width\":530,\"height\":97,\"caption\":\"CERPESC\"},\"image\":{\"@id\":\"https:\/\/europavarietas.org\/csdp_new\/#\/schema\/logo\/image\/\"}}]}<\/script>\n<!-- \/ Yoast SEO plugin. -->","yoast_head_json":{"title":"ANASE \/ ASEAN - CERPESC","robots":{"index":"index","follow":"follow","max-snippet":"max-snippet:-1","max-image-preview":"max-image-preview:large","max-video-preview":"max-video-preview:-1"},"canonical":"https:\/\/europavarietas.org\/csdp_new\/index.php\/anase-asean\/","og_locale":"en_GB","og_type":"article","og_title":"ANASE \/ ASEAN - CERPESC","og_description":"L&#8217;ANASE \/ ASEAN &amp; L&#8217;UNION EUROP\u00c9ENNE\u00a0 L\u2019Union europ\u00e9enne et l\u2019Association des nations de l&#8217;Asie du Sud-Est \/ Association of Southeast Asian Nations (ANASE ou ASEAN) forment un march\u00e9 de plus d\u2019un milliard d\u2019habitants et les \u00e9changes entre les deux blocs ont \u00e9t\u00e9 importants en 2011 \u2013 plus de 233 milliards de dollars. L\u2019UE est le...","og_url":"https:\/\/europavarietas.org\/csdp_new\/index.php\/anase-asean\/","og_site_name":"CERPESC","article_modified_time":"2023-08-28T13:45:05+00:00","og_image":[{"width":915,"height":176,"url":"https:\/\/europavarietas.org\/csdp_new\/wp-content\/uploads\/2023\/08\/banner5.jpg","type":"image\/jpeg"}],"twitter_card":"summary_large_image","twitter_misc":{"Estimated reading time":"8 minutes"},"schema":{"@context":"https:\/\/schema.org","@graph":[{"@type":"WebPage","@id":"https:\/\/europavarietas.org\/csdp_new\/index.php\/anase-asean\/","url":"https:\/\/europavarietas.org\/csdp_new\/index.php\/anase-asean\/","name":"ANASE \/ ASEAN - CERPESC","isPartOf":{"@id":"https:\/\/europavarietas.org\/csdp_new\/#website"},"primaryImageOfPage":{"@id":"https:\/\/europavarietas.org\/csdp_new\/index.php\/anase-asean\/#primaryimage"},"image":{"@id":"https:\/\/europavarietas.org\/csdp_new\/index.php\/anase-asean\/#primaryimage"},"thumbnailUrl":"https:\/\/europavarietas.org\/csdp_new\/wp-content\/uploads\/2023\/08\/banner5.jpg","datePublished":"2015-03-20T10:50:00+00:00","dateModified":"2023-08-28T13:45:05+00:00","breadcrumb":{"@id":"https:\/\/europavarietas.org\/csdp_new\/index.php\/anase-asean\/#breadcrumb"},"inLanguage":"en-GB","potentialAction":[{"@type":"ReadAction","target":["https:\/\/europavarietas.org\/csdp_new\/index.php\/anase-asean\/"]}]},{"@type":"ImageObject","inLanguage":"en-GB","@id":"https:\/\/europavarietas.org\/csdp_new\/index.php\/anase-asean\/#primaryimage","url":"https:\/\/europavarietas.org\/csdp_new\/wp-content\/uploads\/2023\/08\/banner5.jpg","contentUrl":"https:\/\/europavarietas.org\/csdp_new\/wp-content\/uploads\/2023\/08\/banner5.jpg","width":915,"height":176},{"@type":"BreadcrumbList","@id":"https:\/\/europavarietas.org\/csdp_new\/index.php\/anase-asean\/#breadcrumb","itemListElement":[{"@type":"ListItem","position":1,"name":"Home","item":"https:\/\/europavarietas.org\/csdp_new\/"},{"@type":"ListItem","position":2,"name":"ANASE \/ ASEAN"}]},{"@type":"WebSite","@id":"https:\/\/europavarietas.org\/csdp_new\/#website","url":"https:\/\/europavarietas.org\/csdp_new\/","name":"CERPESC","description":"European Soultion for Defence and Crisis Management","publisher":{"@id":"https:\/\/europavarietas.org\/csdp_new\/#organization"},"potentialAction":[{"@type":"SearchAction","target":{"@type":"EntryPoint","urlTemplate":"https:\/\/europavarietas.org\/csdp_new\/?s={search_term_string}"},"query-input":{"@type":"PropertyValueSpecification","valueRequired":true,"valueName":"search_term_string"}}],"inLanguage":"en-GB"},{"@type":"Organization","@id":"https:\/\/europavarietas.org\/csdp_new\/#organization","name":"CERPESC","url":"https:\/\/europavarietas.org\/csdp_new\/","logo":{"@type":"ImageObject","inLanguage":"en-GB","@id":"https:\/\/europavarietas.org\/csdp_new\/#\/schema\/logo\/image\/","url":"https:\/\/europavarietas.org\/csdp_new\/wp-content\/uploads\/2023\/08\/cropped-cropped-cerpesc5_0.png","contentUrl":"https:\/\/europavarietas.org\/csdp_new\/wp-content\/uploads\/2023\/08\/cropped-cropped-cerpesc5_0.png","width":530,"height":97,"caption":"CERPESC"},"image":{"@id":"https:\/\/europavarietas.org\/csdp_new\/#\/schema\/logo\/image\/"}}]}},"_links":{"self":[{"href":"https:\/\/europavarietas.org\/csdp_new\/index.php\/wp-json\/wp\/v2\/pages\/1192","targetHints":{"allow":["GET"]}}],"collection":[{"href":"https:\/\/europavarietas.org\/csdp_new\/index.php\/wp-json\/wp\/v2\/pages"}],"about":[{"href":"https:\/\/europavarietas.org\/csdp_new\/index.php\/wp-json\/wp\/v2\/types\/page"}],"author":[{"embeddable":true,"href":"https:\/\/europavarietas.org\/csdp_new\/index.php\/wp-json\/wp\/v2\/users\/2"}],"replies":[{"embeddable":true,"href":"https:\/\/europavarietas.org\/csdp_new\/index.php\/wp-json\/wp\/v2\/comments?post=1192"}],"version-history":[{"count":5,"href":"https:\/\/europavarietas.org\/csdp_new\/index.php\/wp-json\/wp\/v2\/pages\/1192\/revisions"}],"predecessor-version":[{"id":1248,"href":"https:\/\/europavarietas.org\/csdp_new\/index.php\/wp-json\/wp\/v2\/pages\/1192\/revisions\/1248"}],"wp:featuredmedia":[{"embeddable":true,"href":"https:\/\/europavarietas.org\/csdp_new\/index.php\/wp-json\/wp\/v2\/media\/1039"}],"wp:attachment":[{"href":"https:\/\/europavarietas.org\/csdp_new\/index.php\/wp-json\/wp\/v2\/media?parent=1192"}],"wp:term":[{"taxonomy":"category","embeddable":true,"href":"https:\/\/europavarietas.org\/csdp_new\/index.php\/wp-json\/wp\/v2\/categories?post=1192"},{"taxonomy":"post_tag","embeddable":true,"href":"https:\/\/europavarietas.org\/csdp_new\/index.php\/wp-json\/wp\/v2\/tags?post=1192"}],"curies":[{"name":"wp","href":"https:\/\/api.w.org\/{rel}","templated":true}]}}