{"id":1174,"date":"2015-01-09T09:05:00","date_gmt":"2015-01-09T09:05:00","guid":{"rendered":"https:\/\/europavarietas.org\/csdp_new\/?page_id=1174"},"modified":"2023-08-28T13:45:40","modified_gmt":"2023-08-28T13:45:40","slug":"bilateral-relations","status":"publish","type":"page","link":"https:\/\/europavarietas.org\/csdp_new\/index.php\/bilateral-relations\/","title":{"rendered":"Bilateral relations"},"content":{"rendered":"\t\t<div data-elementor-type=\"wp-page\" data-elementor-id=\"1174\" class=\"elementor elementor-1174\">\n\t\t\t\t\t\t<section class=\"elementor-section elementor-top-section elementor-element elementor-element-aef829c elementor-section-boxed elementor-section-height-default elementor-section-height-default\" data-id=\"aef829c\" data-element_type=\"section\">\n\t\t\t\t\t\t<div class=\"elementor-container elementor-column-gap-default\">\n\t\t\t\t\t<div class=\"elementor-column elementor-col-100 elementor-top-column elementor-element elementor-element-2dec5bf\" data-id=\"2dec5bf\" data-element_type=\"column\">\n\t\t\t<div class=\"elementor-widget-wrap elementor-element-populated\">\n\t\t\t\t\t\t<div class=\"elementor-element elementor-element-1787009 elementor-widget elementor-widget-text-editor\" data-id=\"1787009\" data-element_type=\"widget\" data-widget_type=\"text-editor.default\">\n\t\t\t\t<div class=\"elementor-widget-container\">\n\t\t\t\t\t\t\t\t\t<center>II. LES RELATIONS ENTRE L&#8217;UE ET LES ETATS LES PLUS IMPORTANTS\u00a0<\/center><p><strong>LES RELATIONS COMMERCIALES ENTRE L&#8217;UE ET LES ETATS UNIS D`AMERIQUE<\/strong><br \/>(&#8230;) TAFTA (Transatlantic Free Trade Agreement) ou TTIP (Transatlantic Trade and Investment Partnership)<br \/>(CETA : avec le Canada)<\/p><p><strong>LES RELATIONS ENTRE L&#8217;UE ET LA CHINE<\/strong><\/p><p><strong>LES RELATIONS ENTRE L&#8217;UE ET LA RUSSIE<\/strong><\/p><p><em>En 1996 la Russie a rejoint le Conseil de l&#8217;Europe, institution charg\u00e9e de faire respecter les droits humains sur le continent. D\u00e9j\u00e0 \u00e0 l&#8217;\u00e9poque, cette adh\u00e9sion avait suscit\u00e9 de nombreuses pol\u00e9miques : certains affirmaient que ce pays ne respectait pas assez les normes en la mati\u00e8re, et donc qu&#8217;il fallait rejeter sa candaditaure ; d&#8217;autres estimaient au contraire que le fait d&#8217;int\u00e9grer la Russie permettrait de faire converger ses pratiques vers les standards europ\u00e9ens.<\/em><br \/>Les relations entre la Russie et l&#8217;Union europ\u00e9enne sont r\u00e9gies par un Accord de partenariat et de coop\u00e9ration de 1994 qui est entr\u00e9 en vigueur en d\u00e9cembre 1997. Ce document est arriv\u00e9 \u00e0 \u00e9ch\u00e9ance le 1er d\u00e9cembre 2007 et a \u00e9t\u00e9 prorog\u00e9 sine die, mais les deux parties reconnaissent la n\u00e9cessit\u00e9 d&#8217;\u00e9laborer un nouvel accord global. Lanc\u00e9es en juillet 2008, les n\u00e9gociations sur le nouvel accord ont \u00e9t\u00e9 interrompues \u00e0 plusieurs reprises. Les parties ont tenu 12 rencontres, la derni\u00e8re ayant eu lieu en f\u00e9vrier 2011.<\/p><p>(&#8230;)<\/p><p><strong>LES RELATIONS ENTRE L&#8217;UE ET L`INDE<\/strong><br \/>(&#8230;)<\/p><p><strong>LES RELATIONS ENTRE L&#8217;UE ET LE BRESIL<\/strong><br \/>(&#8230;)<\/p><p>Sources :<br \/>http:\/\/www.ccfcambodge.org\/single-news\/n\/le-cambodge-profite-des-liens-asean-ue-mais-veut-voir-a-plus-long-terme\/<br \/>http:\/\/www.nouvelle-europe.eu\/ue-et-asean-deux-organisations-internationales-deux-trajectoires<br \/>http:\/\/www.touteleurope.eu\/fr\/actions\/economie\/commerce-exterieur\/presentation.html<br \/>http:\/\/www.cgeci.org\/cgeci\/index.php?option=com_content&amp;view=article&amp;id=543:u-acp-2e-revision-de-laccord-de-cotonou&amp;catid=50<br \/>http:\/\/www.regards-citoyens.com\/article-l-ue-a-publie-aujourd-hui-son-schema-revise-de-preferences-generalisees-spg-qui-prendra-effet-au-112030280.html<\/p>\t\t\t\t\t\t\t\t<\/div>\n\t\t\t\t<\/div>\n\t\t\t\t\t<\/div>\n\t\t<\/div>\n\t\t\t\t\t<\/div>\n\t\t<\/section>\n\t\t\t\t<\/div>\n\t\t","protected":false},"excerpt":{"rendered":"<p>II. LES RELATIONS ENTRE L&#8217;UE ET LES ETATS LES PLUS IMPORTANTS\u00a0 LES RELATIONS COMMERCIALES ENTRE L&#8217;UE ET LES ETATS UNIS D`AMERIQUE (&#8230;) TAFTA (Transatlantic Free Trade Agreement) ou TTIP (Transatlantic Trade and Investment Partnership) (CETA : avec le Canada) LES RELATIONS ENTRE L&#8217;UE ET LA CHINE LES RELATIONS ENTRE L&#8217;UE ET LA RUSSIE En 1996&#8230;<\/p>\n","protected":false},"author":2,"featured_media":1039,"parent":0,"menu_order":0,"comment_status":"closed","ping_status":"closed","template":"","meta":{"footnotes":""},"categories":[3],"tags":[],"class_list":["post-1174","page","type-page","status-publish","has-post-thumbnail","hentry","category-cerpesc"],"yoast_head":"<!-- This site is optimized with the Yoast SEO plugin v26.5 - https:\/\/yoast.com\/wordpress\/plugins\/seo\/ -->\n<title>Bilateral relations - CERPESC<\/title>\n<meta name=\"robots\" content=\"index, follow, max-snippet:-1, max-image-preview:large, max-video-preview:-1\" \/>\n<link rel=\"canonical\" href=\"https:\/\/europavarietas.org\/csdp_new\/index.php\/bilateral-relations\/\" \/>\n<meta property=\"og:locale\" content=\"en_GB\" \/>\n<meta property=\"og:type\" content=\"article\" \/>\n<meta property=\"og:title\" content=\"Bilateral relations - CERPESC\" \/>\n<meta property=\"og:description\" content=\"II. LES RELATIONS ENTRE L&#8217;UE ET LES ETATS LES PLUS IMPORTANTS\u00a0 LES RELATIONS COMMERCIALES ENTRE L&#8217;UE ET LES ETATS UNIS D`AMERIQUE (&#8230;) TAFTA (Transatlantic Free Trade Agreement) ou TTIP (Transatlantic Trade and Investment Partnership) (CETA : avec le Canada) LES RELATIONS ENTRE L&#8217;UE ET LA CHINE LES RELATIONS ENTRE L&#8217;UE ET LA RUSSIE En 1996...\" \/>\n<meta property=\"og:url\" content=\"https:\/\/europavarietas.org\/csdp_new\/index.php\/bilateral-relations\/\" \/>\n<meta property=\"og:site_name\" content=\"CERPESC\" \/>\n<meta property=\"article:modified_time\" content=\"2023-08-28T13:45:40+00:00\" \/>\n<meta property=\"og:image\" content=\"https:\/\/europavarietas.org\/csdp_new\/wp-content\/uploads\/2023\/08\/banner5.jpg\" \/>\n\t<meta property=\"og:image:width\" content=\"915\" \/>\n\t<meta property=\"og:image:height\" content=\"176\" \/>\n\t<meta property=\"og:image:type\" content=\"image\/jpeg\" \/>\n<meta name=\"twitter:card\" content=\"summary_large_image\" \/>\n<meta name=\"twitter:label1\" content=\"Estimated reading time\" \/>\n\t<meta name=\"twitter:data1\" content=\"1 minute\" \/>\n<script type=\"application\/ld+json\" class=\"yoast-schema-graph\">{\"@context\":\"https:\/\/schema.org\",\"@graph\":[{\"@type\":\"WebPage\",\"@id\":\"https:\/\/europavarietas.org\/csdp_new\/index.php\/bilateral-relations\/\",\"url\":\"https:\/\/europavarietas.org\/csdp_new\/index.php\/bilateral-relations\/\",\"name\":\"Bilateral relations - CERPESC\",\"isPartOf\":{\"@id\":\"https:\/\/europavarietas.org\/csdp_new\/#website\"},\"primaryImageOfPage\":{\"@id\":\"https:\/\/europavarietas.org\/csdp_new\/index.php\/bilateral-relations\/#primaryimage\"},\"image\":{\"@id\":\"https:\/\/europavarietas.org\/csdp_new\/index.php\/bilateral-relations\/#primaryimage\"},\"thumbnailUrl\":\"https:\/\/europavarietas.org\/csdp_new\/wp-content\/uploads\/2023\/08\/banner5.jpg\",\"datePublished\":\"2015-01-09T09:05:00+00:00\",\"dateModified\":\"2023-08-28T13:45:40+00:00\",\"breadcrumb\":{\"@id\":\"https:\/\/europavarietas.org\/csdp_new\/index.php\/bilateral-relations\/#breadcrumb\"},\"inLanguage\":\"en-GB\",\"potentialAction\":[{\"@type\":\"ReadAction\",\"target\":[\"https:\/\/europavarietas.org\/csdp_new\/index.php\/bilateral-relations\/\"]}]},{\"@type\":\"ImageObject\",\"inLanguage\":\"en-GB\",\"@id\":\"https:\/\/europavarietas.org\/csdp_new\/index.php\/bilateral-relations\/#primaryimage\",\"url\":\"https:\/\/europavarietas.org\/csdp_new\/wp-content\/uploads\/2023\/08\/banner5.jpg\",\"contentUrl\":\"https:\/\/europavarietas.org\/csdp_new\/wp-content\/uploads\/2023\/08\/banner5.jpg\",\"width\":915,\"height\":176},{\"@type\":\"BreadcrumbList\",\"@id\":\"https:\/\/europavarietas.org\/csdp_new\/index.php\/bilateral-relations\/#breadcrumb\",\"itemListElement\":[{\"@type\":\"ListItem\",\"position\":1,\"name\":\"Home\",\"item\":\"https:\/\/europavarietas.org\/csdp_new\/\"},{\"@type\":\"ListItem\",\"position\":2,\"name\":\"Bilateral relations\"}]},{\"@type\":\"WebSite\",\"@id\":\"https:\/\/europavarietas.org\/csdp_new\/#website\",\"url\":\"https:\/\/europavarietas.org\/csdp_new\/\",\"name\":\"CERPESC\",\"description\":\"European Soultion for Defence and Crisis Management\",\"publisher\":{\"@id\":\"https:\/\/europavarietas.org\/csdp_new\/#organization\"},\"potentialAction\":[{\"@type\":\"SearchAction\",\"target\":{\"@type\":\"EntryPoint\",\"urlTemplate\":\"https:\/\/europavarietas.org\/csdp_new\/?s={search_term_string}\"},\"query-input\":{\"@type\":\"PropertyValueSpecification\",\"valueRequired\":true,\"valueName\":\"search_term_string\"}}],\"inLanguage\":\"en-GB\"},{\"@type\":\"Organization\",\"@id\":\"https:\/\/europavarietas.org\/csdp_new\/#organization\",\"name\":\"CERPESC\",\"url\":\"https:\/\/europavarietas.org\/csdp_new\/\",\"logo\":{\"@type\":\"ImageObject\",\"inLanguage\":\"en-GB\",\"@id\":\"https:\/\/europavarietas.org\/csdp_new\/#\/schema\/logo\/image\/\",\"url\":\"https:\/\/europavarietas.org\/csdp_new\/wp-content\/uploads\/2023\/08\/cropped-cropped-cerpesc5_0.png\",\"contentUrl\":\"https:\/\/europavarietas.org\/csdp_new\/wp-content\/uploads\/2023\/08\/cropped-cropped-cerpesc5_0.png\",\"width\":530,\"height\":97,\"caption\":\"CERPESC\"},\"image\":{\"@id\":\"https:\/\/europavarietas.org\/csdp_new\/#\/schema\/logo\/image\/\"}}]}<\/script>\n<!-- \/ Yoast SEO plugin. -->","yoast_head_json":{"title":"Bilateral relations - CERPESC","robots":{"index":"index","follow":"follow","max-snippet":"max-snippet:-1","max-image-preview":"max-image-preview:large","max-video-preview":"max-video-preview:-1"},"canonical":"https:\/\/europavarietas.org\/csdp_new\/index.php\/bilateral-relations\/","og_locale":"en_GB","og_type":"article","og_title":"Bilateral relations - CERPESC","og_description":"II. LES RELATIONS ENTRE L&#8217;UE ET LES ETATS LES PLUS IMPORTANTS\u00a0 LES RELATIONS COMMERCIALES ENTRE L&#8217;UE ET LES ETATS UNIS D`AMERIQUE (&#8230;) TAFTA (Transatlantic Free Trade Agreement) ou TTIP (Transatlantic Trade and Investment Partnership) (CETA : avec le Canada) LES RELATIONS ENTRE L&#8217;UE ET LA CHINE LES RELATIONS ENTRE L&#8217;UE ET LA RUSSIE En 1996...","og_url":"https:\/\/europavarietas.org\/csdp_new\/index.php\/bilateral-relations\/","og_site_name":"CERPESC","article_modified_time":"2023-08-28T13:45:40+00:00","og_image":[{"width":915,"height":176,"url":"https:\/\/europavarietas.org\/csdp_new\/wp-content\/uploads\/2023\/08\/banner5.jpg","type":"image\/jpeg"}],"twitter_card":"summary_large_image","twitter_misc":{"Estimated reading time":"1 minute"},"schema":{"@context":"https:\/\/schema.org","@graph":[{"@type":"WebPage","@id":"https:\/\/europavarietas.org\/csdp_new\/index.php\/bilateral-relations\/","url":"https:\/\/europavarietas.org\/csdp_new\/index.php\/bilateral-relations\/","name":"Bilateral relations - CERPESC","isPartOf":{"@id":"https:\/\/europavarietas.org\/csdp_new\/#website"},"primaryImageOfPage":{"@id":"https:\/\/europavarietas.org\/csdp_new\/index.php\/bilateral-relations\/#primaryimage"},"image":{"@id":"https:\/\/europavarietas.org\/csdp_new\/index.php\/bilateral-relations\/#primaryimage"},"thumbnailUrl":"https:\/\/europavarietas.org\/csdp_new\/wp-content\/uploads\/2023\/08\/banner5.jpg","datePublished":"2015-01-09T09:05:00+00:00","dateModified":"2023-08-28T13:45:40+00:00","breadcrumb":{"@id":"https:\/\/europavarietas.org\/csdp_new\/index.php\/bilateral-relations\/#breadcrumb"},"inLanguage":"en-GB","potentialAction":[{"@type":"ReadAction","target":["https:\/\/europavarietas.org\/csdp_new\/index.php\/bilateral-relations\/"]}]},{"@type":"ImageObject","inLanguage":"en-GB","@id":"https:\/\/europavarietas.org\/csdp_new\/index.php\/bilateral-relations\/#primaryimage","url":"https:\/\/europavarietas.org\/csdp_new\/wp-content\/uploads\/2023\/08\/banner5.jpg","contentUrl":"https:\/\/europavarietas.org\/csdp_new\/wp-content\/uploads\/2023\/08\/banner5.jpg","width":915,"height":176},{"@type":"BreadcrumbList","@id":"https:\/\/europavarietas.org\/csdp_new\/index.php\/bilateral-relations\/#breadcrumb","itemListElement":[{"@type":"ListItem","position":1,"name":"Home","item":"https:\/\/europavarietas.org\/csdp_new\/"},{"@type":"ListItem","position":2,"name":"Bilateral relations"}]},{"@type":"WebSite","@id":"https:\/\/europavarietas.org\/csdp_new\/#website","url":"https:\/\/europavarietas.org\/csdp_new\/","name":"CERPESC","description":"European Soultion for Defence and Crisis Management","publisher":{"@id":"https:\/\/europavarietas.org\/csdp_new\/#organization"},"potentialAction":[{"@type":"SearchAction","target":{"@type":"EntryPoint","urlTemplate":"https:\/\/europavarietas.org\/csdp_new\/?s={search_term_string}"},"query-input":{"@type":"PropertyValueSpecification","valueRequired":true,"valueName":"search_term_string"}}],"inLanguage":"en-GB"},{"@type":"Organization","@id":"https:\/\/europavarietas.org\/csdp_new\/#organization","name":"CERPESC","url":"https:\/\/europavarietas.org\/csdp_new\/","logo":{"@type":"ImageObject","inLanguage":"en-GB","@id":"https:\/\/europavarietas.org\/csdp_new\/#\/schema\/logo\/image\/","url":"https:\/\/europavarietas.org\/csdp_new\/wp-content\/uploads\/2023\/08\/cropped-cropped-cerpesc5_0.png","contentUrl":"https:\/\/europavarietas.org\/csdp_new\/wp-content\/uploads\/2023\/08\/cropped-cropped-cerpesc5_0.png","width":530,"height":97,"caption":"CERPESC"},"image":{"@id":"https:\/\/europavarietas.org\/csdp_new\/#\/schema\/logo\/image\/"}}]}},"_links":{"self":[{"href":"https:\/\/europavarietas.org\/csdp_new\/index.php\/wp-json\/wp\/v2\/pages\/1174","targetHints":{"allow":["GET"]}}],"collection":[{"href":"https:\/\/europavarietas.org\/csdp_new\/index.php\/wp-json\/wp\/v2\/pages"}],"about":[{"href":"https:\/\/europavarietas.org\/csdp_new\/index.php\/wp-json\/wp\/v2\/types\/page"}],"author":[{"embeddable":true,"href":"https:\/\/europavarietas.org\/csdp_new\/index.php\/wp-json\/wp\/v2\/users\/2"}],"replies":[{"embeddable":true,"href":"https:\/\/europavarietas.org\/csdp_new\/index.php\/wp-json\/wp\/v2\/comments?post=1174"}],"version-history":[{"count":5,"href":"https:\/\/europavarietas.org\/csdp_new\/index.php\/wp-json\/wp\/v2\/pages\/1174\/revisions"}],"predecessor-version":[{"id":1249,"href":"https:\/\/europavarietas.org\/csdp_new\/index.php\/wp-json\/wp\/v2\/pages\/1174\/revisions\/1249"}],"wp:featuredmedia":[{"embeddable":true,"href":"https:\/\/europavarietas.org\/csdp_new\/index.php\/wp-json\/wp\/v2\/media\/1039"}],"wp:attachment":[{"href":"https:\/\/europavarietas.org\/csdp_new\/index.php\/wp-json\/wp\/v2\/media?parent=1174"}],"wp:term":[{"taxonomy":"category","embeddable":true,"href":"https:\/\/europavarietas.org\/csdp_new\/index.php\/wp-json\/wp\/v2\/categories?post=1174"},{"taxonomy":"post_tag","embeddable":true,"href":"https:\/\/europavarietas.org\/csdp_new\/index.php\/wp-json\/wp\/v2\/tags?post=1174"}],"curies":[{"name":"wp","href":"https:\/\/api.w.org\/{rel}","templated":true}]}}