{"id":1013,"date":"2015-01-09T17:35:00","date_gmt":"2015-01-09T17:35:00","guid":{"rendered":"https:\/\/europavarietas.org\/csdp_new\/?page_id=1013"},"modified":"2023-08-27T17:43:58","modified_gmt":"2023-08-27T17:43:58","slug":"international-crises","status":"publish","type":"page","link":"https:\/\/europavarietas.org\/csdp_new\/index.php\/international-crises\/","title":{"rendered":"International Crises"},"content":{"rendered":"\t\t<div data-elementor-type=\"wp-page\" data-elementor-id=\"1013\" class=\"elementor elementor-1013\">\n\t\t\t\t\t\t<section class=\"elementor-section elementor-top-section elementor-element elementor-element-a7b89db elementor-section-boxed elementor-section-height-default elementor-section-height-default\" data-id=\"a7b89db\" data-element_type=\"section\">\n\t\t\t\t\t\t<div class=\"elementor-container elementor-column-gap-default\">\n\t\t\t\t\t<div class=\"elementor-column elementor-col-100 elementor-top-column elementor-element elementor-element-88f3dba\" data-id=\"88f3dba\" data-element_type=\"column\">\n\t\t\t<div class=\"elementor-widget-wrap elementor-element-populated\">\n\t\t\t\t\t\t<div class=\"elementor-element elementor-element-ba7c08e elementor-widget elementor-widget-text-editor\" data-id=\"ba7c08e\" data-element_type=\"widget\" data-widget_type=\"text-editor.default\">\n\t\t\t\t<div class=\"elementor-widget-container\">\n\t\t\t\t\t\t\t\t\t<p>ANALYSE DE CRISE\u00a0<\/p><p>D\u00e9finition : \u00ab Une crise est une situation qui menace des objectives hautement prioritaires de l\u2019unit\u00e9 d\u00e9cisionnaire ; r\u00e9duit de temps de r\u00e9ponse disponible avant que la d\u00e9cision ne se transforme en action ; surprend les membresde l\u2019unit\u00e9 d\u00e9cisionnaire par son occurrence. \u00bb (Charles Hermann)<\/p><p><a href=\"http:\/\/europavarietas.org\/csdp\/files\/crisestypologie.pdf\">Typologies des crises<\/a><\/p><p>LISTE DES CRISES INTERNATIONALES PLUS IMPORTANTES DEPUIS 1970<\/p><p>Ukraine \/ Donbass (2022-)<br \/>Ukraine \/Crimea (2014)<br \/>Syria (2011-)<br \/>Lybia (2011)<br \/>Georgia (2008)<br \/>Iraq (avril-mai 2004)<br \/>Afghanistan (2001-2021)<br \/>L&#8217;\u00celot du Persil entre le Maroc et Espagne<br \/>L&#8217;attaque du Parlement de New Delhi (Inde-Pakistan 2001-2002)<br \/>Kosovo (janvier-mars 1999)<br \/>Irak &#8211; \u00c9tats-Unis (automne-hiver 1997-1998)<br \/>Chine-Ta\u00efwan (mars 1996)<br \/>Sarajevo (1994)<br \/>Les bannis d&#8217;Israel et l&#8217;Intifadah (1993)<br \/>Somalie (1992)<br \/>Troubles au Za\u00efre et et intervention militaire franco-belge (1991)<br \/>Yougoslavie (25 juin 1991)<br \/>Invasion de Kowe\u00eft par Irak (1990)<br \/>Troubles au Gabon et intervention fran\u00e7aise (1990)<br \/>La &#8220;guerre d&#8217;octobre&#8221; au Rwanda et l&#8217;intervention fran\u00e7aise (1990-1991)<br \/>La crise am\u00e9rico-panam\u00e9enne et l&#8217;op\u00e9ration &#8220;Just Cause&#8221; (1987-1989)<br \/>Premi\u00e8re crise de Golfe arabo-persique (1987)<br \/>R\u00e9bellion au Suriname et pr\u00e9cautions fran\u00e7aises (1986-1992)<br \/>Graves incidents au Sud-Liban (1986)<br \/>L&#8217;attentat de Berlin et le raid am\u00e9ricain contre Tripoli (1986)<br \/>Le diff\u00e9rend tchado-lybien et l&#8217;intervention fran\u00e7aise (1986)<br \/>La crise am\u00e9rico-grenadine et l&#8217;intervention am\u00e9ricaine (1983)<br \/>Malouines \/Malvinas; Falkland\/ (1982)<br \/>Incident du golfe de Syrte entre les \u00c9tats-Unis et la Libye (1981)<br \/>Pologne (1981)<br \/>L'&#8221;affaire de Gafsa&#8221; et l&#8217;intervention fran\u00e7aise (1980)<br \/>L&#8217;intervention sovi\u00e9tique en Afganistan (1979)<\/p>\t\t\t\t\t\t\t\t<\/div>\n\t\t\t\t<\/div>\n\t\t\t\t\t<\/div>\n\t\t<\/div>\n\t\t\t\t\t<\/div>\n\t\t<\/section>\n\t\t\t\t<\/div>\n\t\t","protected":false},"excerpt":{"rendered":"<p>ANALYSE DE CRISE\u00a0 D\u00e9finition : \u00ab Une crise est une situation qui menace des objectives hautement prioritaires de l\u2019unit\u00e9 d\u00e9cisionnaire ; r\u00e9duit de temps de r\u00e9ponse disponible avant que la d\u00e9cision ne se transforme en action ; surprend les membresde l\u2019unit\u00e9 d\u00e9cisionnaire par son occurrence. \u00bb (Charles Hermann) Typologies des crises LISTE DES CRISES INTERNATIONALES&#8230;<\/p>\n","protected":false},"author":2,"featured_media":0,"parent":0,"menu_order":0,"comment_status":"closed","ping_status":"closed","template":"","meta":{"footnotes":""},"categories":[3],"tags":[],"class_list":["post-1013","page","type-page","status-publish","hentry","category-cerpesc"],"yoast_head":"<!-- This site is optimized with the Yoast SEO plugin v26.5 - https:\/\/yoast.com\/wordpress\/plugins\/seo\/ -->\n<title>International Crises - CERPESC<\/title>\n<meta name=\"robots\" content=\"index, follow, max-snippet:-1, max-image-preview:large, max-video-preview:-1\" \/>\n<link rel=\"canonical\" href=\"https:\/\/europavarietas.org\/csdp_new\/index.php\/international-crises\/\" \/>\n<meta property=\"og:locale\" content=\"en_GB\" \/>\n<meta property=\"og:type\" content=\"article\" \/>\n<meta property=\"og:title\" content=\"International Crises - CERPESC\" \/>\n<meta property=\"og:description\" content=\"ANALYSE DE CRISE\u00a0 D\u00e9finition : \u00ab Une crise est une situation qui menace des objectives hautement prioritaires de l\u2019unit\u00e9 d\u00e9cisionnaire ; r\u00e9duit de temps de r\u00e9ponse disponible avant que la d\u00e9cision ne se transforme en action ; surprend les membresde l\u2019unit\u00e9 d\u00e9cisionnaire par son occurrence. \u00bb (Charles Hermann) Typologies des crises LISTE DES CRISES INTERNATIONALES...\" \/>\n<meta property=\"og:url\" content=\"https:\/\/europavarietas.org\/csdp_new\/index.php\/international-crises\/\" \/>\n<meta property=\"og:site_name\" content=\"CERPESC\" \/>\n<meta property=\"article:modified_time\" content=\"2023-08-27T17:43:58+00:00\" \/>\n<meta name=\"twitter:card\" content=\"summary_large_image\" \/>\n<meta name=\"twitter:label1\" content=\"Estimated reading time\" \/>\n\t<meta name=\"twitter:data1\" content=\"1 minute\" \/>\n<script type=\"application\/ld+json\" class=\"yoast-schema-graph\">{\"@context\":\"https:\/\/schema.org\",\"@graph\":[{\"@type\":\"WebPage\",\"@id\":\"https:\/\/europavarietas.org\/csdp_new\/index.php\/international-crises\/\",\"url\":\"https:\/\/europavarietas.org\/csdp_new\/index.php\/international-crises\/\",\"name\":\"International Crises - CERPESC\",\"isPartOf\":{\"@id\":\"https:\/\/europavarietas.org\/csdp_new\/#website\"},\"datePublished\":\"2015-01-09T17:35:00+00:00\",\"dateModified\":\"2023-08-27T17:43:58+00:00\",\"breadcrumb\":{\"@id\":\"https:\/\/europavarietas.org\/csdp_new\/index.php\/international-crises\/#breadcrumb\"},\"inLanguage\":\"en-GB\",\"potentialAction\":[{\"@type\":\"ReadAction\",\"target\":[\"https:\/\/europavarietas.org\/csdp_new\/index.php\/international-crises\/\"]}]},{\"@type\":\"BreadcrumbList\",\"@id\":\"https:\/\/europavarietas.org\/csdp_new\/index.php\/international-crises\/#breadcrumb\",\"itemListElement\":[{\"@type\":\"ListItem\",\"position\":1,\"name\":\"Home\",\"item\":\"https:\/\/europavarietas.org\/csdp_new\/\"},{\"@type\":\"ListItem\",\"position\":2,\"name\":\"International Crises\"}]},{\"@type\":\"WebSite\",\"@id\":\"https:\/\/europavarietas.org\/csdp_new\/#website\",\"url\":\"https:\/\/europavarietas.org\/csdp_new\/\",\"name\":\"CERPESC\",\"description\":\"European Soultion for Defence and Crisis Management\",\"publisher\":{\"@id\":\"https:\/\/europavarietas.org\/csdp_new\/#organization\"},\"potentialAction\":[{\"@type\":\"SearchAction\",\"target\":{\"@type\":\"EntryPoint\",\"urlTemplate\":\"https:\/\/europavarietas.org\/csdp_new\/?s={search_term_string}\"},\"query-input\":{\"@type\":\"PropertyValueSpecification\",\"valueRequired\":true,\"valueName\":\"search_term_string\"}}],\"inLanguage\":\"en-GB\"},{\"@type\":\"Organization\",\"@id\":\"https:\/\/europavarietas.org\/csdp_new\/#organization\",\"name\":\"CERPESC\",\"url\":\"https:\/\/europavarietas.org\/csdp_new\/\",\"logo\":{\"@type\":\"ImageObject\",\"inLanguage\":\"en-GB\",\"@id\":\"https:\/\/europavarietas.org\/csdp_new\/#\/schema\/logo\/image\/\",\"url\":\"https:\/\/europavarietas.org\/csdp_new\/wp-content\/uploads\/2023\/08\/cropped-cropped-cerpesc5_0.png\",\"contentUrl\":\"https:\/\/europavarietas.org\/csdp_new\/wp-content\/uploads\/2023\/08\/cropped-cropped-cerpesc5_0.png\",\"width\":530,\"height\":97,\"caption\":\"CERPESC\"},\"image\":{\"@id\":\"https:\/\/europavarietas.org\/csdp_new\/#\/schema\/logo\/image\/\"}}]}<\/script>\n<!-- \/ Yoast SEO plugin. -->","yoast_head_json":{"title":"International Crises - CERPESC","robots":{"index":"index","follow":"follow","max-snippet":"max-snippet:-1","max-image-preview":"max-image-preview:large","max-video-preview":"max-video-preview:-1"},"canonical":"https:\/\/europavarietas.org\/csdp_new\/index.php\/international-crises\/","og_locale":"en_GB","og_type":"article","og_title":"International Crises - CERPESC","og_description":"ANALYSE DE CRISE\u00a0 D\u00e9finition : \u00ab Une crise est une situation qui menace des objectives hautement prioritaires de l\u2019unit\u00e9 d\u00e9cisionnaire ; r\u00e9duit de temps de r\u00e9ponse disponible avant que la d\u00e9cision ne se transforme en action ; surprend les membresde l\u2019unit\u00e9 d\u00e9cisionnaire par son occurrence. \u00bb (Charles Hermann) Typologies des crises LISTE DES CRISES INTERNATIONALES...","og_url":"https:\/\/europavarietas.org\/csdp_new\/index.php\/international-crises\/","og_site_name":"CERPESC","article_modified_time":"2023-08-27T17:43:58+00:00","twitter_card":"summary_large_image","twitter_misc":{"Estimated reading time":"1 minute"},"schema":{"@context":"https:\/\/schema.org","@graph":[{"@type":"WebPage","@id":"https:\/\/europavarietas.org\/csdp_new\/index.php\/international-crises\/","url":"https:\/\/europavarietas.org\/csdp_new\/index.php\/international-crises\/","name":"International Crises - CERPESC","isPartOf":{"@id":"https:\/\/europavarietas.org\/csdp_new\/#website"},"datePublished":"2015-01-09T17:35:00+00:00","dateModified":"2023-08-27T17:43:58+00:00","breadcrumb":{"@id":"https:\/\/europavarietas.org\/csdp_new\/index.php\/international-crises\/#breadcrumb"},"inLanguage":"en-GB","potentialAction":[{"@type":"ReadAction","target":["https:\/\/europavarietas.org\/csdp_new\/index.php\/international-crises\/"]}]},{"@type":"BreadcrumbList","@id":"https:\/\/europavarietas.org\/csdp_new\/index.php\/international-crises\/#breadcrumb","itemListElement":[{"@type":"ListItem","position":1,"name":"Home","item":"https:\/\/europavarietas.org\/csdp_new\/"},{"@type":"ListItem","position":2,"name":"International Crises"}]},{"@type":"WebSite","@id":"https:\/\/europavarietas.org\/csdp_new\/#website","url":"https:\/\/europavarietas.org\/csdp_new\/","name":"CERPESC","description":"European Soultion for Defence and Crisis Management","publisher":{"@id":"https:\/\/europavarietas.org\/csdp_new\/#organization"},"potentialAction":[{"@type":"SearchAction","target":{"@type":"EntryPoint","urlTemplate":"https:\/\/europavarietas.org\/csdp_new\/?s={search_term_string}"},"query-input":{"@type":"PropertyValueSpecification","valueRequired":true,"valueName":"search_term_string"}}],"inLanguage":"en-GB"},{"@type":"Organization","@id":"https:\/\/europavarietas.org\/csdp_new\/#organization","name":"CERPESC","url":"https:\/\/europavarietas.org\/csdp_new\/","logo":{"@type":"ImageObject","inLanguage":"en-GB","@id":"https:\/\/europavarietas.org\/csdp_new\/#\/schema\/logo\/image\/","url":"https:\/\/europavarietas.org\/csdp_new\/wp-content\/uploads\/2023\/08\/cropped-cropped-cerpesc5_0.png","contentUrl":"https:\/\/europavarietas.org\/csdp_new\/wp-content\/uploads\/2023\/08\/cropped-cropped-cerpesc5_0.png","width":530,"height":97,"caption":"CERPESC"},"image":{"@id":"https:\/\/europavarietas.org\/csdp_new\/#\/schema\/logo\/image\/"}}]}},"_links":{"self":[{"href":"https:\/\/europavarietas.org\/csdp_new\/index.php\/wp-json\/wp\/v2\/pages\/1013","targetHints":{"allow":["GET"]}}],"collection":[{"href":"https:\/\/europavarietas.org\/csdp_new\/index.php\/wp-json\/wp\/v2\/pages"}],"about":[{"href":"https:\/\/europavarietas.org\/csdp_new\/index.php\/wp-json\/wp\/v2\/types\/page"}],"author":[{"embeddable":true,"href":"https:\/\/europavarietas.org\/csdp_new\/index.php\/wp-json\/wp\/v2\/users\/2"}],"replies":[{"embeddable":true,"href":"https:\/\/europavarietas.org\/csdp_new\/index.php\/wp-json\/wp\/v2\/comments?post=1013"}],"version-history":[{"count":7,"href":"https:\/\/europavarietas.org\/csdp_new\/index.php\/wp-json\/wp\/v2\/pages\/1013\/revisions"}],"predecessor-version":[{"id":1021,"href":"https:\/\/europavarietas.org\/csdp_new\/index.php\/wp-json\/wp\/v2\/pages\/1013\/revisions\/1021"}],"wp:attachment":[{"href":"https:\/\/europavarietas.org\/csdp_new\/index.php\/wp-json\/wp\/v2\/media?parent=1013"}],"wp:term":[{"taxonomy":"category","embeddable":true,"href":"https:\/\/europavarietas.org\/csdp_new\/index.php\/wp-json\/wp\/v2\/categories?post=1013"},{"taxonomy":"post_tag","embeddable":true,"href":"https:\/\/europavarietas.org\/csdp_new\/index.php\/wp-json\/wp\/v2\/tags?post=1013"}],"curies":[{"name":"wp","href":"https:\/\/api.w.org\/{rel}","templated":true}]}}